{"id":367718,"date":"2026-03-20T13:56:12","date_gmt":"2026-03-20T12:56:12","guid":{"rendered":"https:\/\/freakuence.nl\/product\/marantz-hd-amp1\/"},"modified":"2026-04-10T15:49:46","modified_gmt":"2026-04-10T13:49:46","slug":"marantz-hd-amp1","status":"publish","type":"product","link":"https:\/\/dev.freakuence.nl\/fr\/produit\/marantz-hd-amp1\/","title":{"rendered":"Marantz HD-AMP1"},"content":{"rendered":"<div class=\"product-specifications-list\">\n<div class=\"specification-item row-header\"><span class=\"spec-content\"><strong>Description Freakuence !<\/strong><\/span><\/div>\n<div class=\"specification-item row-even\"><span class=\"spec-content\">Amplificateur magnifiquement mince. Son alimentation est tr\u00e8s stable et il s\u00e9pare tr\u00e8s bien les graves des m\u00e9diums et des aigus. Il sonne spacieux et ouvert, et produit tr\u00e8s peu de distorsion.  <\/span><\/div>\n<div class=\"specification-item row-odd\"><span class=\"spec-content\">Prix de vente au d\u00e9tail : 1199,00<\/span><\/div>\n<div class=\"specification-item row-header\"><span class=\"spec-content\"><strong>D\u00e9tails<\/strong><\/span><\/div>\n<div class=\"specification-item row-even\"><span class=\"spec-content\">Ne vous inqui\u00e9tez pas ! Nous offrons une excellente garantie de 12 mois sur les produits usag\u00e9s. <\/span><\/div>\n<div class=\"specification-item row-header\"><span class=\"spec-content\"><strong>Description g\u00e9n\u00e9rale<\/strong><\/span><\/div>\n<div class=\"specification-item row-even\"><span class=\"spec-content\">Le Marantz HD-AMP1 est un amplificateur int\u00e9gr\u00e9 compact qui associe sans effort les sources num\u00e9riques et analogiques. Gr\u00e2ce \u00e0 ses technologies avanc\u00e9es, le Marantz HD-AMP1 offre une sc\u00e8ne sonore d\u00e9taill\u00e9e et dynamique, donnant vie \u00e0 la musique avec un son riche et une lecture pr\u00e9cise. <\/p>\n<p>Equip\u00e9 du DAC ESS SABRE de haute qualit\u00e9 et des modules HDAM-SA2 de Marantz, le Marantz HD-AMP1 offre une lecture audio transparente et naturelle. L&rsquo;amplificateur prend en charge plusieurs formats audio haute r\u00e9solution, dont le DSD et le PCM, ce qui permet d&rsquo;obtenir une image st\u00e9r\u00e9o large et des d\u00e9tails raffin\u00e9s sur chaque piste. <\/p>\n<p>Gr\u00e2ce \u00e0 la combinaison de la technologie Marantz Current Feedback et d&rsquo;une alimentation stable, le Marantz HD-AMP1 d\u00e9livre suffisamment de puissance pour alimenter plusieurs haut-parleurs, tout en conservant la qualit\u00e9 du son. Le post-filtre discret du DAC et la double horloge ma\u00eetresse contribuent \u00e0 un traitement pr\u00e9cis du signal, ce qui se traduit par une exp\u00e9rience d&rsquo;\u00e9coute immersive. <\/p>\n<p>Vous \u00eates curieux de conna\u00eetre les performances du Marantz HD-AMP1 ? Planifiez une s\u00e9ance d&rsquo;\u00e9coute pour d\u00e9couvrir la qualit\u00e9 sonore par vous-m\u00eame, la comparer \u00e0 d&rsquo;autres amplificateurs ou discuter des options de reprise. <\/span><\/div>\n<div class=\"specification-item row-header\"><span class=\"spec-content\"><strong>Informations g\u00e9n\u00e9rales<\/strong><\/span><\/div>\n<div class=\"specification-item row-even\"><span class=\"spec-content\">Le Marantz HD-AMP1 est un amplificateur int\u00e9gr\u00e9 compact qui allie puissance et finesse. Con\u00e7u par l&rsquo;\u00e9quipe exp\u00e9riment\u00e9e de Marantz Sound Masters, dont Ken Ishiwata, il se concentre sur la fourniture d&rsquo;un son riche et d\u00e9taill\u00e9. Le bo\u00eetier est robuste et \u00e9l\u00e9gant, avec un panneau lat\u00e9ral en bois et un panneau frontal en aluminium. \u00c0 l&rsquo;int\u00e9rieur, des composants de haute qualit\u00e9 sont r\u00e9gl\u00e9s pour des performances audiophiles, comme les modules Marantz HDAM-SA2. La conception met l&rsquo;accent sur un chemin de signal court pour une distorsion minimale.    <\/span><\/div>\n<div class=\"specification-item row-header\"><span class=\"spec-content\"><strong>Histoire de la marque<\/strong><\/span><\/div>\n<div class=\"specification-item row-even\"><span class=\"spec-content\">Marantz a \u00e9t\u00e9 fond\u00e9 en 1953 par Saul Bernard Marantz \u00e0 New York. Il a d&rsquo;abord d\u00e9velopp\u00e9 l&rsquo;Audio Consolette, un pr\u00e9amplificateur con\u00e7u pour r\u00e9pondre aux caract\u00e9ristiques d&rsquo;enregistrement variables des disques vinyles.  Cette approche innovante a assur\u00e9 un succ\u00e8s rapide, apr\u00e8s quoi Marantz a ouvert une usine \u00e0 Woodside, dans le Queens.  <\/p>\n<p>Au cours des ann\u00e9es suivantes, la marque a sorti plusieurs mod\u00e8les embl\u00e9matiques, tels que le pr\u00e9amplificateur mono Model 1 en 1954 et le pr\u00e9ampli Model 7 en 1958. Plus tard, dans les ann\u00e9es 1980, l&rsquo;entreprise s&rsquo;est lanc\u00e9e dans le monde num\u00e9rique avec des produits tels que la platine TT1000 et le CD-63, l&rsquo;un des premiers lecteurs de CD populaires. <\/span><\/div>\n<\/div>\n","protected":false},"excerpt":{"rendered":"<p>Description Freakuence ! Amplificateur magnifiquement mince. Son alimentation est tr\u00e8s stable et il s\u00e9pare tr\u00e8s bien les graves des m\u00e9diums et des aigus. Il sonne spacieux et ouvert, et produit tr\u00e8s peu de distorsion. Prix de vente au d\u00e9tail : 1199,00 D\u00e9tails Ne vous inqui\u00e9tez pas ! Nous offrons une excellente garantie de 12 mois [&hellip;]<\/p>\n","protected":false},"featured_media":391786,"template":"","meta":{"_acf_changed":false,"inline_featured_image":false},"product_brand":[],"product_cat":[530,745,773],"product_tag":[533],"class_list":{"0":"post-367718","1":"product","2":"type-product","3":"status-publish","4":"has-post-thumbnail","6":"product_cat-amplificateurs","7":"product_cat-amplificateurs-stereo","8":"product_cat-classe-a-amplificateurs-stereo-a-b","9":"product_tag-used","10":"pa_kleur-noir","12":"first","13":"instock","14":"sold-individually","15":"purchasable","16":"product-type-simple"},"acf":{"website":true,"show_on_homepage":false,"brand_title":"Marantz","product_type":"HD-AMP1","color":"Noir","subcolor":"","reserved_status":"0"},"_links":{"self":[{"href":"https:\/\/dev.freakuence.nl\/fr\/wp-json\/wp\/v2\/product\/367718","targetHints":{"allow":["GET"]}}],"collection":[{"href":"https:\/\/dev.freakuence.nl\/fr\/wp-json\/wp\/v2\/product"}],"about":[{"href":"https:\/\/dev.freakuence.nl\/fr\/wp-json\/wp\/v2\/types\/product"}],"wp:featuredmedia":[{"embeddable":true,"href":"https:\/\/dev.freakuence.nl\/fr\/wp-json\/wp\/v2\/media\/391786"}],"wp:attachment":[{"href":"https:\/\/dev.freakuence.nl\/fr\/wp-json\/wp\/v2\/media?parent=367718"}],"wp:term":[{"taxonomy":"product_brand","embeddable":true,"href":"https:\/\/dev.freakuence.nl\/fr\/wp-json\/wp\/v2\/product_brand?post=367718"},{"taxonomy":"product_cat","embeddable":true,"href":"https:\/\/dev.freakuence.nl\/fr\/wp-json\/wp\/v2\/product_cat?post=367718"},{"taxonomy":"product_tag","embeddable":true,"href":"https:\/\/dev.freakuence.nl\/fr\/wp-json\/wp\/v2\/product_tag?post=367718"}],"curies":[{"name":"wp","href":"https:\/\/api.w.org\/{rel}","templated":true}]}}