{"id":369866,"date":"2026-03-26T10:35:47","date_gmt":"2026-03-26T09:35:47","guid":{"rendered":"https:\/\/freakuence.nl\/product\/nat-single-hps-version-3\/"},"modified":"2026-04-10T15:51:02","modified_gmt":"2026-04-10T13:51:02","slug":"nat-single-hps-version-3","status":"publish","type":"product","link":"https:\/\/dev.freakuence.nl\/fr\/produit\/nat-single-hps-version-3\/","title":{"rendered":"NAT Single HPS Version 3"},"content":{"rendered":"<div class=\"product-specifications-list\">\n<div class=\"specification-item row-header\"><span class=\"spec-content\"><strong>Description Freakuence !<\/strong><\/span><\/div>\n<div class=\"specification-item row-even\"><span class=\"spec-content\">Superbe bo\u00eete \u00e0 tubes ! Le NAT Single HPS Version 3 d\u00e9livre de la puissance, ce qui permet une reproduction serr\u00e9e et rapide. Pas de d\u00e9tails flous, tout est pr\u00e9cis et sans bruit, le m\u00e9dium est comme une maison. A des volumes plus \u00e9lev\u00e9s, le contr\u00f4le est maintenu, sans aucune acuit\u00e9.   <\/span><\/div>\n<div class=\"specification-item row-odd\"><span class=\"spec-content\">Prix de vente au d\u00e9tail : 10500.00<\/span><\/div>\n<div class=\"specification-item row-header\"><span class=\"spec-content\"><strong>D\u00e9tails<\/strong><\/span><\/div>\n<div class=\"specification-item row-even\"><span class=\"spec-content\">Produit TVA. Les entrepreneurs, les personnes en dehors de l&rsquo;UE, en profitent. <\/span><\/div>\n<div class=\"specification-item row-header\"><span class=\"spec-content\"><strong>Description g\u00e9n\u00e9rale<\/strong><\/span><\/div>\n<div class=\"specification-item row-even\"><span class=\"spec-content\">Le NAT Single HPS Version 3 est un amplificateur int\u00e9gr\u00e9 \u00e0 tubes fonctionnant en classe A pure, sans contre-r\u00e9action globale et en mode asym\u00e9trique. Avec une puissance de sortie de 50 watts par canal, cet amplificateur offre une reproduction sonore riche et d\u00e9taill\u00e9e, id\u00e9ale pour alimenter des enceintes dont l&rsquo;imp\u00e9dance est stable entre 4 et 16 ohms.   <\/p>\n<p>L&rsquo;\u00e9tage d&rsquo;attaque utilise un tube E88CC, connu pour sa faible distorsion et fabriqu\u00e9 selon des normes militaires. L&rsquo;\u00e9tage de sortie est \u00e9quip\u00e9 d&rsquo;une triode \u00e0 chauffage direct (D.H.T.) GM70, qui peut dissiper jusqu&rsquo;\u00e0 125 watts.  Cette conception garantit une reproduction sonore dynamique et pr\u00e9cise sur une large gamme de fr\u00e9quences.  <\/p>\n<p>Le NAT Single HPS Version 3 est \u00e9quip\u00e9 d&rsquo;un transformateur de sortie large bande \u00e0 enroulement manuel con\u00e7u sp\u00e9cifiquement pour le NAT, ce qui contribue \u00e0 une excellente qualit\u00e9 sonore. En outre, l&rsquo;amplificateur est dot\u00e9 d&rsquo;une alimentation externe, ce qui permet de minimiser les interf\u00e9rences \u00e9lectromagn\u00e9tiques ind\u00e9sirables et les vibrations.   <\/p>\n<p>Vous \u00eates curieux de conna\u00eetre les performances du NAT Single HPS Version 3 ? Planifiez une s\u00e9ance d&rsquo;\u00e9coute dans notre salle d&rsquo;\u00e9coute pour d\u00e9couvrir par vous-m\u00eame cet amplificateur int\u00e9gr\u00e9 \u00e0 tubes. <\/span><\/div>\n<div class=\"specification-item row-header\"><span class=\"spec-content\"><strong>Histoire de la marque<\/strong><\/span><\/div>\n<div class=\"specification-item row-even\"><span class=\"spec-content\">NAT est un acteur relativement jeune de Serbie (\u00e0 Kragujevac pour \u00eatre pr\u00e9cis, par Dejan Nikic) et, de son propre aveu, fait partie des fabricants les plus innovants au monde dans le segment des amplificateurs haut de gamme \u00e0 tubes et hybrides. NAT con\u00e7oit et fabrique des pr\u00e9amplificateurs, des amplificateurs int\u00e9gr\u00e9s et des amplificateurs de puissance bas\u00e9s sur des tubes \u00e0 vide, dont les caract\u00e9ristiques principales sont la configuration triode, le trajet court du signal et l&rsquo;absence de contre-r\u00e9action. <\/span><\/div>\n<\/div>\n","protected":false},"excerpt":{"rendered":"<p>Description Freakuence ! Superbe bo\u00eete \u00e0 tubes ! Le NAT Single HPS Version 3 d\u00e9livre de la puissance, ce qui permet une reproduction serr\u00e9e et rapide. Pas de d\u00e9tails flous, tout est pr\u00e9cis et sans bruit, le m\u00e9dium est comme une maison. A des volumes plus \u00e9lev\u00e9s, le contr\u00f4le est maintenu, sans aucune acuit\u00e9. Prix [&hellip;]<\/p>\n","protected":false},"featured_media":395120,"template":"","meta":{"_acf_changed":false,"inline_featured_image":false},"product_brand":[],"product_cat":[530,556,745],"product_tag":[533],"class_list":{"0":"post-369866","1":"product","2":"type-product","3":"status-publish","4":"has-post-thumbnail","6":"product_cat-amplificateurs","7":"product_cat-amplificateurs-a-tubes","8":"product_cat-amplificateurs-stereo","9":"product_tag-used","10":"pa_kleur-noir","12":"first","13":"instock","14":"sold-individually","15":"taxable","16":"shipping-taxable","17":"purchasable","18":"product-type-simple"},"acf":{"website":true,"show_on_homepage":false,"brand_title":"NAT","product_type":"Single HPS Version 3","color":"Noir","subcolor":"","reserved_status":"0"},"yoast_head":"<!-- This site is optimized with the Yoast SEO plugin v25.9 - https:\/\/yoast.com\/wordpress\/plugins\/seo\/ -->\n<title>NAT Single HPS Version 3 | Freakuence!<\/title>\n<meta name=\"description\" content=\"NAT Single HPS Version 3 : amplificateur \u00e0 tubes de classe A de 50 W avec un son pur et des composants de haute qualit\u00e9. \u2713 HiFi neuf et d&#039;occasion \u2713 Note du client : 4.9 sur 5 \u2713 Reprise \u2713 Session d&#039;\u00e9coute\" \/>\n<meta name=\"robots\" content=\"noindex, follow, max-snippet:-1, max-image-preview:large, max-video-preview:-1\" \/>\n<meta property=\"og:locale\" content=\"fr_FR\" \/>\n<meta property=\"og:type\" content=\"article\" \/>\n<meta property=\"og:title\" content=\"NAT Single HPS Version 3 | Freakuence!\" \/>\n<meta property=\"og:description\" content=\"NAT Single HPS Version 3 : amplificateur \u00e0 tubes de classe A de 50 W avec un son pur et des composants de haute qualit\u00e9. \u2713 HiFi neuf et d&#039;occasion \u2713 Note du client : 4.9 sur 5 \u2713 Reprise \u2713 Session d&#039;\u00e9coute\" \/>\n<meta property=\"og:url\" content=\"https:\/\/dev.freakuence.nl\/fr\/produit\/nat-single-hps-version-3\/\" \/>\n<meta property=\"og:site_name\" content=\"Freakuence!\" \/>\n<meta property=\"article:modified_time\" content=\"2026-04-10T13:51:02+00:00\" \/>\n<meta property=\"og:image\" content=\"https:\/\/dev.freakuence.nl\/wp-content\/uploads\/2026\/04\/17745256646056-19315-IMG3407.jpg\" \/>\n\t<meta property=\"og:image:width\" content=\"1800\" \/>\n\t<meta property=\"og:image:height\" content=\"1200\" \/>\n\t<meta property=\"og:image:type\" content=\"image\/jpeg\" \/>\n<meta name=\"twitter:card\" content=\"summary_large_image\" \/>\n<script type=\"application\/ld+json\" class=\"yoast-schema-graph\">{\"@context\":\"https:\/\/schema.org\",\"@graph\":[{\"@type\":\"WebPage\",\"@id\":\"https:\/\/dev.freakuence.nl\/fr\/produit\/nat-single-hps-version-3\/\",\"url\":\"https:\/\/dev.freakuence.nl\/fr\/produit\/nat-single-hps-version-3\/\",\"name\":\"NAT Single HPS Version 3 | Freakuence!\",\"isPartOf\":{\"@id\":\"https:\/\/dev.freakuence.nl\/fr\/#website\"},\"primaryImageOfPage\":{\"@id\":\"https:\/\/dev.freakuence.nl\/fr\/produit\/nat-single-hps-version-3\/#primaryimage\"},\"image\":{\"@id\":\"https:\/\/dev.freakuence.nl\/fr\/produit\/nat-single-hps-version-3\/#primaryimage\"},\"thumbnailUrl\":\"https:\/\/dev.freakuence.nl\/wp-content\/uploads\/2026\/04\/17745256646056-19315-IMG3407.jpg\",\"datePublished\":\"2026-03-26T09:35:47+00:00\",\"dateModified\":\"2026-04-10T13:51:02+00:00\",\"description\":\"NAT Single HPS Version 3 : amplificateur \u00e0 tubes de classe A de 50 W avec un son pur et des composants de haute qualit\u00e9. \u2713 HiFi neuf et d'occasion \u2713 Note du client : 4.9 sur 5 \u2713 Reprise \u2713 Session d'\u00e9coute\",\"breadcrumb\":{\"@id\":\"https:\/\/dev.freakuence.nl\/fr\/produit\/nat-single-hps-version-3\/#breadcrumb\"},\"inLanguage\":\"fr-FR\",\"potentialAction\":[{\"@type\":\"ReadAction\",\"target\":[\"https:\/\/dev.freakuence.nl\/fr\/produit\/nat-single-hps-version-3\/\"]}]},{\"@type\":\"ImageObject\",\"inLanguage\":\"fr-FR\",\"@id\":\"https:\/\/dev.freakuence.nl\/fr\/produit\/nat-single-hps-version-3\/#primaryimage\",\"url\":\"https:\/\/dev.freakuence.nl\/wp-content\/uploads\/2026\/04\/17745256646056-19315-IMG3407.jpg\",\"contentUrl\":\"https:\/\/dev.freakuence.nl\/wp-content\/uploads\/2026\/04\/17745256646056-19315-IMG3407.jpg\",\"width\":1800,\"height\":1200},{\"@type\":\"BreadcrumbList\",\"@id\":\"https:\/\/dev.freakuence.nl\/fr\/produit\/nat-single-hps-version-3\/#breadcrumb\",\"itemListElement\":[{\"@type\":\"ListItem\",\"position\":1,\"name\":\"Accueil\",\"item\":\"https:\/\/dev.freakuence.nl\/fr\/\"},{\"@type\":\"ListItem\",\"position\":2,\"name\":\"Produits\",\"item\":\"https:\/\/dev.freakuence.nl\/fr\/produits\/\"},{\"@type\":\"ListItem\",\"position\":3,\"name\":\"NAT Single HPS Version 3\"}]},{\"@type\":\"WebSite\",\"@id\":\"https:\/\/dev.freakuence.nl\/fr\/#website\",\"url\":\"https:\/\/dev.freakuence.nl\/fr\/\",\"name\":\"Freakuence!\",\"description\":\"Freakuence!\",\"publisher\":{\"@id\":\"https:\/\/dev.freakuence.nl\/fr\/#organization\"},\"alternateName\":\"Freakuence\",\"potentialAction\":[{\"@type\":\"SearchAction\",\"target\":{\"@type\":\"EntryPoint\",\"urlTemplate\":\"https:\/\/dev.freakuence.nl\/fr\/?s={search_term_string}\"},\"query-input\":{\"@type\":\"PropertyValueSpecification\",\"valueRequired\":true,\"valueName\":\"search_term_string\"}}],\"inLanguage\":\"fr-FR\"},{\"@type\":\"Organization\",\"@id\":\"https:\/\/dev.freakuence.nl\/fr\/#organization\",\"name\":\"Freakuence !\",\"url\":\"https:\/\/dev.freakuence.nl\/fr\/\",\"logo\":{\"@type\":\"ImageObject\",\"inLanguage\":\"fr-FR\",\"@id\":\"https:\/\/dev.freakuence.nl\/fr\/#\/schema\/logo\/image\/\",\"url\":\"https:\/\/dev.freakuence.nl\/wp-content\/uploads\/2022\/05\/Brown_3_RGB_Freakuence-1.png\",\"contentUrl\":\"https:\/\/dev.freakuence.nl\/wp-content\/uploads\/2022\/05\/Brown_3_RGB_Freakuence-1.png\",\"width\":2560,\"height\":684,\"caption\":\"Freakuence !\"},\"image\":{\"@id\":\"https:\/\/dev.freakuence.nl\/fr\/#\/schema\/logo\/image\/\"},\"sameAs\":[\"https:\/\/www.instagram.com\/freakuence_notorious_audio\/\"]}]}<\/script>\n<!-- \/ Yoast SEO plugin. -->","yoast_head_json":{"title":"NAT Single HPS Version 3 | Freakuence!","description":"NAT Single HPS Version 3 : amplificateur \u00e0 tubes de classe A de 50 W avec un son pur et des composants de haute qualit\u00e9. \u2713 HiFi neuf et d'occasion \u2713 Note du client : 4.9 sur 5 \u2713 Reprise \u2713 Session d'\u00e9coute","robots":{"index":"noindex","follow":"follow","max-snippet":"max-snippet:-1","max-image-preview":"max-image-preview:large","max-video-preview":"max-video-preview:-1"},"og_locale":"fr_FR","og_type":"article","og_title":"NAT Single HPS Version 3 | Freakuence!","og_description":"NAT Single HPS Version 3 : amplificateur \u00e0 tubes de classe A de 50 W avec un son pur et des composants de haute qualit\u00e9. \u2713 HiFi neuf et d'occasion \u2713 Note du client : 4.9 sur 5 \u2713 Reprise \u2713 Session d'\u00e9coute","og_url":"https:\/\/dev.freakuence.nl\/fr\/produit\/nat-single-hps-version-3\/","og_site_name":"Freakuence!","article_modified_time":"2026-04-10T13:51:02+00:00","og_image":[{"width":1800,"height":1200,"url":"https:\/\/dev.freakuence.nl\/wp-content\/uploads\/2026\/04\/17745256646056-19315-IMG3407.jpg","type":"image\/jpeg"}],"twitter_card":"summary_large_image","schema":{"@context":"https:\/\/schema.org","@graph":[{"@type":"WebPage","@id":"https:\/\/dev.freakuence.nl\/fr\/produit\/nat-single-hps-version-3\/","url":"https:\/\/dev.freakuence.nl\/fr\/produit\/nat-single-hps-version-3\/","name":"NAT Single HPS Version 3 | Freakuence!","isPartOf":{"@id":"https:\/\/dev.freakuence.nl\/fr\/#website"},"primaryImageOfPage":{"@id":"https:\/\/dev.freakuence.nl\/fr\/produit\/nat-single-hps-version-3\/#primaryimage"},"image":{"@id":"https:\/\/dev.freakuence.nl\/fr\/produit\/nat-single-hps-version-3\/#primaryimage"},"thumbnailUrl":"https:\/\/dev.freakuence.nl\/wp-content\/uploads\/2026\/04\/17745256646056-19315-IMG3407.jpg","datePublished":"2026-03-26T09:35:47+00:00","dateModified":"2026-04-10T13:51:02+00:00","description":"NAT Single HPS Version 3 : amplificateur \u00e0 tubes de classe A de 50 W avec un son pur et des composants de haute qualit\u00e9. \u2713 HiFi neuf et d'occasion \u2713 Note du client : 4.9 sur 5 \u2713 Reprise \u2713 Session d'\u00e9coute","breadcrumb":{"@id":"https:\/\/dev.freakuence.nl\/fr\/produit\/nat-single-hps-version-3\/#breadcrumb"},"inLanguage":"fr-FR","potentialAction":[{"@type":"ReadAction","target":["https:\/\/dev.freakuence.nl\/fr\/produit\/nat-single-hps-version-3\/"]}]},{"@type":"ImageObject","inLanguage":"fr-FR","@id":"https:\/\/dev.freakuence.nl\/fr\/produit\/nat-single-hps-version-3\/#primaryimage","url":"https:\/\/dev.freakuence.nl\/wp-content\/uploads\/2026\/04\/17745256646056-19315-IMG3407.jpg","contentUrl":"https:\/\/dev.freakuence.nl\/wp-content\/uploads\/2026\/04\/17745256646056-19315-IMG3407.jpg","width":1800,"height":1200},{"@type":"BreadcrumbList","@id":"https:\/\/dev.freakuence.nl\/fr\/produit\/nat-single-hps-version-3\/#breadcrumb","itemListElement":[{"@type":"ListItem","position":1,"name":"Accueil","item":"https:\/\/dev.freakuence.nl\/fr\/"},{"@type":"ListItem","position":2,"name":"Produits","item":"https:\/\/dev.freakuence.nl\/fr\/produits\/"},{"@type":"ListItem","position":3,"name":"NAT Single HPS Version 3"}]},{"@type":"WebSite","@id":"https:\/\/dev.freakuence.nl\/fr\/#website","url":"https:\/\/dev.freakuence.nl\/fr\/","name":"Freakuence!","description":"Freakuence!","publisher":{"@id":"https:\/\/dev.freakuence.nl\/fr\/#organization"},"alternateName":"Freakuence","potentialAction":[{"@type":"SearchAction","target":{"@type":"EntryPoint","urlTemplate":"https:\/\/dev.freakuence.nl\/fr\/?s={search_term_string}"},"query-input":{"@type":"PropertyValueSpecification","valueRequired":true,"valueName":"search_term_string"}}],"inLanguage":"fr-FR"},{"@type":"Organization","@id":"https:\/\/dev.freakuence.nl\/fr\/#organization","name":"Freakuence !","url":"https:\/\/dev.freakuence.nl\/fr\/","logo":{"@type":"ImageObject","inLanguage":"fr-FR","@id":"https:\/\/dev.freakuence.nl\/fr\/#\/schema\/logo\/image\/","url":"https:\/\/dev.freakuence.nl\/wp-content\/uploads\/2022\/05\/Brown_3_RGB_Freakuence-1.png","contentUrl":"https:\/\/dev.freakuence.nl\/wp-content\/uploads\/2022\/05\/Brown_3_RGB_Freakuence-1.png","width":2560,"height":684,"caption":"Freakuence !"},"image":{"@id":"https:\/\/dev.freakuence.nl\/fr\/#\/schema\/logo\/image\/"},"sameAs":["https:\/\/www.instagram.com\/freakuence_notorious_audio\/"]}]}},"_links":{"self":[{"href":"https:\/\/dev.freakuence.nl\/fr\/wp-json\/wp\/v2\/product\/369866","targetHints":{"allow":["GET"]}}],"collection":[{"href":"https:\/\/dev.freakuence.nl\/fr\/wp-json\/wp\/v2\/product"}],"about":[{"href":"https:\/\/dev.freakuence.nl\/fr\/wp-json\/wp\/v2\/types\/product"}],"wp:featuredmedia":[{"embeddable":true,"href":"https:\/\/dev.freakuence.nl\/fr\/wp-json\/wp\/v2\/media\/395120"}],"wp:attachment":[{"href":"https:\/\/dev.freakuence.nl\/fr\/wp-json\/wp\/v2\/media?parent=369866"}],"wp:term":[{"taxonomy":"product_brand","embeddable":true,"href":"https:\/\/dev.freakuence.nl\/fr\/wp-json\/wp\/v2\/product_brand?post=369866"},{"taxonomy":"product_cat","embeddable":true,"href":"https:\/\/dev.freakuence.nl\/fr\/wp-json\/wp\/v2\/product_cat?post=369866"},{"taxonomy":"product_tag","embeddable":true,"href":"https:\/\/dev.freakuence.nl\/fr\/wp-json\/wp\/v2\/product_tag?post=369866"}],"curies":[{"name":"wp","href":"https:\/\/api.w.org\/{rel}","templated":true}]}}