{"id":369869,"date":"2026-03-26T10:49:05","date_gmt":"2026-03-26T09:49:05","guid":{"rendered":"https:\/\/freakuence.nl\/product\/compte-gm50b\/"},"modified":"2026-04-10T15:49:41","modified_gmt":"2026-04-10T13:49:41","slug":"compte-gm50b","status":"publish","type":"product","link":"https:\/\/dev.freakuence.nl\/fr\/produit\/compte-gm50b\/","title":{"rendered":"Compte GM50b"},"content":{"rendered":"<div class=\"product-specifications-list\">\n<div class=\"specification-item row-header\"><span class=\"spec-content\"><strong>Description Freakuence !<\/strong><\/span><\/div>\n<div class=\"specification-item row-even\"><span class=\"spec-content\">Perle ! Une image st\u00e9r\u00e9o incroyablement holographique. Affiche tous les types de musique de mani\u00e8re tr\u00e8s musicale, avec toute la facilit\u00e9 du monde. La conception \u00e0 double mono contribue \u00e0 une s\u00e9paration \u00e9troite entre les canaux. Fournit une puissance fiable. Convient \u00e0 diff\u00e9rentes imp\u00e9dances et pour de nombreuses ann\u00e9es de plaisir d&rsquo;\u00e9coute !     <\/span><\/div>\n<div class=\"specification-item row-header\"><span class=\"spec-content\"><strong>Description g\u00e9n\u00e9rale<\/strong><\/span><\/div>\n<div class=\"specification-item row-even\"><span class=\"spec-content\">\u00c9quip\u00e9 de tubes KT88, fonctionnant en classe A\/AB, il d\u00e9livre 50 watts par canal. Les tubes de puissance sont r\u00e9gl\u00e9s pour d\u00e9livrer 25 watts, ce qui leur assure une plus grande long\u00e9vit\u00e9. Il utilise \u00e9galement un syst\u00e8me de contr\u00f4le automatique de la polarisation par tube, garantissant des performances optimales dans diverses conditions. La conception int\u00e8gre des transformateurs de sortie, r\u00e9duisant la sensibilit\u00e9 aux combinaisons de haut-parleurs. L&rsquo;amplificateur est enti\u00e8rement \u00e9quilibr\u00e9 et utilise une contre-r\u00e9action de 12 dB. La r\u00e9ponse en fr\u00e9quence s&rsquo;\u00e9tend de 10 Hz \u00e0 100 kHz, offrant une large gamme dynamique. L&rsquo;appareil p\u00e8se 30 kilogrammes et a des dimensions de 450 x 160 x 500 mm.      <\/span><\/div>\n<div class=\"specification-item row-header\"><span class=\"spec-content\"><strong>Informations g\u00e9n\u00e9rales<\/strong><\/span><\/div>\n<div class=\"specification-item row-even\"><span class=\"spec-content\">Le Graaf GM50b est un produit de la marque hi-fi italienne Graaf, connue pour son savoir-faire en mati\u00e8re d&rsquo;\u00e9quipement audio. Con\u00e7u par Giovanni Mariani, le design se concentre sur une qualit\u00e9 sonore sans compromis. L&rsquo;amplificateur utilise des tubes de haute qualit\u00e9 et des composants audiophiles. Le bo\u00eetier est fait d&rsquo;acier et d&rsquo;aluminium robustes, sans r\u00e9sonance. Les m\u00e9thodes de production comprennent l&rsquo;assemblage manuel pour garantir la pr\u00e9cision. Earl s&rsquo;approvisionne aupr\u00e8s de fournisseurs europ\u00e9ens r\u00e9put\u00e9s pour leur qualit\u00e9, ce qui contribue \u00e0 la fiabilit\u00e9 et aux performances du produit. Le c\u00e2blage interne est r\u00e9alis\u00e9 avec soin pour minimiser la perte de signal.      <\/span><\/div>\n<div class=\"specification-item row-header\"><span class=\"spec-content\"><strong>Histoire de la marque<\/strong><\/span><\/div>\n<div class=\"specification-item row-even\"><span class=\"spec-content\">Count a \u00e9t\u00e9 fond\u00e9 par Giovanni Mariani, qui s&rsquo;est principalement consacr\u00e9 \u00e0 la conception d&rsquo;\u00e9quipements audio. Mariani avait auparavant acquis une exp\u00e9rience dans la construction de syst\u00e8mes audio pour les musiciens, ce qui a influenc\u00e9 ses conceptions. Il a commenc\u00e9 par concevoir des produits capables de reproduire la musique le plus fid\u00e8lement possible. Les connaissances de Mariani en mati\u00e8re d&rsquo;\u00e9lectronique et son exp\u00e9rience des amplificateurs pour musiciens pop et jazz ont jou\u00e9 un r\u00f4le important dans le d\u00e9veloppement des \u00e9quipements Graaf\u30109\u2020source\u3011\u301010\u2020source\u3011. Toutes les conceptions de Graaf se concentrent sur une qualit\u00e9 sonore \u00e9lev\u00e9e et une construction robuste, ce qui a entra\u00een\u00e9 leur r\u00e9putation d&rsquo;\u00e9quipement fiable.    <\/span><\/div>\n<\/div>\n","protected":false},"excerpt":{"rendered":"<p>Description Freakuence ! Perle ! Une image st\u00e9r\u00e9o incroyablement holographique. Affiche tous les types de musique de mani\u00e8re tr\u00e8s musicale, avec toute la facilit\u00e9 du monde. La conception \u00e0 double mono contribue \u00e0 une s\u00e9paration \u00e9troite entre les canaux. Fournit une puissance fiable. Convient \u00e0 diff\u00e9rentes imp\u00e9dances et pour de nombreuses ann\u00e9es de plaisir d&rsquo;\u00e9coute [&hellip;]<\/p>\n","protected":false},"featured_media":391799,"template":"","meta":{"_acf_changed":false,"inline_featured_image":false},"product_brand":[],"product_cat":[530,556,745],"product_tag":[533],"class_list":{"0":"post-369869","1":"product","2":"type-product","3":"status-publish","4":"has-post-thumbnail","6":"product_cat-amplificateurs","7":"product_cat-amplificateurs-a-tubes","8":"product_cat-amplificateurs-stereo","9":"product_tag-used","10":"pa_kleur-argent","12":"first","13":"instock","14":"sold-individually","15":"purchasable","16":"product-type-simple"},"acf":{"website":true,"show_on_homepage":false,"brand_title":"Graaf","product_type":"GM50b","color":"Argent","subcolor":"","reserved_status":"0"},"_links":{"self":[{"href":"https:\/\/dev.freakuence.nl\/fr\/wp-json\/wp\/v2\/product\/369869","targetHints":{"allow":["GET"]}}],"collection":[{"href":"https:\/\/dev.freakuence.nl\/fr\/wp-json\/wp\/v2\/product"}],"about":[{"href":"https:\/\/dev.freakuence.nl\/fr\/wp-json\/wp\/v2\/types\/product"}],"wp:featuredmedia":[{"embeddable":true,"href":"https:\/\/dev.freakuence.nl\/fr\/wp-json\/wp\/v2\/media\/391799"}],"wp:attachment":[{"href":"https:\/\/dev.freakuence.nl\/fr\/wp-json\/wp\/v2\/media?parent=369869"}],"wp:term":[{"taxonomy":"product_brand","embeddable":true,"href":"https:\/\/dev.freakuence.nl\/fr\/wp-json\/wp\/v2\/product_brand?post=369869"},{"taxonomy":"product_cat","embeddable":true,"href":"https:\/\/dev.freakuence.nl\/fr\/wp-json\/wp\/v2\/product_cat?post=369869"},{"taxonomy":"product_tag","embeddable":true,"href":"https:\/\/dev.freakuence.nl\/fr\/wp-json\/wp\/v2\/product_tag?post=369869"}],"curies":[{"name":"wp","href":"https:\/\/api.w.org\/{rel}","templated":true}]}}