{"id":369897,"date":"2026-03-26T10:52:30","date_gmt":"2026-03-26T09:52:30","guid":{"rendered":"https:\/\/freakuence.nl\/product\/suivez-lagrange-s\/"},"modified":"2026-04-10T15:49:00","modified_gmt":"2026-04-10T13:49:00","slug":"suivez-lagrange-s","status":"publish","type":"product","link":"https:\/\/dev.freakuence.nl\/fr\/produit\/suivez-lagrange-s\/","title":{"rendered":"Suivez Lagrange S"},"content":{"rendered":"<div class=\"product-specifications-list\">\n<div class=\"specification-item row-header\"><span class=\"spec-content\"><strong>Description Freakuence !<\/strong><\/span><\/div>\n<div class=\"specification-item row-even\"><span class=\"spec-content\">Le Heed Lagrange S est un amplificateur qui ne passe pas inaper\u00e7u. Avec 60 watts par canal, il peut sembler modeste, mais en pratique, il d\u00e9livre de la puissance sans effort, m\u00eame \u00e0 des volumes \u00e9lev\u00e9s. L&rsquo;\u00e9tage phono int\u00e9gr\u00e9 est de haute qualit\u00e9 et met en valeur votre collection de disques. Le design est simple et fonctionnel, sans fioritures inutiles. Un choix solide pour ceux qui recherchent un amplificateur fiable et sans chichis.    <\/span><\/div>\n<div class=\"specification-item row-header\"><span class=\"spec-content\"><strong>D\u00e9tails<\/strong><\/span><\/div>\n<div class=\"specification-item row-even\"><span class=\"spec-content\">Ne vous inqui\u00e9tez pas ! Nous offrons une excellente garantie de 12 mois sur les produits usag\u00e9s. <\/span><\/div>\n<div class=\"specification-item row-header\"><span class=\"spec-content\"><strong>Description g\u00e9n\u00e9rale<\/strong><\/span><\/div>\n<div class=\"specification-item row-even\"><span class=\"spec-content\">Le Heed Lagrange S est un amplificateur int\u00e9gr\u00e9 qui excelle \u00e0 offrir une sc\u00e8ne sonore riche et d\u00e9taill\u00e9e. Avec une puissance de 60 watts par canal, cet amplificateur offre une reproduction dynamique et pr\u00e9cise, m\u00eame \u00e0 des volumes \u00e9lev\u00e9s. Le Heed Lagrange S est con\u00e7u sans r\u00e9glage des basses et des aigus, ce qui t\u00e9moigne de sa confiance dans le son \u00e9quilibr\u00e9 qu&rsquo;il d\u00e9livre en standard.   En outre, l&rsquo;amplificateur est dot\u00e9 d&rsquo;une entr\u00e9e phono de haute qualit\u00e9, qui reproduit les disques vinyles avec une clart\u00e9 et des d\u00e9tails exceptionnels.  <\/p>\n<p>Vous vous demandez comment le Heed Lagrange S peut enrichir votre exp\u00e9rience d&rsquo;\u00e9coute ? Planifiez une s\u00e9ance d&rsquo;\u00e9coute dans notre salle d&rsquo;\u00e9coute et d\u00e9couvrez par vous-m\u00eame les performances impressionnantes de cet amplificateur int\u00e9gr\u00e9. <\/span><\/div>\n<div class=\"specification-item row-header\"><span class=\"spec-content\"><strong>Histoire de la marque<\/strong><\/span><\/div>\n<div class=\"specification-item row-even\"><span class=\"spec-content\">Heed Audio est une soci\u00e9t\u00e9 hongroise qui con\u00e7oit et fabrique du mat\u00e9riel audio de haute qualit\u00e9. L&rsquo;entreprise a redonn\u00e9 vie au Ion Obelisk, un amplificateur compact des ann\u00e9es 1980, en modernisant son design et ses composants internes. En outre, Heed Audio a d\u00e9velopp\u00e9 l&rsquo;amplificateur int\u00e9gr\u00e9 Elixir, qui combine quatre fonctions principales : un pr\u00e9amplificateur avec une sortie d\u00e9di\u00e9e, un puissant amplificateur de puissance, un pr\u00e9amplificateur phono pour cartouches MM et un amplificateur de casque de haute qualit\u00e9. L&rsquo;entreprise utilise la technologie Transcap, une technologie d&rsquo;amplificateur \u00e0 couplage non direct qui utilise un condensateur de sortie pour assurer une alimentation rapide et pr\u00e9cise des haut-parleurs. Heed Audio fabrique son mat\u00e9riel \u00e0 la main en Europe et pr\u00eate attention \u00e0 chaque d\u00e9tail, de la soudure des circuits imprim\u00e9s au r\u00e9glage fin du bouton de volume.    <\/span><\/div>\n<\/div>\n","protected":false},"excerpt":{"rendered":"<p>Description Freakuence ! Le Heed Lagrange S est un amplificateur qui ne passe pas inaper\u00e7u. Avec 60 watts par canal, il peut sembler modeste, mais en pratique, il d\u00e9livre de la puissance sans effort, m\u00eame \u00e0 des volumes \u00e9lev\u00e9s. L&rsquo;\u00e9tage phono int\u00e9gr\u00e9 est de haute qualit\u00e9 et met en valeur votre collection de disques. Le [&hellip;]<\/p>\n","protected":false},"featured_media":403776,"template":"","meta":{"_acf_changed":false,"inline_featured_image":false},"product_brand":[],"product_cat":[530,745,773],"product_tag":[533],"class_list":{"0":"post-369897","1":"product","2":"type-product","3":"status-publish","4":"has-post-thumbnail","6":"product_cat-amplificateurs","7":"product_cat-amplificateurs-stereo","8":"product_cat-classe-a-amplificateurs-stereo-a-b","9":"product_tag-used","10":"pa_kleur-argent","12":"first","13":"instock","14":"sold-individually","15":"purchasable","16":"product-type-simple"},"acf":{"website":true,"show_on_homepage":false,"brand_title":"Heed","product_type":"Lagrange S","color":"Argent","subcolor":"","reserved_status":"1"},"yoast_head":"<!-- This site is optimized with the Yoast SEO plugin v25.9 - https:\/\/yoast.com\/wordpress\/plugins\/seo\/ -->\n<title>Suivez Lagrange S | Freakuence!<\/title>\n<meta name=\"description\" content=\"Amplificateur int\u00e9gr\u00e9 Heed Lagrange S avec 100W par canal, entr\u00e9e phono MM et amplificateur de casque en classe A. \u2713 HiFi neuf et d&#039;occasion \u2713 Note du client : 4.9 sur 5 \u2713 Reprise \u2713 Session d&#039;\u00e9coute\" \/>\n<meta name=\"robots\" content=\"noindex, follow, max-snippet:-1, max-image-preview:large, max-video-preview:-1\" \/>\n<meta property=\"og:locale\" content=\"fr_FR\" \/>\n<meta property=\"og:type\" content=\"article\" \/>\n<meta property=\"og:title\" content=\"Suivez Lagrange S | Freakuence!\" \/>\n<meta property=\"og:description\" content=\"Amplificateur int\u00e9gr\u00e9 Heed Lagrange S avec 100W par canal, entr\u00e9e phono MM et amplificateur de casque en classe A. \u2713 HiFi neuf et d&#039;occasion \u2713 Note du client : 4.9 sur 5 \u2713 Reprise \u2713 Session d&#039;\u00e9coute\" \/>\n<meta property=\"og:url\" content=\"https:\/\/dev.freakuence.nl\/fr\/produit\/suivez-lagrange-s\/\" \/>\n<meta property=\"og:site_name\" content=\"Freakuence!\" \/>\n<meta property=\"article:modified_time\" content=\"2026-04-10T13:49:00+00:00\" \/>\n<meta property=\"og:image\" content=\"https:\/\/dev.freakuence.nl\/wp-content\/uploads\/2026\/04\/17740941366050-19309-IMG3642-2.jpg\" \/>\n\t<meta property=\"og:image:width\" content=\"1800\" \/>\n\t<meta property=\"og:image:height\" content=\"1200\" \/>\n\t<meta property=\"og:image:type\" content=\"image\/jpeg\" \/>\n<meta name=\"twitter:card\" content=\"summary_large_image\" \/>\n<script type=\"application\/ld+json\" class=\"yoast-schema-graph\">{\"@context\":\"https:\/\/schema.org\",\"@graph\":[{\"@type\":\"WebPage\",\"@id\":\"https:\/\/dev.freakuence.nl\/fr\/produit\/suivez-lagrange-s\/\",\"url\":\"https:\/\/dev.freakuence.nl\/fr\/produit\/suivez-lagrange-s\/\",\"name\":\"Suivez Lagrange S | Freakuence!\",\"isPartOf\":{\"@id\":\"https:\/\/dev.freakuence.nl\/fr\/#website\"},\"primaryImageOfPage\":{\"@id\":\"https:\/\/dev.freakuence.nl\/fr\/produit\/suivez-lagrange-s\/#primaryimage\"},\"image\":{\"@id\":\"https:\/\/dev.freakuence.nl\/fr\/produit\/suivez-lagrange-s\/#primaryimage\"},\"thumbnailUrl\":\"https:\/\/dev.freakuence.nl\/wp-content\/uploads\/2026\/04\/17740941366050-19309-IMG3642-2.jpg\",\"datePublished\":\"2026-03-26T09:52:30+00:00\",\"dateModified\":\"2026-04-10T13:49:00+00:00\",\"description\":\"Amplificateur int\u00e9gr\u00e9 Heed Lagrange S avec 100W par canal, entr\u00e9e phono MM et amplificateur de casque en classe A. \u2713 HiFi neuf et d'occasion \u2713 Note du client : 4.9 sur 5 \u2713 Reprise \u2713 Session d'\u00e9coute\",\"breadcrumb\":{\"@id\":\"https:\/\/dev.freakuence.nl\/fr\/produit\/suivez-lagrange-s\/#breadcrumb\"},\"inLanguage\":\"fr-FR\",\"potentialAction\":[{\"@type\":\"ReadAction\",\"target\":[\"https:\/\/dev.freakuence.nl\/fr\/produit\/suivez-lagrange-s\/\"]}]},{\"@type\":\"ImageObject\",\"inLanguage\":\"fr-FR\",\"@id\":\"https:\/\/dev.freakuence.nl\/fr\/produit\/suivez-lagrange-s\/#primaryimage\",\"url\":\"https:\/\/dev.freakuence.nl\/wp-content\/uploads\/2026\/04\/17740941366050-19309-IMG3642-2.jpg\",\"contentUrl\":\"https:\/\/dev.freakuence.nl\/wp-content\/uploads\/2026\/04\/17740941366050-19309-IMG3642-2.jpg\",\"width\":1800,\"height\":1200},{\"@type\":\"BreadcrumbList\",\"@id\":\"https:\/\/dev.freakuence.nl\/fr\/produit\/suivez-lagrange-s\/#breadcrumb\",\"itemListElement\":[{\"@type\":\"ListItem\",\"position\":1,\"name\":\"Accueil\",\"item\":\"https:\/\/dev.freakuence.nl\/fr\/\"},{\"@type\":\"ListItem\",\"position\":2,\"name\":\"Produits\",\"item\":\"https:\/\/dev.freakuence.nl\/fr\/produits\/\"},{\"@type\":\"ListItem\",\"position\":3,\"name\":\"Heed Lagrange S\"}]},{\"@type\":\"WebSite\",\"@id\":\"https:\/\/dev.freakuence.nl\/fr\/#website\",\"url\":\"https:\/\/dev.freakuence.nl\/fr\/\",\"name\":\"Freakuence!\",\"description\":\"Freakuence!\",\"publisher\":{\"@id\":\"https:\/\/dev.freakuence.nl\/fr\/#organization\"},\"alternateName\":\"Freakuence\",\"potentialAction\":[{\"@type\":\"SearchAction\",\"target\":{\"@type\":\"EntryPoint\",\"urlTemplate\":\"https:\/\/dev.freakuence.nl\/fr\/?s={search_term_string}\"},\"query-input\":{\"@type\":\"PropertyValueSpecification\",\"valueRequired\":true,\"valueName\":\"search_term_string\"}}],\"inLanguage\":\"fr-FR\"},{\"@type\":\"Organization\",\"@id\":\"https:\/\/dev.freakuence.nl\/fr\/#organization\",\"name\":\"Freakuence !\",\"url\":\"https:\/\/dev.freakuence.nl\/fr\/\",\"logo\":{\"@type\":\"ImageObject\",\"inLanguage\":\"fr-FR\",\"@id\":\"https:\/\/dev.freakuence.nl\/fr\/#\/schema\/logo\/image\/\",\"url\":\"https:\/\/dev.freakuence.nl\/wp-content\/uploads\/2022\/05\/Brown_3_RGB_Freakuence-1.png\",\"contentUrl\":\"https:\/\/dev.freakuence.nl\/wp-content\/uploads\/2022\/05\/Brown_3_RGB_Freakuence-1.png\",\"width\":2560,\"height\":684,\"caption\":\"Freakuence !\"},\"image\":{\"@id\":\"https:\/\/dev.freakuence.nl\/fr\/#\/schema\/logo\/image\/\"},\"sameAs\":[\"https:\/\/www.instagram.com\/freakuence_notorious_audio\/\"]}]}<\/script>\n<!-- \/ Yoast SEO plugin. -->","yoast_head_json":{"title":"Suivez Lagrange S | Freakuence!","description":"Amplificateur int\u00e9gr\u00e9 Heed Lagrange S avec 100W par canal, entr\u00e9e phono MM et amplificateur de casque en classe A. \u2713 HiFi neuf et d'occasion \u2713 Note du client : 4.9 sur 5 \u2713 Reprise \u2713 Session d'\u00e9coute","robots":{"index":"noindex","follow":"follow","max-snippet":"max-snippet:-1","max-image-preview":"max-image-preview:large","max-video-preview":"max-video-preview:-1"},"og_locale":"fr_FR","og_type":"article","og_title":"Suivez Lagrange S | Freakuence!","og_description":"Amplificateur int\u00e9gr\u00e9 Heed Lagrange S avec 100W par canal, entr\u00e9e phono MM et amplificateur de casque en classe A. \u2713 HiFi neuf et d'occasion \u2713 Note du client : 4.9 sur 5 \u2713 Reprise \u2713 Session d'\u00e9coute","og_url":"https:\/\/dev.freakuence.nl\/fr\/produit\/suivez-lagrange-s\/","og_site_name":"Freakuence!","article_modified_time":"2026-04-10T13:49:00+00:00","og_image":[{"width":1800,"height":1200,"url":"https:\/\/dev.freakuence.nl\/wp-content\/uploads\/2026\/04\/17740941366050-19309-IMG3642-2.jpg","type":"image\/jpeg"}],"twitter_card":"summary_large_image","schema":{"@context":"https:\/\/schema.org","@graph":[{"@type":"WebPage","@id":"https:\/\/dev.freakuence.nl\/fr\/produit\/suivez-lagrange-s\/","url":"https:\/\/dev.freakuence.nl\/fr\/produit\/suivez-lagrange-s\/","name":"Suivez Lagrange S | Freakuence!","isPartOf":{"@id":"https:\/\/dev.freakuence.nl\/fr\/#website"},"primaryImageOfPage":{"@id":"https:\/\/dev.freakuence.nl\/fr\/produit\/suivez-lagrange-s\/#primaryimage"},"image":{"@id":"https:\/\/dev.freakuence.nl\/fr\/produit\/suivez-lagrange-s\/#primaryimage"},"thumbnailUrl":"https:\/\/dev.freakuence.nl\/wp-content\/uploads\/2026\/04\/17740941366050-19309-IMG3642-2.jpg","datePublished":"2026-03-26T09:52:30+00:00","dateModified":"2026-04-10T13:49:00+00:00","description":"Amplificateur int\u00e9gr\u00e9 Heed Lagrange S avec 100W par canal, entr\u00e9e phono MM et amplificateur de casque en classe A. \u2713 HiFi neuf et d'occasion \u2713 Note du client : 4.9 sur 5 \u2713 Reprise \u2713 Session d'\u00e9coute","breadcrumb":{"@id":"https:\/\/dev.freakuence.nl\/fr\/produit\/suivez-lagrange-s\/#breadcrumb"},"inLanguage":"fr-FR","potentialAction":[{"@type":"ReadAction","target":["https:\/\/dev.freakuence.nl\/fr\/produit\/suivez-lagrange-s\/"]}]},{"@type":"ImageObject","inLanguage":"fr-FR","@id":"https:\/\/dev.freakuence.nl\/fr\/produit\/suivez-lagrange-s\/#primaryimage","url":"https:\/\/dev.freakuence.nl\/wp-content\/uploads\/2026\/04\/17740941366050-19309-IMG3642-2.jpg","contentUrl":"https:\/\/dev.freakuence.nl\/wp-content\/uploads\/2026\/04\/17740941366050-19309-IMG3642-2.jpg","width":1800,"height":1200},{"@type":"BreadcrumbList","@id":"https:\/\/dev.freakuence.nl\/fr\/produit\/suivez-lagrange-s\/#breadcrumb","itemListElement":[{"@type":"ListItem","position":1,"name":"Accueil","item":"https:\/\/dev.freakuence.nl\/fr\/"},{"@type":"ListItem","position":2,"name":"Produits","item":"https:\/\/dev.freakuence.nl\/fr\/produits\/"},{"@type":"ListItem","position":3,"name":"Heed Lagrange S"}]},{"@type":"WebSite","@id":"https:\/\/dev.freakuence.nl\/fr\/#website","url":"https:\/\/dev.freakuence.nl\/fr\/","name":"Freakuence!","description":"Freakuence!","publisher":{"@id":"https:\/\/dev.freakuence.nl\/fr\/#organization"},"alternateName":"Freakuence","potentialAction":[{"@type":"SearchAction","target":{"@type":"EntryPoint","urlTemplate":"https:\/\/dev.freakuence.nl\/fr\/?s={search_term_string}"},"query-input":{"@type":"PropertyValueSpecification","valueRequired":true,"valueName":"search_term_string"}}],"inLanguage":"fr-FR"},{"@type":"Organization","@id":"https:\/\/dev.freakuence.nl\/fr\/#organization","name":"Freakuence !","url":"https:\/\/dev.freakuence.nl\/fr\/","logo":{"@type":"ImageObject","inLanguage":"fr-FR","@id":"https:\/\/dev.freakuence.nl\/fr\/#\/schema\/logo\/image\/","url":"https:\/\/dev.freakuence.nl\/wp-content\/uploads\/2022\/05\/Brown_3_RGB_Freakuence-1.png","contentUrl":"https:\/\/dev.freakuence.nl\/wp-content\/uploads\/2022\/05\/Brown_3_RGB_Freakuence-1.png","width":2560,"height":684,"caption":"Freakuence !"},"image":{"@id":"https:\/\/dev.freakuence.nl\/fr\/#\/schema\/logo\/image\/"},"sameAs":["https:\/\/www.instagram.com\/freakuence_notorious_audio\/"]}]}},"_links":{"self":[{"href":"https:\/\/dev.freakuence.nl\/fr\/wp-json\/wp\/v2\/product\/369897","targetHints":{"allow":["GET"]}}],"collection":[{"href":"https:\/\/dev.freakuence.nl\/fr\/wp-json\/wp\/v2\/product"}],"about":[{"href":"https:\/\/dev.freakuence.nl\/fr\/wp-json\/wp\/v2\/types\/product"}],"wp:featuredmedia":[{"embeddable":true,"href":"https:\/\/dev.freakuence.nl\/fr\/wp-json\/wp\/v2\/media\/403776"}],"wp:attachment":[{"href":"https:\/\/dev.freakuence.nl\/fr\/wp-json\/wp\/v2\/media?parent=369897"}],"wp:term":[{"taxonomy":"product_brand","embeddable":true,"href":"https:\/\/dev.freakuence.nl\/fr\/wp-json\/wp\/v2\/product_brand?post=369897"},{"taxonomy":"product_cat","embeddable":true,"href":"https:\/\/dev.freakuence.nl\/fr\/wp-json\/wp\/v2\/product_cat?post=369897"},{"taxonomy":"product_tag","embeddable":true,"href":"https:\/\/dev.freakuence.nl\/fr\/wp-json\/wp\/v2\/product_tag?post=369897"}],"curies":[{"name":"wp","href":"https:\/\/api.w.org\/{rel}","templated":true}]}}