{"id":369908,"date":"2026-03-26T11:08:24","date_gmt":"2026-03-26T10:08:24","guid":{"rendered":"https:\/\/freakuence.nl\/product\/anthem-mrx-740-8k\/"},"modified":"2026-04-10T15:49:27","modified_gmt":"2026-04-10T13:49:27","slug":"anthem-mrx-740-8k","status":"publish","type":"product","link":"https:\/\/dev.freakuence.nl\/fr\/produit\/anthem-mrx-740-8k\/","title":{"rendered":"Anthem MRX 740 8K"},"content":{"rendered":"<div class=\"product-specifications-list\">\n<div class=\"specification-item row-header\"><span class=\"spec-content\"><strong>Description Freakuence !<\/strong><\/span><\/div>\n<div class=\"specification-item row-even\"><span class=\"spec-content\">Tr\u00e8s bon r\u00e9cepteur, avec de nombreuses fonctionnalit\u00e9s. L&rsquo;Anthem MRX 740 8K dispose d&rsquo;un streamer et d&rsquo;un dac de haute qualit\u00e9 ! La lecture se fait enfin \u00e0 un niveau st\u00e9r\u00e9o de haute qualit\u00e9 ! C&rsquo;est vraiment du haut niveau. Les films sont restitu\u00e9s de mani\u00e8re r\u00e9aliste. Ce qui ressort, c&rsquo;est la perception spatiale de ce que vous voyez \u00e0 l&rsquo;\u00e9cran. C&rsquo;est tr\u00e8s, tr\u00e8s bien.      <\/span><\/div>\n<div class=\"specification-item row-odd\"><span class=\"spec-content\">Prix de vente au d\u00e9tail : 4199.00<\/span><\/div>\n<div class=\"specification-item row-header\"><span class=\"spec-content\"><strong>D\u00e9tails<\/strong><\/span><\/div>\n<div class=\"specification-item row-even\"><span class=\"spec-content\">Nous sommes heureux de pouvoir en faire commerce. N&rsquo;h\u00e9sitez pas \u00e0 nous envoyer ce que vous avez de disponible, nous serons heureux d&rsquo;\u00e9valuer si nous pouvons le mettre en vente. <\/span><\/div>\n<div class=\"specification-item row-odd\"><span class=\"spec-content\">Ne vous inqui\u00e9tez pas ! Nous offrons une excellente garantie de 12 mois sur les produits usag\u00e9s. <\/span><\/div>\n<div class=\"specification-item row-header\"><span class=\"spec-content\"><strong>Description g\u00e9n\u00e9rale<\/strong><\/span><\/div>\n<div class=\"specification-item row-even\"><span class=\"spec-content\">L&rsquo;Anthem MRX 740 8K est un r\u00e9cepteur AV avanc\u00e9 qui offre une exp\u00e9rience audio immersive pour les home cin\u00e9mas et les amateurs de musique. Prenant en charge Dolby Atmos et DTS:X, cet ampli-tuner offre une sc\u00e8ne sonore spacieuse et une lecture d\u00e9taill\u00e9e de vos films et musiques pr\u00e9f\u00e9r\u00e9s. <\/p>\n<p>Gr\u00e2ce \u00e0 l&rsquo;amplificateur \u00e0 7 canaux, le MRX 740 8K d\u00e9livre un son puissant et dynamique, tandis que le traitement \u00e0 11,2 canaux offre une grande flexibilit\u00e9 pour diverses configurations d&rsquo;enceintes. L&rsquo;Anthem Room Correction (ARC) int\u00e9gr\u00e9 optimise l&rsquo;acoustique de votre pi\u00e8ce, ce qui permet d&rsquo;obtenir une image st\u00e9r\u00e9o pr\u00e9cise et une lecture \u00e9quilibr\u00e9e. <\/p>\n<p>Avec 7 entr\u00e9es HDMI et 3 sorties prenant en charge le pass-through 8K\/60Hz et 4K\/120Hz, le MRX 740 8K est pr\u00eat pour les formats d&rsquo;image les plus r\u00e9cents. En outre, l&rsquo;ampli-tuner offre des options de streaming telles que AirPlay 2, Chromecast et Bluetooth, afin que vous puissiez facilement \u00e9couter votre musique pr\u00e9f\u00e9r\u00e9e. <\/p>\n<p>Vous souhaitez d\u00e9couvrir le Anthem MRX 740 8K par vous-m\u00eame ? Planifiez une s\u00e9ance d&rsquo;\u00e9coute dans notre salle d&rsquo;\u00e9coute pour \u00e9valuer la qualit\u00e9 du son, comparer l&rsquo;ampli-tuner avec d&rsquo;autres mod\u00e8les ou discuter des options de reprise. <\/span><\/div>\n<div class=\"specification-item row-header\"><span class=\"spec-content\"><strong>Informations g\u00e9n\u00e9rales<\/strong><\/span><\/div>\n<div class=\"specification-item row-even\"><span class=\"spec-content\">L&rsquo;Anthem MRX 740 8K a \u00e9t\u00e9 con\u00e7u en mettant l&rsquo;accent sur la qualit\u00e9 du son et la facilit\u00e9 d&rsquo;utilisation. L&rsquo;amplificateur utilise des composants de haute qualit\u00e9, y compris des DAC avanc\u00e9s et des circuits sp\u00e9cialis\u00e9s, pour une reproduction audio pr\u00e9cise. Le bo\u00eetier est robuste et bien fini, avec un c\u00e2blage interne optimis\u00e9 pour minimiser les interf\u00e9rences du signal. Anthem met \u00e9galement en avant sa technologie Anthem Room Correction (ARC), qui optimise l&rsquo;acoustique de la pi\u00e8ce pour une exp\u00e9rience d&rsquo;\u00e9coute optimale. Des ing\u00e9nieurs tels que Peter Tribeman ont contribu\u00e9 \u00e0 affiner ces technologies.    <\/span><\/div>\n<div class=\"specification-item row-header\"><span class=\"spec-content\"><strong>Histoire de la marque<\/strong><\/span><\/div>\n<div class=\"specification-item row-even\"><span class=\"spec-content\">La soci\u00e9t\u00e9 canadienne Anthem fabrique ses produits depuis plus de 20 ans. Ces derni\u00e8res ann\u00e9es, ils sont soudain devenus tr\u00e8s populaires dans le domaine du cin\u00e9ma \u00e0 domicile. Et peut-\u00eatre \u00e0 juste titre, car \u00e0 part les grands acteurs, peu de gens ma\u00eetrisent le d\u00e9codage d\u00e9licat des enregistrements surround.  <\/span><\/div>\n<\/div>\n","protected":false},"excerpt":{"rendered":"<p>Description Freakuence ! Tr\u00e8s bon r\u00e9cepteur, avec de nombreuses fonctionnalit\u00e9s. L&rsquo;Anthem MRX 740 8K dispose d&rsquo;un streamer et d&rsquo;un dac de haute qualit\u00e9 ! La lecture se fait enfin \u00e0 un niveau st\u00e9r\u00e9o de haute qualit\u00e9 ! C&rsquo;est vraiment du haut niveau. Les films sont restitu\u00e9s de mani\u00e8re r\u00e9aliste. Ce qui ressort, c&rsquo;est la perception [&hellip;]<\/p>\n","protected":false},"featured_media":391844,"template":"","meta":{"_acf_changed":false,"inline_featured_image":false},"product_brand":[],"product_cat":[530],"product_tag":[533],"class_list":{"0":"post-369908","1":"product","2":"type-product","3":"status-publish","4":"has-post-thumbnail","6":"product_cat-amplificateurs","7":"product_tag-used","8":"pa_kleur-noir","10":"first","11":"instock","12":"sold-individually","13":"purchasable","14":"product-type-simple"},"acf":{"website":true,"show_on_homepage":false,"brand_title":"Anthem","product_type":"MRX 740 8K","color":"Noir","subcolor":"","reserved_status":"0"},"yoast_head":"<!-- This site is optimized with the Yoast SEO plugin v25.9 - https:\/\/yoast.com\/wordpress\/plugins\/seo\/ -->\n<title>Anthem MRX 740 8K | Freakuence!<\/title>\n<meta name=\"description\" content=\"Anthem MRX 740 8K : puissant r\u00e9cepteur AV 7 canaux avec vid\u00e9o 8K, Dolby Atmos et correction de pi\u00e8ce ARC. \u2713 HiFi neuf et d&#039;occasion \u2713 Note du client : 4,9 sur 5 \u2713 Reprise \u2713 Session d&#039;\u00e9coute\" \/>\n<meta name=\"robots\" content=\"noindex, follow, max-snippet:-1, max-image-preview:large, max-video-preview:-1\" \/>\n<meta property=\"og:locale\" content=\"fr_FR\" \/>\n<meta property=\"og:type\" content=\"article\" \/>\n<meta property=\"og:title\" content=\"Anthem MRX 740 8K | Freakuence!\" \/>\n<meta property=\"og:description\" content=\"Anthem MRX 740 8K : puissant r\u00e9cepteur AV 7 canaux avec vid\u00e9o 8K, Dolby Atmos et correction de pi\u00e8ce ARC. \u2713 HiFi neuf et d&#039;occasion \u2713 Note du client : 4,9 sur 5 \u2713 Reprise \u2713 Session d&#039;\u00e9coute\" \/>\n<meta property=\"og:url\" content=\"https:\/\/dev.freakuence.nl\/fr\/produit\/anthem-mrx-740-8k\/\" \/>\n<meta property=\"og:site_name\" content=\"Freakuence!\" \/>\n<meta property=\"article:modified_time\" content=\"2026-04-10T13:49:27+00:00\" \/>\n<meta property=\"og:image\" content=\"https:\/\/dev.freakuence.nl\/wp-content\/uploads\/2026\/04\/17740994720186-19308-IMG3762.jpg\" \/>\n\t<meta property=\"og:image:width\" content=\"1800\" \/>\n\t<meta property=\"og:image:height\" content=\"1200\" \/>\n\t<meta property=\"og:image:type\" content=\"image\/jpeg\" \/>\n<meta name=\"twitter:card\" content=\"summary_large_image\" \/>\n<script type=\"application\/ld+json\" class=\"yoast-schema-graph\">{\"@context\":\"https:\/\/schema.org\",\"@graph\":[{\"@type\":\"WebPage\",\"@id\":\"https:\/\/dev.freakuence.nl\/fr\/produit\/anthem-mrx-740-8k\/\",\"url\":\"https:\/\/dev.freakuence.nl\/fr\/produit\/anthem-mrx-740-8k\/\",\"name\":\"Anthem MRX 740 8K | Freakuence!\",\"isPartOf\":{\"@id\":\"https:\/\/dev.freakuence.nl\/fr\/#website\"},\"primaryImageOfPage\":{\"@id\":\"https:\/\/dev.freakuence.nl\/fr\/produit\/anthem-mrx-740-8k\/#primaryimage\"},\"image\":{\"@id\":\"https:\/\/dev.freakuence.nl\/fr\/produit\/anthem-mrx-740-8k\/#primaryimage\"},\"thumbnailUrl\":\"https:\/\/dev.freakuence.nl\/wp-content\/uploads\/2026\/04\/17740994720186-19308-IMG3762.jpg\",\"datePublished\":\"2026-03-26T10:08:24+00:00\",\"dateModified\":\"2026-04-10T13:49:27+00:00\",\"description\":\"Anthem MRX 740 8K : puissant r\u00e9cepteur AV 7 canaux avec vid\u00e9o 8K, Dolby Atmos et correction de pi\u00e8ce ARC. \u2713 HiFi neuf et d'occasion \u2713 Note du client : 4,9 sur 5 \u2713 Reprise \u2713 Session d'\u00e9coute\",\"breadcrumb\":{\"@id\":\"https:\/\/dev.freakuence.nl\/fr\/produit\/anthem-mrx-740-8k\/#breadcrumb\"},\"inLanguage\":\"fr-FR\",\"potentialAction\":[{\"@type\":\"ReadAction\",\"target\":[\"https:\/\/dev.freakuence.nl\/fr\/produit\/anthem-mrx-740-8k\/\"]}]},{\"@type\":\"ImageObject\",\"inLanguage\":\"fr-FR\",\"@id\":\"https:\/\/dev.freakuence.nl\/fr\/produit\/anthem-mrx-740-8k\/#primaryimage\",\"url\":\"https:\/\/dev.freakuence.nl\/wp-content\/uploads\/2026\/04\/17740994720186-19308-IMG3762.jpg\",\"contentUrl\":\"https:\/\/dev.freakuence.nl\/wp-content\/uploads\/2026\/04\/17740994720186-19308-IMG3762.jpg\",\"width\":1800,\"height\":1200},{\"@type\":\"BreadcrumbList\",\"@id\":\"https:\/\/dev.freakuence.nl\/fr\/produit\/anthem-mrx-740-8k\/#breadcrumb\",\"itemListElement\":[{\"@type\":\"ListItem\",\"position\":1,\"name\":\"Accueil\",\"item\":\"https:\/\/dev.freakuence.nl\/fr\/\"},{\"@type\":\"ListItem\",\"position\":2,\"name\":\"Produits\",\"item\":\"https:\/\/dev.freakuence.nl\/fr\/produits\/\"},{\"@type\":\"ListItem\",\"position\":3,\"name\":\"Anthem MRX 740 8K\"}]},{\"@type\":\"WebSite\",\"@id\":\"https:\/\/dev.freakuence.nl\/fr\/#website\",\"url\":\"https:\/\/dev.freakuence.nl\/fr\/\",\"name\":\"Freakuence!\",\"description\":\"Freakuence!\",\"publisher\":{\"@id\":\"https:\/\/dev.freakuence.nl\/fr\/#organization\"},\"alternateName\":\"Freakuence\",\"potentialAction\":[{\"@type\":\"SearchAction\",\"target\":{\"@type\":\"EntryPoint\",\"urlTemplate\":\"https:\/\/dev.freakuence.nl\/fr\/?s={search_term_string}\"},\"query-input\":{\"@type\":\"PropertyValueSpecification\",\"valueRequired\":true,\"valueName\":\"search_term_string\"}}],\"inLanguage\":\"fr-FR\"},{\"@type\":\"Organization\",\"@id\":\"https:\/\/dev.freakuence.nl\/fr\/#organization\",\"name\":\"Freakuence !\",\"url\":\"https:\/\/dev.freakuence.nl\/fr\/\",\"logo\":{\"@type\":\"ImageObject\",\"inLanguage\":\"fr-FR\",\"@id\":\"https:\/\/dev.freakuence.nl\/fr\/#\/schema\/logo\/image\/\",\"url\":\"https:\/\/dev.freakuence.nl\/wp-content\/uploads\/2022\/05\/Brown_3_RGB_Freakuence-1.png\",\"contentUrl\":\"https:\/\/dev.freakuence.nl\/wp-content\/uploads\/2022\/05\/Brown_3_RGB_Freakuence-1.png\",\"width\":2560,\"height\":684,\"caption\":\"Freakuence !\"},\"image\":{\"@id\":\"https:\/\/dev.freakuence.nl\/fr\/#\/schema\/logo\/image\/\"},\"sameAs\":[\"https:\/\/www.instagram.com\/freakuence_notorious_audio\/\"]}]}<\/script>\n<!-- \/ Yoast SEO plugin. -->","yoast_head_json":{"title":"Anthem MRX 740 8K | Freakuence!","description":"Anthem MRX 740 8K : puissant r\u00e9cepteur AV 7 canaux avec vid\u00e9o 8K, Dolby Atmos et correction de pi\u00e8ce ARC. \u2713 HiFi neuf et d'occasion \u2713 Note du client : 4,9 sur 5 \u2713 Reprise \u2713 Session d'\u00e9coute","robots":{"index":"noindex","follow":"follow","max-snippet":"max-snippet:-1","max-image-preview":"max-image-preview:large","max-video-preview":"max-video-preview:-1"},"og_locale":"fr_FR","og_type":"article","og_title":"Anthem MRX 740 8K | Freakuence!","og_description":"Anthem MRX 740 8K : puissant r\u00e9cepteur AV 7 canaux avec vid\u00e9o 8K, Dolby Atmos et correction de pi\u00e8ce ARC. \u2713 HiFi neuf et d'occasion \u2713 Note du client : 4,9 sur 5 \u2713 Reprise \u2713 Session d'\u00e9coute","og_url":"https:\/\/dev.freakuence.nl\/fr\/produit\/anthem-mrx-740-8k\/","og_site_name":"Freakuence!","article_modified_time":"2026-04-10T13:49:27+00:00","og_image":[{"width":1800,"height":1200,"url":"https:\/\/dev.freakuence.nl\/wp-content\/uploads\/2026\/04\/17740994720186-19308-IMG3762.jpg","type":"image\/jpeg"}],"twitter_card":"summary_large_image","schema":{"@context":"https:\/\/schema.org","@graph":[{"@type":"WebPage","@id":"https:\/\/dev.freakuence.nl\/fr\/produit\/anthem-mrx-740-8k\/","url":"https:\/\/dev.freakuence.nl\/fr\/produit\/anthem-mrx-740-8k\/","name":"Anthem MRX 740 8K | Freakuence!","isPartOf":{"@id":"https:\/\/dev.freakuence.nl\/fr\/#website"},"primaryImageOfPage":{"@id":"https:\/\/dev.freakuence.nl\/fr\/produit\/anthem-mrx-740-8k\/#primaryimage"},"image":{"@id":"https:\/\/dev.freakuence.nl\/fr\/produit\/anthem-mrx-740-8k\/#primaryimage"},"thumbnailUrl":"https:\/\/dev.freakuence.nl\/wp-content\/uploads\/2026\/04\/17740994720186-19308-IMG3762.jpg","datePublished":"2026-03-26T10:08:24+00:00","dateModified":"2026-04-10T13:49:27+00:00","description":"Anthem MRX 740 8K : puissant r\u00e9cepteur AV 7 canaux avec vid\u00e9o 8K, Dolby Atmos et correction de pi\u00e8ce ARC. \u2713 HiFi neuf et d'occasion \u2713 Note du client : 4,9 sur 5 \u2713 Reprise \u2713 Session d'\u00e9coute","breadcrumb":{"@id":"https:\/\/dev.freakuence.nl\/fr\/produit\/anthem-mrx-740-8k\/#breadcrumb"},"inLanguage":"fr-FR","potentialAction":[{"@type":"ReadAction","target":["https:\/\/dev.freakuence.nl\/fr\/produit\/anthem-mrx-740-8k\/"]}]},{"@type":"ImageObject","inLanguage":"fr-FR","@id":"https:\/\/dev.freakuence.nl\/fr\/produit\/anthem-mrx-740-8k\/#primaryimage","url":"https:\/\/dev.freakuence.nl\/wp-content\/uploads\/2026\/04\/17740994720186-19308-IMG3762.jpg","contentUrl":"https:\/\/dev.freakuence.nl\/wp-content\/uploads\/2026\/04\/17740994720186-19308-IMG3762.jpg","width":1800,"height":1200},{"@type":"BreadcrumbList","@id":"https:\/\/dev.freakuence.nl\/fr\/produit\/anthem-mrx-740-8k\/#breadcrumb","itemListElement":[{"@type":"ListItem","position":1,"name":"Accueil","item":"https:\/\/dev.freakuence.nl\/fr\/"},{"@type":"ListItem","position":2,"name":"Produits","item":"https:\/\/dev.freakuence.nl\/fr\/produits\/"},{"@type":"ListItem","position":3,"name":"Anthem MRX 740 8K"}]},{"@type":"WebSite","@id":"https:\/\/dev.freakuence.nl\/fr\/#website","url":"https:\/\/dev.freakuence.nl\/fr\/","name":"Freakuence!","description":"Freakuence!","publisher":{"@id":"https:\/\/dev.freakuence.nl\/fr\/#organization"},"alternateName":"Freakuence","potentialAction":[{"@type":"SearchAction","target":{"@type":"EntryPoint","urlTemplate":"https:\/\/dev.freakuence.nl\/fr\/?s={search_term_string}"},"query-input":{"@type":"PropertyValueSpecification","valueRequired":true,"valueName":"search_term_string"}}],"inLanguage":"fr-FR"},{"@type":"Organization","@id":"https:\/\/dev.freakuence.nl\/fr\/#organization","name":"Freakuence !","url":"https:\/\/dev.freakuence.nl\/fr\/","logo":{"@type":"ImageObject","inLanguage":"fr-FR","@id":"https:\/\/dev.freakuence.nl\/fr\/#\/schema\/logo\/image\/","url":"https:\/\/dev.freakuence.nl\/wp-content\/uploads\/2022\/05\/Brown_3_RGB_Freakuence-1.png","contentUrl":"https:\/\/dev.freakuence.nl\/wp-content\/uploads\/2022\/05\/Brown_3_RGB_Freakuence-1.png","width":2560,"height":684,"caption":"Freakuence !"},"image":{"@id":"https:\/\/dev.freakuence.nl\/fr\/#\/schema\/logo\/image\/"},"sameAs":["https:\/\/www.instagram.com\/freakuence_notorious_audio\/"]}]}},"_links":{"self":[{"href":"https:\/\/dev.freakuence.nl\/fr\/wp-json\/wp\/v2\/product\/369908","targetHints":{"allow":["GET"]}}],"collection":[{"href":"https:\/\/dev.freakuence.nl\/fr\/wp-json\/wp\/v2\/product"}],"about":[{"href":"https:\/\/dev.freakuence.nl\/fr\/wp-json\/wp\/v2\/types\/product"}],"wp:featuredmedia":[{"embeddable":true,"href":"https:\/\/dev.freakuence.nl\/fr\/wp-json\/wp\/v2\/media\/391844"}],"wp:attachment":[{"href":"https:\/\/dev.freakuence.nl\/fr\/wp-json\/wp\/v2\/media?parent=369908"}],"wp:term":[{"taxonomy":"product_brand","embeddable":true,"href":"https:\/\/dev.freakuence.nl\/fr\/wp-json\/wp\/v2\/product_brand?post=369908"},{"taxonomy":"product_cat","embeddable":true,"href":"https:\/\/dev.freakuence.nl\/fr\/wp-json\/wp\/v2\/product_cat?post=369908"},{"taxonomy":"product_tag","embeddable":true,"href":"https:\/\/dev.freakuence.nl\/fr\/wp-json\/wp\/v2\/product_tag?post=369908"}],"curies":[{"name":"wp","href":"https:\/\/api.w.org\/{rel}","templated":true}]}}