{"id":369961,"date":"2026-03-26T11:11:46","date_gmt":"2026-03-26T10:11:46","guid":{"rendered":"https:\/\/freakuence.nl\/product\/isolation-sismique-de-townshend\/"},"modified":"2026-04-10T15:49:30","modified_gmt":"2026-04-10T13:49:30","slug":"isolation-sismique-de-townshend","status":"publish","type":"product","link":"https:\/\/dev.freakuence.nl\/fr\/produit\/isolation-sismique-de-townshend\/","title":{"rendered":"Isolation sismique de Townshend"},"content":{"rendered":"<div class=\"product-specifications-list\">\n<div class=\"specification-item row-header\"><span class=\"spec-content\"><strong>Description Freakuence !<\/strong><\/span><\/div>\n<div class=\"specification-item row-even\"><span class=\"spec-content\">Prix \u00e9lev\u00e9 mais excellent produit !<\/span><\/div>\n<div class=\"specification-item row-header\"><span class=\"spec-content\"><strong>Description g\u00e9n\u00e9rale<\/strong><\/span><\/div>\n<div class=\"specification-item row-even\"><span class=\"spec-content\">Townshend Seismic Isolation est un syst\u00e8me avanc\u00e9 qui isole efficacement les \u00e9quipements audio des vibrations ind\u00e9sirables. Gr\u00e2ce aux Seismic Load Cells\u2122, les composants tels que les lecteurs CD, les platines, les DAC et les amplificateurs sont d\u00e9coupl\u00e9s des vibrations structurelles et a\u00e9riennes. Il en r\u00e9sulte une sc\u00e8ne sonore plus claire, une tonalit\u00e9 am\u00e9lior\u00e9e et une reproduction plus pr\u00e9cise des d\u00e9tails.  <\/p>\n<p>Le syst\u00e8me d&rsquo;isolation sismique Townshend am\u00e9liore la dynamique et l&rsquo;image st\u00e9r\u00e9o de votre syst\u00e8me audio. En brisant le couplage acoustique entre l&rsquo;\u00e9quipement et la surface, les distorsions et les r\u00e9sonances sont minimis\u00e9es. Cela se traduit par une r\u00e9ponse plus serr\u00e9e des basses et une sc\u00e8ne sonore plus spacieuse, ce qui rend la musique plus naturelle et immersive.  <\/p>\n<p>Vous voulez d\u00e9couvrir par vous-m\u00eame comment l&rsquo;isolation sismique de Townshend peut transformer votre exp\u00e9rience d&rsquo;\u00e9coute ? Planifiez une s\u00e9ance d&rsquo;\u00e9coute dans notre salle d&rsquo;\u00e9coute ou contactez-nous pour discuter des possibilit\u00e9s. <\/span><\/div>\n<div class=\"specification-item row-header\"><span class=\"spec-content\"><strong>Informations g\u00e9n\u00e9rales<\/strong><\/span><\/div>\n<div class=\"specification-item row-even\"><span class=\"spec-content\">Les produits d&rsquo;isolation sismique de Townshend sont con\u00e7us dans le but d&rsquo;isoler efficacement les vibrations parasites, ce qui permet une reproduction sonore plus pure. D\u00e9velopp\u00e9s par l&rsquo;ing\u00e9nieur Max Townshend, ils utilisent des mat\u00e9riaux avanc\u00e9s tels que des polym\u00e8res sp\u00e9ciaux. Les plates-formes et les pieds de d\u00e9couplage r\u00e9duisent le transfert d&rsquo;\u00e9nergie m\u00e9canique entre les composants audio et les surfaces. Townshend Audio fixe des normes \u00e9lev\u00e9es pour ses m\u00e9thodes de production et ses mat\u00e9riaux, et travaille en \u00e9troite collaboration avec des fournisseurs sp\u00e9cialis\u00e9s pour garantir une qualit\u00e9 constante. L&rsquo;enceinte est con\u00e7ue pour \u00eatre discr\u00e8te et robuste, avec une attention particuli\u00e8re port\u00e9e \u00e0 l&rsquo;esth\u00e9tique et \u00e0 la fonctionnalit\u00e9.    <\/span><\/div>\n<div class=\"specification-item row-header\"><span class=\"spec-content\"><strong>Histoire de la marque<\/strong><\/span><\/div>\n<div class=\"specification-item row-even\"><span class=\"spec-content\">Townshend a \u00e9t\u00e9 fond\u00e9 par Max Townshend au Royaume-Uni. La marque sort son premier produit en 1975 : l&rsquo;EEQ, un \u00e9galiseur con\u00e7u pour r\u00e9gler les probl\u00e8mes acoustiques dans les pi\u00e8ces. Au cours des ann\u00e9es suivantes, l&rsquo;entreprise a d\u00e9velopp\u00e9 plusieurs produits ax\u00e9s sur la transmission du signal et le contr\u00f4le des vibrations. En 1983, Townshend pr\u00e9sente le tourne-disque Rock, dot\u00e9 d&rsquo;un bras de lecture Excalibur, suivi de versions am\u00e9lior\u00e9es telles que le Rock 2 et le Rock 7. Au d\u00e9but des ann\u00e9es 2000, la marque a introduit le syst\u00e8me d&rsquo;isolation sismique pour le d\u00e9couplage m\u00e9canique de l&rsquo;\u00e9quipement. En outre, des Supertweeters passifs ont \u00e9t\u00e9 lanc\u00e9s pour \u00e9tendre la gamme de fr\u00e9quences des haut-parleurs. Des c\u00e2bles d&rsquo;interconnexion et de haut-parleurs dot\u00e9s de technologies brevet\u00e9es telles qu&rsquo;Isolda et Fractal ont \u00e9galement vu le jour. En 2015, le syst\u00e8me de contr\u00f4le du volume Allegri, bas\u00e9 sur un transformateur passif, a \u00e9t\u00e9 introduit. Depuis sa cr\u00e9ation, la marque est rest\u00e9e active dans le d\u00e9veloppement de produits ax\u00e9s sur la transmission du signal et l&rsquo;amortissement des vibrations.        <\/span><\/div>\n<\/div>\n","protected":false},"excerpt":{"rendered":"<p>Description Freakuence ! Prix \u00e9lev\u00e9 mais excellent produit ! Description g\u00e9n\u00e9rale Townshend Seismic Isolation est un syst\u00e8me avanc\u00e9 qui isole efficacement les \u00e9quipements audio des vibrations ind\u00e9sirables. Gr\u00e2ce aux Seismic Load Cells\u2122, les composants tels que les lecteurs CD, les platines, les DAC et les amplificateurs sont d\u00e9coupl\u00e9s des vibrations structurelles et a\u00e9riennes. Il en [&hellip;]<\/p>\n","protected":false},"featured_media":391812,"template":"","meta":{"_acf_changed":false,"inline_featured_image":false},"product_brand":[],"product_cat":[566],"product_tag":[533],"class_list":{"0":"post-369961","1":"product","2":"type-product","3":"status-publish","4":"has-post-thumbnail","6":"product_cat-accessoires","7":"product_tag-used","8":"pa_kleur-noir","10":"first","11":"instock","12":"sold-individually","13":"purchasable","14":"product-type-simple"},"acf":{"website":true,"show_on_homepage":false,"brand_title":"Townshend","product_type":"Seismic Isolation","color":"Noir","subcolor":"","reserved_status":"0"},"_links":{"self":[{"href":"https:\/\/dev.freakuence.nl\/fr\/wp-json\/wp\/v2\/product\/369961","targetHints":{"allow":["GET"]}}],"collection":[{"href":"https:\/\/dev.freakuence.nl\/fr\/wp-json\/wp\/v2\/product"}],"about":[{"href":"https:\/\/dev.freakuence.nl\/fr\/wp-json\/wp\/v2\/types\/product"}],"wp:featuredmedia":[{"embeddable":true,"href":"https:\/\/dev.freakuence.nl\/fr\/wp-json\/wp\/v2\/media\/391812"}],"wp:attachment":[{"href":"https:\/\/dev.freakuence.nl\/fr\/wp-json\/wp\/v2\/media?parent=369961"}],"wp:term":[{"taxonomy":"product_brand","embeddable":true,"href":"https:\/\/dev.freakuence.nl\/fr\/wp-json\/wp\/v2\/product_brand?post=369961"},{"taxonomy":"product_cat","embeddable":true,"href":"https:\/\/dev.freakuence.nl\/fr\/wp-json\/wp\/v2\/product_cat?post=369961"},{"taxonomy":"product_tag","embeddable":true,"href":"https:\/\/dev.freakuence.nl\/fr\/wp-json\/wp\/v2\/product_tag?post=369961"}],"curies":[{"name":"wp","href":"https:\/\/api.w.org\/{rel}","templated":true}]}}