{"id":370789,"date":"2026-03-26T12:58:57","date_gmt":"2026-03-26T11:58:57","guid":{"rendered":"https:\/\/freakuence.nl\/product\/seas-x1-exotic-f8-3\/"},"modified":"2026-04-10T15:49:17","modified_gmt":"2026-04-10T13:49:17","slug":"seas-x1-exotic-f8-3","status":"publish","type":"product","link":"https:\/\/dev.freakuence.nl\/fr\/produit\/seas-x1-exotic-f8-3\/","title":{"rendered":"Seas X1 Exotic F8"},"content":{"rendered":"<div class=\"product-specifications-list\">\n<div class=\"specification-item row-header\"><span class=\"spec-content\"><strong>Description Freakuence !<\/strong><\/span><\/div>\n<div class=\"specification-item row-even\"><span class=\"spec-content\">Qu&rsquo;est-ce que c&rsquo;est encore, vous devez vous dire. Oui, nous aussi. Deux appareils particuli\u00e8rement bien con\u00e7us dans deux coffrets gigantesques. Le Seas X1 Exotic F8 est un appareil large bande \u00e0 gamme compl\u00e8te qui, apr\u00e8s \u00e9coute, vous plaira beaucoup. Construit par (un) M. de Boer. Les enceintes sont solides et bien assembl\u00e9es. Un haut-parleur particuli\u00e8rement d\u00e9taill\u00e9, une sc\u00e8ne fid\u00e8le \u00e0 la nature. Un projet tr\u00e8s r\u00e9ussi. 92 x 40 x 54 cm.        <\/span><\/div>\n<div class=\"specification-item row-header\"><span class=\"spec-content\"><strong>Description g\u00e9n\u00e9rale<\/strong><\/span><\/div>\n<div class=\"specification-item row-even\"><span class=\"spec-content\">Le Seas X1 Exotic F8 est un haut-parleur large bande de 8 pouces connu pour sa large gamme de fr\u00e9quences, sa haute sensibilit\u00e9 et sa faible distorsion. Le diaphragme en papier sp\u00e9cialement con\u00e7u, renforc\u00e9 par des fibres de papyrus, assure une rigidit\u00e9 et un amortissement optimaux, ce qui permet d&rsquo;obtenir une sc\u00e8ne sonore claire et d\u00e9taill\u00e9e. Un c\u00f4ne whizzer soigneusement r\u00e9gl\u00e9 \u00e9tend la r\u00e9ponse en haute fr\u00e9quence au-del\u00e0 de 10 kHz, garantissant une reproduction pr\u00e9cise des aigus.  <\/p>\n<p>La suspension unique en mousse r\u00e9duit la masse de 40 % par rapport aux suspensions conventionnelles en caoutchouc, ce qui se traduit par une plus grande sensibilit\u00e9 et d&rsquo;excellentes propri\u00e9t\u00e9s d&rsquo;amortissement. La construction brevet\u00e9e de l&rsquo;araign\u00e9e am\u00e9liore consid\u00e9rablement les performances de ce composant crucial de la suspension en \u00e9liminant les bruits ind\u00e9sirables et en minimisant les r\u00e9flexions et les r\u00e9sonances. Le syst\u00e8me magn\u00e9tique utilise un aimant Alnico V-ring, qui contribue \u00e0 la haute sensibilit\u00e9, \u00e0 la stabilit\u00e9 et \u00e0 la faible distorsion du Seas X1 Exotic F8.  <\/p>\n<p>Vous voulez d\u00e9couvrir par vous-m\u00eame le son et la dynamique exceptionnels du Seas X1 Exotic F8 ? Planifiez une s\u00e9ance d&rsquo;\u00e9coute dans notre salle d&rsquo;\u00e9coute ou contactez-nous pour discuter des options de reprise. <\/span><\/div>\n<div class=\"specification-item row-header\"><span class=\"spec-content\"><strong>Informations g\u00e9n\u00e9rales<\/strong><\/span><\/div>\n<div class=\"specification-item row-even\"><span class=\"spec-content\">Le syst\u00e8me d&rsquo;enceintes Seas X1 Exotic F8 associe des principes acoustiques classiques \u00e0 une technologie de pointe. Con\u00e7ue par une \u00e9quipe d&rsquo;ing\u00e9nieurs exp\u00e9riment\u00e9s, elle utilise des mat\u00e9riaux de haute qualit\u00e9 tels qu&rsquo;un c\u00f4ne en papier et un syst\u00e8me magn\u00e9tique optimis\u00e9 pour une reproduction sonore pr\u00e9cise. L&rsquo;enceinte est soigneusement con\u00e7ue pour minimiser les r\u00e9sonances. Le c\u00e2blage interne a \u00e9t\u00e9 choisi pour une int\u00e9grit\u00e9 optimale du signal. Les m\u00e9thodes de production ont \u00e9t\u00e9 optimis\u00e9es pour garantir la coh\u00e9rence et la qualit\u00e9, les mat\u00e9riaux provenant de fournisseurs r\u00e9put\u00e9s dans le monde entier. La conception est ax\u00e9e sur l&rsquo;obtention d&rsquo;une sc\u00e8ne sonore naturelle et riche.     <\/span><\/div>\n<div class=\"specification-item row-header\"><span class=\"spec-content\"><strong>Histoire de la marque<\/strong><\/span><\/div>\n<div class=\"specification-item row-even\"><span class=\"spec-content\">Seas a \u00e9t\u00e9 fond\u00e9e \u00e0 Moss, en Norv\u00e8ge, en 1950. L&rsquo;entreprise a commenc\u00e9 par \u00eatre un fournisseur commercial de plusieurs grandes marques. En 1968, Seas est devenu un fabricant ind\u00e9pendant, ce qui l&rsquo;a amen\u00e9 \u00e0 concevoir et \u00e0 produire ses propres lignes de produits. Au fil des ans, l&rsquo;entreprise a d\u00e9velopp\u00e9 plusieurs s\u00e9ries aux caract\u00e9ristiques uniques. Seas s&rsquo;est fait conna\u00eetre pour la pr\u00e9cision de sa production et le d\u00e9veloppement de ses produits, en mettant l&rsquo;accent sur la qualit\u00e9 du son. L&rsquo;entreprise s&rsquo;est attach\u00e9e \u00e0 optimiser la conception et la technologie. L&rsquo;investissement continu dans la recherche a permis \u00e0 Seas d&rsquo;adopter de nouvelles techniques et de nouveaux mat\u00e9riaux, ce qui a donn\u00e9 naissance \u00e0 des produits innovants connus dans le monde entier. La marque a conclu des partenariats avec plusieurs fabricants et poss\u00e8de un certain nombre de technologies brevet\u00e9es. La production a toujours lieu en Norv\u00e8ge, o\u00f9 l&rsquo;artisanat traditionnel et la technologie moderne vont de pair.        <\/span><\/div>\n<\/div>\n","protected":false},"excerpt":{"rendered":"<p>Description Freakuence ! Qu&rsquo;est-ce que c&rsquo;est encore, vous devez vous dire. Oui, nous aussi. Deux appareils particuli\u00e8rement bien con\u00e7us dans deux coffrets gigantesques. Le Seas X1 Exotic F8 est un appareil large bande \u00e0 gamme compl\u00e8te qui, apr\u00e8s \u00e9coute, vous plaira beaucoup. Construit par (un) M. de Boer. Les enceintes sont solides et bien assembl\u00e9es. [&hellip;]<\/p>\n","protected":false},"featured_media":391895,"template":"","meta":{"_acf_changed":false,"inline_featured_image":false},"product_brand":[],"product_cat":[705,543],"product_tag":[533],"class_list":{"0":"post-370789","1":"product","2":"type-product","3":"status-publish","4":"has-post-thumbnail","6":"product_cat-haut-parleurs-de-colonne","7":"product_cat-intervenants","8":"product_tag-used","9":"pa_kleur-marron","11":"first","12":"instock","13":"sold-individually","14":"purchasable","15":"product-type-simple"},"acf":{"website":true,"show_on_homepage":false,"brand_title":"Seas","product_type":"X1 Exotic F8","color":"Marron","subcolor":"","reserved_status":"0"},"yoast_head":"<!-- This site is optimized with the Yoast SEO plugin v25.9 - https:\/\/yoast.com\/wordpress\/plugins\/seo\/ -->\n<title>Seas X1 Exotic F8 | Freakuence!<\/title>\n<meta name=\"description\" content=\"Seas X1 Exotic F8 : haut-parleur large bande de 8 pouces avec c\u00f4ne en fibre de papyrus pour une qualit\u00e9 sonore sup\u00e9rieure. \u2713 HiFi neuve et d&#039;occasion \u2713 Note du client : 4.9 sur 5 \u2713 Reprise \u2713 Session d&#039;\u00e9coute\" \/>\n<meta name=\"robots\" content=\"noindex, follow, max-snippet:-1, max-image-preview:large, max-video-preview:-1\" \/>\n<meta property=\"og:locale\" content=\"fr_FR\" \/>\n<meta property=\"og:type\" content=\"article\" \/>\n<meta property=\"og:title\" content=\"Seas X1 Exotic F8 | Freakuence!\" \/>\n<meta property=\"og:description\" content=\"Seas X1 Exotic F8 : haut-parleur large bande de 8 pouces avec c\u00f4ne en fibre de papyrus pour une qualit\u00e9 sonore sup\u00e9rieure. \u2713 HiFi neuve et d&#039;occasion \u2713 Note du client : 4.9 sur 5 \u2713 Reprise \u2713 Session d&#039;\u00e9coute\" \/>\n<meta property=\"og:url\" content=\"https:\/\/dev.freakuence.nl\/fr\/produit\/seas-x1-exotic-f8-3\/\" \/>\n<meta property=\"og:site_name\" content=\"Freakuence!\" \/>\n<meta property=\"article:modified_time\" content=\"2026-04-10T13:49:17+00:00\" \/>\n<meta property=\"og:image\" content=\"https:\/\/dev.freakuence.nl\/wp-content\/uploads\/2026\/04\/17745262366469-19311-IMG2692.jpg\" \/>\n\t<meta property=\"og:image:width\" content=\"1800\" \/>\n\t<meta property=\"og:image:height\" content=\"1200\" \/>\n\t<meta property=\"og:image:type\" content=\"image\/jpeg\" \/>\n<meta name=\"twitter:card\" content=\"summary_large_image\" \/>\n<script type=\"application\/ld+json\" class=\"yoast-schema-graph\">{\"@context\":\"https:\/\/schema.org\",\"@graph\":[{\"@type\":\"WebPage\",\"@id\":\"https:\/\/dev.freakuence.nl\/fr\/produit\/seas-x1-exotic-f8-3\/\",\"url\":\"https:\/\/dev.freakuence.nl\/fr\/produit\/seas-x1-exotic-f8-3\/\",\"name\":\"Seas X1 Exotic F8 | Freakuence!\",\"isPartOf\":{\"@id\":\"https:\/\/dev.freakuence.nl\/fr\/#website\"},\"primaryImageOfPage\":{\"@id\":\"https:\/\/dev.freakuence.nl\/fr\/produit\/seas-x1-exotic-f8-3\/#primaryimage\"},\"image\":{\"@id\":\"https:\/\/dev.freakuence.nl\/fr\/produit\/seas-x1-exotic-f8-3\/#primaryimage\"},\"thumbnailUrl\":\"https:\/\/dev.freakuence.nl\/wp-content\/uploads\/2026\/04\/17745262366469-19311-IMG2692.jpg\",\"datePublished\":\"2026-03-26T11:58:57+00:00\",\"dateModified\":\"2026-04-10T13:49:17+00:00\",\"description\":\"Seas X1 Exotic F8 : haut-parleur large bande de 8 pouces avec c\u00f4ne en fibre de papyrus pour une qualit\u00e9 sonore sup\u00e9rieure. \u2713 HiFi neuve et d'occasion \u2713 Note du client : 4.9 sur 5 \u2713 Reprise \u2713 Session d'\u00e9coute\",\"breadcrumb\":{\"@id\":\"https:\/\/dev.freakuence.nl\/fr\/produit\/seas-x1-exotic-f8-3\/#breadcrumb\"},\"inLanguage\":\"fr-FR\",\"potentialAction\":[{\"@type\":\"ReadAction\",\"target\":[\"https:\/\/dev.freakuence.nl\/fr\/produit\/seas-x1-exotic-f8-3\/\"]}]},{\"@type\":\"ImageObject\",\"inLanguage\":\"fr-FR\",\"@id\":\"https:\/\/dev.freakuence.nl\/fr\/produit\/seas-x1-exotic-f8-3\/#primaryimage\",\"url\":\"https:\/\/dev.freakuence.nl\/wp-content\/uploads\/2026\/04\/17745262366469-19311-IMG2692.jpg\",\"contentUrl\":\"https:\/\/dev.freakuence.nl\/wp-content\/uploads\/2026\/04\/17745262366469-19311-IMG2692.jpg\",\"width\":1800,\"height\":1200},{\"@type\":\"BreadcrumbList\",\"@id\":\"https:\/\/dev.freakuence.nl\/fr\/produit\/seas-x1-exotic-f8-3\/#breadcrumb\",\"itemListElement\":[{\"@type\":\"ListItem\",\"position\":1,\"name\":\"Accueil\",\"item\":\"https:\/\/dev.freakuence.nl\/fr\/\"},{\"@type\":\"ListItem\",\"position\":2,\"name\":\"Produits\",\"item\":\"https:\/\/dev.freakuence.nl\/fr\/produits\/\"},{\"@type\":\"ListItem\",\"position\":3,\"name\":\"Seas X1 Exotic F8\"}]},{\"@type\":\"WebSite\",\"@id\":\"https:\/\/dev.freakuence.nl\/fr\/#website\",\"url\":\"https:\/\/dev.freakuence.nl\/fr\/\",\"name\":\"Freakuence!\",\"description\":\"Freakuence!\",\"publisher\":{\"@id\":\"https:\/\/dev.freakuence.nl\/fr\/#organization\"},\"alternateName\":\"Freakuence\",\"potentialAction\":[{\"@type\":\"SearchAction\",\"target\":{\"@type\":\"EntryPoint\",\"urlTemplate\":\"https:\/\/dev.freakuence.nl\/fr\/?s={search_term_string}\"},\"query-input\":{\"@type\":\"PropertyValueSpecification\",\"valueRequired\":true,\"valueName\":\"search_term_string\"}}],\"inLanguage\":\"fr-FR\"},{\"@type\":\"Organization\",\"@id\":\"https:\/\/dev.freakuence.nl\/fr\/#organization\",\"name\":\"Freakuence !\",\"url\":\"https:\/\/dev.freakuence.nl\/fr\/\",\"logo\":{\"@type\":\"ImageObject\",\"inLanguage\":\"fr-FR\",\"@id\":\"https:\/\/dev.freakuence.nl\/fr\/#\/schema\/logo\/image\/\",\"url\":\"https:\/\/dev.freakuence.nl\/wp-content\/uploads\/2022\/05\/Brown_3_RGB_Freakuence-1.png\",\"contentUrl\":\"https:\/\/dev.freakuence.nl\/wp-content\/uploads\/2022\/05\/Brown_3_RGB_Freakuence-1.png\",\"width\":2560,\"height\":684,\"caption\":\"Freakuence !\"},\"image\":{\"@id\":\"https:\/\/dev.freakuence.nl\/fr\/#\/schema\/logo\/image\/\"},\"sameAs\":[\"https:\/\/www.instagram.com\/freakuence_notorious_audio\/\"]}]}<\/script>\n<!-- \/ Yoast SEO plugin. -->","yoast_head_json":{"title":"Seas X1 Exotic F8 | Freakuence!","description":"Seas X1 Exotic F8 : haut-parleur large bande de 8 pouces avec c\u00f4ne en fibre de papyrus pour une qualit\u00e9 sonore sup\u00e9rieure. \u2713 HiFi neuve et d'occasion \u2713 Note du client : 4.9 sur 5 \u2713 Reprise \u2713 Session d'\u00e9coute","robots":{"index":"noindex","follow":"follow","max-snippet":"max-snippet:-1","max-image-preview":"max-image-preview:large","max-video-preview":"max-video-preview:-1"},"og_locale":"fr_FR","og_type":"article","og_title":"Seas X1 Exotic F8 | Freakuence!","og_description":"Seas X1 Exotic F8 : haut-parleur large bande de 8 pouces avec c\u00f4ne en fibre de papyrus pour une qualit\u00e9 sonore sup\u00e9rieure. \u2713 HiFi neuve et d'occasion \u2713 Note du client : 4.9 sur 5 \u2713 Reprise \u2713 Session d'\u00e9coute","og_url":"https:\/\/dev.freakuence.nl\/fr\/produit\/seas-x1-exotic-f8-3\/","og_site_name":"Freakuence!","article_modified_time":"2026-04-10T13:49:17+00:00","og_image":[{"width":1800,"height":1200,"url":"https:\/\/dev.freakuence.nl\/wp-content\/uploads\/2026\/04\/17745262366469-19311-IMG2692.jpg","type":"image\/jpeg"}],"twitter_card":"summary_large_image","schema":{"@context":"https:\/\/schema.org","@graph":[{"@type":"WebPage","@id":"https:\/\/dev.freakuence.nl\/fr\/produit\/seas-x1-exotic-f8-3\/","url":"https:\/\/dev.freakuence.nl\/fr\/produit\/seas-x1-exotic-f8-3\/","name":"Seas X1 Exotic F8 | Freakuence!","isPartOf":{"@id":"https:\/\/dev.freakuence.nl\/fr\/#website"},"primaryImageOfPage":{"@id":"https:\/\/dev.freakuence.nl\/fr\/produit\/seas-x1-exotic-f8-3\/#primaryimage"},"image":{"@id":"https:\/\/dev.freakuence.nl\/fr\/produit\/seas-x1-exotic-f8-3\/#primaryimage"},"thumbnailUrl":"https:\/\/dev.freakuence.nl\/wp-content\/uploads\/2026\/04\/17745262366469-19311-IMG2692.jpg","datePublished":"2026-03-26T11:58:57+00:00","dateModified":"2026-04-10T13:49:17+00:00","description":"Seas X1 Exotic F8 : haut-parleur large bande de 8 pouces avec c\u00f4ne en fibre de papyrus pour une qualit\u00e9 sonore sup\u00e9rieure. \u2713 HiFi neuve et d'occasion \u2713 Note du client : 4.9 sur 5 \u2713 Reprise \u2713 Session d'\u00e9coute","breadcrumb":{"@id":"https:\/\/dev.freakuence.nl\/fr\/produit\/seas-x1-exotic-f8-3\/#breadcrumb"},"inLanguage":"fr-FR","potentialAction":[{"@type":"ReadAction","target":["https:\/\/dev.freakuence.nl\/fr\/produit\/seas-x1-exotic-f8-3\/"]}]},{"@type":"ImageObject","inLanguage":"fr-FR","@id":"https:\/\/dev.freakuence.nl\/fr\/produit\/seas-x1-exotic-f8-3\/#primaryimage","url":"https:\/\/dev.freakuence.nl\/wp-content\/uploads\/2026\/04\/17745262366469-19311-IMG2692.jpg","contentUrl":"https:\/\/dev.freakuence.nl\/wp-content\/uploads\/2026\/04\/17745262366469-19311-IMG2692.jpg","width":1800,"height":1200},{"@type":"BreadcrumbList","@id":"https:\/\/dev.freakuence.nl\/fr\/produit\/seas-x1-exotic-f8-3\/#breadcrumb","itemListElement":[{"@type":"ListItem","position":1,"name":"Accueil","item":"https:\/\/dev.freakuence.nl\/fr\/"},{"@type":"ListItem","position":2,"name":"Produits","item":"https:\/\/dev.freakuence.nl\/fr\/produits\/"},{"@type":"ListItem","position":3,"name":"Seas X1 Exotic F8"}]},{"@type":"WebSite","@id":"https:\/\/dev.freakuence.nl\/fr\/#website","url":"https:\/\/dev.freakuence.nl\/fr\/","name":"Freakuence!","description":"Freakuence!","publisher":{"@id":"https:\/\/dev.freakuence.nl\/fr\/#organization"},"alternateName":"Freakuence","potentialAction":[{"@type":"SearchAction","target":{"@type":"EntryPoint","urlTemplate":"https:\/\/dev.freakuence.nl\/fr\/?s={search_term_string}"},"query-input":{"@type":"PropertyValueSpecification","valueRequired":true,"valueName":"search_term_string"}}],"inLanguage":"fr-FR"},{"@type":"Organization","@id":"https:\/\/dev.freakuence.nl\/fr\/#organization","name":"Freakuence !","url":"https:\/\/dev.freakuence.nl\/fr\/","logo":{"@type":"ImageObject","inLanguage":"fr-FR","@id":"https:\/\/dev.freakuence.nl\/fr\/#\/schema\/logo\/image\/","url":"https:\/\/dev.freakuence.nl\/wp-content\/uploads\/2022\/05\/Brown_3_RGB_Freakuence-1.png","contentUrl":"https:\/\/dev.freakuence.nl\/wp-content\/uploads\/2022\/05\/Brown_3_RGB_Freakuence-1.png","width":2560,"height":684,"caption":"Freakuence !"},"image":{"@id":"https:\/\/dev.freakuence.nl\/fr\/#\/schema\/logo\/image\/"},"sameAs":["https:\/\/www.instagram.com\/freakuence_notorious_audio\/"]}]}},"_links":{"self":[{"href":"https:\/\/dev.freakuence.nl\/fr\/wp-json\/wp\/v2\/product\/370789","targetHints":{"allow":["GET"]}}],"collection":[{"href":"https:\/\/dev.freakuence.nl\/fr\/wp-json\/wp\/v2\/product"}],"about":[{"href":"https:\/\/dev.freakuence.nl\/fr\/wp-json\/wp\/v2\/types\/product"}],"wp:featuredmedia":[{"embeddable":true,"href":"https:\/\/dev.freakuence.nl\/fr\/wp-json\/wp\/v2\/media\/391895"}],"wp:attachment":[{"href":"https:\/\/dev.freakuence.nl\/fr\/wp-json\/wp\/v2\/media?parent=370789"}],"wp:term":[{"taxonomy":"product_brand","embeddable":true,"href":"https:\/\/dev.freakuence.nl\/fr\/wp-json\/wp\/v2\/product_brand?post=370789"},{"taxonomy":"product_cat","embeddable":true,"href":"https:\/\/dev.freakuence.nl\/fr\/wp-json\/wp\/v2\/product_cat?post=370789"},{"taxonomy":"product_tag","embeddable":true,"href":"https:\/\/dev.freakuence.nl\/fr\/wp-json\/wp\/v2\/product_tag?post=370789"}],"curies":[{"name":"wp","href":"https:\/\/api.w.org\/{rel}","templated":true}]}}