{"id":373158,"date":"2026-03-30T18:28:27","date_gmt":"2026-03-30T16:28:27","guid":{"rendered":"https:\/\/freakuence.nl\/product\/as-de-lune\/"},"modified":"2026-04-10T15:47:26","modified_gmt":"2026-04-10T13:47:26","slug":"as-de-lune","status":"publish","type":"product","link":"https:\/\/dev.freakuence.nl\/fr\/produit\/as-de-lune\/","title":{"rendered":"As de lune"},"content":{"rendered":"<div class=\"product-specifications-list\">\n<div class=\"specification-item row-header\"><span class=\"spec-content\"><strong>Description Freakuence !<\/strong><\/span><\/div>\n<div class=\"specification-item row-even\"><span class=\"spec-content\">Un Canadien savoureux. Le Moon Ace offre une restitution dynamique et d\u00e9taill\u00e9e, avec un \u00e9quilibre naturel entre les aigus et les graves. Les basses sont serr\u00e9es et contr\u00f4l\u00e9es sans \u00eatre \u00e9crasantes, tandis que les hautes fr\u00e9quences restent claires et pr\u00e9cises. Les fr\u00e9quences moyennes sont reproduites avec chaleur et clart\u00e9, ce qui est souvent le cas dans les magasins.   <\/span><\/div>\n<div class=\"specification-item row-odd\"><span class=\"spec-content\">Prix de vente au d\u00e9tail : 4090.00<\/span><\/div>\n<div class=\"specification-item row-header\"><span class=\"spec-content\"><strong>D\u00e9tails<\/strong><\/span><\/div>\n<div class=\"specification-item row-even\"><span class=\"spec-content\">Module MiND 2 inclus <\/span><\/div>\n<div class=\"specification-item row-odd\"><span class=\"spec-content\">Utilis\u00e9 comme mod\u00e8le de d\u00e9monstration par le concessionnaire ou l&rsquo;importateur. Naturellement, les mod\u00e8les de d\u00e9monstration n&rsquo;ont pas eu de propri\u00e9taire priv\u00e9 et b\u00e9n\u00e9ficient de la garantie compl\u00e8te du fabricant. <\/span><\/div>\n<div class=\"specification-item row-header\"><span class=\"spec-content\"><strong>Description g\u00e9n\u00e9rale<\/strong><\/span><\/div>\n<div class=\"specification-item row-even\"><span class=\"spec-content\">Le Moon Ace est un syst\u00e8me musical tout-en-un qui combine un amplificateur int\u00e9gr\u00e9, un lecteur r\u00e9seau et un DAC. Avec le Moon Ace, vous profitez d&rsquo;une sc\u00e8ne sonore riche et d\u00e9taill\u00e9e, o\u00f9 la dynamique et l&rsquo;image st\u00e9r\u00e9o s&rsquo;associent parfaitement. Gr\u00e2ce au module MiND 2 int\u00e9gr\u00e9, vous pouvez facilement diffuser votre musique pr\u00e9f\u00e9r\u00e9e via des services tels que Spotify Connect, TIDAL et Qobuz. En outre, le Moon Ace dispose de plusieurs options de connexion, notamment des entr\u00e9es analogiques et num\u00e9riques, un pr\u00e9ampli phono pour votre tourne-disque et une sortie casque de haute qualit\u00e9. Avec une puissance de 50 watts par canal, le Moon Ace offre une lecture puissante et pr\u00e9cise de votre collection musicale. Vous voulez d\u00e9couvrir le Moon Ace par vous-m\u00eame ? Planifiez une s\u00e9ance d&rsquo;\u00e9coute dans notre salle d&rsquo;\u00e9coute ou contactez-nous pour discuter des possibilit\u00e9s de reprise.      <\/span><\/div>\n<div class=\"specification-item row-header\"><span class=\"spec-content\"><strong>Informations g\u00e9n\u00e9rales<\/strong><\/span><\/div>\n<div class=\"specification-item row-even\"><span class=\"spec-content\">Le produit Moon Ace de Simaudio est un appareil innovant de streaming musical tout-en-un, con\u00e7u pour offrir des performances audio de haute qualit\u00e9. L&rsquo;\u00e9quipe de conception, dirig\u00e9e par d&rsquo;\u00e9minents ing\u00e9nieurs tels que Dominique Poupart, accorde une grande importance \u00e0 l&rsquo;utilisation de mat\u00e9riaux de premi\u00e8re qualit\u00e9 tels que l&rsquo;aluminium pour le bo\u00eetier et le c\u00e2blage interne de haute qualit\u00e9. Les m\u00e9thodes de production sont avanc\u00e9es, combinant l&rsquo;artisanat traditionnel et les techniques modernes. Les mat\u00e9riaux proviennent principalement de sources locales au Canada afin de garantir la qualit\u00e9 et de r\u00e9duire l&#8217;empreinte carbone. La philosophie de conception s&rsquo;articule autour de la simplicit\u00e9 et de l&rsquo;efficacit\u00e9, ce qui se traduit par un appareil intuitif et convivial, sans sacrifier la qualit\u00e9 du son.    <\/span><\/div>\n<div class=\"specification-item row-header\"><span class=\"spec-content\"><strong>Histoire de la marque<\/strong><\/span><\/div>\n<div class=\"specification-item row-even\"><span class=\"spec-content\">Simaudio, fond\u00e9e en 1980, est une entreprise canadienne qui con\u00e7oit et fabrique des \u00e9quipements audio. Bas\u00e9e \u00e0 Boucherville, au Qu\u00e9bec, l&rsquo;entreprise fabrique tous ses produits au Canada. Simaudio offre une garantie de 10 ans sur ses produits. En 2023, l&rsquo;entreprise lance la collection North, une gamme d&rsquo;appareils audio r\u00e9sultant d&rsquo;ann\u00e9es de recherche et de d\u00e9veloppement dans les domaines de l&rsquo;audio, de l&rsquo;\u00e9lectronique, des mat\u00e9riaux et des proc\u00e9d\u00e9s de fabrication.   <\/span><\/div>\n<\/div>\n","protected":false},"excerpt":{"rendered":"<p>Description Freakuence ! Un Canadien savoureux. Le Moon Ace offre une restitution dynamique et d\u00e9taill\u00e9e, avec un \u00e9quilibre naturel entre les aigus et les graves. Les basses sont serr\u00e9es et contr\u00f4l\u00e9es sans \u00eatre \u00e9crasantes, tandis que les hautes fr\u00e9quences restent claires et pr\u00e9cises. Les fr\u00e9quences moyennes sont reproduites avec chaleur et clart\u00e9, ce qui est [&hellip;]<\/p>\n","protected":false},"featured_media":391468,"template":"","meta":{"_acf_changed":false,"inline_featured_image":false},"product_brand":[],"product_cat":[530,745,773],"product_tag":[552],"class_list":{"0":"post-373158","1":"product","2":"type-product","3":"status-publish","4":"has-post-thumbnail","6":"product_cat-amplificateurs","7":"product_cat-amplificateurs-stereo","8":"product_cat-classe-a-amplificateurs-stereo-a-b","9":"product_tag-demo","10":"pa_kleur-noir","12":"first","13":"instock","14":"sold-individually","15":"purchasable","16":"product-type-simple"},"acf":{"website":true,"show_on_homepage":false,"brand_title":"Moon","product_type":"Ace","color":"Noir","subcolor":"","reserved_status":"0"},"_links":{"self":[{"href":"https:\/\/dev.freakuence.nl\/fr\/wp-json\/wp\/v2\/product\/373158","targetHints":{"allow":["GET"]}}],"collection":[{"href":"https:\/\/dev.freakuence.nl\/fr\/wp-json\/wp\/v2\/product"}],"about":[{"href":"https:\/\/dev.freakuence.nl\/fr\/wp-json\/wp\/v2\/types\/product"}],"wp:featuredmedia":[{"embeddable":true,"href":"https:\/\/dev.freakuence.nl\/fr\/wp-json\/wp\/v2\/media\/391468"}],"wp:attachment":[{"href":"https:\/\/dev.freakuence.nl\/fr\/wp-json\/wp\/v2\/media?parent=373158"}],"wp:term":[{"taxonomy":"product_brand","embeddable":true,"href":"https:\/\/dev.freakuence.nl\/fr\/wp-json\/wp\/v2\/product_brand?post=373158"},{"taxonomy":"product_cat","embeddable":true,"href":"https:\/\/dev.freakuence.nl\/fr\/wp-json\/wp\/v2\/product_cat?post=373158"},{"taxonomy":"product_tag","embeddable":true,"href":"https:\/\/dev.freakuence.nl\/fr\/wp-json\/wp\/v2\/product_tag?post=373158"}],"curies":[{"name":"wp","href":"https:\/\/api.w.org\/{rel}","templated":true}]}}