{"id":373356,"date":"2026-03-30T18:45:29","date_gmt":"2026-03-30T16:45:29","guid":{"rendered":"https:\/\/freakuence.nl\/product\/lyngdorf-sda-2400-2\/"},"modified":"2026-04-10T15:47:31","modified_gmt":"2026-04-10T13:47:31","slug":"lyngdorf-sda-2400-2","status":"publish","type":"product","link":"https:\/\/dev.freakuence.nl\/fr\/produit\/lyngdorf-sda-2400-2\/","title":{"rendered":"Lyngdorf SDA-2400"},"content":{"rendered":"<div class=\"product-specifications-list\">\n<div class=\"specification-item row-header\"><span class=\"spec-content\"><strong>Description Freakuence !<\/strong><\/span><\/div>\n<div class=\"specification-item row-even\"><span class=\"spec-content\">Puissant ampli de 400 watts de Lyngdorf. Joue de mani\u00e8re raffin\u00e9e et contr\u00f4l\u00e9e. Image st\u00e9r\u00e9o spacieuse.  <\/span><\/div>\n<div class=\"specification-item row-odd\"><span class=\"spec-content\">Prix de vente au d\u00e9tail : 2999.00<\/span><\/div>\n<div class=\"specification-item row-header\"><span class=\"spec-content\"><strong>D\u00e9tails<\/strong><\/span><\/div>\n<div class=\"specification-item row-even\"><span class=\"spec-content\">Utilis\u00e9 comme mod\u00e8le de d\u00e9monstration par le concessionnaire ou l&rsquo;importateur. Naturellement, les mod\u00e8les de d\u00e9monstration n&rsquo;ont pas eu de propri\u00e9taire priv\u00e9 et b\u00e9n\u00e9ficient de la garantie compl\u00e8te du fabricant. <\/span><\/div>\n<div class=\"specification-item row-header\"><span class=\"spec-content\"><strong>Description g\u00e9n\u00e9rale<\/strong><\/span><\/div>\n<div class=\"specification-item row-even\"><span class=\"spec-content\">Le Lyngdorf SDA-2400 est un amplificateur de puissance st\u00e9r\u00e9o polyvalent qui offre des entr\u00e9es analogiques et num\u00e9riques, ce qui facilite son int\u00e9gration dans divers syst\u00e8mes audio. Combinant des entr\u00e9es num\u00e9riques optiques et coaxiales avec des entr\u00e9es analogiques sym\u00e9triques et asym\u00e9triques traditionnelles, cet amplificateur se connecte en toute transparence \u00e0 une vari\u00e9t\u00e9 de sources, des pr\u00e9amplificateurs aux lecteurs multim\u00e9dias et aux appareils de diffusion en continu.   <\/p>\n<p>Une fonction pratique est le mode de veille automatique : lorsqu&rsquo;aucun signal n&rsquo;est d\u00e9tect\u00e9, l&rsquo;amplificateur s&rsquo;\u00e9teint pour \u00e9conomiser de l&rsquo;\u00e9nergie. D\u00e8s qu&rsquo;un signal est d\u00e9tect\u00e9, il s&rsquo;allume automatiquement.  Pour les syst\u00e8mes dot\u00e9s d&rsquo;une sortie de d\u00e9clenchement de 12V, le SDA-2400 peut \u00e9galement \u00eatre contr\u00f4l\u00e9 via ce d\u00e9clenchement, ce qui permet une synchronisation avec d&rsquo;autres \u00e9quipements.  <\/p>\n<p>Lyngdorf est connu pour sa technologie d&rsquo;amplification num\u00e9rique, et le SDA-2400 en est un bon exemple. L&rsquo;amplificateur utilise la modulation de largeur d&rsquo;impulsion (PWM) avec une technologie brevet\u00e9e d&rsquo;optimisation de la vitesse de commutation. Avec une vitesse de commutation fixe de 390 kHz et un contr\u00f4le minimal de la r\u00e9troaction, il garantit une distorsion faible et lin\u00e9aire, ce qui se traduit par une reproduction sonore propre et dynamique.  <\/span><\/div>\n<div class=\"specification-item row-header\"><span class=\"spec-content\"><strong>Informations g\u00e9n\u00e9rales<\/strong><\/span><\/div>\n<div class=\"specification-item row-even\"><span class=\"spec-content\">Le Lyngdorf SDA-2400 est un amplificateur de puissance st\u00e9r\u00e9o num\u00e9rique puissant, con\u00e7u en mettant l&rsquo;accent sur une int\u00e9grit\u00e9 maximale du signal et des niveaux de bruit minimaux. La conception, bas\u00e9e sur le savoir-faire du designer Peter Lyngdorf, utilise la technologie avanc\u00e9e de la classe D, des composants soigneusement s\u00e9lectionn\u00e9s et des chemins de signaux extr\u00eamement courts. Le bo\u00eetier en aluminium massif \u00e9limine les r\u00e9sonances et assure la protection \u00e9lectrique.  <\/span><\/div>\n<div class=\"specification-item row-header\"><span class=\"spec-content\"><strong>Histoire de la marque<\/strong><\/span><\/div>\n<div class=\"specification-item row-even\"><span class=\"spec-content\">Lyngdorf a \u00e9t\u00e9 fond\u00e9 par Peter Lyngdorf en 2005 au Danemark. La marque fait partie de SL Audio A\/S, bas\u00e9e \u00e0 Skive. Peter Lyngdorf a commenc\u00e9 ses activit\u00e9s dans le monde de l&rsquo;audio dans les ann\u00e9es 1980. En 2005, Lyngdorf a lanc\u00e9 sur le march\u00e9 le premier amplificateur enti\u00e8rement num\u00e9rique, le Lyngdorf TDAI-2200. La marque a \u00e9galement d\u00e9velopp\u00e9 RoomPerfect, un syst\u00e8me de correction de la pi\u00e8ce qui adapte les performances sonores \u00e0 la pi\u00e8ce gr\u00e2ce \u00e0 des mesures. Lyngdorf a lanc\u00e9 plusieurs produits, dont le processeur surround MP-50, la s\u00e9rie d&rsquo;amplificateurs TDAI et le lecteur CD-2. Les produits sont con\u00e7us et d\u00e9velopp\u00e9s au Danemark, en utilisant le traitement num\u00e9rique des signaux. Lyngdorf s&#8217;emploie \u00e0 d\u00e9velopper des solutions sonores destin\u00e9es \u00e0 des syst\u00e8mes pouvant \u00eatre utilis\u00e9s \u00e0 la fois dans des environnements domestiques et professionnels.       <\/span><\/div>\n<\/div>\n","protected":false},"excerpt":{"rendered":"<p>Description Freakuence ! Puissant ampli de 400 watts de Lyngdorf. Joue de mani\u00e8re raffin\u00e9e et contr\u00f4l\u00e9e. Image st\u00e9r\u00e9o spacieuse. Prix de vente au d\u00e9tail : 2999.00 D\u00e9tails Utilis\u00e9 comme mod\u00e8le de d\u00e9monstration par le concessionnaire ou l&rsquo;importateur. Naturellement, les mod\u00e8les de d\u00e9monstration n&rsquo;ont pas eu de propri\u00e9taire priv\u00e9 et b\u00e9n\u00e9ficient de la garantie compl\u00e8te du [&hellip;]<\/p>\n","protected":false},"featured_media":391458,"template":"","meta":{"_acf_changed":false,"inline_featured_image":false},"product_brand":[],"product_cat":[530,747,746],"product_tag":[552],"class_list":{"0":"post-373356","1":"product","2":"type-product","3":"status-publish","4":"has-post-thumbnail","6":"product_cat-amplificateurs","7":"product_cat-amplificateurs-de-classe-d","8":"product_cat-amplificateurs-de-puissance","9":"product_tag-demo","10":"pa_kleur-noir","12":"first","13":"instock","14":"sold-individually","15":"purchasable","16":"product-type-simple"},"acf":{"website":true,"show_on_homepage":false,"brand_title":"Lyngdorf","product_type":"SDA-2400","color":"Noir","subcolor":"","reserved_status":"0"},"yoast_head":"<!-- This site is optimized with the Yoast SEO plugin v25.9 - https:\/\/yoast.com\/wordpress\/plugins\/seo\/ -->\n<title>Lyngdorf SDA-2400 | Freakuence!<\/title>\n<meta name=\"description\" content=\"Lyngdorf SDA-2400 : puissant amplificateur de puissance st\u00e9r\u00e9o avec entr\u00e9es analogiques et num\u00e9riques. \u2713 HiFi neuf et d&#039;occasion \u2713 Note du client : 4.9 sur 5 \u2713 Reprise \u2713 Session d&#039;\u00e9coute\" \/>\n<meta name=\"robots\" content=\"noindex, follow, max-snippet:-1, max-image-preview:large, max-video-preview:-1\" \/>\n<meta property=\"og:locale\" content=\"fr_FR\" \/>\n<meta property=\"og:type\" content=\"article\" \/>\n<meta property=\"og:title\" content=\"Lyngdorf SDA-2400 | Freakuence!\" \/>\n<meta property=\"og:description\" content=\"Lyngdorf SDA-2400 : puissant amplificateur de puissance st\u00e9r\u00e9o avec entr\u00e9es analogiques et num\u00e9riques. \u2713 HiFi neuf et d&#039;occasion \u2713 Note du client : 4.9 sur 5 \u2713 Reprise \u2713 Session d&#039;\u00e9coute\" \/>\n<meta property=\"og:url\" content=\"https:\/\/dev.freakuence.nl\/fr\/produit\/lyngdorf-sda-2400-2\/\" \/>\n<meta property=\"og:site_name\" content=\"Freakuence!\" \/>\n<meta property=\"article:modified_time\" content=\"2026-04-10T13:47:31+00:00\" \/>\n<meta property=\"og:image\" content=\"https:\/\/dev.freakuence.nl\/wp-content\/uploads\/2026\/04\/17738417292653-19054-IMG3240-1.jpg\" \/>\n\t<meta property=\"og:image:width\" content=\"1800\" \/>\n\t<meta property=\"og:image:height\" content=\"1200\" \/>\n\t<meta property=\"og:image:type\" content=\"image\/jpeg\" \/>\n<meta name=\"twitter:card\" content=\"summary_large_image\" \/>\n<script type=\"application\/ld+json\" class=\"yoast-schema-graph\">{\"@context\":\"https:\/\/schema.org\",\"@graph\":[{\"@type\":\"WebPage\",\"@id\":\"https:\/\/dev.freakuence.nl\/fr\/produit\/lyngdorf-sda-2400-2\/\",\"url\":\"https:\/\/dev.freakuence.nl\/fr\/produit\/lyngdorf-sda-2400-2\/\",\"name\":\"Lyngdorf SDA-2400 | Freakuence!\",\"isPartOf\":{\"@id\":\"https:\/\/dev.freakuence.nl\/fr\/#website\"},\"primaryImageOfPage\":{\"@id\":\"https:\/\/dev.freakuence.nl\/fr\/produit\/lyngdorf-sda-2400-2\/#primaryimage\"},\"image\":{\"@id\":\"https:\/\/dev.freakuence.nl\/fr\/produit\/lyngdorf-sda-2400-2\/#primaryimage\"},\"thumbnailUrl\":\"https:\/\/dev.freakuence.nl\/wp-content\/uploads\/2026\/04\/17738417292653-19054-IMG3240-1.jpg\",\"datePublished\":\"2026-03-30T16:45:29+00:00\",\"dateModified\":\"2026-04-10T13:47:31+00:00\",\"description\":\"Lyngdorf SDA-2400 : puissant amplificateur de puissance st\u00e9r\u00e9o avec entr\u00e9es analogiques et num\u00e9riques. \u2713 HiFi neuf et d'occasion \u2713 Note du client : 4.9 sur 5 \u2713 Reprise \u2713 Session d'\u00e9coute\",\"breadcrumb\":{\"@id\":\"https:\/\/dev.freakuence.nl\/fr\/produit\/lyngdorf-sda-2400-2\/#breadcrumb\"},\"inLanguage\":\"fr-FR\",\"potentialAction\":[{\"@type\":\"ReadAction\",\"target\":[\"https:\/\/dev.freakuence.nl\/fr\/produit\/lyngdorf-sda-2400-2\/\"]}]},{\"@type\":\"ImageObject\",\"inLanguage\":\"fr-FR\",\"@id\":\"https:\/\/dev.freakuence.nl\/fr\/produit\/lyngdorf-sda-2400-2\/#primaryimage\",\"url\":\"https:\/\/dev.freakuence.nl\/wp-content\/uploads\/2026\/04\/17738417292653-19054-IMG3240-1.jpg\",\"contentUrl\":\"https:\/\/dev.freakuence.nl\/wp-content\/uploads\/2026\/04\/17738417292653-19054-IMG3240-1.jpg\",\"width\":1800,\"height\":1200},{\"@type\":\"BreadcrumbList\",\"@id\":\"https:\/\/dev.freakuence.nl\/fr\/produit\/lyngdorf-sda-2400-2\/#breadcrumb\",\"itemListElement\":[{\"@type\":\"ListItem\",\"position\":1,\"name\":\"Accueil\",\"item\":\"https:\/\/dev.freakuence.nl\/fr\/\"},{\"@type\":\"ListItem\",\"position\":2,\"name\":\"Produits\",\"item\":\"https:\/\/dev.freakuence.nl\/fr\/produits\/\"},{\"@type\":\"ListItem\",\"position\":3,\"name\":\"Lyngdorf SDA-2400\"}]},{\"@type\":\"WebSite\",\"@id\":\"https:\/\/dev.freakuence.nl\/fr\/#website\",\"url\":\"https:\/\/dev.freakuence.nl\/fr\/\",\"name\":\"Freakuence!\",\"description\":\"Freakuence!\",\"publisher\":{\"@id\":\"https:\/\/dev.freakuence.nl\/fr\/#organization\"},\"alternateName\":\"Freakuence\",\"potentialAction\":[{\"@type\":\"SearchAction\",\"target\":{\"@type\":\"EntryPoint\",\"urlTemplate\":\"https:\/\/dev.freakuence.nl\/fr\/?s={search_term_string}\"},\"query-input\":{\"@type\":\"PropertyValueSpecification\",\"valueRequired\":true,\"valueName\":\"search_term_string\"}}],\"inLanguage\":\"fr-FR\"},{\"@type\":\"Organization\",\"@id\":\"https:\/\/dev.freakuence.nl\/fr\/#organization\",\"name\":\"Freakuence !\",\"url\":\"https:\/\/dev.freakuence.nl\/fr\/\",\"logo\":{\"@type\":\"ImageObject\",\"inLanguage\":\"fr-FR\",\"@id\":\"https:\/\/dev.freakuence.nl\/fr\/#\/schema\/logo\/image\/\",\"url\":\"https:\/\/dev.freakuence.nl\/wp-content\/uploads\/2022\/05\/Brown_3_RGB_Freakuence-1.png\",\"contentUrl\":\"https:\/\/dev.freakuence.nl\/wp-content\/uploads\/2022\/05\/Brown_3_RGB_Freakuence-1.png\",\"width\":2560,\"height\":684,\"caption\":\"Freakuence !\"},\"image\":{\"@id\":\"https:\/\/dev.freakuence.nl\/fr\/#\/schema\/logo\/image\/\"},\"sameAs\":[\"https:\/\/www.instagram.com\/freakuence_notorious_audio\/\"]}]}<\/script>\n<!-- \/ Yoast SEO plugin. -->","yoast_head_json":{"title":"Lyngdorf SDA-2400 | Freakuence!","description":"Lyngdorf SDA-2400 : puissant amplificateur de puissance st\u00e9r\u00e9o avec entr\u00e9es analogiques et num\u00e9riques. \u2713 HiFi neuf et d'occasion \u2713 Note du client : 4.9 sur 5 \u2713 Reprise \u2713 Session d'\u00e9coute","robots":{"index":"noindex","follow":"follow","max-snippet":"max-snippet:-1","max-image-preview":"max-image-preview:large","max-video-preview":"max-video-preview:-1"},"og_locale":"fr_FR","og_type":"article","og_title":"Lyngdorf SDA-2400 | Freakuence!","og_description":"Lyngdorf SDA-2400 : puissant amplificateur de puissance st\u00e9r\u00e9o avec entr\u00e9es analogiques et num\u00e9riques. \u2713 HiFi neuf et d'occasion \u2713 Note du client : 4.9 sur 5 \u2713 Reprise \u2713 Session d'\u00e9coute","og_url":"https:\/\/dev.freakuence.nl\/fr\/produit\/lyngdorf-sda-2400-2\/","og_site_name":"Freakuence!","article_modified_time":"2026-04-10T13:47:31+00:00","og_image":[{"width":1800,"height":1200,"url":"https:\/\/dev.freakuence.nl\/wp-content\/uploads\/2026\/04\/17738417292653-19054-IMG3240-1.jpg","type":"image\/jpeg"}],"twitter_card":"summary_large_image","schema":{"@context":"https:\/\/schema.org","@graph":[{"@type":"WebPage","@id":"https:\/\/dev.freakuence.nl\/fr\/produit\/lyngdorf-sda-2400-2\/","url":"https:\/\/dev.freakuence.nl\/fr\/produit\/lyngdorf-sda-2400-2\/","name":"Lyngdorf SDA-2400 | Freakuence!","isPartOf":{"@id":"https:\/\/dev.freakuence.nl\/fr\/#website"},"primaryImageOfPage":{"@id":"https:\/\/dev.freakuence.nl\/fr\/produit\/lyngdorf-sda-2400-2\/#primaryimage"},"image":{"@id":"https:\/\/dev.freakuence.nl\/fr\/produit\/lyngdorf-sda-2400-2\/#primaryimage"},"thumbnailUrl":"https:\/\/dev.freakuence.nl\/wp-content\/uploads\/2026\/04\/17738417292653-19054-IMG3240-1.jpg","datePublished":"2026-03-30T16:45:29+00:00","dateModified":"2026-04-10T13:47:31+00:00","description":"Lyngdorf SDA-2400 : puissant amplificateur de puissance st\u00e9r\u00e9o avec entr\u00e9es analogiques et num\u00e9riques. \u2713 HiFi neuf et d'occasion \u2713 Note du client : 4.9 sur 5 \u2713 Reprise \u2713 Session d'\u00e9coute","breadcrumb":{"@id":"https:\/\/dev.freakuence.nl\/fr\/produit\/lyngdorf-sda-2400-2\/#breadcrumb"},"inLanguage":"fr-FR","potentialAction":[{"@type":"ReadAction","target":["https:\/\/dev.freakuence.nl\/fr\/produit\/lyngdorf-sda-2400-2\/"]}]},{"@type":"ImageObject","inLanguage":"fr-FR","@id":"https:\/\/dev.freakuence.nl\/fr\/produit\/lyngdorf-sda-2400-2\/#primaryimage","url":"https:\/\/dev.freakuence.nl\/wp-content\/uploads\/2026\/04\/17738417292653-19054-IMG3240-1.jpg","contentUrl":"https:\/\/dev.freakuence.nl\/wp-content\/uploads\/2026\/04\/17738417292653-19054-IMG3240-1.jpg","width":1800,"height":1200},{"@type":"BreadcrumbList","@id":"https:\/\/dev.freakuence.nl\/fr\/produit\/lyngdorf-sda-2400-2\/#breadcrumb","itemListElement":[{"@type":"ListItem","position":1,"name":"Accueil","item":"https:\/\/dev.freakuence.nl\/fr\/"},{"@type":"ListItem","position":2,"name":"Produits","item":"https:\/\/dev.freakuence.nl\/fr\/produits\/"},{"@type":"ListItem","position":3,"name":"Lyngdorf SDA-2400"}]},{"@type":"WebSite","@id":"https:\/\/dev.freakuence.nl\/fr\/#website","url":"https:\/\/dev.freakuence.nl\/fr\/","name":"Freakuence!","description":"Freakuence!","publisher":{"@id":"https:\/\/dev.freakuence.nl\/fr\/#organization"},"alternateName":"Freakuence","potentialAction":[{"@type":"SearchAction","target":{"@type":"EntryPoint","urlTemplate":"https:\/\/dev.freakuence.nl\/fr\/?s={search_term_string}"},"query-input":{"@type":"PropertyValueSpecification","valueRequired":true,"valueName":"search_term_string"}}],"inLanguage":"fr-FR"},{"@type":"Organization","@id":"https:\/\/dev.freakuence.nl\/fr\/#organization","name":"Freakuence !","url":"https:\/\/dev.freakuence.nl\/fr\/","logo":{"@type":"ImageObject","inLanguage":"fr-FR","@id":"https:\/\/dev.freakuence.nl\/fr\/#\/schema\/logo\/image\/","url":"https:\/\/dev.freakuence.nl\/wp-content\/uploads\/2022\/05\/Brown_3_RGB_Freakuence-1.png","contentUrl":"https:\/\/dev.freakuence.nl\/wp-content\/uploads\/2022\/05\/Brown_3_RGB_Freakuence-1.png","width":2560,"height":684,"caption":"Freakuence !"},"image":{"@id":"https:\/\/dev.freakuence.nl\/fr\/#\/schema\/logo\/image\/"},"sameAs":["https:\/\/www.instagram.com\/freakuence_notorious_audio\/"]}]}},"_links":{"self":[{"href":"https:\/\/dev.freakuence.nl\/fr\/wp-json\/wp\/v2\/product\/373356","targetHints":{"allow":["GET"]}}],"collection":[{"href":"https:\/\/dev.freakuence.nl\/fr\/wp-json\/wp\/v2\/product"}],"about":[{"href":"https:\/\/dev.freakuence.nl\/fr\/wp-json\/wp\/v2\/types\/product"}],"wp:featuredmedia":[{"embeddable":true,"href":"https:\/\/dev.freakuence.nl\/fr\/wp-json\/wp\/v2\/media\/391458"}],"wp:attachment":[{"href":"https:\/\/dev.freakuence.nl\/fr\/wp-json\/wp\/v2\/media?parent=373356"}],"wp:term":[{"taxonomy":"product_brand","embeddable":true,"href":"https:\/\/dev.freakuence.nl\/fr\/wp-json\/wp\/v2\/product_brand?post=373356"},{"taxonomy":"product_cat","embeddable":true,"href":"https:\/\/dev.freakuence.nl\/fr\/wp-json\/wp\/v2\/product_cat?post=373356"},{"taxonomy":"product_tag","embeddable":true,"href":"https:\/\/dev.freakuence.nl\/fr\/wp-json\/wp\/v2\/product_tag?post=373356"}],"curies":[{"name":"wp","href":"https:\/\/api.w.org\/{rel}","templated":true}]}}