{"id":373919,"date":"2026-03-31T15:12:52","date_gmt":"2026-03-31T13:12:52","guid":{"rendered":"https:\/\/freakuence.nl\/product\/mcintosh-mc451\/"},"modified":"2026-04-10T15:48:45","modified_gmt":"2026-04-10T13:48:45","slug":"mcintosh-mc451","status":"publish","type":"product","link":"https:\/\/dev.freakuence.nl\/fr\/produit\/mcintosh-mc451\/","title":{"rendered":"McIntosh MC451"},"content":{"rendered":"<div class=\"product-specifications-list\">\n<div class=\"specification-item row-header\"><span class=\"spec-content\"><strong>Description Freakuence !<\/strong><\/span><\/div>\n<div class=\"specification-item row-even\"><span class=\"spec-content\">Quelle f\u00eate ! Surely this is bizarre. Ces amplificateurs de puissance hybrides mono combinent une section \u00e0 tubes de 150 watts et une section \u00e0 semi-conducteurs de 300 watts, id\u00e9ale pour la bi-amplification. Les lampes offrent une reproduction tr\u00e8s chaude et naturelle, tandis que la section \u00e0 semi-conducteurs d\u00e9livre des basses serr\u00e9es et contr\u00f4l\u00e9es. Le filtre interne permet une int\u00e9gration transparente entre les deux sections, ce qui se traduit par un son \u00e9quilibr\u00e9 et dynamique.    <\/span><\/div>\n<div class=\"specification-item row-odd\"><span class=\"spec-content\">Prix de vente au d\u00e9tail : 40980.00<\/span><\/div>\n<div class=\"specification-item row-header\"><span class=\"spec-content\"><strong>D\u00e9tails<\/strong><\/span><\/div>\n<div class=\"specification-item row-even\"><span class=\"spec-content\">Deux mois.<\/span><\/div>\n<div class=\"specification-item row-odd\"><span class=\"spec-content\">Parfois, les gens veulent quelque chose de diff\u00e9rent, parfois tr\u00e8s rapidement. Si vous n&rsquo;aimez pas cette personne, on vous demande alors&#8230;. non, ce n&rsquo;est pas forc\u00e9ment comme \u00e7a que \u00e7a marche. Parfois, les gens passent imm\u00e9diatement \u00e0 la vitesse sup\u00e9rieure parce qu&rsquo;ils aiment les performances. Ou bien une autre opportunit\u00e9 se pr\u00e9sente ici, dans l&rsquo;atelier, qui se traduit par une reprise. En outre, il se peut que l&rsquo;instrument ne s&rsquo;int\u00e8gre pas parfaitement \u00e0 l&rsquo;ensemble. Bien s\u00fbr, il se peut aussi que quelqu&rsquo;un ne soit pas satisfait.     <\/span><\/div>\n<div class=\"specification-item row-even\"><span class=\"spec-content\">Les capuchons ne sont pas illustr\u00e9s mais sont disponibles.<\/span><\/div>\n<div class=\"specification-item row-odd\"><span class=\"spec-content\">Vous cherchez un autre mod\u00e8le de la s\u00e9rie actuelle de la marque ? Envoyez-nous un message !  Nous aimons en faire quelque chose d&rsquo;amusant.<\/span><\/div>\n<div class=\"specification-item row-header\"><span class=\"spec-content\"><strong>Description g\u00e9n\u00e9rale<\/strong><\/span><\/div>\n<div class=\"specification-item row-even\"><span class=\"spec-content\">Le McIntosh MC451 est un amplificateur double mono qui utilise la technologie Hybrid Drive\u2122, combinant un amplificateur \u00e0 tubes et un amplificateur \u00e0 semi-conducteurs dans un seul ch\u00e2ssis. Cette configuration garantit une reproduction optimale de la sc\u00e8ne sonore, l&rsquo;amplificateur \u00e0 tubes pilotant les moyennes et hautes fr\u00e9quences et l&rsquo;amplificateur \u00e0 semi-conducteurs s&rsquo;occupant des basses fr\u00e9quences.   <\/p>\n<p>Avec une puissance de 150 watts pour l&rsquo;amplificateur \u00e0 tubes et de 300 watts pour l&rsquo;amplificateur \u00e0 semi-conducteurs, le McIntosh MC451 d\u00e9livre suffisamment de puissance pour alimenter presque toutes les enceintes. Le filtre int\u00e9gr\u00e9 permet un r\u00e9glage pr\u00e9cis de la r\u00e9partition des fr\u00e9quences entre les deux sections de l&rsquo;amplificateur, ce qui se traduit par une reproduction sonore dynamique et d\u00e9taill\u00e9e.   <\/p>\n<p>Le McIntosh MC451 est dot\u00e9 du compteur de puissance de sortie DualView\u2122, qui affiche en temps r\u00e9el la puissance de sortie des sections \u00e0 tubes et \u00e0 semi-conducteurs. En outre, l&rsquo;amplificateur est dot\u00e9 de diverses technologies McIntosh telles que Power Guard\u00ae, Sentry Monitor\u2122 et les fixations d&rsquo;enceintes Solid Cinch\u2122, qui contribuent \u00e0 une lecture audio fiable et de haute qualit\u00e9.   <\/p>\n<p>Vous souhaitez d\u00e9couvrir le McIntosh MC451 par vous-m\u00eame ? Programmez une session d&rsquo;\u00e9coute pour d\u00e9couvrir la combinaison unique d&rsquo;amplification \u00e0 tubes et \u00e0 semi-conducteurs et discuter des options de reprise ou de comparaison avec d&rsquo;autres amplificateurs. <\/span><\/div>\n<div class=\"specification-item row-header\"><span class=\"spec-content\"><strong>Informations g\u00e9n\u00e9rales<\/strong><\/span><\/div>\n<div class=\"specification-item row-even\"><span class=\"spec-content\">Le McIntosh MC451 est un amplificateur de puissance innovant combinant une technologie hybride d\u00e9velopp\u00e9e par la c\u00e9l\u00e8bre \u00e9quipe d&rsquo;ing\u00e9nieurs McIntosh. Sa conception associe un amplificateur \u00e0 tubes de 150 W \u00e0 un \u00e9tage de sortie \u00e0 semi-conducteurs de 300 W, offrant ainsi une exp\u00e9rience musicale riche. Le bo\u00eetier est en acier de haute qualit\u00e9 avec une finition miroir r\u00e9sistante aux rayures. Le c\u00e2blage interne a \u00e9t\u00e9 soigneusement con\u00e7u pour une int\u00e9grit\u00e9 optimale du signal. McIntosh n&rsquo;utilise que des mat\u00e9riaux soigneusement s\u00e9lectionn\u00e9s aupr\u00e8s de fournisseurs fiables afin de garantir une qualit\u00e9 de fabrication et une durabilit\u00e9 optimales.    <\/span><\/div>\n<div class=\"specification-item row-header\"><span class=\"spec-content\"><strong>Histoire de la marque<\/strong><\/span><\/div>\n<div class=\"specification-item row-even\"><span class=\"spec-content\">Le laboratoire McIntosh, fond\u00e9 en 1949 par Frank H. McIntosh et Gordon Gow, est bas\u00e9 \u00e0 Binghamton, dans l&rsquo;\u00c9tat de New York. En 1965, des amplificateurs McIntosh ont \u00e9t\u00e9 utilis\u00e9s lors du discours d&rsquo;investiture du pr\u00e9sident Lyndon B. Johnson. En 1969, vingt amplificateurs \u00e0 tubes McIntosh MC3500 ont assur\u00e9 la sonorisation du festival de Woodstock. En 1974, le groupe Grateful Dead a utilis\u00e9 48 amplificateurs McIntosh MC2300 pour son syst\u00e8me \u00ab\u00a0Wall of Sound\u00a0\u00bb. En 1990, McIntosh a \u00e9t\u00e9 rachet\u00e9 par Clarion, puis par D&amp;M Holdings en 2003. En 2022, l&rsquo;entreprise a \u00e9t\u00e9 vendue \u00e0 une soci\u00e9t\u00e9 de capital-investissement. McIntosh est connu pour ses panneaux avant en verre noir et ses VU-m\u00e8tres bleus.      <\/span><\/div>\n<\/div>\n","protected":false},"excerpt":{"rendered":"<p>Description Freakuence ! Quelle f\u00eate ! Surely this is bizarre. Ces amplificateurs de puissance hybrides mono combinent une section \u00e0 tubes de 150 watts et une section \u00e0 semi-conducteurs de 300 watts, id\u00e9ale pour la bi-amplification. Les lampes offrent une reproduction tr\u00e8s chaude et naturelle, tandis que la section \u00e0 semi-conducteurs d\u00e9livre des basses serr\u00e9es [&hellip;]<\/p>\n","protected":false},"featured_media":391376,"template":"","meta":{"_acf_changed":false,"inline_featured_image":false},"product_brand":[],"product_cat":[530,746,754],"product_tag":[533],"class_list":{"0":"post-373919","1":"product","2":"type-product","3":"status-publish","4":"has-post-thumbnail","6":"product_cat-amplificateurs","7":"product_cat-amplificateurs-de-puissance","8":"product_cat-hybride-voorversterkers-2","9":"product_tag-used","10":"pa_kleur-noir","12":"first","13":"instock","14":"sold-individually","15":"purchasable","16":"product-type-simple"},"acf":{"website":true,"show_on_homepage":false,"brand_title":"McIntosh","product_type":"MC451","color":"Noir","subcolor":"","reserved_status":"0"},"_links":{"self":[{"href":"https:\/\/dev.freakuence.nl\/fr\/wp-json\/wp\/v2\/product\/373919","targetHints":{"allow":["GET"]}}],"collection":[{"href":"https:\/\/dev.freakuence.nl\/fr\/wp-json\/wp\/v2\/product"}],"about":[{"href":"https:\/\/dev.freakuence.nl\/fr\/wp-json\/wp\/v2\/types\/product"}],"wp:featuredmedia":[{"embeddable":true,"href":"https:\/\/dev.freakuence.nl\/fr\/wp-json\/wp\/v2\/media\/391376"}],"wp:attachment":[{"href":"https:\/\/dev.freakuence.nl\/fr\/wp-json\/wp\/v2\/media?parent=373919"}],"wp:term":[{"taxonomy":"product_brand","embeddable":true,"href":"https:\/\/dev.freakuence.nl\/fr\/wp-json\/wp\/v2\/product_brand?post=373919"},{"taxonomy":"product_cat","embeddable":true,"href":"https:\/\/dev.freakuence.nl\/fr\/wp-json\/wp\/v2\/product_cat?post=373919"},{"taxonomy":"product_tag","embeddable":true,"href":"https:\/\/dev.freakuence.nl\/fr\/wp-json\/wp\/v2\/product_tag?post=373919"}],"curies":[{"name":"wp","href":"https:\/\/api.w.org\/{rel}","templated":true}]}}