{"id":375169,"date":"2026-04-01T20:08:42","date_gmt":"2026-04-01T18:08:42","guid":{"rendered":"https:\/\/freakuence.nl\/product\/audio-innovations-800-mk3\/"},"modified":"2026-04-10T16:05:12","modified_gmt":"2026-04-10T14:05:12","slug":"audio-innovations-800-mk3","status":"publish","type":"product","link":"https:\/\/dev.freakuence.nl\/fr\/produit\/audio-innovations-800-mk3\/","title":{"rendered":"Audio Innovations 800 MK3"},"content":{"rendered":"<div class=\"product-specifications-list\">\n<div class=\"specification-item row-header\"><span class=\"spec-content\"><strong>Description Freakuence !<\/strong><\/span><\/div>\n<div class=\"specification-item row-even\"><span class=\"spec-content\">Ce bo\u00eetier de puissance Audio Innovations 800 MK3 est une v\u00e9ritable bombe. Un ampli \u00e0 lampes qui g\u00e2te vos oreilles avec une reproduction chaleureuse et naturelle. Les instruments et les voix sont clairs et d\u00e9taill\u00e9s, sans jamais devenir criards.<\/span><\/div>\n<div class=\"specification-item row-header\"><span class=\"spec-content\"><strong>D\u00e9tails<\/strong><\/span><\/div>\n<div class=\"specification-item row-even\"><span class=\"spec-content\">R\u00e9vis\u00e9 par notre technicien il y a quelques ann\u00e9es, il est \u00e0 nouveau en bon \u00e9tat dans l&rsquo;atelier.<\/span><\/div>\n<div class=\"specification-item row-header\"><span class=\"spec-content\"><strong>Description g\u00e9n\u00e9rale<\/strong><\/span><\/div>\n<div class=\"specification-item row-even\"><span class=\"spec-content\">L&rsquo;Audio Innovations 800 MK3 est un amplificateur \u00e0 tubes connu pour sa reproduction sonore chaleureuse et d\u00e9taill\u00e9e. Cet amplificateur utilise des tubes EL34 dans une configuration push-pull de classe A, contribuant \u00e0 une sc\u00e8ne sonore riche et dynamique.   <\/p>\n<p>Avec une puissance de 25 watts par canal, l&rsquo;Audio Innovations 800 MK3 fournit suffisamment de puissance pour une image st\u00e9r\u00e9o convaincante et une reproduction pr\u00e9cise des nuances musicales. L&rsquo;amplificateur est con\u00e7u pour piloter des haut-parleurs externes et fonctionne sur une alimentation secteur de 230 volts.   <\/p>\n<p>Vous \u00eates curieux de conna\u00eetre les performances de l&rsquo;Audio Innovations 800 MK3 ? Planifiez une s\u00e9ance d&rsquo;\u00e9coute pour d\u00e9couvrir la qualit\u00e9 sonore par vous-m\u00eame ou discuter des options de reprise et de la comparaison avec d&rsquo;autres amplificateurs. <\/span><\/div>\n<div class=\"specification-item row-header\"><span class=\"spec-content\"><strong>Informations g\u00e9n\u00e9rales<\/strong><\/span><\/div>\n<div class=\"specification-item row-even\"><span class=\"spec-content\">Le produit Audio Innovations 800 MK3 a \u00e9t\u00e9 con\u00e7u en mettant l&rsquo;accent sur la puret\u00e9 sonore et la musicalit\u00e9. \u00c0 l&rsquo;int\u00e9rieur, vous trouverez des tubes soigneusement s\u00e9lectionn\u00e9s et des transformateurs de haute qualit\u00e9. Le c\u00e2blage interne est tiss\u00e9 \u00e0 la main pour minimiser les interf\u00e9rences. Le coffret est fabriqu\u00e9 dans un mat\u00e9riau \u00e0 faible r\u00e9sonance, soigneusement s\u00e9lectionn\u00e9 pour \u00e9viter les distorsions acoustiques. L&rsquo;ing\u00e9nieur Peter Qvortrup a jou\u00e9 un r\u00f4le central dans la conception, en accordant une grande attention aux m\u00e9thodes de production durables. Les mat\u00e9riaux proviennent principalement de sources locales afin de garantir une qualit\u00e9 optimale.     <\/span><\/div>\n<\/div>\n","protected":false},"excerpt":{"rendered":"<p>Description Freakuence ! Ce bo\u00eetier de puissance Audio Innovations 800 MK3 est une v\u00e9ritable bombe. Un ampli \u00e0 lampes qui g\u00e2te vos oreilles avec une reproduction chaleureuse et naturelle. Les instruments et les voix sont clairs et d\u00e9taill\u00e9s, sans jamais devenir criards. D\u00e9tails R\u00e9vis\u00e9 par notre technicien il y a quelques ann\u00e9es, il est \u00e0 [&hellip;]<\/p>\n","protected":false},"featured_media":396137,"template":"","meta":{"_acf_changed":false,"inline_featured_image":false},"product_brand":[],"product_cat":[530,556,745],"product_tag":[533],"class_list":{"0":"post-375169","1":"product","2":"type-product","3":"status-publish","4":"has-post-thumbnail","6":"product_cat-amplificateurs","7":"product_cat-amplificateurs-a-tubes","8":"product_cat-amplificateurs-stereo","9":"product_tag-used","10":"pa_kleur-noir","12":"first","13":"instock","14":"sold-individually","15":"purchasable","16":"product-type-simple"},"acf":{"website":true,"show_on_homepage":false,"brand_title":"Audio Innovations","product_type":"800 MK3","color":"Noir","subcolor":"","reserved_status":"0"},"yoast_head":"<!-- This site is optimized with the Yoast SEO plugin v25.9 - https:\/\/yoast.com\/wordpress\/plugins\/seo\/ -->\n<title>Audio Innovations 800 MK3 | Freakuence!<\/title>\n<meta name=\"description\" content=\"Audio Innovations 800 MK3 : Amplificateur \u00e0 tubes de classe A de 25 W avec EL34 pour des sons chauds et riches. \u2713 HiFi neuf et d&#039;occasion \u2713 Note du client : 4.9 sur 5 \u2713 Reprise \u2713 Session d&#039;\u00e9coute\" \/>\n<meta name=\"robots\" content=\"noindex, follow, max-snippet:-1, max-image-preview:large, max-video-preview:-1\" \/>\n<meta property=\"og:locale\" content=\"fr_FR\" \/>\n<meta property=\"og:type\" content=\"article\" \/>\n<meta property=\"og:title\" content=\"Audio Innovations 800 MK3 | Freakuence!\" \/>\n<meta property=\"og:description\" content=\"Audio Innovations 800 MK3 : Amplificateur \u00e0 tubes de classe A de 25 W avec EL34 pour des sons chauds et riches. \u2713 HiFi neuf et d&#039;occasion \u2713 Note du client : 4.9 sur 5 \u2713 Reprise \u2713 Session d&#039;\u00e9coute\" \/>\n<meta property=\"og:url\" content=\"https:\/\/dev.freakuence.nl\/fr\/produit\/audio-innovations-800-mk3\/\" \/>\n<meta property=\"og:site_name\" content=\"Freakuence!\" \/>\n<meta property=\"article:modified_time\" content=\"2026-04-10T14:05:12+00:00\" \/>\n<meta property=\"og:image\" content=\"https:\/\/dev.freakuence.nl\/wp-content\/uploads\/2026\/04\/17750603861502-19319-IMG5062-2.jpg\" \/>\n\t<meta property=\"og:image:width\" content=\"1800\" \/>\n\t<meta property=\"og:image:height\" content=\"1200\" \/>\n\t<meta property=\"og:image:type\" content=\"image\/jpeg\" \/>\n<meta name=\"twitter:card\" content=\"summary_large_image\" \/>\n<script type=\"application\/ld+json\" class=\"yoast-schema-graph\">{\"@context\":\"https:\/\/schema.org\",\"@graph\":[{\"@type\":\"WebPage\",\"@id\":\"https:\/\/dev.freakuence.nl\/fr\/produit\/audio-innovations-800-mk3\/\",\"url\":\"https:\/\/dev.freakuence.nl\/fr\/produit\/audio-innovations-800-mk3\/\",\"name\":\"Audio Innovations 800 MK3 | Freakuence!\",\"isPartOf\":{\"@id\":\"https:\/\/dev.freakuence.nl\/fr\/#website\"},\"primaryImageOfPage\":{\"@id\":\"https:\/\/dev.freakuence.nl\/fr\/produit\/audio-innovations-800-mk3\/#primaryimage\"},\"image\":{\"@id\":\"https:\/\/dev.freakuence.nl\/fr\/produit\/audio-innovations-800-mk3\/#primaryimage\"},\"thumbnailUrl\":\"https:\/\/dev.freakuence.nl\/wp-content\/uploads\/2026\/04\/17750603861502-19319-IMG5062-2.jpg\",\"datePublished\":\"2026-04-01T18:08:42+00:00\",\"dateModified\":\"2026-04-10T14:05:12+00:00\",\"description\":\"Audio Innovations 800 MK3 : Amplificateur \u00e0 tubes de classe A de 25 W avec EL34 pour des sons chauds et riches. \u2713 HiFi neuf et d'occasion \u2713 Note du client : 4.9 sur 5 \u2713 Reprise \u2713 Session d'\u00e9coute\",\"breadcrumb\":{\"@id\":\"https:\/\/dev.freakuence.nl\/fr\/produit\/audio-innovations-800-mk3\/#breadcrumb\"},\"inLanguage\":\"fr-FR\",\"potentialAction\":[{\"@type\":\"ReadAction\",\"target\":[\"https:\/\/dev.freakuence.nl\/fr\/produit\/audio-innovations-800-mk3\/\"]}]},{\"@type\":\"ImageObject\",\"inLanguage\":\"fr-FR\",\"@id\":\"https:\/\/dev.freakuence.nl\/fr\/produit\/audio-innovations-800-mk3\/#primaryimage\",\"url\":\"https:\/\/dev.freakuence.nl\/wp-content\/uploads\/2026\/04\/17750603861502-19319-IMG5062-2.jpg\",\"contentUrl\":\"https:\/\/dev.freakuence.nl\/wp-content\/uploads\/2026\/04\/17750603861502-19319-IMG5062-2.jpg\",\"width\":1800,\"height\":1200},{\"@type\":\"BreadcrumbList\",\"@id\":\"https:\/\/dev.freakuence.nl\/fr\/produit\/audio-innovations-800-mk3\/#breadcrumb\",\"itemListElement\":[{\"@type\":\"ListItem\",\"position\":1,\"name\":\"Accueil\",\"item\":\"https:\/\/dev.freakuence.nl\/fr\/\"},{\"@type\":\"ListItem\",\"position\":2,\"name\":\"Produits\",\"item\":\"https:\/\/dev.freakuence.nl\/fr\/produits\/\"},{\"@type\":\"ListItem\",\"position\":3,\"name\":\"Audio Innovations 800 MK3\"}]},{\"@type\":\"WebSite\",\"@id\":\"https:\/\/dev.freakuence.nl\/fr\/#website\",\"url\":\"https:\/\/dev.freakuence.nl\/fr\/\",\"name\":\"Freakuence!\",\"description\":\"Freakuence!\",\"publisher\":{\"@id\":\"https:\/\/dev.freakuence.nl\/fr\/#organization\"},\"alternateName\":\"Freakuence\",\"potentialAction\":[{\"@type\":\"SearchAction\",\"target\":{\"@type\":\"EntryPoint\",\"urlTemplate\":\"https:\/\/dev.freakuence.nl\/fr\/?s={search_term_string}\"},\"query-input\":{\"@type\":\"PropertyValueSpecification\",\"valueRequired\":true,\"valueName\":\"search_term_string\"}}],\"inLanguage\":\"fr-FR\"},{\"@type\":\"Organization\",\"@id\":\"https:\/\/dev.freakuence.nl\/fr\/#organization\",\"name\":\"Freakuence !\",\"url\":\"https:\/\/dev.freakuence.nl\/fr\/\",\"logo\":{\"@type\":\"ImageObject\",\"inLanguage\":\"fr-FR\",\"@id\":\"https:\/\/dev.freakuence.nl\/fr\/#\/schema\/logo\/image\/\",\"url\":\"https:\/\/dev.freakuence.nl\/wp-content\/uploads\/2022\/05\/Brown_3_RGB_Freakuence-1.png\",\"contentUrl\":\"https:\/\/dev.freakuence.nl\/wp-content\/uploads\/2022\/05\/Brown_3_RGB_Freakuence-1.png\",\"width\":2560,\"height\":684,\"caption\":\"Freakuence !\"},\"image\":{\"@id\":\"https:\/\/dev.freakuence.nl\/fr\/#\/schema\/logo\/image\/\"},\"sameAs\":[\"https:\/\/www.instagram.com\/freakuence_notorious_audio\/\"]}]}<\/script>\n<!-- \/ Yoast SEO plugin. -->","yoast_head_json":{"title":"Audio Innovations 800 MK3 | Freakuence!","description":"Audio Innovations 800 MK3 : Amplificateur \u00e0 tubes de classe A de 25 W avec EL34 pour des sons chauds et riches. \u2713 HiFi neuf et d'occasion \u2713 Note du client : 4.9 sur 5 \u2713 Reprise \u2713 Session d'\u00e9coute","robots":{"index":"noindex","follow":"follow","max-snippet":"max-snippet:-1","max-image-preview":"max-image-preview:large","max-video-preview":"max-video-preview:-1"},"og_locale":"fr_FR","og_type":"article","og_title":"Audio Innovations 800 MK3 | Freakuence!","og_description":"Audio Innovations 800 MK3 : Amplificateur \u00e0 tubes de classe A de 25 W avec EL34 pour des sons chauds et riches. \u2713 HiFi neuf et d'occasion \u2713 Note du client : 4.9 sur 5 \u2713 Reprise \u2713 Session d'\u00e9coute","og_url":"https:\/\/dev.freakuence.nl\/fr\/produit\/audio-innovations-800-mk3\/","og_site_name":"Freakuence!","article_modified_time":"2026-04-10T14:05:12+00:00","og_image":[{"width":1800,"height":1200,"url":"https:\/\/dev.freakuence.nl\/wp-content\/uploads\/2026\/04\/17750603861502-19319-IMG5062-2.jpg","type":"image\/jpeg"}],"twitter_card":"summary_large_image","schema":{"@context":"https:\/\/schema.org","@graph":[{"@type":"WebPage","@id":"https:\/\/dev.freakuence.nl\/fr\/produit\/audio-innovations-800-mk3\/","url":"https:\/\/dev.freakuence.nl\/fr\/produit\/audio-innovations-800-mk3\/","name":"Audio Innovations 800 MK3 | Freakuence!","isPartOf":{"@id":"https:\/\/dev.freakuence.nl\/fr\/#website"},"primaryImageOfPage":{"@id":"https:\/\/dev.freakuence.nl\/fr\/produit\/audio-innovations-800-mk3\/#primaryimage"},"image":{"@id":"https:\/\/dev.freakuence.nl\/fr\/produit\/audio-innovations-800-mk3\/#primaryimage"},"thumbnailUrl":"https:\/\/dev.freakuence.nl\/wp-content\/uploads\/2026\/04\/17750603861502-19319-IMG5062-2.jpg","datePublished":"2026-04-01T18:08:42+00:00","dateModified":"2026-04-10T14:05:12+00:00","description":"Audio Innovations 800 MK3 : Amplificateur \u00e0 tubes de classe A de 25 W avec EL34 pour des sons chauds et riches. \u2713 HiFi neuf et d'occasion \u2713 Note du client : 4.9 sur 5 \u2713 Reprise \u2713 Session d'\u00e9coute","breadcrumb":{"@id":"https:\/\/dev.freakuence.nl\/fr\/produit\/audio-innovations-800-mk3\/#breadcrumb"},"inLanguage":"fr-FR","potentialAction":[{"@type":"ReadAction","target":["https:\/\/dev.freakuence.nl\/fr\/produit\/audio-innovations-800-mk3\/"]}]},{"@type":"ImageObject","inLanguage":"fr-FR","@id":"https:\/\/dev.freakuence.nl\/fr\/produit\/audio-innovations-800-mk3\/#primaryimage","url":"https:\/\/dev.freakuence.nl\/wp-content\/uploads\/2026\/04\/17750603861502-19319-IMG5062-2.jpg","contentUrl":"https:\/\/dev.freakuence.nl\/wp-content\/uploads\/2026\/04\/17750603861502-19319-IMG5062-2.jpg","width":1800,"height":1200},{"@type":"BreadcrumbList","@id":"https:\/\/dev.freakuence.nl\/fr\/produit\/audio-innovations-800-mk3\/#breadcrumb","itemListElement":[{"@type":"ListItem","position":1,"name":"Accueil","item":"https:\/\/dev.freakuence.nl\/fr\/"},{"@type":"ListItem","position":2,"name":"Produits","item":"https:\/\/dev.freakuence.nl\/fr\/produits\/"},{"@type":"ListItem","position":3,"name":"Audio Innovations 800 MK3"}]},{"@type":"WebSite","@id":"https:\/\/dev.freakuence.nl\/fr\/#website","url":"https:\/\/dev.freakuence.nl\/fr\/","name":"Freakuence!","description":"Freakuence!","publisher":{"@id":"https:\/\/dev.freakuence.nl\/fr\/#organization"},"alternateName":"Freakuence","potentialAction":[{"@type":"SearchAction","target":{"@type":"EntryPoint","urlTemplate":"https:\/\/dev.freakuence.nl\/fr\/?s={search_term_string}"},"query-input":{"@type":"PropertyValueSpecification","valueRequired":true,"valueName":"search_term_string"}}],"inLanguage":"fr-FR"},{"@type":"Organization","@id":"https:\/\/dev.freakuence.nl\/fr\/#organization","name":"Freakuence !","url":"https:\/\/dev.freakuence.nl\/fr\/","logo":{"@type":"ImageObject","inLanguage":"fr-FR","@id":"https:\/\/dev.freakuence.nl\/fr\/#\/schema\/logo\/image\/","url":"https:\/\/dev.freakuence.nl\/wp-content\/uploads\/2022\/05\/Brown_3_RGB_Freakuence-1.png","contentUrl":"https:\/\/dev.freakuence.nl\/wp-content\/uploads\/2022\/05\/Brown_3_RGB_Freakuence-1.png","width":2560,"height":684,"caption":"Freakuence !"},"image":{"@id":"https:\/\/dev.freakuence.nl\/fr\/#\/schema\/logo\/image\/"},"sameAs":["https:\/\/www.instagram.com\/freakuence_notorious_audio\/"]}]}},"_links":{"self":[{"href":"https:\/\/dev.freakuence.nl\/fr\/wp-json\/wp\/v2\/product\/375169","targetHints":{"allow":["GET"]}}],"collection":[{"href":"https:\/\/dev.freakuence.nl\/fr\/wp-json\/wp\/v2\/product"}],"about":[{"href":"https:\/\/dev.freakuence.nl\/fr\/wp-json\/wp\/v2\/types\/product"}],"wp:featuredmedia":[{"embeddable":true,"href":"https:\/\/dev.freakuence.nl\/fr\/wp-json\/wp\/v2\/media\/396137"}],"wp:attachment":[{"href":"https:\/\/dev.freakuence.nl\/fr\/wp-json\/wp\/v2\/media?parent=375169"}],"wp:term":[{"taxonomy":"product_brand","embeddable":true,"href":"https:\/\/dev.freakuence.nl\/fr\/wp-json\/wp\/v2\/product_brand?post=375169"},{"taxonomy":"product_cat","embeddable":true,"href":"https:\/\/dev.freakuence.nl\/fr\/wp-json\/wp\/v2\/product_cat?post=375169"},{"taxonomy":"product_tag","embeddable":true,"href":"https:\/\/dev.freakuence.nl\/fr\/wp-json\/wp\/v2\/product_tag?post=375169"}],"curies":[{"name":"wp","href":"https:\/\/api.w.org\/{rel}","templated":true}]}}