{"id":375191,"date":"2026-04-01T20:24:28","date_gmt":"2026-04-01T18:24:28","guid":{"rendered":"https:\/\/freakuence.nl\/product\/musical-fidelity-nu-vista-300-amplificateur-de-puissance\/"},"modified":"2026-04-01T20:57:13","modified_gmt":"2026-04-01T18:57:13","slug":"musical-fidelity-nu-vista-300-amplificateur-de-puissance","status":"publish","type":"product","link":"https:\/\/dev.freakuence.nl\/fr\/produit\/musical-fidelity-nu-vista-300-amplificateur-de-puissance\/","title":{"rendered":"Musical Fidelity Nu-Vista 300 Amplificateur de puissance"},"content":{"rendered":"<div class=\"product-specifications-list\">\n<div class=\"specification-item row-header\"><span class=\"spec-content\"><strong>Description Freakuence !<\/strong><\/span><\/div>\n<div class=\"specification-item row-even\"><span class=\"spec-content\">Chers lecteurs, nous avons ici une b\u00eate qui ne se contente pas de piloter vos enceintes, mais qui leur donne un coup de pied au cul. L&rsquo;imp\u00e9dance d&rsquo;entr\u00e9e \u00e9lev\u00e9e permet \u00e0 votre \u00e9quipement source de se sentir comme chez lui, tandis que l&rsquo;imp\u00e9dance de sortie basse permet \u00e0 vos enceintes d&rsquo;obtenir exactement ce dont elles ont besoin. 500 pi\u00e8ces fabriqu\u00e9es. Tr\u00e8s dynamique et facile \u00e0 jouer, avec beaucoup de puissance contr\u00f4l\u00e9e !   <\/span><\/div>\n<div class=\"specification-item row-header\"><span class=\"spec-content\"><strong>Description g\u00e9n\u00e9rale<\/strong><\/span><\/div>\n<div class=\"specification-item row-even\"><span class=\"spec-content\">L&rsquo;amplificateur de puissance Musical Fidelity Nu-Vista 300 est un amplificateur de puissance de haute qualit\u00e9 connu pour sa qualit\u00e9 sonore exceptionnelle et ses performances robustes. Cet amplificateur utilise des tubes Nuvistor dans le pr\u00e9amplificateur, ce qui permet d&rsquo;obtenir une sc\u00e8ne sonore claire et d\u00e9taill\u00e9e avec un son naturel. Le Nu-Vista 300 d\u00e9livre une puissance \u00e9lev\u00e9e sans effort, optimisant la dynamique et les d\u00e9tails de la musique.  <\/p>\n<p>Gr\u00e2ce \u00e0 sa construction hybride, le Nu-Vista 300 associe la chaleur de la technologie \u00e0 tubes \u00e0 la pr\u00e9cision des composants \u00e0 semi-conducteurs. Cela garantit une image st\u00e9r\u00e9o large et une reproduction pr\u00e9cise de l&rsquo;ensemble du spectre des fr\u00e9quences. L&rsquo;amplificateur est con\u00e7u pour alimenter les enceintes les plus exigeantes sans perdre en contr\u00f4le ou en finesse.  <\/p>\n<p>Vous \u00eates curieux de conna\u00eetre les performances de l&rsquo;amplificateur de puissance Musical Fidelity Nu-Vista 300 ? Planifiez une s\u00e9ance d&rsquo;\u00e9coute pour d\u00e9couvrir cet amplificateur de puissance par vous-m\u00eame ou contactez-nous pour discuter des options de reprise. <\/span><\/div>\n<div class=\"specification-item row-header\"><span class=\"spec-content\"><strong>Informations g\u00e9n\u00e9rales<\/strong><\/span><\/div>\n<div class=\"specification-item row-even\"><span class=\"spec-content\">L&rsquo;amplificateur de puissance Musical Fidelity Nu-Vista 300 a \u00e9t\u00e9 con\u00e7u par Antony Michaelson et l&rsquo;\u00e9quipe de conception de Musical Fidelity. Il combine le charme des amplificateurs \u00e0 tubes avec la fiabilit\u00e9 de la technologie moderne. L&rsquo;amplificateur utilise des nuvistors, de petits tubes \u00e9lectroniques connus pour leur faible distorsion et leur grande lin\u00e9arit\u00e9. Le coffret est solide et \u00e9l\u00e9gant, avec des panneaux en aluminium de haute qualit\u00e9 pour une protection optimale et une bonne dissipation de la chaleur. \u00c0 l&rsquo;int\u00e9rieur, le c\u00e2blage est soigneusement dispos\u00e9 pour pr\u00e9server la puret\u00e9 du signal et minimiser les interf\u00e9rences. L&rsquo;accent est mis sur une qualit\u00e9 sonore sup\u00e9rieure tout en conservant un attrait esth\u00e9tique.     <\/span><\/div>\n<div class=\"specification-item row-header\"><span class=\"spec-content\"><strong>Histoire de la marque<\/strong><\/span><\/div>\n<div class=\"specification-item row-even\"><span class=\"spec-content\">Musical Fidelity a \u00e9t\u00e9 fond\u00e9e au d\u00e9but des ann\u00e9es 1980 et a lanc\u00e9 son premier produit, le pr\u00e9amplificateur, en 1982. En 1984, elle a lanc\u00e9 l&rsquo;amplificateur int\u00e9gr\u00e9 A1, qui a re\u00e7u les \u00e9loges de l&rsquo;industrie audio. Au fil des ans, elle a lanc\u00e9 plusieurs produits importants, tels que le Digilog, le premier DAC haut de gamme en 1987, et le d\u00e9sormais iconique pr\u00e9amplificateur Nu-Vista en 1997. Leurs produits sont connus pour utiliser \u00e0 la fois des technologies modernes et des conceptions traditionnelles, comme la combinaison de tubes et de transistors dans certains appareils.   <\/span><\/div>\n<\/div>\n","protected":false},"excerpt":{"rendered":"<p>Description Freakuence ! Chers lecteurs, nous avons ici une b\u00eate qui ne se contente pas de piloter vos enceintes, mais qui leur donne un coup de pied au cul. L&rsquo;imp\u00e9dance d&rsquo;entr\u00e9e \u00e9lev\u00e9e permet \u00e0 votre \u00e9quipement source de se sentir comme chez lui, tandis que l&rsquo;imp\u00e9dance de sortie basse permet \u00e0 vos enceintes d&rsquo;obtenir exactement [&hellip;]<\/p>\n","protected":false},"featured_media":403788,"template":"","meta":{"_acf_changed":false,"inline_featured_image":false},"product_brand":[],"product_cat":[530,746,754],"product_tag":[533],"class_list":{"0":"post-375191","1":"product","2":"type-product","3":"status-publish","4":"has-post-thumbnail","6":"product_cat-amplificateurs","7":"product_cat-amplificateurs-de-puissance","8":"product_cat-hybride-voorversterkers-2","9":"product_tag-used","10":"pa_kleur-argent","12":"first","13":"instock","14":"sold-individually","15":"purchasable","16":"product-type-simple"},"acf":{"website":true,"show_on_homepage":false,"brand_title":"Musical Fidelity","product_type":"Nu-Vista 300 Power Amplifier","color":"Argent","subcolor":"","reserved_status":"1"},"yoast_head":"<!-- This site is optimized with the Yoast SEO plugin v25.9 - https:\/\/yoast.com\/wordpress\/plugins\/seo\/ -->\n<title>Musical Fidelity Nu-Vista 300 Amplificateur de puissance | Freakuence!<\/title>\n<meta name=\"description\" content=\"Musical Fidelity Nu-Vista 300 : 300 W par canal, un son pur, une dynamique infinie. \u2713 HiFi neuve et d&#039;occasion \u2713 Note du client : 4.9 sur 5 \u2713 Reprise \u2713 Session d&#039;\u00e9coute\" \/>\n<meta name=\"robots\" content=\"noindex, follow, max-snippet:-1, max-image-preview:large, max-video-preview:-1\" \/>\n<meta property=\"og:locale\" content=\"fr_FR\" \/>\n<meta property=\"og:type\" content=\"article\" \/>\n<meta property=\"og:title\" content=\"Musical Fidelity Nu-Vista 300 Amplificateur de puissance | Freakuence!\" \/>\n<meta property=\"og:description\" content=\"Musical Fidelity Nu-Vista 300 : 300 W par canal, un son pur, une dynamique infinie. \u2713 HiFi neuve et d&#039;occasion \u2713 Note du client : 4.9 sur 5 \u2713 Reprise \u2713 Session d&#039;\u00e9coute\" \/>\n<meta property=\"og:url\" content=\"https:\/\/dev.freakuence.nl\/fr\/produit\/musical-fidelity-nu-vista-300-amplificateur-de-puissance\/\" \/>\n<meta property=\"og:site_name\" content=\"Freakuence!\" \/>\n<meta property=\"article:modified_time\" content=\"2026-04-01T18:57:13+00:00\" \/>\n<meta property=\"og:image\" content=\"https:\/\/dev.freakuence.nl\/wp-content\/uploads\/2026\/04\/17750616433054-19139-IMG5079-2.jpg\" \/>\n\t<meta property=\"og:image:width\" content=\"1800\" \/>\n\t<meta property=\"og:image:height\" content=\"1200\" \/>\n\t<meta property=\"og:image:type\" content=\"image\/jpeg\" \/>\n<meta name=\"twitter:card\" content=\"summary_large_image\" \/>\n<script type=\"application\/ld+json\" class=\"yoast-schema-graph\">{\"@context\":\"https:\/\/schema.org\",\"@graph\":[{\"@type\":\"WebPage\",\"@id\":\"https:\/\/dev.freakuence.nl\/fr\/produit\/musical-fidelity-nu-vista-300-amplificateur-de-puissance\/\",\"url\":\"https:\/\/dev.freakuence.nl\/fr\/produit\/musical-fidelity-nu-vista-300-amplificateur-de-puissance\/\",\"name\":\"Musical Fidelity Nu-Vista 300 Amplificateur de puissance | Freakuence!\",\"isPartOf\":{\"@id\":\"https:\/\/dev.freakuence.nl\/fr\/#website\"},\"primaryImageOfPage\":{\"@id\":\"https:\/\/dev.freakuence.nl\/fr\/produit\/musical-fidelity-nu-vista-300-amplificateur-de-puissance\/#primaryimage\"},\"image\":{\"@id\":\"https:\/\/dev.freakuence.nl\/fr\/produit\/musical-fidelity-nu-vista-300-amplificateur-de-puissance\/#primaryimage\"},\"thumbnailUrl\":\"https:\/\/dev.freakuence.nl\/wp-content\/uploads\/2026\/04\/17750616433054-19139-IMG5079-2.jpg\",\"datePublished\":\"2026-04-01T18:24:28+00:00\",\"dateModified\":\"2026-04-01T18:57:13+00:00\",\"description\":\"Musical Fidelity Nu-Vista 300 : 300 W par canal, un son pur, une dynamique infinie. \u2713 HiFi neuve et d'occasion \u2713 Note du client : 4.9 sur 5 \u2713 Reprise \u2713 Session d'\u00e9coute\",\"breadcrumb\":{\"@id\":\"https:\/\/dev.freakuence.nl\/fr\/produit\/musical-fidelity-nu-vista-300-amplificateur-de-puissance\/#breadcrumb\"},\"inLanguage\":\"fr-FR\",\"potentialAction\":[{\"@type\":\"ReadAction\",\"target\":[\"https:\/\/dev.freakuence.nl\/fr\/produit\/musical-fidelity-nu-vista-300-amplificateur-de-puissance\/\"]}]},{\"@type\":\"ImageObject\",\"inLanguage\":\"fr-FR\",\"@id\":\"https:\/\/dev.freakuence.nl\/fr\/produit\/musical-fidelity-nu-vista-300-amplificateur-de-puissance\/#primaryimage\",\"url\":\"https:\/\/dev.freakuence.nl\/wp-content\/uploads\/2026\/04\/17750616433054-19139-IMG5079-2.jpg\",\"contentUrl\":\"https:\/\/dev.freakuence.nl\/wp-content\/uploads\/2026\/04\/17750616433054-19139-IMG5079-2.jpg\",\"width\":1800,\"height\":1200},{\"@type\":\"BreadcrumbList\",\"@id\":\"https:\/\/dev.freakuence.nl\/fr\/produit\/musical-fidelity-nu-vista-300-amplificateur-de-puissance\/#breadcrumb\",\"itemListElement\":[{\"@type\":\"ListItem\",\"position\":1,\"name\":\"Accueil\",\"item\":\"https:\/\/dev.freakuence.nl\/fr\/\"},{\"@type\":\"ListItem\",\"position\":2,\"name\":\"Produits\",\"item\":\"https:\/\/dev.freakuence.nl\/fr\/produits\/\"},{\"@type\":\"ListItem\",\"position\":3,\"name\":\"Musical Fidelity Nu-Vista 300 Amplificateur de puissance\"}]},{\"@type\":\"WebSite\",\"@id\":\"https:\/\/dev.freakuence.nl\/fr\/#website\",\"url\":\"https:\/\/dev.freakuence.nl\/fr\/\",\"name\":\"Freakuence!\",\"description\":\"Freakuence!\",\"publisher\":{\"@id\":\"https:\/\/dev.freakuence.nl\/fr\/#organization\"},\"alternateName\":\"Freakuence\",\"potentialAction\":[{\"@type\":\"SearchAction\",\"target\":{\"@type\":\"EntryPoint\",\"urlTemplate\":\"https:\/\/dev.freakuence.nl\/fr\/?s={search_term_string}\"},\"query-input\":{\"@type\":\"PropertyValueSpecification\",\"valueRequired\":true,\"valueName\":\"search_term_string\"}}],\"inLanguage\":\"fr-FR\"},{\"@type\":\"Organization\",\"@id\":\"https:\/\/dev.freakuence.nl\/fr\/#organization\",\"name\":\"Freakuence !\",\"url\":\"https:\/\/dev.freakuence.nl\/fr\/\",\"logo\":{\"@type\":\"ImageObject\",\"inLanguage\":\"fr-FR\",\"@id\":\"https:\/\/dev.freakuence.nl\/fr\/#\/schema\/logo\/image\/\",\"url\":\"https:\/\/dev.freakuence.nl\/wp-content\/uploads\/2022\/05\/Brown_3_RGB_Freakuence-1.png\",\"contentUrl\":\"https:\/\/dev.freakuence.nl\/wp-content\/uploads\/2022\/05\/Brown_3_RGB_Freakuence-1.png\",\"width\":2560,\"height\":684,\"caption\":\"Freakuence !\"},\"image\":{\"@id\":\"https:\/\/dev.freakuence.nl\/fr\/#\/schema\/logo\/image\/\"},\"sameAs\":[\"https:\/\/www.instagram.com\/freakuence_notorious_audio\/\"]}]}<\/script>\n<!-- \/ Yoast SEO plugin. -->","yoast_head_json":{"title":"Musical Fidelity Nu-Vista 300 Amplificateur de puissance | Freakuence!","description":"Musical Fidelity Nu-Vista 300 : 300 W par canal, un son pur, une dynamique infinie. \u2713 HiFi neuve et d'occasion \u2713 Note du client : 4.9 sur 5 \u2713 Reprise \u2713 Session d'\u00e9coute","robots":{"index":"noindex","follow":"follow","max-snippet":"max-snippet:-1","max-image-preview":"max-image-preview:large","max-video-preview":"max-video-preview:-1"},"og_locale":"fr_FR","og_type":"article","og_title":"Musical Fidelity Nu-Vista 300 Amplificateur de puissance | Freakuence!","og_description":"Musical Fidelity Nu-Vista 300 : 300 W par canal, un son pur, une dynamique infinie. \u2713 HiFi neuve et d'occasion \u2713 Note du client : 4.9 sur 5 \u2713 Reprise \u2713 Session d'\u00e9coute","og_url":"https:\/\/dev.freakuence.nl\/fr\/produit\/musical-fidelity-nu-vista-300-amplificateur-de-puissance\/","og_site_name":"Freakuence!","article_modified_time":"2026-04-01T18:57:13+00:00","og_image":[{"width":1800,"height":1200,"url":"https:\/\/dev.freakuence.nl\/wp-content\/uploads\/2026\/04\/17750616433054-19139-IMG5079-2.jpg","type":"image\/jpeg"}],"twitter_card":"summary_large_image","schema":{"@context":"https:\/\/schema.org","@graph":[{"@type":"WebPage","@id":"https:\/\/dev.freakuence.nl\/fr\/produit\/musical-fidelity-nu-vista-300-amplificateur-de-puissance\/","url":"https:\/\/dev.freakuence.nl\/fr\/produit\/musical-fidelity-nu-vista-300-amplificateur-de-puissance\/","name":"Musical Fidelity Nu-Vista 300 Amplificateur de puissance | Freakuence!","isPartOf":{"@id":"https:\/\/dev.freakuence.nl\/fr\/#website"},"primaryImageOfPage":{"@id":"https:\/\/dev.freakuence.nl\/fr\/produit\/musical-fidelity-nu-vista-300-amplificateur-de-puissance\/#primaryimage"},"image":{"@id":"https:\/\/dev.freakuence.nl\/fr\/produit\/musical-fidelity-nu-vista-300-amplificateur-de-puissance\/#primaryimage"},"thumbnailUrl":"https:\/\/dev.freakuence.nl\/wp-content\/uploads\/2026\/04\/17750616433054-19139-IMG5079-2.jpg","datePublished":"2026-04-01T18:24:28+00:00","dateModified":"2026-04-01T18:57:13+00:00","description":"Musical Fidelity Nu-Vista 300 : 300 W par canal, un son pur, une dynamique infinie. \u2713 HiFi neuve et d'occasion \u2713 Note du client : 4.9 sur 5 \u2713 Reprise \u2713 Session d'\u00e9coute","breadcrumb":{"@id":"https:\/\/dev.freakuence.nl\/fr\/produit\/musical-fidelity-nu-vista-300-amplificateur-de-puissance\/#breadcrumb"},"inLanguage":"fr-FR","potentialAction":[{"@type":"ReadAction","target":["https:\/\/dev.freakuence.nl\/fr\/produit\/musical-fidelity-nu-vista-300-amplificateur-de-puissance\/"]}]},{"@type":"ImageObject","inLanguage":"fr-FR","@id":"https:\/\/dev.freakuence.nl\/fr\/produit\/musical-fidelity-nu-vista-300-amplificateur-de-puissance\/#primaryimage","url":"https:\/\/dev.freakuence.nl\/wp-content\/uploads\/2026\/04\/17750616433054-19139-IMG5079-2.jpg","contentUrl":"https:\/\/dev.freakuence.nl\/wp-content\/uploads\/2026\/04\/17750616433054-19139-IMG5079-2.jpg","width":1800,"height":1200},{"@type":"BreadcrumbList","@id":"https:\/\/dev.freakuence.nl\/fr\/produit\/musical-fidelity-nu-vista-300-amplificateur-de-puissance\/#breadcrumb","itemListElement":[{"@type":"ListItem","position":1,"name":"Accueil","item":"https:\/\/dev.freakuence.nl\/fr\/"},{"@type":"ListItem","position":2,"name":"Produits","item":"https:\/\/dev.freakuence.nl\/fr\/produits\/"},{"@type":"ListItem","position":3,"name":"Musical Fidelity Nu-Vista 300 Amplificateur de puissance"}]},{"@type":"WebSite","@id":"https:\/\/dev.freakuence.nl\/fr\/#website","url":"https:\/\/dev.freakuence.nl\/fr\/","name":"Freakuence!","description":"Freakuence!","publisher":{"@id":"https:\/\/dev.freakuence.nl\/fr\/#organization"},"alternateName":"Freakuence","potentialAction":[{"@type":"SearchAction","target":{"@type":"EntryPoint","urlTemplate":"https:\/\/dev.freakuence.nl\/fr\/?s={search_term_string}"},"query-input":{"@type":"PropertyValueSpecification","valueRequired":true,"valueName":"search_term_string"}}],"inLanguage":"fr-FR"},{"@type":"Organization","@id":"https:\/\/dev.freakuence.nl\/fr\/#organization","name":"Freakuence !","url":"https:\/\/dev.freakuence.nl\/fr\/","logo":{"@type":"ImageObject","inLanguage":"fr-FR","@id":"https:\/\/dev.freakuence.nl\/fr\/#\/schema\/logo\/image\/","url":"https:\/\/dev.freakuence.nl\/wp-content\/uploads\/2022\/05\/Brown_3_RGB_Freakuence-1.png","contentUrl":"https:\/\/dev.freakuence.nl\/wp-content\/uploads\/2022\/05\/Brown_3_RGB_Freakuence-1.png","width":2560,"height":684,"caption":"Freakuence !"},"image":{"@id":"https:\/\/dev.freakuence.nl\/fr\/#\/schema\/logo\/image\/"},"sameAs":["https:\/\/www.instagram.com\/freakuence_notorious_audio\/"]}]}},"_links":{"self":[{"href":"https:\/\/dev.freakuence.nl\/fr\/wp-json\/wp\/v2\/product\/375191","targetHints":{"allow":["GET"]}}],"collection":[{"href":"https:\/\/dev.freakuence.nl\/fr\/wp-json\/wp\/v2\/product"}],"about":[{"href":"https:\/\/dev.freakuence.nl\/fr\/wp-json\/wp\/v2\/types\/product"}],"wp:featuredmedia":[{"embeddable":true,"href":"https:\/\/dev.freakuence.nl\/fr\/wp-json\/wp\/v2\/media\/403788"}],"wp:attachment":[{"href":"https:\/\/dev.freakuence.nl\/fr\/wp-json\/wp\/v2\/media?parent=375191"}],"wp:term":[{"taxonomy":"product_brand","embeddable":true,"href":"https:\/\/dev.freakuence.nl\/fr\/wp-json\/wp\/v2\/product_brand?post=375191"},{"taxonomy":"product_cat","embeddable":true,"href":"https:\/\/dev.freakuence.nl\/fr\/wp-json\/wp\/v2\/product_cat?post=375191"},{"taxonomy":"product_tag","embeddable":true,"href":"https:\/\/dev.freakuence.nl\/fr\/wp-json\/wp\/v2\/product_tag?post=375191"}],"curies":[{"name":"wp","href":"https:\/\/api.w.org\/{rel}","templated":true}]}}