{"id":375205,"date":"2026-04-01T20:33:49","date_gmt":"2026-04-01T18:33:49","guid":{"rendered":"https:\/\/freakuence.nl\/product\/musical-fidelity-nu-vista-300-preamplificateur\/"},"modified":"2026-04-10T15:47:03","modified_gmt":"2026-04-10T13:47:03","slug":"musical-fidelity-nu-vista-300-preamplificateur","status":"publish","type":"product","link":"https:\/\/dev.freakuence.nl\/fr\/produit\/musical-fidelity-nu-vista-300-preamplificateur\/","title":{"rendered":"Musical Fidelity Nu-Vista 300 Pr\u00e9amplificateur"},"content":{"rendered":"<div class=\"product-specifications-list\">\n<div class=\"specification-item row-header\"><span class=\"spec-content\"><strong>Description Freakuence !<\/strong><\/span><\/div>\n<div class=\"specification-item row-even\"><span class=\"spec-content\">Nous plongeons dans l&rsquo;univers du pr\u00e9amplificateur Musical Fidelity Nu-Vista 300. Il donne un bon coup de pouce au signal. Le r\u00e9sultat est un jeu agr\u00e9able, organique et immersif.  <\/span><\/div>\n<div class=\"specification-item row-header\"><span class=\"spec-content\"><strong>Description g\u00e9n\u00e9rale<\/strong><\/span><\/div>\n<div class=\"specification-item row-even\"><span class=\"spec-content\">Le pr\u00e9amplificateur Musical Fidelity Nu-Vista 300 est un pr\u00e9amplificateur de haute qualit\u00e9 qui joue un r\u00f4le crucial dans le syst\u00e8me audio. Ce pr\u00e9ampli utilise des tubes triodes 6CW4 Nuvistor, ce qui permet d&rsquo;obtenir une image sonore claire et d\u00e9taill\u00e9e.   <\/p>\n<p>Avec une conception de classe A discr\u00e8te et enti\u00e8rement \u00e9quilibr\u00e9e et une unit\u00e9 d&rsquo;alimentation s\u00e9par\u00e9e, le pr\u00e9amplificateur Musical Fidelity Nu-Vista 300 offre une reproduction sonore pr\u00e9cise et une large gamme dynamique. Le pr\u00e9ampli est con\u00e7u pour fonctionner parfaitement avec l&rsquo;amplificateur de puissance Nu-Vista 300, ce qui permet d&rsquo;obtenir une image st\u00e9r\u00e9o coh\u00e9rente et immersive.   <\/p>\n<p>Vous souhaitez d\u00e9couvrir par vous-m\u00eame les performances du pr\u00e9amplificateur Musical Fidelity Nu-Vista 300 ? Planifiez une s\u00e9ance d&rsquo;\u00e9coute pour \u00e9valuer la qualit\u00e9 du son, comparer ce pr\u00e9amplificateur \u00e0 d&rsquo;autres mod\u00e8les ou discuter des possibilit\u00e9s de reprise. <\/span><\/div>\n<div class=\"specification-item row-header\"><span class=\"spec-content\"><strong>Informations g\u00e9n\u00e9rales<\/strong><\/span><\/div>\n<div class=\"specification-item row-even\"><span class=\"spec-content\">Le pr\u00e9amplificateur Musical Fidelity Nu-Vista 300 a \u00e9t\u00e9 con\u00e7u avec le souci du d\u00e9tail et de la pr\u00e9cision dans la reproduction audio. La conception a b\u00e9n\u00e9fici\u00e9 de l&rsquo;aide d&rsquo;ing\u00e9nieurs recherchant la meilleure qualit\u00e9 sonore, notamment Tony Michaelson. L&rsquo;amplificateur utilise des tubes Nuvistor, connus pour leur fiabilit\u00e9 et leur microphonie minimale. Les composants et les mat\u00e9riaux sont soigneusement s\u00e9lectionn\u00e9s pour des performances et une durabilit\u00e9 optimales. Le bo\u00eetier est robuste et esth\u00e9tique, souvent fabriqu\u00e9 en aluminium de haute qualit\u00e9, ce qui garantit \u00e0 la fois la solidit\u00e9 et une bonne dissipation de la chaleur. Le c\u00e2blage interne est de haute qualit\u00e9 et contribue \u00e0 un son clair et naturel. Cet amplificateur est fabriqu\u00e9 selon des normes de qualit\u00e9 strictes qui garantissent d&rsquo;excellentes performances audio.      <\/span><\/div>\n<div class=\"specification-item row-header\"><span class=\"spec-content\"><strong>Histoire de la marque<\/strong><\/span><\/div>\n<div class=\"specification-item row-even\"><span class=\"spec-content\">Musical Fidelity a \u00e9t\u00e9 fond\u00e9e au d\u00e9but des ann\u00e9es 1980 et a lanc\u00e9 son premier produit, le pr\u00e9amplificateur, en 1982. En 1984, elle a lanc\u00e9 l&rsquo;amplificateur int\u00e9gr\u00e9 A1, qui a re\u00e7u les \u00e9loges de l&rsquo;industrie audio. Au fil des ans, elle a lanc\u00e9 plusieurs produits importants, tels que le Digilog, le premier DAC haut de gamme en 1987, et le d\u00e9sormais iconique pr\u00e9amplificateur Nu-Vista en 1997. Leurs produits sont connus pour utiliser \u00e0 la fois des technologies modernes et des conceptions traditionnelles, comme la combinaison de tubes et de transistors dans certains appareils.   <\/span><\/div>\n<\/div>\n","protected":false},"excerpt":{"rendered":"<p>Description Freakuence ! Nous plongeons dans l&rsquo;univers du pr\u00e9amplificateur Musical Fidelity Nu-Vista 300. Il donne un bon coup de pouce au signal. Le r\u00e9sultat est un jeu agr\u00e9able, organique et immersif. Description g\u00e9n\u00e9rale Le pr\u00e9amplificateur Musical Fidelity Nu-Vista 300 est un pr\u00e9amplificateur de haute qualit\u00e9 qui joue un r\u00f4le crucial dans le syst\u00e8me audio. Ce [&hellip;]<\/p>\n","protected":false},"featured_media":391617,"template":"","meta":{"_acf_changed":false,"inline_featured_image":false},"product_brand":[],"product_cat":[530,759,760],"product_tag":[533],"class_list":{"0":"post-375205","1":"product","2":"type-product","3":"status-publish","4":"has-post-thumbnail","6":"product_cat-amplificateurs","7":"product_cat-pre-amplificateurs","8":"product_cat-preamplificateurs-hybrides","9":"product_tag-used","10":"pa_kleur-argent","12":"first","13":"instock","14":"sold-individually","15":"purchasable","16":"product-type-simple"},"acf":{"website":true,"show_on_homepage":false,"brand_title":"Musical Fidelity","product_type":"Nu-Vista 300 Pre Amplifier","color":"Argent","subcolor":"","reserved_status":"0"},"_links":{"self":[{"href":"https:\/\/dev.freakuence.nl\/fr\/wp-json\/wp\/v2\/product\/375205","targetHints":{"allow":["GET"]}}],"collection":[{"href":"https:\/\/dev.freakuence.nl\/fr\/wp-json\/wp\/v2\/product"}],"about":[{"href":"https:\/\/dev.freakuence.nl\/fr\/wp-json\/wp\/v2\/types\/product"}],"wp:featuredmedia":[{"embeddable":true,"href":"https:\/\/dev.freakuence.nl\/fr\/wp-json\/wp\/v2\/media\/391617"}],"wp:attachment":[{"href":"https:\/\/dev.freakuence.nl\/fr\/wp-json\/wp\/v2\/media?parent=375205"}],"wp:term":[{"taxonomy":"product_brand","embeddable":true,"href":"https:\/\/dev.freakuence.nl\/fr\/wp-json\/wp\/v2\/product_brand?post=375205"},{"taxonomy":"product_cat","embeddable":true,"href":"https:\/\/dev.freakuence.nl\/fr\/wp-json\/wp\/v2\/product_cat?post=375205"},{"taxonomy":"product_tag","embeddable":true,"href":"https:\/\/dev.freakuence.nl\/fr\/wp-json\/wp\/v2\/product_tag?post=375205"}],"curies":[{"name":"wp","href":"https:\/\/api.w.org\/{rel}","templated":true}]}}