{"id":375869,"date":"2026-04-01T21:00:21","date_gmt":"2026-04-01T19:00:21","guid":{"rendered":"https:\/\/freakuence.nl\/product\/infinity-infinity-alpha-50-2\/"},"modified":"2026-04-10T15:46:23","modified_gmt":"2026-04-10T13:46:23","slug":"infinity-infinity-alpha-50-2","status":"publish","type":"product","link":"https:\/\/dev.freakuence.nl\/fr\/produit\/infinity-infinity-alpha-50-2\/","title":{"rendered":"Infinity Infinity Alpha 50"},"content":{"rendered":"<div class=\"product-specifications-list\">\n<div class=\"specification-item row-header\"><span class=\"spec-content\"><strong>Description Freakuence !<\/strong><\/span><\/div>\n<div class=\"specification-item row-even\"><span class=\"spec-content\">Les classiques ! C&rsquo;\u00e9tait il y a un certain temps, mais c&rsquo;est agr\u00e9able de le retrouver sur le stand. Retour aux sources. Cette enceinte de sol est une conception \u00e0 trois voies d&rsquo;une hauteur de plus d&rsquo;un m\u00e8tre. Elle utilise la technologie brevet\u00e9e d&rsquo;Infinity (toujours agr\u00e9able de pouvoir s&rsquo;en vanter) Ceramic Metal Matrix Diaphragm (C.M.M.D.), qui garantit une reproduction claire et pr\u00e9cise sur toute la gamme de fr\u00e9quences.    <\/span><\/div>\n<div class=\"specification-item row-header\"><span class=\"spec-content\"><strong>Description g\u00e9n\u00e9rale<\/strong><\/span><\/div>\n<div class=\"specification-item row-even\"><span class=\"spec-content\">L&rsquo;Infinity Alpha 50 est une enceinte colonne connue pour sa reproduction sonore claire et sa dynamique impressionnante. Avec une conception \u00e0 trois voies et une enceinte bass-reflex, l&rsquo;Alpha 50 d\u00e9livre une image sonore \u00e9quilibr\u00e9e avec des basses profondes et des aigus d\u00e9taill\u00e9s.   <\/p>\n<p>Gr\u00e2ce \u00e0 sa sensibilit\u00e9 \u00e9lev\u00e9e de 91 dB et \u00e0 son imp\u00e9dance nominale de 8 ohms, l&rsquo;Infinity Alpha 50 est compatible avec une grande vari\u00e9t\u00e9 d&rsquo;amplificateurs, ce qui garantit une installation flexible dans votre syst\u00e8me audio. Sa construction robuste et son design soign\u00e9 contribuent \u00e0 une image st\u00e9r\u00e9o pr\u00e9cise et \u00e0 une reproduction sonore r\u00e9aliste. <\/p>\n<p>Vous souhaitez d\u00e9couvrir les performances de l&rsquo;Infinity Alpha 50 par vous-m\u00eame ? Planifiez une s\u00e9ance d&rsquo;\u00e9coute dans notre salle d&rsquo;\u00e9coute ou contactez-nous pour discuter des options de reprise. <\/span><\/div>\n<div class=\"specification-item row-header\"><span class=\"spec-content\"><strong>Informations g\u00e9n\u00e9rales<\/strong><\/span><\/div>\n<div class=\"specification-item row-even\"><span class=\"spec-content\">Les enceintes Infinity Alpha 50 d&rsquo;Infinity sont connues pour leur technologie avanc\u00e9e et leur design qui impressionne \u00e0 la fois sur le plan esth\u00e9tique et sonore. Con\u00e7ues par une \u00e9quipe d&rsquo;ing\u00e9nieurs experts, les Alpha 50 mettent en avant l&rsquo;utilisation de mat\u00e9riaux de haute qualit\u00e9 tels que les membranes CMMD (Ceramic Metal Matrix Diaphragms) brevet\u00e9es, qui garantissent une clart\u00e9 et une reproduction audio pr\u00e9cise. Le coffret est solide et soigneusement construit pour une r\u00e9sonance minimale, en MDF robuste avec une finition luxueuse. Les c\u00e2bles internes sont de haute qualit\u00e9 pour minimiser la perte de signal. La philosophie de conception s&rsquo;articule autour de la pr\u00e9cision et du d\u00e9tail, pour une exp\u00e9rience d&rsquo;\u00e9coute immersive.    <\/span><\/div>\n<div class=\"specification-item row-header\"><span class=\"spec-content\"><strong>Histoire de la marque<\/strong><\/span><\/div>\n<div class=\"specification-item row-even\"><span class=\"spec-content\">Infinity a \u00e9t\u00e9 fond\u00e9e en 1968 \u00e0 Los Angeles, en Californie. La soci\u00e9t\u00e9 est n\u00e9e de la collaboration entre Arnie Nudell, John Ulrick et Carey Christie. Leur premier produit est le mod\u00e8le Servo-Statik 1, connu \u00e0 l&rsquo;\u00e9poque pour son utilisation innovante de haut-parleurs \u00e9lectrostatiques avec des technologies conventionnelles. Ce mod\u00e8le a jet\u00e9 les bases de la r\u00e9putation de l&rsquo;entreprise en mati\u00e8re d&rsquo;\u00e9quipements sonores dot\u00e9s de caract\u00e9ristiques technologiques avanc\u00e9es. Au fil des ans, Infinity a lanc\u00e9 plusieurs lignes de produits qui se distinguaient par leurs sp\u00e9cifications techniques et leur design. Dans les ann\u00e9es 1980 et 1990, la marque a fait l&rsquo;objet d&rsquo;acquisitions et de fusions plus importantes dans le secteur, ce qui a eu une incidence sur la gamme de produits et la strat\u00e9gie de l&rsquo;entreprise. Infinity continue d&rsquo;exister en tant que marque pr\u00e9sente sur diff\u00e9rents march\u00e9s, en mettant l&rsquo;accent sur des solutions sonores de haute qualit\u00e9.      <\/span><\/div>\n<\/div>\n","protected":false},"excerpt":{"rendered":"<p>Description Freakuence ! Les classiques ! C&rsquo;\u00e9tait il y a un certain temps, mais c&rsquo;est agr\u00e9able de le retrouver sur le stand. Retour aux sources. Cette enceinte de sol est une conception \u00e0 trois voies d&rsquo;une hauteur de plus d&rsquo;un m\u00e8tre. Elle utilise la technologie brevet\u00e9e d&rsquo;Infinity (toujours agr\u00e9able de pouvoir s&rsquo;en vanter) Ceramic Metal [&hellip;]<\/p>\n","protected":false},"featured_media":391639,"template":"","meta":{"_acf_changed":false,"inline_featured_image":false},"product_brand":[],"product_cat":[705,543],"product_tag":[533],"class_list":{"0":"post-375869","1":"product","2":"type-product","3":"status-publish","4":"has-post-thumbnail","6":"product_cat-haut-parleurs-de-colonne","7":"product_cat-intervenants","8":"product_tag-used","9":"pa_kleur-chene","11":"first","12":"instock","13":"sold-individually","14":"purchasable","15":"product-type-simple"},"acf":{"website":true,"show_on_homepage":false,"brand_title":"Infinity","product_type":"Infinity Alpha 50","color":"Ch\u00eane","subcolor":"","reserved_status":"0"},"yoast_head":"<!-- This site is optimized with the Yoast SEO plugin v25.9 - https:\/\/yoast.com\/wordpress\/plugins\/seo\/ -->\n<title>Infinity Infinity Alpha 50 | Freakuence!<\/title>\n<meta name=\"description\" content=\"Les enceintes colonne Infinity Alpha 50 offrent des basses impressionnantes, des m\u00e9diums clairs et des aigus \u00e9tincelants. \u2713 HiFi neuf et d&#039;occasion \u2713 Note du client : 4.9 sur 5 \u2713 Reprise \u2713 Session d&#039;\u00e9coute\" \/>\n<meta name=\"robots\" content=\"noindex, follow, max-snippet:-1, max-image-preview:large, max-video-preview:-1\" \/>\n<meta property=\"og:locale\" content=\"fr_FR\" \/>\n<meta property=\"og:type\" content=\"article\" \/>\n<meta property=\"og:title\" content=\"Infinity Infinity Alpha 50 | Freakuence!\" \/>\n<meta property=\"og:description\" content=\"Les enceintes colonne Infinity Alpha 50 offrent des basses impressionnantes, des m\u00e9diums clairs et des aigus \u00e9tincelants. \u2713 HiFi neuf et d&#039;occasion \u2713 Note du client : 4.9 sur 5 \u2713 Reprise \u2713 Session d&#039;\u00e9coute\" \/>\n<meta property=\"og:url\" content=\"https:\/\/dev.freakuence.nl\/fr\/produit\/infinity-infinity-alpha-50-2\/\" \/>\n<meta property=\"og:site_name\" content=\"Freakuence!\" \/>\n<meta property=\"article:modified_time\" content=\"2026-04-10T13:46:23+00:00\" \/>\n<meta property=\"og:image\" content=\"https:\/\/dev.freakuence.nl\/wp-content\/uploads\/2026\/04\/17750620848680-19147-IMG5133-1-scaled.jpg\" \/>\n\t<meta property=\"og:image:width\" content=\"1200\" \/>\n\t<meta property=\"og:image:height\" content=\"1800\" \/>\n\t<meta property=\"og:image:type\" content=\"image\/jpeg\" \/>\n<meta name=\"twitter:card\" content=\"summary_large_image\" \/>\n<script type=\"application\/ld+json\" class=\"yoast-schema-graph\">{\"@context\":\"https:\/\/schema.org\",\"@graph\":[{\"@type\":\"WebPage\",\"@id\":\"https:\/\/dev.freakuence.nl\/fr\/produit\/infinity-infinity-alpha-50-2\/\",\"url\":\"https:\/\/dev.freakuence.nl\/fr\/produit\/infinity-infinity-alpha-50-2\/\",\"name\":\"Infinity Infinity Alpha 50 | Freakuence!\",\"isPartOf\":{\"@id\":\"https:\/\/dev.freakuence.nl\/fr\/#website\"},\"primaryImageOfPage\":{\"@id\":\"https:\/\/dev.freakuence.nl\/fr\/produit\/infinity-infinity-alpha-50-2\/#primaryimage\"},\"image\":{\"@id\":\"https:\/\/dev.freakuence.nl\/fr\/produit\/infinity-infinity-alpha-50-2\/#primaryimage\"},\"thumbnailUrl\":\"https:\/\/dev.freakuence.nl\/wp-content\/uploads\/2026\/04\/17750620848680-19147-IMG5133-1-scaled.jpg\",\"datePublished\":\"2026-04-01T19:00:21+00:00\",\"dateModified\":\"2026-04-10T13:46:23+00:00\",\"description\":\"Les enceintes colonne Infinity Alpha 50 offrent des basses impressionnantes, des m\u00e9diums clairs et des aigus \u00e9tincelants. \u2713 HiFi neuf et d'occasion \u2713 Note du client : 4.9 sur 5 \u2713 Reprise \u2713 Session d'\u00e9coute\",\"breadcrumb\":{\"@id\":\"https:\/\/dev.freakuence.nl\/fr\/produit\/infinity-infinity-alpha-50-2\/#breadcrumb\"},\"inLanguage\":\"fr-FR\",\"potentialAction\":[{\"@type\":\"ReadAction\",\"target\":[\"https:\/\/dev.freakuence.nl\/fr\/produit\/infinity-infinity-alpha-50-2\/\"]}]},{\"@type\":\"ImageObject\",\"inLanguage\":\"fr-FR\",\"@id\":\"https:\/\/dev.freakuence.nl\/fr\/produit\/infinity-infinity-alpha-50-2\/#primaryimage\",\"url\":\"https:\/\/dev.freakuence.nl\/wp-content\/uploads\/2026\/04\/17750620848680-19147-IMG5133-1-scaled.jpg\",\"contentUrl\":\"https:\/\/dev.freakuence.nl\/wp-content\/uploads\/2026\/04\/17750620848680-19147-IMG5133-1-scaled.jpg\",\"width\":1200,\"height\":1800},{\"@type\":\"BreadcrumbList\",\"@id\":\"https:\/\/dev.freakuence.nl\/fr\/produit\/infinity-infinity-alpha-50-2\/#breadcrumb\",\"itemListElement\":[{\"@type\":\"ListItem\",\"position\":1,\"name\":\"Accueil\",\"item\":\"https:\/\/dev.freakuence.nl\/fr\/\"},{\"@type\":\"ListItem\",\"position\":2,\"name\":\"Produits\",\"item\":\"https:\/\/dev.freakuence.nl\/fr\/produits\/\"},{\"@type\":\"ListItem\",\"position\":3,\"name\":\"Infinity Infinity Alpha 50\"}]},{\"@type\":\"WebSite\",\"@id\":\"https:\/\/dev.freakuence.nl\/fr\/#website\",\"url\":\"https:\/\/dev.freakuence.nl\/fr\/\",\"name\":\"Freakuence!\",\"description\":\"Freakuence!\",\"publisher\":{\"@id\":\"https:\/\/dev.freakuence.nl\/fr\/#organization\"},\"alternateName\":\"Freakuence\",\"potentialAction\":[{\"@type\":\"SearchAction\",\"target\":{\"@type\":\"EntryPoint\",\"urlTemplate\":\"https:\/\/dev.freakuence.nl\/fr\/?s={search_term_string}\"},\"query-input\":{\"@type\":\"PropertyValueSpecification\",\"valueRequired\":true,\"valueName\":\"search_term_string\"}}],\"inLanguage\":\"fr-FR\"},{\"@type\":\"Organization\",\"@id\":\"https:\/\/dev.freakuence.nl\/fr\/#organization\",\"name\":\"Freakuence !\",\"url\":\"https:\/\/dev.freakuence.nl\/fr\/\",\"logo\":{\"@type\":\"ImageObject\",\"inLanguage\":\"fr-FR\",\"@id\":\"https:\/\/dev.freakuence.nl\/fr\/#\/schema\/logo\/image\/\",\"url\":\"https:\/\/dev.freakuence.nl\/wp-content\/uploads\/2022\/05\/Brown_3_RGB_Freakuence-1.png\",\"contentUrl\":\"https:\/\/dev.freakuence.nl\/wp-content\/uploads\/2022\/05\/Brown_3_RGB_Freakuence-1.png\",\"width\":2560,\"height\":684,\"caption\":\"Freakuence !\"},\"image\":{\"@id\":\"https:\/\/dev.freakuence.nl\/fr\/#\/schema\/logo\/image\/\"},\"sameAs\":[\"https:\/\/www.instagram.com\/freakuence_notorious_audio\/\"]}]}<\/script>\n<!-- \/ Yoast SEO plugin. -->","yoast_head_json":{"title":"Infinity Infinity Alpha 50 | Freakuence!","description":"Les enceintes colonne Infinity Alpha 50 offrent des basses impressionnantes, des m\u00e9diums clairs et des aigus \u00e9tincelants. \u2713 HiFi neuf et d'occasion \u2713 Note du client : 4.9 sur 5 \u2713 Reprise \u2713 Session d'\u00e9coute","robots":{"index":"noindex","follow":"follow","max-snippet":"max-snippet:-1","max-image-preview":"max-image-preview:large","max-video-preview":"max-video-preview:-1"},"og_locale":"fr_FR","og_type":"article","og_title":"Infinity Infinity Alpha 50 | Freakuence!","og_description":"Les enceintes colonne Infinity Alpha 50 offrent des basses impressionnantes, des m\u00e9diums clairs et des aigus \u00e9tincelants. \u2713 HiFi neuf et d'occasion \u2713 Note du client : 4.9 sur 5 \u2713 Reprise \u2713 Session d'\u00e9coute","og_url":"https:\/\/dev.freakuence.nl\/fr\/produit\/infinity-infinity-alpha-50-2\/","og_site_name":"Freakuence!","article_modified_time":"2026-04-10T13:46:23+00:00","og_image":[{"width":1200,"height":1800,"url":"https:\/\/dev.freakuence.nl\/wp-content\/uploads\/2026\/04\/17750620848680-19147-IMG5133-1-scaled.jpg","type":"image\/jpeg"}],"twitter_card":"summary_large_image","schema":{"@context":"https:\/\/schema.org","@graph":[{"@type":"WebPage","@id":"https:\/\/dev.freakuence.nl\/fr\/produit\/infinity-infinity-alpha-50-2\/","url":"https:\/\/dev.freakuence.nl\/fr\/produit\/infinity-infinity-alpha-50-2\/","name":"Infinity Infinity Alpha 50 | Freakuence!","isPartOf":{"@id":"https:\/\/dev.freakuence.nl\/fr\/#website"},"primaryImageOfPage":{"@id":"https:\/\/dev.freakuence.nl\/fr\/produit\/infinity-infinity-alpha-50-2\/#primaryimage"},"image":{"@id":"https:\/\/dev.freakuence.nl\/fr\/produit\/infinity-infinity-alpha-50-2\/#primaryimage"},"thumbnailUrl":"https:\/\/dev.freakuence.nl\/wp-content\/uploads\/2026\/04\/17750620848680-19147-IMG5133-1-scaled.jpg","datePublished":"2026-04-01T19:00:21+00:00","dateModified":"2026-04-10T13:46:23+00:00","description":"Les enceintes colonne Infinity Alpha 50 offrent des basses impressionnantes, des m\u00e9diums clairs et des aigus \u00e9tincelants. \u2713 HiFi neuf et d'occasion \u2713 Note du client : 4.9 sur 5 \u2713 Reprise \u2713 Session d'\u00e9coute","breadcrumb":{"@id":"https:\/\/dev.freakuence.nl\/fr\/produit\/infinity-infinity-alpha-50-2\/#breadcrumb"},"inLanguage":"fr-FR","potentialAction":[{"@type":"ReadAction","target":["https:\/\/dev.freakuence.nl\/fr\/produit\/infinity-infinity-alpha-50-2\/"]}]},{"@type":"ImageObject","inLanguage":"fr-FR","@id":"https:\/\/dev.freakuence.nl\/fr\/produit\/infinity-infinity-alpha-50-2\/#primaryimage","url":"https:\/\/dev.freakuence.nl\/wp-content\/uploads\/2026\/04\/17750620848680-19147-IMG5133-1-scaled.jpg","contentUrl":"https:\/\/dev.freakuence.nl\/wp-content\/uploads\/2026\/04\/17750620848680-19147-IMG5133-1-scaled.jpg","width":1200,"height":1800},{"@type":"BreadcrumbList","@id":"https:\/\/dev.freakuence.nl\/fr\/produit\/infinity-infinity-alpha-50-2\/#breadcrumb","itemListElement":[{"@type":"ListItem","position":1,"name":"Accueil","item":"https:\/\/dev.freakuence.nl\/fr\/"},{"@type":"ListItem","position":2,"name":"Produits","item":"https:\/\/dev.freakuence.nl\/fr\/produits\/"},{"@type":"ListItem","position":3,"name":"Infinity Infinity Alpha 50"}]},{"@type":"WebSite","@id":"https:\/\/dev.freakuence.nl\/fr\/#website","url":"https:\/\/dev.freakuence.nl\/fr\/","name":"Freakuence!","description":"Freakuence!","publisher":{"@id":"https:\/\/dev.freakuence.nl\/fr\/#organization"},"alternateName":"Freakuence","potentialAction":[{"@type":"SearchAction","target":{"@type":"EntryPoint","urlTemplate":"https:\/\/dev.freakuence.nl\/fr\/?s={search_term_string}"},"query-input":{"@type":"PropertyValueSpecification","valueRequired":true,"valueName":"search_term_string"}}],"inLanguage":"fr-FR"},{"@type":"Organization","@id":"https:\/\/dev.freakuence.nl\/fr\/#organization","name":"Freakuence !","url":"https:\/\/dev.freakuence.nl\/fr\/","logo":{"@type":"ImageObject","inLanguage":"fr-FR","@id":"https:\/\/dev.freakuence.nl\/fr\/#\/schema\/logo\/image\/","url":"https:\/\/dev.freakuence.nl\/wp-content\/uploads\/2022\/05\/Brown_3_RGB_Freakuence-1.png","contentUrl":"https:\/\/dev.freakuence.nl\/wp-content\/uploads\/2022\/05\/Brown_3_RGB_Freakuence-1.png","width":2560,"height":684,"caption":"Freakuence !"},"image":{"@id":"https:\/\/dev.freakuence.nl\/fr\/#\/schema\/logo\/image\/"},"sameAs":["https:\/\/www.instagram.com\/freakuence_notorious_audio\/"]}]}},"_links":{"self":[{"href":"https:\/\/dev.freakuence.nl\/fr\/wp-json\/wp\/v2\/product\/375869","targetHints":{"allow":["GET"]}}],"collection":[{"href":"https:\/\/dev.freakuence.nl\/fr\/wp-json\/wp\/v2\/product"}],"about":[{"href":"https:\/\/dev.freakuence.nl\/fr\/wp-json\/wp\/v2\/types\/product"}],"wp:featuredmedia":[{"embeddable":true,"href":"https:\/\/dev.freakuence.nl\/fr\/wp-json\/wp\/v2\/media\/391639"}],"wp:attachment":[{"href":"https:\/\/dev.freakuence.nl\/fr\/wp-json\/wp\/v2\/media?parent=375869"}],"wp:term":[{"taxonomy":"product_brand","embeddable":true,"href":"https:\/\/dev.freakuence.nl\/fr\/wp-json\/wp\/v2\/product_brand?post=375869"},{"taxonomy":"product_cat","embeddable":true,"href":"https:\/\/dev.freakuence.nl\/fr\/wp-json\/wp\/v2\/product_cat?post=375869"},{"taxonomy":"product_tag","embeddable":true,"href":"https:\/\/dev.freakuence.nl\/fr\/wp-json\/wp\/v2\/product_tag?post=375869"}],"curies":[{"name":"wp","href":"https:\/\/api.w.org\/{rel}","templated":true}]}}