{"id":380582,"date":"2026-04-08T14:09:41","date_gmt":"2026-04-08T12:09:41","guid":{"rendered":"https:\/\/freakuence.nl\/product\/ansuz-darkz-s2t\/"},"modified":"2026-04-10T15:47:14","modified_gmt":"2026-04-10T13:47:14","slug":"ansuz-darkz-s2t","status":"publish","type":"product","link":"https:\/\/dev.freakuence.nl\/fr\/produit\/ansuz-darkz-s2t\/","title":{"rendered":"Ansuz Darkz S2T"},"content":{"rendered":"<div class=\"product-specifications-list\">\n<div class=\"specification-item row-header\"><span class=\"spec-content\"><strong>Description Freakuence !<\/strong><\/span><\/div>\n<div class=\"specification-item row-even\"><span class=\"spec-content\">Cher ! Bizarre, of course. Mais laissez le r\u00e9sultat vous convaincre&#8230;.  <\/span><\/div>\n<div class=\"specification-item row-header\"><span class=\"spec-content\"><strong>D\u00e9tails<\/strong><\/span><\/div>\n<div class=\"specification-item row-even\"><span class=\"spec-content\">Vous \u00eates curieux ? N&rsquo;h\u00e9sitez pas \u00e0 nous envoyer un message. Vous pouvez d&rsquo;abord v\u00e9rifier.  <\/span><\/div>\n<div class=\"specification-item row-header\"><span class=\"spec-content\"><strong>Description g\u00e9n\u00e9rale<\/strong><\/span><\/div>\n<div class=\"specification-item row-even\"><span class=\"spec-content\">Le Darkz S2T d&rsquo;Ansuz est un dispositif de contr\u00f4le de la r\u00e9sonance con\u00e7u pour absorber les vibrations ind\u00e9sirables dans votre syst\u00e8me audio. En utilisant des disques en acier inoxydable et des billes en titane, le Darkz S2T cr\u00e9e une sc\u00e8ne sonore naturelle et organique, reproduisant les d\u00e9tails musicaux avec plus de clart\u00e9 et de dynamisme.   <\/p>\n<p>La construction consiste en trois disques en acier inoxydable, frais\u00e9s par CNC pour une stabilit\u00e9 optimale, avec des billes en titane entre les deux pour garantir un amortissement efficace des vibrations. Cette combinaison contribue \u00e0 une reproduction sonore holistique et \u00e0 une meilleure image st\u00e9r\u00e9o.   <\/p>\n<p>Vous voulez d\u00e9couvrir l&rsquo;impact de l&rsquo;Ansuz Darkz S2T par vous-m\u00eame ? Planifiez une s\u00e9ance d&rsquo;\u00e9coute dans notre salle d&rsquo;\u00e9coute et d\u00e9couvrez comment cet accessoire peut enrichir votre exp\u00e9rience musicale. <\/span><\/div>\n<div class=\"specification-item row-header\"><span class=\"spec-content\"><strong>Informations g\u00e9n\u00e9rales<\/strong><\/span><\/div>\n<div class=\"specification-item row-even\"><span class=\"spec-content\">Le Darkz S2T d&rsquo;Ansuz est con\u00e7u pour minimiser les r\u00e9sonances ind\u00e9sirables dans les syst\u00e8mes audio haut de gamme. Con\u00e7u par les ing\u00e9nieurs d&rsquo;Ansuz Acoustics, le S2T utilise des mat\u00e9riaux soigneusement s\u00e9lectionn\u00e9s, notamment du titane et un alliage sp\u00e9cial pour un amortissement optimal. Ces mat\u00e9riaux sont s\u00e9lectionn\u00e9s en fonction de leurs propri\u00e9t\u00e9s acoustiques et proviennent de fournisseurs de premier plan. La forme et la construction uniques garantissent un contr\u00f4le optimis\u00e9 des vibrations. Les processus de fabrication sont de haute technologie et combinent l&rsquo;artisanat traditionnel avec des techniques modernes, ce qui permet d&rsquo;obtenir un produit qui enrichit la reproduction sonore.    <\/span><\/div>\n<div class=\"specification-item row-header\"><span class=\"spec-content\"><strong>Histoire de la marque<\/strong><\/span><\/div>\n<div class=\"specification-item row-even\"><span class=\"spec-content\">Ansuz a \u00e9t\u00e9 fond\u00e9e par Lars Kristensen et Michael B\u00f8rresen. La marque est bas\u00e9e \u00e0 Aalborg, au Danemark. Le d\u00e9veloppement des produits a lieu dans une installation sp\u00e9cialis\u00e9e o\u00f9 la conception, les essais et l&rsquo;assemblage sont effectu\u00e9s par une \u00e9quipe permanente. Dans ses produits, Ansuz applique des technologies de c\u00e2ble telles que le D-TC (Direct Transfer of Charge), entre autres, ainsi que des m\u00e9thodes visant \u00e0 r\u00e9duire la r\u00e9sonance m\u00e9canique et le bruit \u00e9lectrique. Tous les composants sont con\u00e7us, fabriqu\u00e9s et assembl\u00e9s au Danemark. Les lignes de produits comprennent des s\u00e9ries de c\u00e2bles et des accessoires, avec des variations dans les techniques de conduction et les compositions de mat\u00e9riaux tels que le cuivre et l&rsquo;argent. La construction des connecteurs et des \u00e9l\u00e9ments conducteurs suit des principes de conception fixes qui diff\u00e8rent d&rsquo;une ligne de produits \u00e0 l&rsquo;autre.      <\/span><\/div>\n<\/div>\n","protected":false},"excerpt":{"rendered":"<p>Description Freakuence ! Cher ! Bizarre, of course. Mais laissez le r\u00e9sultat vous convaincre&#8230;. D\u00e9tails Vous \u00eates curieux ? N&rsquo;h\u00e9sitez pas \u00e0 nous envoyer un message. Vous pouvez d&rsquo;abord v\u00e9rifier. Description g\u00e9n\u00e9rale Le Darkz S2T d&rsquo;Ansuz est un dispositif de contr\u00f4le de la r\u00e9sonance con\u00e7u pour absorber les vibrations ind\u00e9sirables dans votre syst\u00e8me audio. En [&hellip;]<\/p>\n","protected":false},"featured_media":391549,"template":"","meta":{"_acf_changed":false,"inline_featured_image":false},"product_brand":[],"product_cat":[701,781],"product_tag":[533],"class_list":{"0":"post-380582","1":"product","2":"type-product","3":"status-publish","4":"has-post-thumbnail","6":"product_cat-ameliorations","7":"product_cat-pointes-et-decouplage","8":"product_tag-used","9":"pa_kleur-argent","11":"first","12":"instock","13":"sold-individually","14":"purchasable","15":"product-type-simple"},"acf":{"website":true,"show_on_homepage":false,"brand_title":"Ansuz","product_type":"Darkz S2T","color":"Argent","subcolor":"","reserved_status":"0"},"_links":{"self":[{"href":"https:\/\/dev.freakuence.nl\/fr\/wp-json\/wp\/v2\/product\/380582","targetHints":{"allow":["GET"]}}],"collection":[{"href":"https:\/\/dev.freakuence.nl\/fr\/wp-json\/wp\/v2\/product"}],"about":[{"href":"https:\/\/dev.freakuence.nl\/fr\/wp-json\/wp\/v2\/types\/product"}],"wp:featuredmedia":[{"embeddable":true,"href":"https:\/\/dev.freakuence.nl\/fr\/wp-json\/wp\/v2\/media\/391549"}],"wp:attachment":[{"href":"https:\/\/dev.freakuence.nl\/fr\/wp-json\/wp\/v2\/media?parent=380582"}],"wp:term":[{"taxonomy":"product_brand","embeddable":true,"href":"https:\/\/dev.freakuence.nl\/fr\/wp-json\/wp\/v2\/product_brand?post=380582"},{"taxonomy":"product_cat","embeddable":true,"href":"https:\/\/dev.freakuence.nl\/fr\/wp-json\/wp\/v2\/product_cat?post=380582"},{"taxonomy":"product_tag","embeddable":true,"href":"https:\/\/dev.freakuence.nl\/fr\/wp-json\/wp\/v2\/product_tag?post=380582"}],"curies":[{"name":"wp","href":"https:\/\/api.w.org\/{rel}","templated":true}]}}