{"id":380602,"date":"2026-04-08T14:34:25","date_gmt":"2026-04-08T12:34:25","guid":{"rendered":"https:\/\/freakuence.nl\/product\/mark-levinson-n-5802\/"},"modified":"2026-04-08T14:34:25","modified_gmt":"2026-04-08T12:34:25","slug":"mark-levinson-n-5802","status":"publish","type":"product","link":"https:\/\/dev.freakuence.nl\/fr\/produit\/mark-levinson-n-5802\/","title":{"rendered":"Mark Levinson n\u00b0 5802"},"content":{"rendered":"<div class=\"product-specifications-list\">\n<div class=\"specification-item row-header\"><span class=\"spec-content\"><strong>Description Freakuence !<\/strong><\/span><\/div>\n<div class=\"specification-item row-even\"><span class=\"spec-content\">Un grand gar\u00e7on dans le magasin. Le Mark Levinson No.5802 est un amplificateur qui g\u00e2te vos oreilles avec une reproduction claire et d\u00e9taill\u00e9e. Les aigus sont extr\u00eamement \u00e9tincelants sans \u00eatre tranchants, tandis que les m\u00e9diums sont chauds et naturels. Le grave de Mark Levinson arrive par vagues, sous vos pieds, contre vos tibias, dans votre ventre. D\u00e9finition des basses !    <\/span><\/div>\n<div class=\"specification-item row-odd\"><span class=\"spec-content\">Prix de vente : 9990.00<\/span><\/div>\n<div class=\"specification-item row-header\"><span class=\"spec-content\"><strong>D\u00e9tails<\/strong><\/span><\/div>\n<div class=\"specification-item row-even\"><span class=\"spec-content\">8 mois.<\/span><\/div>\n<div class=\"specification-item row-header\"><span class=\"spec-content\"><strong>Description g\u00e9n\u00e9rale<\/strong><\/span><\/div>\n<div class=\"specification-item row-even\"><span class=\"spec-content\">Le Mark Levinson No.5802 est un amplificateur int\u00e9gr\u00e9 qui reproduit les sources audio num\u00e9riques avec une pr\u00e9cision et une clart\u00e9 in\u00e9gal\u00e9es. Cet amplificateur combine un pr\u00e9amplificateur de haute qualit\u00e9 avec un amplificateur de puissance de classe A\/B, ce qui permet d&rsquo;obtenir une reproduction sonore dynamique et d\u00e9taill\u00e9e. Gr\u00e2ce au DAC Precision Link II int\u00e9gr\u00e9, les signaux num\u00e9riques sont convertis avec pr\u00e9cision, ce qui permet d&rsquo;obtenir une image sonore riche et d\u00e9taill\u00e9e.  <\/p>\n<p>Avec une alimentation puissante et une construction robuste, le Mark Levinson No.5802 d\u00e9livre suffisamment de puissance pour piloter les enceintes sans effort, garantissant une image st\u00e9r\u00e9o large et une dynamique impressionnante. L&rsquo;ampli est \u00e9quip\u00e9 de plusieurs entr\u00e9es num\u00e9riques, notamment AES, USB, S\/PDIF coaxial et optique, ainsi que Bluetooth avec prise en charge aptX HD, ce qui vous permet de connecter facilement diverses sources num\u00e9riques. <\/p>\n<p>Vous souhaitez d\u00e9couvrir le Mark Levinson No.5802 par vous-m\u00eame ? Planifiez une s\u00e9ance d&rsquo;\u00e9coute pour d\u00e9couvrir sa qualit\u00e9 sonore exceptionnelle ou discutez des possibilit\u00e9s de reprise et de comparaison avec d&rsquo;autres mod\u00e8les. <\/span><\/div>\n<div class=\"specification-item row-header\"><span class=\"spec-content\"><strong>Informations g\u00e9n\u00e9rales<\/strong><\/span><\/div>\n<div class=\"specification-item row-even\"><span class=\"spec-content\">Le Mark Levinson No.5802 est un amplificateur int\u00e9gr\u00e9 con\u00e7u dans un souci de pr\u00e9cision et de qualit\u00e9. D\u00e9velopp\u00e9 par l&rsquo;\u00e9quipe d&rsquo;ing\u00e9nieurs exp\u00e9riment\u00e9s de Mark Levinson, ce produit met l&rsquo;accent sur une reproduction sonore sup\u00e9rieure. Le bo\u00eetier est compos\u00e9 de mat\u00e9riaux de haute qualit\u00e9, choisis pour leur durabilit\u00e9 et leurs qualit\u00e9s acoustiques. Le c\u00e2blage interne a \u00e9t\u00e9 soigneusement s\u00e9lectionn\u00e9 pour une transmission optimale du signal et un minimum d&rsquo;interf\u00e9rences. Des composants tels que des DAC de haute qualit\u00e9 et des circuits analogiques discrets garantissent une reproduction musicale pr\u00e9cise et d\u00e9taill\u00e9e. Cet amplificateur est fabriqu\u00e9 avec pr\u00e9cision, chaque \u00e9tape du processus de production \u00e9tant soumise \u00e0 des normes de qualit\u00e9 strictes afin de garantir les meilleurs r\u00e9sultats.     <\/span><\/div>\n<div class=\"specification-item row-header\"><span class=\"spec-content\"><strong>Histoire de la marque<\/strong><\/span><\/div>\n<div class=\"specification-item row-even\"><span class=\"spec-content\">Mark Levinson a \u00e9t\u00e9 fond\u00e9e en 1972 aux \u00c9tats-Unis. La marque porte le nom de son fondateur, Mark Levinson, qui avait une formation de musicien et d&rsquo;ing\u00e9nieur du son. Son premier produit commercial a \u00e9t\u00e9 le pr\u00e9amplificateur LNP-2, con\u00e7u pour des applications professionnelles. D&rsquo;autres appareils ont suivi, notamment des amplificateurs et des processeurs. En 1980, la marque a \u00e9t\u00e9 rachet\u00e9e par Madrigal Audio Laboratories, apr\u00e8s quoi le d\u00e9veloppement des produits s&rsquo;est poursuivi. Depuis 1999, Mark Levinson fait partie de Harman International Industries. La marque a pr\u00e9sent\u00e9 pour la premi\u00e8re fois un syst\u00e8me audio destin\u00e9 \u00e0 \u00eatre utilis\u00e9 dans un v\u00e9hicule en 2001, en collaboration avec Lexus. Tous les produits sont con\u00e7us en mettant l&rsquo;accent sur les sp\u00e9cifications techniques et la qualit\u00e9 de fabrication. La production a lieu aux \u00c9tats-Unis \u00e0 partir de composants s\u00e9lectionn\u00e9s. Les \u00e9quipements Mark Levinson sont fournis aux clients du monde entier par l&rsquo;interm\u00e9diaire d&rsquo;un r\u00e9seau s\u00e9lectionn\u00e9 de distributeurs et de revendeurs.         <\/span><\/div>\n<\/div>\n","protected":false},"excerpt":{"rendered":"<p>Description Freakuence ! Un grand gar\u00e7on dans le magasin. Le Mark Levinson No.5802 est un amplificateur qui g\u00e2te vos oreilles avec une reproduction claire et d\u00e9taill\u00e9e. Les aigus sont extr\u00eamement \u00e9tincelants sans \u00eatre tranchants, tandis que les m\u00e9diums sont chauds et naturels. Le grave de Mark Levinson arrive par vagues, sous vos pieds, contre vos [&hellip;]<\/p>\n","protected":false},"featured_media":380587,"template":"","meta":{"_acf_changed":false,"inline_featured_image":false},"product_brand":[],"product_cat":[530,745,773],"product_tag":[533],"class_list":{"0":"post-380602","1":"product","2":"type-product","3":"status-publish","4":"has-post-thumbnail","6":"product_cat-amplificateurs","7":"product_cat-amplificateurs-stereo","8":"product_cat-classe-a-amplificateurs-stereo-a-b","9":"product_tag-used","10":"pa_kleur-noir","12":"first","13":"instock","14":"sold-individually","15":"purchasable","16":"product-type-simple"},"acf":{"website":true,"show_on_homepage":false,"brand_title":"Mark Levinson","product_type":"No.5802","color":"Noir","subcolor":"","reserved_status":"0"},"yoast_head":"<!-- This site is optimized with the Yoast SEO plugin v25.9 - https:\/\/yoast.com\/wordpress\/plugins\/seo\/ -->\n<title>Mark Levinson n\u00b0 5802 | Freakuence!<\/title>\n<meta name=\"description\" content=\"Mark Levinson n\u00b0 5802 : puissant amplificateur int\u00e9gr\u00e9 de 125 W par canal, DAC de haute qualit\u00e9 et Bluetooth. \u2713 HiFi neuf et d&#039;occasion \u2713 Note du client : 4,9 sur 5 \u2713 Reprise \u2713 Session d&#039;\u00e9coute\" \/>\n<meta name=\"robots\" content=\"noindex, follow, max-snippet:-1, max-image-preview:large, max-video-preview:-1\" \/>\n<meta property=\"og:locale\" content=\"fr_FR\" \/>\n<meta property=\"og:type\" content=\"article\" \/>\n<meta property=\"og:title\" content=\"Mark Levinson n\u00b0 5802 | Freakuence!\" \/>\n<meta property=\"og:description\" content=\"Mark Levinson n\u00b0 5802 : puissant amplificateur int\u00e9gr\u00e9 de 125 W par canal, DAC de haute qualit\u00e9 et Bluetooth. \u2713 HiFi neuf et d&#039;occasion \u2713 Note du client : 4,9 sur 5 \u2713 Reprise \u2713 Session d&#039;\u00e9coute\" \/>\n<meta property=\"og:url\" content=\"https:\/\/dev.freakuence.nl\/fr\/produit\/mark-levinson-n-5802\/\" \/>\n<meta property=\"og:site_name\" content=\"Freakuence!\" \/>\n<meta property=\"og:image\" content=\"https:\/\/dev.freakuence.nl\/wp-content\/uploads\/2026\/04\/17752244822305-19393-IMG5252.jpg\" \/>\n\t<meta property=\"og:image:width\" content=\"1800\" \/>\n\t<meta property=\"og:image:height\" content=\"1200\" \/>\n\t<meta property=\"og:image:type\" content=\"image\/jpeg\" \/>\n<meta name=\"twitter:card\" content=\"summary_large_image\" \/>\n<script type=\"application\/ld+json\" class=\"yoast-schema-graph\">{\"@context\":\"https:\/\/schema.org\",\"@graph\":[{\"@type\":\"WebPage\",\"@id\":\"https:\/\/dev.freakuence.nl\/fr\/produit\/mark-levinson-n-5802\/\",\"url\":\"https:\/\/dev.freakuence.nl\/fr\/produit\/mark-levinson-n-5802\/\",\"name\":\"Mark Levinson n\u00b0 5802 | Freakuence!\",\"isPartOf\":{\"@id\":\"https:\/\/dev.freakuence.nl\/fr\/#website\"},\"primaryImageOfPage\":{\"@id\":\"https:\/\/dev.freakuence.nl\/fr\/produit\/mark-levinson-n-5802\/#primaryimage\"},\"image\":{\"@id\":\"https:\/\/dev.freakuence.nl\/fr\/produit\/mark-levinson-n-5802\/#primaryimage\"},\"thumbnailUrl\":\"https:\/\/dev.freakuence.nl\/wp-content\/uploads\/2026\/04\/17752244822305-19393-IMG5252.jpg\",\"datePublished\":\"2026-04-08T12:34:25+00:00\",\"description\":\"Mark Levinson n\u00b0 5802 : puissant amplificateur int\u00e9gr\u00e9 de 125 W par canal, DAC de haute qualit\u00e9 et Bluetooth. \u2713 HiFi neuf et d'occasion \u2713 Note du client : 4,9 sur 5 \u2713 Reprise \u2713 Session d'\u00e9coute\",\"breadcrumb\":{\"@id\":\"https:\/\/dev.freakuence.nl\/fr\/produit\/mark-levinson-n-5802\/#breadcrumb\"},\"inLanguage\":\"fr-FR\",\"potentialAction\":[{\"@type\":\"ReadAction\",\"target\":[\"https:\/\/dev.freakuence.nl\/fr\/produit\/mark-levinson-n-5802\/\"]}]},{\"@type\":\"ImageObject\",\"inLanguage\":\"fr-FR\",\"@id\":\"https:\/\/dev.freakuence.nl\/fr\/produit\/mark-levinson-n-5802\/#primaryimage\",\"url\":\"https:\/\/dev.freakuence.nl\/wp-content\/uploads\/2026\/04\/17752244822305-19393-IMG5252.jpg\",\"contentUrl\":\"https:\/\/dev.freakuence.nl\/wp-content\/uploads\/2026\/04\/17752244822305-19393-IMG5252.jpg\",\"width\":1800,\"height\":1200},{\"@type\":\"BreadcrumbList\",\"@id\":\"https:\/\/dev.freakuence.nl\/fr\/produit\/mark-levinson-n-5802\/#breadcrumb\",\"itemListElement\":[{\"@type\":\"ListItem\",\"position\":1,\"name\":\"Accueil\",\"item\":\"https:\/\/dev.freakuence.nl\/fr\/\"},{\"@type\":\"ListItem\",\"position\":2,\"name\":\"Produits\",\"item\":\"https:\/\/dev.freakuence.nl\/fr\/produits\/\"},{\"@type\":\"ListItem\",\"position\":3,\"name\":\"Mark Levinson No.5802\"}]},{\"@type\":\"WebSite\",\"@id\":\"https:\/\/dev.freakuence.nl\/fr\/#website\",\"url\":\"https:\/\/dev.freakuence.nl\/fr\/\",\"name\":\"Freakuence!\",\"description\":\"Freakuence!\",\"publisher\":{\"@id\":\"https:\/\/dev.freakuence.nl\/fr\/#organization\"},\"alternateName\":\"Freakuence\",\"potentialAction\":[{\"@type\":\"SearchAction\",\"target\":{\"@type\":\"EntryPoint\",\"urlTemplate\":\"https:\/\/dev.freakuence.nl\/fr\/?s={search_term_string}\"},\"query-input\":{\"@type\":\"PropertyValueSpecification\",\"valueRequired\":true,\"valueName\":\"search_term_string\"}}],\"inLanguage\":\"fr-FR\"},{\"@type\":\"Organization\",\"@id\":\"https:\/\/dev.freakuence.nl\/fr\/#organization\",\"name\":\"Freakuence !\",\"url\":\"https:\/\/dev.freakuence.nl\/fr\/\",\"logo\":{\"@type\":\"ImageObject\",\"inLanguage\":\"fr-FR\",\"@id\":\"https:\/\/dev.freakuence.nl\/fr\/#\/schema\/logo\/image\/\",\"url\":\"https:\/\/dev.freakuence.nl\/wp-content\/uploads\/2022\/05\/Brown_3_RGB_Freakuence-1.png\",\"contentUrl\":\"https:\/\/dev.freakuence.nl\/wp-content\/uploads\/2022\/05\/Brown_3_RGB_Freakuence-1.png\",\"width\":2560,\"height\":684,\"caption\":\"Freakuence !\"},\"image\":{\"@id\":\"https:\/\/dev.freakuence.nl\/fr\/#\/schema\/logo\/image\/\"},\"sameAs\":[\"https:\/\/www.instagram.com\/freakuence_notorious_audio\/\"]}]}<\/script>\n<!-- \/ Yoast SEO plugin. -->","yoast_head_json":{"title":"Mark Levinson n\u00b0 5802 | Freakuence!","description":"Mark Levinson n\u00b0 5802 : puissant amplificateur int\u00e9gr\u00e9 de 125 W par canal, DAC de haute qualit\u00e9 et Bluetooth. \u2713 HiFi neuf et d'occasion \u2713 Note du client : 4,9 sur 5 \u2713 Reprise \u2713 Session d'\u00e9coute","robots":{"index":"noindex","follow":"follow","max-snippet":"max-snippet:-1","max-image-preview":"max-image-preview:large","max-video-preview":"max-video-preview:-1"},"og_locale":"fr_FR","og_type":"article","og_title":"Mark Levinson n\u00b0 5802 | Freakuence!","og_description":"Mark Levinson n\u00b0 5802 : puissant amplificateur int\u00e9gr\u00e9 de 125 W par canal, DAC de haute qualit\u00e9 et Bluetooth. \u2713 HiFi neuf et d'occasion \u2713 Note du client : 4,9 sur 5 \u2713 Reprise \u2713 Session d'\u00e9coute","og_url":"https:\/\/dev.freakuence.nl\/fr\/produit\/mark-levinson-n-5802\/","og_site_name":"Freakuence!","og_image":[{"width":1800,"height":1200,"url":"https:\/\/dev.freakuence.nl\/wp-content\/uploads\/2026\/04\/17752244822305-19393-IMG5252.jpg","type":"image\/jpeg"}],"twitter_card":"summary_large_image","schema":{"@context":"https:\/\/schema.org","@graph":[{"@type":"WebPage","@id":"https:\/\/dev.freakuence.nl\/fr\/produit\/mark-levinson-n-5802\/","url":"https:\/\/dev.freakuence.nl\/fr\/produit\/mark-levinson-n-5802\/","name":"Mark Levinson n\u00b0 5802 | Freakuence!","isPartOf":{"@id":"https:\/\/dev.freakuence.nl\/fr\/#website"},"primaryImageOfPage":{"@id":"https:\/\/dev.freakuence.nl\/fr\/produit\/mark-levinson-n-5802\/#primaryimage"},"image":{"@id":"https:\/\/dev.freakuence.nl\/fr\/produit\/mark-levinson-n-5802\/#primaryimage"},"thumbnailUrl":"https:\/\/dev.freakuence.nl\/wp-content\/uploads\/2026\/04\/17752244822305-19393-IMG5252.jpg","datePublished":"2026-04-08T12:34:25+00:00","description":"Mark Levinson n\u00b0 5802 : puissant amplificateur int\u00e9gr\u00e9 de 125 W par canal, DAC de haute qualit\u00e9 et Bluetooth. \u2713 HiFi neuf et d'occasion \u2713 Note du client : 4,9 sur 5 \u2713 Reprise \u2713 Session d'\u00e9coute","breadcrumb":{"@id":"https:\/\/dev.freakuence.nl\/fr\/produit\/mark-levinson-n-5802\/#breadcrumb"},"inLanguage":"fr-FR","potentialAction":[{"@type":"ReadAction","target":["https:\/\/dev.freakuence.nl\/fr\/produit\/mark-levinson-n-5802\/"]}]},{"@type":"ImageObject","inLanguage":"fr-FR","@id":"https:\/\/dev.freakuence.nl\/fr\/produit\/mark-levinson-n-5802\/#primaryimage","url":"https:\/\/dev.freakuence.nl\/wp-content\/uploads\/2026\/04\/17752244822305-19393-IMG5252.jpg","contentUrl":"https:\/\/dev.freakuence.nl\/wp-content\/uploads\/2026\/04\/17752244822305-19393-IMG5252.jpg","width":1800,"height":1200},{"@type":"BreadcrumbList","@id":"https:\/\/dev.freakuence.nl\/fr\/produit\/mark-levinson-n-5802\/#breadcrumb","itemListElement":[{"@type":"ListItem","position":1,"name":"Accueil","item":"https:\/\/dev.freakuence.nl\/fr\/"},{"@type":"ListItem","position":2,"name":"Produits","item":"https:\/\/dev.freakuence.nl\/fr\/produits\/"},{"@type":"ListItem","position":3,"name":"Mark Levinson No.5802"}]},{"@type":"WebSite","@id":"https:\/\/dev.freakuence.nl\/fr\/#website","url":"https:\/\/dev.freakuence.nl\/fr\/","name":"Freakuence!","description":"Freakuence!","publisher":{"@id":"https:\/\/dev.freakuence.nl\/fr\/#organization"},"alternateName":"Freakuence","potentialAction":[{"@type":"SearchAction","target":{"@type":"EntryPoint","urlTemplate":"https:\/\/dev.freakuence.nl\/fr\/?s={search_term_string}"},"query-input":{"@type":"PropertyValueSpecification","valueRequired":true,"valueName":"search_term_string"}}],"inLanguage":"fr-FR"},{"@type":"Organization","@id":"https:\/\/dev.freakuence.nl\/fr\/#organization","name":"Freakuence !","url":"https:\/\/dev.freakuence.nl\/fr\/","logo":{"@type":"ImageObject","inLanguage":"fr-FR","@id":"https:\/\/dev.freakuence.nl\/fr\/#\/schema\/logo\/image\/","url":"https:\/\/dev.freakuence.nl\/wp-content\/uploads\/2022\/05\/Brown_3_RGB_Freakuence-1.png","contentUrl":"https:\/\/dev.freakuence.nl\/wp-content\/uploads\/2022\/05\/Brown_3_RGB_Freakuence-1.png","width":2560,"height":684,"caption":"Freakuence !"},"image":{"@id":"https:\/\/dev.freakuence.nl\/fr\/#\/schema\/logo\/image\/"},"sameAs":["https:\/\/www.instagram.com\/freakuence_notorious_audio\/"]}]}},"_links":{"self":[{"href":"https:\/\/dev.freakuence.nl\/fr\/wp-json\/wp\/v2\/product\/380602","targetHints":{"allow":["GET"]}}],"collection":[{"href":"https:\/\/dev.freakuence.nl\/fr\/wp-json\/wp\/v2\/product"}],"about":[{"href":"https:\/\/dev.freakuence.nl\/fr\/wp-json\/wp\/v2\/types\/product"}],"wp:featuredmedia":[{"embeddable":true,"href":"https:\/\/dev.freakuence.nl\/fr\/wp-json\/wp\/v2\/media\/380587"}],"wp:attachment":[{"href":"https:\/\/dev.freakuence.nl\/fr\/wp-json\/wp\/v2\/media?parent=380602"}],"wp:term":[{"taxonomy":"product_brand","embeddable":true,"href":"https:\/\/dev.freakuence.nl\/fr\/wp-json\/wp\/v2\/product_brand?post=380602"},{"taxonomy":"product_cat","embeddable":true,"href":"https:\/\/dev.freakuence.nl\/fr\/wp-json\/wp\/v2\/product_cat?post=380602"},{"taxonomy":"product_tag","embeddable":true,"href":"https:\/\/dev.freakuence.nl\/fr\/wp-json\/wp\/v2\/product_tag?post=380602"}],"curies":[{"name":"wp","href":"https:\/\/api.w.org\/{rel}","templated":true}]}}