{"id":380962,"date":"2026-04-08T14:58:53","date_gmt":"2026-04-08T12:58:53","guid":{"rendered":"https:\/\/freakuence.nl\/product\/cambridge-audio-evo-150-se-2\/"},"modified":"2026-04-11T15:34:45","modified_gmt":"2026-04-11T13:34:45","slug":"cambridge-audio-evo-150-se-2","status":"publish","type":"product","link":"https:\/\/dev.freakuence.nl\/fr\/produit\/cambridge-audio-evo-150-se-2\/","title":{"rendered":"Cambridge Audio EVO 150 SE"},"content":{"rendered":"<div class=\"product-specifications-list\">\n<div class=\"specification-item row-header\"><span class=\"spec-content\"><strong>Description Freakuence !<\/strong><\/span><\/div>\n<div class=\"specification-item row-even\"><span class=\"spec-content\">Le revoil\u00e0 ! Mais maintenant que la SE a \u00e9t\u00e9 cr\u00e9\u00e9e, les choses ont peut-\u00eatre chang\u00e9&#8230; et c&rsquo;est le cas. Neutre et transparent, sans accent sur les aigus ou les basses comme son pr\u00e9d\u00e9cesseur, mais maintenant avec un milieu de gamme plus riche, ce qui est tr\u00e8s agr\u00e9able L&rsquo;amplificateur est rapide et r\u00e9v\u00e9lateur. Il en va de m\u00eame pour le streamer dac interne.   <\/span><\/div>\n<div class=\"specification-item row-odd\"><span class=\"spec-content\">Prix de vente au d\u00e9tail : 2399.00<\/span><\/div>\n<div class=\"specification-item row-header\"><span class=\"spec-content\"><strong>D\u00e9tails<\/strong><\/span><\/div>\n<div class=\"specification-item row-even\"><span class=\"spec-content\">Comme nous sommes revendeurs de cette marque, nous sommes heureux de vous offrir la garantie compl\u00e8te du revendeur sur ce produit particulier ! Pourquoi ? Nous sommes confiants et cette assurance vous rendra la vie plus agr\u00e9able.  <\/span><\/div>\n<div class=\"specification-item row-header\"><span class=\"spec-content\"><strong>Description g\u00e9n\u00e9rale<\/strong><\/span><\/div>\n<div class=\"specification-item row-even\"><span class=\"spec-content\">Le Cambridge Audio Evo 150 SE est un amplificateur polyvalent tout-en-un qui int\u00e8gre sans effort diff\u00e9rentes sources audio. Que vous diffusiez votre musique pr\u00e9f\u00e9r\u00e9e, que vous \u00e9coutiez des disques vinyles ou que vous souhaitiez am\u00e9liorer le son de votre t\u00e9l\u00e9viseur, cet amplificateur offre la flexibilit\u00e9 que vous recherchez. <\/span><\/div>\n<div class=\"specification-item row-odd\"><span class=\"spec-content\">Gr\u00e2ce \u00e0 la technologie StreamMagic int\u00e9gr\u00e9e, vous pouvez acc\u00e9der \u00e0 diff\u00e9rents services de streaming et \u00e9couter facilement de la musique \u00e0 partir de votre smartphone ou de votre tablette. L&rsquo;Evo 150 SE prend \u00e9galement en charge les technologies Bluetooth aptX HD, AirPlay 2 et Google Cast, ce qui facilite la diffusion sans fil. <\/span><\/div>\n<div class=\"specification-item row-even\"><span class=\"spec-content\">Pour les amateurs de vinyle, un pr\u00e9amplificateur phono est int\u00e9gr\u00e9, ce qui vous permet de brancher votre tourne-disque directement sans \u00e9quipement suppl\u00e9mentaire. En outre, l&rsquo;ampli dispose de plusieurs connexions, notamment HDMI ARC pour votre t\u00e9l\u00e9viseur, ainsi que des entr\u00e9es analogiques et num\u00e9riques pour d&rsquo;autres sources audio. <\/span><\/div>\n<div class=\"specification-item row-odd\"><span class=\"spec-content\">Le design de l&rsquo;Evo 150 SE est compact et \u00e9l\u00e9gant, avec un \u00e9cran couleur de 6,8 pouces affichant des pochettes d&rsquo;albums ou des VU-m\u00e8tres virtuels. Les panneaux lat\u00e9raux interchangeables, disponibles en bois et en m\u00e9tal noir, vous permettent de personnaliser l&rsquo;aspect de l&rsquo;appareil en fonction de vos go\u00fbts ou de votre int\u00e9rieur. <\/span><\/div>\n<div class=\"specification-item row-even\"><span class=\"spec-content\">Avec l&rsquo;Evo 150 SE, vous disposez d&rsquo;un amplificateur polyvalent qui r\u00e9pond parfaitement \u00e0 une grande vari\u00e9t\u00e9 de pr\u00e9f\u00e9rences et de besoins en mati\u00e8re d&rsquo;\u00e9coute.<\/span><\/div>\n<div class=\"specification-item row-header\"><span class=\"spec-content\"><strong>Informations g\u00e9n\u00e9rales<\/strong><\/span><\/div>\n<div class=\"specification-item row-even\"><span class=\"spec-content\">Le Cambridge Audio EVO 150 SE est un amplificateur int\u00e9gr\u00e9 avanc\u00e9 qui offre un son haute-fid\u00e9lit\u00e9 avec un design \u00e9l\u00e9gant. Con\u00e7u par une \u00e9quipe d&rsquo;ing\u00e9nieurs d\u00e9vou\u00e9s, Cambridge Audio se concentre sur la fourniture d&rsquo;un son pur et pr\u00e9cis. L&rsquo;EVO 150 SE utilise des mat\u00e9riaux de haute qualit\u00e9 tels qu&rsquo;un ch\u00e2ssis en aluminium solide et des composants de premi\u00e8re qualit\u00e9 pour des performances optimales. Les c\u00f4t\u00e9s interchangeables, en noyer ou en Richlite noir, conf\u00e8rent \u00e0 l&rsquo;appareil un aspect luxueux. Le c\u00e2blage et les composants internes sont soigneusement choisis pour minimiser le bruit et maximiser la puret\u00e9 du signal. Les processus de fabrication sont ax\u00e9s sur la durabilit\u00e9 et la r\u00e9duction des d\u00e9chets.     <\/span><\/div>\n<div class=\"specification-item row-header\"><span class=\"spec-content\"><strong>Histoire de la marque<\/strong><\/span><\/div>\n<div class=\"specification-item row-even\"><span class=\"spec-content\">Cambridge Audio a \u00e9t\u00e9 fond\u00e9e en 1968 \u00e0 Cambridge, en Angleterre. La m\u00eame ann\u00e9e, la soci\u00e9t\u00e9 a pr\u00e9sent\u00e9 son premier produit, le P40, un amplificateur int\u00e9gr\u00e9 dot\u00e9 d&rsquo;un transformateur toro\u00efdal. Dans les ann\u00e9es 1970 et 1980, des produits tels que l&rsquo;amplificateur P50 et le tuner FM T55 ont suivi. En 1995, la soci\u00e9t\u00e9 d\u00e9m\u00e9nage \u00e0 Londres. En 1999, le programme de d\u00e9veloppement Azur est lanc\u00e9. \u00c0 partir de 2003, des mod\u00e8les de la s\u00e9rie Azur sont produits, notamment les mod\u00e8les 640A et 640C. En 2010, l&rsquo;entreprise introduit la plateforme StreamMagic. En 2014, la s\u00e9rie CX a \u00e9t\u00e9 lanc\u00e9e. En 2016, la ligne Edge est apparue, nomm\u00e9e d&rsquo;apr\u00e8s le cofondateur, le professeur Gordon Edge. Une toute nouvelle s\u00e9rie EVO a \u00e9t\u00e9 introduite en 2021.         <\/span><\/div>\n<\/div>\n","protected":false},"excerpt":{"rendered":"<p>Description Freakuence ! Le revoil\u00e0 ! Mais maintenant que la SE a \u00e9t\u00e9 cr\u00e9\u00e9e, les choses ont peut-\u00eatre chang\u00e9&#8230; et c&rsquo;est le cas. Neutre et transparent, sans accent sur les aigus ou les basses comme son pr\u00e9d\u00e9cesseur, mais maintenant avec un milieu de gamme plus riche, ce qui est tr\u00e8s agr\u00e9able L&rsquo;amplificateur est rapide et [&hellip;]<\/p>\n","protected":false},"featured_media":398445,"template":"","meta":{"_acf_changed":false,"inline_featured_image":false},"product_brand":[],"product_cat":[530,745,783],"product_tag":[533],"class_list":{"0":"post-380962","1":"product","2":"type-product","3":"status-publish","4":"has-post-thumbnail","6":"product_cat-amplificateurs","7":"product_cat-amplificateurs-stereo","8":"product_cat-amplificateurs-stereo-de-classe-d","9":"product_tag-used","10":"pa_kleur-noir","12":"first","13":"instock","14":"sold-individually","15":"purchasable","16":"product-type-simple"},"acf":{"website":true,"show_on_homepage":false,"brand_title":"Cambridge Audio","product_type":"EVO 150 SE","color":"Noir","subcolor":"","reserved_status":"0"},"yoast_head":"<!-- This site is optimized with the Yoast SEO plugin v25.9 - https:\/\/yoast.com\/wordpress\/plugins\/seo\/ -->\n<title>Cambridge Audio EVO 150 SE | Freakuence!<\/title>\n<meta name=\"robots\" content=\"noindex, follow, max-snippet:-1, max-image-preview:large, max-video-preview:-1\" \/>\n<meta property=\"og:locale\" content=\"fr_FR\" \/>\n<meta property=\"og:type\" content=\"article\" \/>\n<meta property=\"og:title\" content=\"Cambridge Audio EVO 150 SE | Freakuence!\" \/>\n<meta property=\"og:description\" content=\"Description Freakuence ! Le revoil\u00e0 ! Mais maintenant que la SE a \u00e9t\u00e9 cr\u00e9\u00e9e, les choses ont peut-\u00eatre chang\u00e9&#8230; et c&rsquo;est le cas. Neutre et transparent, sans accent sur les aigus ou les basses comme son pr\u00e9d\u00e9cesseur, mais maintenant avec un milieu de gamme plus riche, ce qui est tr\u00e8s agr\u00e9able L&rsquo;amplificateur est rapide et [&hellip;]\" \/>\n<meta property=\"og:url\" content=\"https:\/\/dev.freakuence.nl\/fr\/produit\/cambridge-audio-evo-150-se-2\/\" \/>\n<meta property=\"og:site_name\" content=\"Freakuence!\" \/>\n<meta property=\"article:modified_time\" content=\"2026-04-11T13:34:45+00:00\" \/>\n<meta property=\"og:image\" content=\"https:\/\/dev.freakuence.nl\/wp-content\/uploads\/2026\/04\/17721912238031-18964-IMG1112-6.jpg\" \/>\n\t<meta property=\"og:image:width\" content=\"1800\" \/>\n\t<meta property=\"og:image:height\" content=\"1200\" \/>\n\t<meta property=\"og:image:type\" content=\"image\/jpeg\" \/>\n<meta name=\"twitter:card\" content=\"summary_large_image\" \/>\n<script type=\"application\/ld+json\" class=\"yoast-schema-graph\">{\"@context\":\"https:\/\/schema.org\",\"@graph\":[{\"@type\":\"WebPage\",\"@id\":\"https:\/\/dev.freakuence.nl\/fr\/produit\/cambridge-audio-evo-150-se-2\/\",\"url\":\"https:\/\/dev.freakuence.nl\/fr\/produit\/cambridge-audio-evo-150-se-2\/\",\"name\":\"Cambridge Audio EVO 150 SE | Freakuence!\",\"isPartOf\":{\"@id\":\"https:\/\/dev.freakuence.nl\/fr\/#website\"},\"primaryImageOfPage\":{\"@id\":\"https:\/\/dev.freakuence.nl\/fr\/produit\/cambridge-audio-evo-150-se-2\/#primaryimage\"},\"image\":{\"@id\":\"https:\/\/dev.freakuence.nl\/fr\/produit\/cambridge-audio-evo-150-se-2\/#primaryimage\"},\"thumbnailUrl\":\"https:\/\/dev.freakuence.nl\/wp-content\/uploads\/2026\/04\/17721912238031-18964-IMG1112-6.jpg\",\"datePublished\":\"2026-04-08T12:58:53+00:00\",\"dateModified\":\"2026-04-11T13:34:45+00:00\",\"breadcrumb\":{\"@id\":\"https:\/\/dev.freakuence.nl\/fr\/produit\/cambridge-audio-evo-150-se-2\/#breadcrumb\"},\"inLanguage\":\"fr-FR\",\"potentialAction\":[{\"@type\":\"ReadAction\",\"target\":[\"https:\/\/dev.freakuence.nl\/fr\/produit\/cambridge-audio-evo-150-se-2\/\"]}]},{\"@type\":\"ImageObject\",\"inLanguage\":\"fr-FR\",\"@id\":\"https:\/\/dev.freakuence.nl\/fr\/produit\/cambridge-audio-evo-150-se-2\/#primaryimage\",\"url\":\"https:\/\/dev.freakuence.nl\/wp-content\/uploads\/2026\/04\/17721912238031-18964-IMG1112-6.jpg\",\"contentUrl\":\"https:\/\/dev.freakuence.nl\/wp-content\/uploads\/2026\/04\/17721912238031-18964-IMG1112-6.jpg\",\"width\":1800,\"height\":1200},{\"@type\":\"BreadcrumbList\",\"@id\":\"https:\/\/dev.freakuence.nl\/fr\/produit\/cambridge-audio-evo-150-se-2\/#breadcrumb\",\"itemListElement\":[{\"@type\":\"ListItem\",\"position\":1,\"name\":\"Accueil\",\"item\":\"https:\/\/dev.freakuence.nl\/fr\/\"},{\"@type\":\"ListItem\",\"position\":2,\"name\":\"Produits\",\"item\":\"https:\/\/dev.freakuence.nl\/fr\/produits\/\"},{\"@type\":\"ListItem\",\"position\":3,\"name\":\"Cambridge Audio EVO 150 SE\"}]},{\"@type\":\"WebSite\",\"@id\":\"https:\/\/dev.freakuence.nl\/fr\/#website\",\"url\":\"https:\/\/dev.freakuence.nl\/fr\/\",\"name\":\"Freakuence!\",\"description\":\"Freakuence!\",\"publisher\":{\"@id\":\"https:\/\/dev.freakuence.nl\/fr\/#organization\"},\"alternateName\":\"Freakuence\",\"potentialAction\":[{\"@type\":\"SearchAction\",\"target\":{\"@type\":\"EntryPoint\",\"urlTemplate\":\"https:\/\/dev.freakuence.nl\/fr\/?s={search_term_string}\"},\"query-input\":{\"@type\":\"PropertyValueSpecification\",\"valueRequired\":true,\"valueName\":\"search_term_string\"}}],\"inLanguage\":\"fr-FR\"},{\"@type\":\"Organization\",\"@id\":\"https:\/\/dev.freakuence.nl\/fr\/#organization\",\"name\":\"Freakuence !\",\"url\":\"https:\/\/dev.freakuence.nl\/fr\/\",\"logo\":{\"@type\":\"ImageObject\",\"inLanguage\":\"fr-FR\",\"@id\":\"https:\/\/dev.freakuence.nl\/fr\/#\/schema\/logo\/image\/\",\"url\":\"https:\/\/dev.freakuence.nl\/wp-content\/uploads\/2022\/05\/Brown_3_RGB_Freakuence-1.png\",\"contentUrl\":\"https:\/\/dev.freakuence.nl\/wp-content\/uploads\/2022\/05\/Brown_3_RGB_Freakuence-1.png\",\"width\":2560,\"height\":684,\"caption\":\"Freakuence !\"},\"image\":{\"@id\":\"https:\/\/dev.freakuence.nl\/fr\/#\/schema\/logo\/image\/\"},\"sameAs\":[\"https:\/\/www.instagram.com\/freakuence_notorious_audio\/\"]}]}<\/script>\n<!-- \/ Yoast SEO plugin. -->","yoast_head_json":{"title":"Cambridge Audio EVO 150 SE | Freakuence!","robots":{"index":"noindex","follow":"follow","max-snippet":"max-snippet:-1","max-image-preview":"max-image-preview:large","max-video-preview":"max-video-preview:-1"},"og_locale":"fr_FR","og_type":"article","og_title":"Cambridge Audio EVO 150 SE | Freakuence!","og_description":"Description Freakuence ! Le revoil\u00e0 ! Mais maintenant que la SE a \u00e9t\u00e9 cr\u00e9\u00e9e, les choses ont peut-\u00eatre chang\u00e9&#8230; et c&rsquo;est le cas. Neutre et transparent, sans accent sur les aigus ou les basses comme son pr\u00e9d\u00e9cesseur, mais maintenant avec un milieu de gamme plus riche, ce qui est tr\u00e8s agr\u00e9able L&rsquo;amplificateur est rapide et [&hellip;]","og_url":"https:\/\/dev.freakuence.nl\/fr\/produit\/cambridge-audio-evo-150-se-2\/","og_site_name":"Freakuence!","article_modified_time":"2026-04-11T13:34:45+00:00","og_image":[{"width":1800,"height":1200,"url":"https:\/\/dev.freakuence.nl\/wp-content\/uploads\/2026\/04\/17721912238031-18964-IMG1112-6.jpg","type":"image\/jpeg"}],"twitter_card":"summary_large_image","schema":{"@context":"https:\/\/schema.org","@graph":[{"@type":"WebPage","@id":"https:\/\/dev.freakuence.nl\/fr\/produit\/cambridge-audio-evo-150-se-2\/","url":"https:\/\/dev.freakuence.nl\/fr\/produit\/cambridge-audio-evo-150-se-2\/","name":"Cambridge Audio EVO 150 SE | Freakuence!","isPartOf":{"@id":"https:\/\/dev.freakuence.nl\/fr\/#website"},"primaryImageOfPage":{"@id":"https:\/\/dev.freakuence.nl\/fr\/produit\/cambridge-audio-evo-150-se-2\/#primaryimage"},"image":{"@id":"https:\/\/dev.freakuence.nl\/fr\/produit\/cambridge-audio-evo-150-se-2\/#primaryimage"},"thumbnailUrl":"https:\/\/dev.freakuence.nl\/wp-content\/uploads\/2026\/04\/17721912238031-18964-IMG1112-6.jpg","datePublished":"2026-04-08T12:58:53+00:00","dateModified":"2026-04-11T13:34:45+00:00","breadcrumb":{"@id":"https:\/\/dev.freakuence.nl\/fr\/produit\/cambridge-audio-evo-150-se-2\/#breadcrumb"},"inLanguage":"fr-FR","potentialAction":[{"@type":"ReadAction","target":["https:\/\/dev.freakuence.nl\/fr\/produit\/cambridge-audio-evo-150-se-2\/"]}]},{"@type":"ImageObject","inLanguage":"fr-FR","@id":"https:\/\/dev.freakuence.nl\/fr\/produit\/cambridge-audio-evo-150-se-2\/#primaryimage","url":"https:\/\/dev.freakuence.nl\/wp-content\/uploads\/2026\/04\/17721912238031-18964-IMG1112-6.jpg","contentUrl":"https:\/\/dev.freakuence.nl\/wp-content\/uploads\/2026\/04\/17721912238031-18964-IMG1112-6.jpg","width":1800,"height":1200},{"@type":"BreadcrumbList","@id":"https:\/\/dev.freakuence.nl\/fr\/produit\/cambridge-audio-evo-150-se-2\/#breadcrumb","itemListElement":[{"@type":"ListItem","position":1,"name":"Accueil","item":"https:\/\/dev.freakuence.nl\/fr\/"},{"@type":"ListItem","position":2,"name":"Produits","item":"https:\/\/dev.freakuence.nl\/fr\/produits\/"},{"@type":"ListItem","position":3,"name":"Cambridge Audio EVO 150 SE"}]},{"@type":"WebSite","@id":"https:\/\/dev.freakuence.nl\/fr\/#website","url":"https:\/\/dev.freakuence.nl\/fr\/","name":"Freakuence!","description":"Freakuence!","publisher":{"@id":"https:\/\/dev.freakuence.nl\/fr\/#organization"},"alternateName":"Freakuence","potentialAction":[{"@type":"SearchAction","target":{"@type":"EntryPoint","urlTemplate":"https:\/\/dev.freakuence.nl\/fr\/?s={search_term_string}"},"query-input":{"@type":"PropertyValueSpecification","valueRequired":true,"valueName":"search_term_string"}}],"inLanguage":"fr-FR"},{"@type":"Organization","@id":"https:\/\/dev.freakuence.nl\/fr\/#organization","name":"Freakuence !","url":"https:\/\/dev.freakuence.nl\/fr\/","logo":{"@type":"ImageObject","inLanguage":"fr-FR","@id":"https:\/\/dev.freakuence.nl\/fr\/#\/schema\/logo\/image\/","url":"https:\/\/dev.freakuence.nl\/wp-content\/uploads\/2022\/05\/Brown_3_RGB_Freakuence-1.png","contentUrl":"https:\/\/dev.freakuence.nl\/wp-content\/uploads\/2022\/05\/Brown_3_RGB_Freakuence-1.png","width":2560,"height":684,"caption":"Freakuence !"},"image":{"@id":"https:\/\/dev.freakuence.nl\/fr\/#\/schema\/logo\/image\/"},"sameAs":["https:\/\/www.instagram.com\/freakuence_notorious_audio\/"]}]}},"_links":{"self":[{"href":"https:\/\/dev.freakuence.nl\/fr\/wp-json\/wp\/v2\/product\/380962","targetHints":{"allow":["GET"]}}],"collection":[{"href":"https:\/\/dev.freakuence.nl\/fr\/wp-json\/wp\/v2\/product"}],"about":[{"href":"https:\/\/dev.freakuence.nl\/fr\/wp-json\/wp\/v2\/types\/product"}],"wp:featuredmedia":[{"embeddable":true,"href":"https:\/\/dev.freakuence.nl\/fr\/wp-json\/wp\/v2\/media\/398445"}],"wp:attachment":[{"href":"https:\/\/dev.freakuence.nl\/fr\/wp-json\/wp\/v2\/media?parent=380962"}],"wp:term":[{"taxonomy":"product_brand","embeddable":true,"href":"https:\/\/dev.freakuence.nl\/fr\/wp-json\/wp\/v2\/product_brand?post=380962"},{"taxonomy":"product_cat","embeddable":true,"href":"https:\/\/dev.freakuence.nl\/fr\/wp-json\/wp\/v2\/product_cat?post=380962"},{"taxonomy":"product_tag","embeddable":true,"href":"https:\/\/dev.freakuence.nl\/fr\/wp-json\/wp\/v2\/product_tag?post=380962"}],"curies":[{"name":"wp","href":"https:\/\/api.w.org\/{rel}","templated":true}]}}