{"id":381206,"date":"2026-04-08T15:26:22","date_gmt":"2026-04-08T13:26:22","guid":{"rendered":"https:\/\/freakuence.nl\/product\/audio-physic-spark-6\/"},"modified":"2026-04-08T15:39:53","modified_gmt":"2026-04-08T13:39:53","slug":"audio-physic-spark-6","status":"publish","type":"product","link":"https:\/\/dev.freakuence.nl\/fr\/produit\/audio-physic-spark-6\/","title":{"rendered":"Audio Physic Spark 6"},"content":{"rendered":"<div class=\"product-specifications-list\">\n<div class=\"specification-item row-header\"><span class=\"spec-content\"><strong>Description Freakuence !<\/strong><\/span><\/div>\n<div class=\"specification-item row-even\"><span class=\"spec-content\">Pour les passionn\u00e9s ! Un moniteur, ou plut\u00f4t deux bo\u00eetiers de visualisation. Ces enceintes se font oublier. Elles jouent de mani\u00e8re ouverte, transparente et pr\u00e9cise, sans rien ajouter ni retrancher. Le placement est une chose, cependant ; elles n\u00e9cessitent une installation pr\u00e9cise et une cha\u00eene Hi-Fi bien \u00e9quilibr\u00e9e. Mais lorsque vous y parvenez, vous obtenez une reproduction rarement vue dans cette gamme de prix. Attention : la surclassification vous guette !      <\/span><\/div>\n<div class=\"specification-item row-header\"><span class=\"spec-content\"><strong>Description g\u00e9n\u00e9rale<\/strong><\/span><\/div>\n<div class=\"specification-item row-even\"><span class=\"spec-content\">L&rsquo;Audio Physic Spark 6 est une enceinte de monitoring \u00e0 trois voies qui excelle dans la dynamique et offre une sc\u00e8ne sonore spatiale impressionnante. Gr\u00e2ce \u00e0 son design \u00e9l\u00e9gant et optimis\u00e9 sur le plan sonore, la Spark 6 comble le foss\u00e9 entre les enceintes de biblioth\u00e8que et les enceintes sur pied, offrant une grande souplesse d&rsquo;installation sans compromettre la qualit\u00e9 du son. <\/p>\n<p>\u00c9quip\u00e9e de la technologie innovante PowerTrain, y compris le haut-parleur de m\u00e9dium HHCM SL unique sans entretoise de centrage, l&rsquo;Audio Physic Spark 6 offre une r\u00e9solution et des d\u00e9tails de reproduction sans pr\u00e9c\u00e9dent. La technologie Dual Surround assure une r\u00e9ponse pr\u00e9cise et puissante dans les basses, tandis que le bo\u00eetier multi-sandwich minimise les r\u00e9sonances et contribue \u00e0 un son propre. <\/p>\n<p>Vous voulez d\u00e9couvrir l&rsquo;Audio Physic Spark 6 par vous-m\u00eame ? Planifiez une s\u00e9ance d&rsquo;\u00e9coute dans notre salle d&rsquo;\u00e9coute pour d\u00e9couvrir les performances exceptionnelles de cette enceinte de monitoring. <\/span><\/div>\n<div class=\"specification-item row-header\"><span class=\"spec-content\"><strong>Informations g\u00e9n\u00e9rales<\/strong><\/span><\/div>\n<div class=\"specification-item row-even\"><span class=\"spec-content\">Audio Physic est connu pour sa philosophie de conception innovante, ax\u00e9e sur les d\u00e9tails et la pr\u00e9cision. Le Spark 6 ne fait pas exception \u00e0 la r\u00e8gle, avec un bo\u00eetier \u00e9l\u00e9gant fabriqu\u00e9 \u00e0 partir de mat\u00e9riaux de haute qualit\u00e9 qui minimisent les r\u00e9sonances. Le c\u00e2blage interne a \u00e9t\u00e9 soigneusement s\u00e9lectionn\u00e9 pour une transmission optimale du signal, tandis que les composants utilis\u00e9s, tels que les haut-parleurs et les crossovers, sont de premi\u00e8re qualit\u00e9. La production a lieu en Allemagne, o\u00f9 l&rsquo;artisanat et la pr\u00e9cision vont de pair. Bien que les noms des ing\u00e9nieurs ne soient pas toujours mentionn\u00e9s, il est clair que l&rsquo;\u00e9quipe derri\u00e8re Audio Physic est motiv\u00e9e par la perfection.    <\/span><\/div>\n<div class=\"specification-item row-header\"><span class=\"spec-content\"><strong>Histoire de la marque<\/strong><\/span><\/div>\n<div class=\"specification-item row-even\"><span class=\"spec-content\">Audio Physic a \u00e9t\u00e9 fond\u00e9e en 1985 \u00e0 Brilon, en Allemagne. La marque est connue pour ses haut-parleurs offrant une reproduction sonore d\u00e9taill\u00e9e. L&rsquo;un de ses premiers produits a \u00e9t\u00e9 l&rsquo;Avanti, un haut-parleur sur pied r\u00e9volutionnaire \u00e0 l&rsquo;\u00e9poque. Dans les ann\u00e9es 1990, Audio Physic a lanc\u00e9 la Medea, une enceinte acoustique qui a \u00e9t\u00e9 salu\u00e9e par la presse sp\u00e9cialis\u00e9e internationale pour la pr\u00e9cision de sa reproduction sonore. Au fil des ann\u00e9es, la marque a d\u00e9velopp\u00e9 plusieurs enceintes de r\u00e9f\u00e9rence qui sont consid\u00e9r\u00e9es comme des standards dans le monde de l&rsquo;audio. Toutes les enceintes sont fabriqu\u00e9es \u00e0 la main en Allemagne. Le grand nom d&rsquo;Audio Physic est Joachim Gerhard, l&rsquo;un des fondateurs et principaux d\u00e9veloppeurs de la marque. Connu pour sa capacit\u00e9 \u00e0 concevoir des enceintes d&rsquo;une qualit\u00e9 sonore exceptionnelle, il a \u00e9t\u00e9 surnomm\u00e9 \u00ab\u00a0le magicien\u00a0\u00bb dans le monde de l&rsquo;audio. Outre Gerhard, Manfred Diestertich, l&rsquo;actuel d\u00e9veloppeur en chef, joue \u00e9galement un r\u00f4le important dans le d\u00e9veloppement continu des enceintes de la marque.        <\/span><\/div>\n<\/div>\n","protected":false},"excerpt":{"rendered":"<p>Description Freakuence ! Pour les passionn\u00e9s ! Un moniteur, ou plut\u00f4t deux bo\u00eetiers de visualisation. Ces enceintes se font oublier. Elles jouent de mani\u00e8re ouverte, transparente et pr\u00e9cise, sans rien ajouter ni retrancher. Le placement est une chose, cependant ; elles n\u00e9cessitent une installation pr\u00e9cise et une cha\u00eene Hi-Fi bien \u00e9quilibr\u00e9e. Mais lorsque vous y [&hellip;]<\/p>\n","protected":false},"featured_media":381208,"template":"","meta":{"_acf_changed":false,"inline_featured_image":false},"product_brand":[],"product_cat":[709,543],"product_tag":[533],"class_list":{"0":"post-381206","1":"product","2":"type-product","3":"status-publish","4":"has-post-thumbnail","6":"product_cat-enceintes-de-bibliotheque","7":"product_cat-intervenants","8":"product_tag-used","9":"pa_kleur-noir","11":"first","12":"instock","13":"sold-individually","14":"purchasable","15":"product-type-simple"},"acf":{"website":true,"show_on_homepage":false,"brand_title":"Audio Physic","product_type":"Spark 6","color":"Noir","subcolor":"","reserved_status":"0"},"yoast_head":"<!-- This site is optimized with the Yoast SEO plugin v25.9 - https:\/\/yoast.com\/wordpress\/plugins\/seo\/ -->\n<title>Audio Physic Spark 6 | Freakuence!<\/title>\n<meta name=\"description\" content=\"Audio Physic Spark 6 : enceintes de monitoring 3 voies transparentes avec une clart\u00e9 et des d\u00e9tails sans pr\u00e9c\u00e9dent. Vivez la musique comme jamais auparavant. \u2713 HiFi neuf et d&#039;occasion \u2713 Note du client : 4.9 sur 5 \u2713 Reprise \u2713 Session d&#039;\u00e9coute\" \/>\n<meta name=\"robots\" content=\"noindex, follow, max-snippet:-1, max-image-preview:large, max-video-preview:-1\" \/>\n<meta property=\"og:locale\" content=\"fr_FR\" \/>\n<meta property=\"og:type\" content=\"article\" \/>\n<meta property=\"og:title\" content=\"Audio Physic Spark 6 | Freakuence!\" \/>\n<meta property=\"og:description\" content=\"Audio Physic Spark 6 : enceintes de monitoring 3 voies transparentes avec une clart\u00e9 et des d\u00e9tails sans pr\u00e9c\u00e9dent. Vivez la musique comme jamais auparavant. \u2713 HiFi neuf et d&#039;occasion \u2713 Note du client : 4.9 sur 5 \u2713 Reprise \u2713 Session d&#039;\u00e9coute\" \/>\n<meta property=\"og:url\" content=\"https:\/\/dev.freakuence.nl\/fr\/produit\/audio-physic-spark-6\/\" \/>\n<meta property=\"og:site_name\" content=\"Freakuence!\" \/>\n<meta property=\"article:modified_time\" content=\"2026-04-08T13:39:53+00:00\" \/>\n<meta property=\"og:image\" content=\"https:\/\/dev.freakuence.nl\/wp-content\/uploads\/2026\/04\/17753120424296-19388-IMG5341-1-scaled.jpg\" \/>\n\t<meta property=\"og:image:width\" content=\"1200\" \/>\n\t<meta property=\"og:image:height\" content=\"1800\" \/>\n\t<meta property=\"og:image:type\" content=\"image\/jpeg\" \/>\n<meta name=\"twitter:card\" content=\"summary_large_image\" \/>\n<script type=\"application\/ld+json\" class=\"yoast-schema-graph\">{\"@context\":\"https:\/\/schema.org\",\"@graph\":[{\"@type\":\"WebPage\",\"@id\":\"https:\/\/dev.freakuence.nl\/fr\/produit\/audio-physic-spark-6\/\",\"url\":\"https:\/\/dev.freakuence.nl\/fr\/produit\/audio-physic-spark-6\/\",\"name\":\"Audio Physic Spark 6 | Freakuence!\",\"isPartOf\":{\"@id\":\"https:\/\/dev.freakuence.nl\/fr\/#website\"},\"primaryImageOfPage\":{\"@id\":\"https:\/\/dev.freakuence.nl\/fr\/produit\/audio-physic-spark-6\/#primaryimage\"},\"image\":{\"@id\":\"https:\/\/dev.freakuence.nl\/fr\/produit\/audio-physic-spark-6\/#primaryimage\"},\"thumbnailUrl\":\"https:\/\/dev.freakuence.nl\/wp-content\/uploads\/2026\/04\/17753120424296-19388-IMG5341-1-scaled.jpg\",\"datePublished\":\"2026-04-08T13:26:22+00:00\",\"dateModified\":\"2026-04-08T13:39:53+00:00\",\"description\":\"Audio Physic Spark 6 : enceintes de monitoring 3 voies transparentes avec une clart\u00e9 et des d\u00e9tails sans pr\u00e9c\u00e9dent. Vivez la musique comme jamais auparavant. \u2713 HiFi neuf et d'occasion \u2713 Note du client : 4.9 sur 5 \u2713 Reprise \u2713 Session d'\u00e9coute\",\"breadcrumb\":{\"@id\":\"https:\/\/dev.freakuence.nl\/fr\/produit\/audio-physic-spark-6\/#breadcrumb\"},\"inLanguage\":\"fr-FR\",\"potentialAction\":[{\"@type\":\"ReadAction\",\"target\":[\"https:\/\/dev.freakuence.nl\/fr\/produit\/audio-physic-spark-6\/\"]}]},{\"@type\":\"ImageObject\",\"inLanguage\":\"fr-FR\",\"@id\":\"https:\/\/dev.freakuence.nl\/fr\/produit\/audio-physic-spark-6\/#primaryimage\",\"url\":\"https:\/\/dev.freakuence.nl\/wp-content\/uploads\/2026\/04\/17753120424296-19388-IMG5341-1-scaled.jpg\",\"contentUrl\":\"https:\/\/dev.freakuence.nl\/wp-content\/uploads\/2026\/04\/17753120424296-19388-IMG5341-1-scaled.jpg\",\"width\":1200,\"height\":1800},{\"@type\":\"BreadcrumbList\",\"@id\":\"https:\/\/dev.freakuence.nl\/fr\/produit\/audio-physic-spark-6\/#breadcrumb\",\"itemListElement\":[{\"@type\":\"ListItem\",\"position\":1,\"name\":\"Accueil\",\"item\":\"https:\/\/dev.freakuence.nl\/fr\/\"},{\"@type\":\"ListItem\",\"position\":2,\"name\":\"Produits\",\"item\":\"https:\/\/dev.freakuence.nl\/fr\/produits\/\"},{\"@type\":\"ListItem\",\"position\":3,\"name\":\"Audio Physic Spark 6\"}]},{\"@type\":\"WebSite\",\"@id\":\"https:\/\/dev.freakuence.nl\/fr\/#website\",\"url\":\"https:\/\/dev.freakuence.nl\/fr\/\",\"name\":\"Freakuence!\",\"description\":\"Freakuence!\",\"publisher\":{\"@id\":\"https:\/\/dev.freakuence.nl\/fr\/#organization\"},\"alternateName\":\"Freakuence\",\"potentialAction\":[{\"@type\":\"SearchAction\",\"target\":{\"@type\":\"EntryPoint\",\"urlTemplate\":\"https:\/\/dev.freakuence.nl\/fr\/?s={search_term_string}\"},\"query-input\":{\"@type\":\"PropertyValueSpecification\",\"valueRequired\":true,\"valueName\":\"search_term_string\"}}],\"inLanguage\":\"fr-FR\"},{\"@type\":\"Organization\",\"@id\":\"https:\/\/dev.freakuence.nl\/fr\/#organization\",\"name\":\"Freakuence !\",\"url\":\"https:\/\/dev.freakuence.nl\/fr\/\",\"logo\":{\"@type\":\"ImageObject\",\"inLanguage\":\"fr-FR\",\"@id\":\"https:\/\/dev.freakuence.nl\/fr\/#\/schema\/logo\/image\/\",\"url\":\"https:\/\/dev.freakuence.nl\/wp-content\/uploads\/2022\/05\/Brown_3_RGB_Freakuence-1.png\",\"contentUrl\":\"https:\/\/dev.freakuence.nl\/wp-content\/uploads\/2022\/05\/Brown_3_RGB_Freakuence-1.png\",\"width\":2560,\"height\":684,\"caption\":\"Freakuence !\"},\"image\":{\"@id\":\"https:\/\/dev.freakuence.nl\/fr\/#\/schema\/logo\/image\/\"},\"sameAs\":[\"https:\/\/www.instagram.com\/freakuence_notorious_audio\/\"]}]}<\/script>\n<!-- \/ Yoast SEO plugin. -->","yoast_head_json":{"title":"Audio Physic Spark 6 | Freakuence!","description":"Audio Physic Spark 6 : enceintes de monitoring 3 voies transparentes avec une clart\u00e9 et des d\u00e9tails sans pr\u00e9c\u00e9dent. Vivez la musique comme jamais auparavant. \u2713 HiFi neuf et d'occasion \u2713 Note du client : 4.9 sur 5 \u2713 Reprise \u2713 Session d'\u00e9coute","robots":{"index":"noindex","follow":"follow","max-snippet":"max-snippet:-1","max-image-preview":"max-image-preview:large","max-video-preview":"max-video-preview:-1"},"og_locale":"fr_FR","og_type":"article","og_title":"Audio Physic Spark 6 | Freakuence!","og_description":"Audio Physic Spark 6 : enceintes de monitoring 3 voies transparentes avec une clart\u00e9 et des d\u00e9tails sans pr\u00e9c\u00e9dent. Vivez la musique comme jamais auparavant. \u2713 HiFi neuf et d'occasion \u2713 Note du client : 4.9 sur 5 \u2713 Reprise \u2713 Session d'\u00e9coute","og_url":"https:\/\/dev.freakuence.nl\/fr\/produit\/audio-physic-spark-6\/","og_site_name":"Freakuence!","article_modified_time":"2026-04-08T13:39:53+00:00","og_image":[{"width":1200,"height":1800,"url":"https:\/\/dev.freakuence.nl\/wp-content\/uploads\/2026\/04\/17753120424296-19388-IMG5341-1-scaled.jpg","type":"image\/jpeg"}],"twitter_card":"summary_large_image","schema":{"@context":"https:\/\/schema.org","@graph":[{"@type":"WebPage","@id":"https:\/\/dev.freakuence.nl\/fr\/produit\/audio-physic-spark-6\/","url":"https:\/\/dev.freakuence.nl\/fr\/produit\/audio-physic-spark-6\/","name":"Audio Physic Spark 6 | Freakuence!","isPartOf":{"@id":"https:\/\/dev.freakuence.nl\/fr\/#website"},"primaryImageOfPage":{"@id":"https:\/\/dev.freakuence.nl\/fr\/produit\/audio-physic-spark-6\/#primaryimage"},"image":{"@id":"https:\/\/dev.freakuence.nl\/fr\/produit\/audio-physic-spark-6\/#primaryimage"},"thumbnailUrl":"https:\/\/dev.freakuence.nl\/wp-content\/uploads\/2026\/04\/17753120424296-19388-IMG5341-1-scaled.jpg","datePublished":"2026-04-08T13:26:22+00:00","dateModified":"2026-04-08T13:39:53+00:00","description":"Audio Physic Spark 6 : enceintes de monitoring 3 voies transparentes avec une clart\u00e9 et des d\u00e9tails sans pr\u00e9c\u00e9dent. Vivez la musique comme jamais auparavant. \u2713 HiFi neuf et d'occasion \u2713 Note du client : 4.9 sur 5 \u2713 Reprise \u2713 Session d'\u00e9coute","breadcrumb":{"@id":"https:\/\/dev.freakuence.nl\/fr\/produit\/audio-physic-spark-6\/#breadcrumb"},"inLanguage":"fr-FR","potentialAction":[{"@type":"ReadAction","target":["https:\/\/dev.freakuence.nl\/fr\/produit\/audio-physic-spark-6\/"]}]},{"@type":"ImageObject","inLanguage":"fr-FR","@id":"https:\/\/dev.freakuence.nl\/fr\/produit\/audio-physic-spark-6\/#primaryimage","url":"https:\/\/dev.freakuence.nl\/wp-content\/uploads\/2026\/04\/17753120424296-19388-IMG5341-1-scaled.jpg","contentUrl":"https:\/\/dev.freakuence.nl\/wp-content\/uploads\/2026\/04\/17753120424296-19388-IMG5341-1-scaled.jpg","width":1200,"height":1800},{"@type":"BreadcrumbList","@id":"https:\/\/dev.freakuence.nl\/fr\/produit\/audio-physic-spark-6\/#breadcrumb","itemListElement":[{"@type":"ListItem","position":1,"name":"Accueil","item":"https:\/\/dev.freakuence.nl\/fr\/"},{"@type":"ListItem","position":2,"name":"Produits","item":"https:\/\/dev.freakuence.nl\/fr\/produits\/"},{"@type":"ListItem","position":3,"name":"Audio Physic Spark 6"}]},{"@type":"WebSite","@id":"https:\/\/dev.freakuence.nl\/fr\/#website","url":"https:\/\/dev.freakuence.nl\/fr\/","name":"Freakuence!","description":"Freakuence!","publisher":{"@id":"https:\/\/dev.freakuence.nl\/fr\/#organization"},"alternateName":"Freakuence","potentialAction":[{"@type":"SearchAction","target":{"@type":"EntryPoint","urlTemplate":"https:\/\/dev.freakuence.nl\/fr\/?s={search_term_string}"},"query-input":{"@type":"PropertyValueSpecification","valueRequired":true,"valueName":"search_term_string"}}],"inLanguage":"fr-FR"},{"@type":"Organization","@id":"https:\/\/dev.freakuence.nl\/fr\/#organization","name":"Freakuence !","url":"https:\/\/dev.freakuence.nl\/fr\/","logo":{"@type":"ImageObject","inLanguage":"fr-FR","@id":"https:\/\/dev.freakuence.nl\/fr\/#\/schema\/logo\/image\/","url":"https:\/\/dev.freakuence.nl\/wp-content\/uploads\/2022\/05\/Brown_3_RGB_Freakuence-1.png","contentUrl":"https:\/\/dev.freakuence.nl\/wp-content\/uploads\/2022\/05\/Brown_3_RGB_Freakuence-1.png","width":2560,"height":684,"caption":"Freakuence !"},"image":{"@id":"https:\/\/dev.freakuence.nl\/fr\/#\/schema\/logo\/image\/"},"sameAs":["https:\/\/www.instagram.com\/freakuence_notorious_audio\/"]}]}},"_links":{"self":[{"href":"https:\/\/dev.freakuence.nl\/fr\/wp-json\/wp\/v2\/product\/381206","targetHints":{"allow":["GET"]}}],"collection":[{"href":"https:\/\/dev.freakuence.nl\/fr\/wp-json\/wp\/v2\/product"}],"about":[{"href":"https:\/\/dev.freakuence.nl\/fr\/wp-json\/wp\/v2\/types\/product"}],"wp:featuredmedia":[{"embeddable":true,"href":"https:\/\/dev.freakuence.nl\/fr\/wp-json\/wp\/v2\/media\/381208"}],"wp:attachment":[{"href":"https:\/\/dev.freakuence.nl\/fr\/wp-json\/wp\/v2\/media?parent=381206"}],"wp:term":[{"taxonomy":"product_brand","embeddable":true,"href":"https:\/\/dev.freakuence.nl\/fr\/wp-json\/wp\/v2\/product_brand?post=381206"},{"taxonomy":"product_cat","embeddable":true,"href":"https:\/\/dev.freakuence.nl\/fr\/wp-json\/wp\/v2\/product_cat?post=381206"},{"taxonomy":"product_tag","embeddable":true,"href":"https:\/\/dev.freakuence.nl\/fr\/wp-json\/wp\/v2\/product_tag?post=381206"}],"curies":[{"name":"wp","href":"https:\/\/api.w.org\/{rel}","templated":true}]}}