{"id":399740,"date":"2026-04-15T16:10:18","date_gmt":"2026-04-15T14:10:18","guid":{"rendered":"https:\/\/freakuence.nl\/product\/solutions-audio-overture-o304f-mk3\/"},"modified":"2026-04-16T12:25:51","modified_gmt":"2026-04-16T10:25:51","slug":"solutions-audio-overture-o304f-mk3","status":"publish","type":"product","link":"https:\/\/dev.freakuence.nl\/fr\/produit\/solutions-audio-overture-o304f-mk3\/","title":{"rendered":"Solutions audio Overture O304F MK3"},"content":{"rendered":"<div class=\"product-specifications-list\">\n<div class=\"specification-item row-header\"><span class=\"spec-content\"><strong>Description Freakuence !<\/strong><\/span><\/div>\n<div class=\"specification-item row-even\"><span class=\"spec-content\">Le m\u00e9dium de cette colonne tr\u00e8s solide est d\u00e9pourvu d&rsquo;ar\u00eates color\u00e9es. Une alternative tr\u00e8s s\u00e9rieuse aux marques populaires que l&rsquo;on trouve dans de nombreux magasins hi-fi. Vous obtenez de la musique. Le bas du spectre est important, sans pour autant \u00eatre trop lourd.   <\/span><\/div>\n<div class=\"specification-item row-odd\"><span class=\"spec-content\">Prix de vente au d\u00e9tail : 4425.00<\/span><\/div>\n<div class=\"specification-item row-header\"><span class=\"spec-content\"><strong>Description g\u00e9n\u00e9rale<\/strong><\/span><\/div>\n<div class=\"specification-item row-even\"><span class=\"spec-content\">L&rsquo;enceinte Overture O304F MK3 d&rsquo;Audio Solutions est une enceinte colonne \u00e0 trois voies qui offre une sc\u00e8ne sonore riche et d\u00e9taill\u00e9e. Avec un tweeter \u00e0 d\u00f4me en soie fait sur mesure, un haut-parleur de m\u00e9dium ER-conus et deux haut-parleurs de grave ER-conus, cette enceinte offre une reproduction \u00e9quilibr\u00e9e sur toute la gamme de fr\u00e9quences.  La construction innovante de l&rsquo;enceinte \u00ab\u00a0bo\u00eete dans une bo\u00eete\u00a0\u00bb, inspir\u00e9e de la s\u00e9rie prim\u00e9e Virtuoso, garantit une enceinte rigide et bien amortie, ce qui se traduit par une coloration minimale et une image st\u00e9r\u00e9o pr\u00e9cise.  <\/p>\n<p>L&rsquo;Overture O304F MK3 est dot\u00e9 d&rsquo;un crossover \u00e0 phase lin\u00e9aire et de composants de haute qualit\u00e9, contribuant \u00e0 un son naturel et \u00e0 une reproduction dynamique. Les connecteurs solides sont con\u00e7us pour supporter les c\u00e2bles haut de gamme les plus \u00e9pais, garantissant une transmission optimale du signal sans perte.  <\/p>\n<p>Vous voulez faire l&rsquo;exp\u00e9rience de la Overture O304F MK3 d&rsquo;Audio Solutions par vous-m\u00eame ? Planifiez une session d&rsquo;\u00e9coute pour d\u00e9couvrir les performances impressionnantes de cette enceinte de sol. Contactez-nous pour discuter des possibilit\u00e9s.  <\/span><\/div>\n<div class=\"specification-item row-header\"><span class=\"spec-content\"><strong>Informations g\u00e9n\u00e9rales<\/strong><\/span><\/div>\n<div class=\"specification-item row-even\"><span class=\"spec-content\">L&rsquo;enceinte Overture O304F MK3 d&rsquo;Audio Solutions est une enceinte colonne sophistiqu\u00e9e qui met l&rsquo;accent \u00e0 la fois sur l&rsquo;esth\u00e9tique et la qualit\u00e9 sonore. D\u00e9velopp\u00e9e par des ing\u00e9nieurs exp\u00e9riment\u00e9s, la conception est ax\u00e9e sur l&rsquo;\u00e9quilibre et la pr\u00e9cision. L&rsquo;enceinte est solidement construite avec des panneaux MDF de haute qualit\u00e9 pour minimiser les r\u00e9sonances. Le c\u00e2blage et les composants internes ont \u00e9t\u00e9 soigneusement s\u00e9lectionn\u00e9s pour des performances optimales. Les mat\u00e9riaux utilis\u00e9s sont principalement d&rsquo;origine europ\u00e9enne, ce qui contribue \u00e0 une qualit\u00e9 constante. Des m\u00e9thodes de fabrication innovantes garantissent un assemblage pr\u00e9cis, ce qui se traduit par une sc\u00e8ne sonore impressionnante et une grande durabilit\u00e9.     <\/span><\/div>\n<div class=\"specification-item row-header\"><span class=\"spec-content\"><strong>Histoire de la marque<\/strong><\/span><\/div>\n<div class=\"specification-item row-even\"><span class=\"spec-content\">Fond\u00e9e \u00e0 l&rsquo;automne 2011 par l&rsquo;ing\u00e9nieur en haut-parleurs Gediminas Gaidelis. Les enceintes AudioSolutions sont produites et fabriqu\u00e9es \u00e0 Vilnius, en Lituanie. Nous les avons r\u00e9guli\u00e8rement dans le magasin, peu de gens viennent les voir \u00e0 cause de leur nom peu familier, mais quand les visiteurs les voient, ils les trouvent magnifiques&#8230; et oui, il n&rsquo;y a qu&rsquo;une chose \u00e0 faire : \u00e9couter !  <\/span><\/div>\n<\/div>\n","protected":false},"excerpt":{"rendered":"<p>Description Freakuence ! Le m\u00e9dium de cette colonne tr\u00e8s solide est d\u00e9pourvu d&rsquo;ar\u00eates color\u00e9es. Une alternative tr\u00e8s s\u00e9rieuse aux marques populaires que l&rsquo;on trouve dans de nombreux magasins hi-fi. Vous obtenez de la musique. Le bas du spectre est important, sans pour autant \u00eatre trop lourd. Prix de vente au d\u00e9tail : 4425.00 Description g\u00e9n\u00e9rale [&hellip;]<\/p>\n","protected":false},"featured_media":401916,"template":"","meta":{"_acf_changed":false,"inline_featured_image":false},"product_brand":[],"product_cat":[705,543],"product_tag":[533],"class_list":{"0":"post-399740","1":"product","2":"type-product","3":"status-publish","4":"has-post-thumbnail","6":"product_cat-haut-parleurs-de-colonne","7":"product_cat-intervenants","8":"product_tag-used","9":"pa_kleur-marron","11":"first","12":"instock","13":"sold-individually","14":"purchasable","15":"product-type-simple"},"acf":{"website":true,"show_on_homepage":false,"brand_title":"Audio Solutions","product_type":"Overture O304F MK3","color":"Marron","subcolor":"","reserved_status":"0"},"yoast_head":"<!-- This site is optimized with the Yoast SEO plugin v25.9 - https:\/\/yoast.com\/wordpress\/plugins\/seo\/ -->\n<title>Solutions audio Overture O304F MK3 | Freakuence!<\/title>\n<meta name=\"description\" content=\"Audio Solutions Overture O304F MK3 : enceintes colonnes 3 voies avec tweeter \u00e0 d\u00f4me en soie et haut-parleurs \u00e0 c\u00f4ne ER pour une qualit\u00e9 sonore sup\u00e9rieure. \u2713 HiFi neuf et d&#039;occasion \u2713 Note du client : 4.9 sur 5 \u2713 Reprise \u2713 Session d&#039;\u00e9coute\" \/>\n<meta name=\"robots\" content=\"noindex, follow, max-snippet:-1, max-image-preview:large, max-video-preview:-1\" \/>\n<meta property=\"og:locale\" content=\"fr_FR\" \/>\n<meta property=\"og:type\" content=\"article\" \/>\n<meta property=\"og:title\" content=\"Solutions audio Overture O304F MK3 | Freakuence!\" \/>\n<meta property=\"og:description\" content=\"Audio Solutions Overture O304F MK3 : enceintes colonnes 3 voies avec tweeter \u00e0 d\u00f4me en soie et haut-parleurs \u00e0 c\u00f4ne ER pour une qualit\u00e9 sonore sup\u00e9rieure. \u2713 HiFi neuf et d&#039;occasion \u2713 Note du client : 4.9 sur 5 \u2713 Reprise \u2713 Session d&#039;\u00e9coute\" \/>\n<meta property=\"og:url\" content=\"https:\/\/dev.freakuence.nl\/fr\/produit\/solutions-audio-overture-o304f-mk3\/\" \/>\n<meta property=\"og:site_name\" content=\"Freakuence!\" \/>\n<meta property=\"article:modified_time\" content=\"2026-04-16T10:25:51+00:00\" \/>\n<meta property=\"og:image\" content=\"https:\/\/dev.freakuence.nl\/wp-content\/uploads\/2026\/04\/17762622793623-19489-IMG5668-1-scaled.jpg\" \/>\n\t<meta property=\"og:image:width\" content=\"1200\" \/>\n\t<meta property=\"og:image:height\" content=\"1800\" \/>\n\t<meta property=\"og:image:type\" content=\"image\/jpeg\" \/>\n<meta name=\"twitter:card\" content=\"summary_large_image\" \/>\n<script type=\"application\/ld+json\" class=\"yoast-schema-graph\">{\"@context\":\"https:\/\/schema.org\",\"@graph\":[{\"@type\":\"WebPage\",\"@id\":\"https:\/\/dev.freakuence.nl\/fr\/produit\/solutions-audio-overture-o304f-mk3\/\",\"url\":\"https:\/\/dev.freakuence.nl\/fr\/produit\/solutions-audio-overture-o304f-mk3\/\",\"name\":\"Solutions audio Overture O304F MK3 | Freakuence!\",\"isPartOf\":{\"@id\":\"https:\/\/dev.freakuence.nl\/fr\/#website\"},\"primaryImageOfPage\":{\"@id\":\"https:\/\/dev.freakuence.nl\/fr\/produit\/solutions-audio-overture-o304f-mk3\/#primaryimage\"},\"image\":{\"@id\":\"https:\/\/dev.freakuence.nl\/fr\/produit\/solutions-audio-overture-o304f-mk3\/#primaryimage\"},\"thumbnailUrl\":\"https:\/\/dev.freakuence.nl\/wp-content\/uploads\/2026\/04\/17762622793623-19489-IMG5668-1-scaled.jpg\",\"datePublished\":\"2026-04-15T14:10:18+00:00\",\"dateModified\":\"2026-04-16T10:25:51+00:00\",\"description\":\"Audio Solutions Overture O304F MK3 : enceintes colonnes 3 voies avec tweeter \u00e0 d\u00f4me en soie et haut-parleurs \u00e0 c\u00f4ne ER pour une qualit\u00e9 sonore sup\u00e9rieure. \u2713 HiFi neuf et d'occasion \u2713 Note du client : 4.9 sur 5 \u2713 Reprise \u2713 Session d'\u00e9coute\",\"breadcrumb\":{\"@id\":\"https:\/\/dev.freakuence.nl\/fr\/produit\/solutions-audio-overture-o304f-mk3\/#breadcrumb\"},\"inLanguage\":\"fr-FR\",\"potentialAction\":[{\"@type\":\"ReadAction\",\"target\":[\"https:\/\/dev.freakuence.nl\/fr\/produit\/solutions-audio-overture-o304f-mk3\/\"]}]},{\"@type\":\"ImageObject\",\"inLanguage\":\"fr-FR\",\"@id\":\"https:\/\/dev.freakuence.nl\/fr\/produit\/solutions-audio-overture-o304f-mk3\/#primaryimage\",\"url\":\"https:\/\/dev.freakuence.nl\/wp-content\/uploads\/2026\/04\/17762622793623-19489-IMG5668-1-scaled.jpg\",\"contentUrl\":\"https:\/\/dev.freakuence.nl\/wp-content\/uploads\/2026\/04\/17762622793623-19489-IMG5668-1-scaled.jpg\",\"width\":1200,\"height\":1800},{\"@type\":\"BreadcrumbList\",\"@id\":\"https:\/\/dev.freakuence.nl\/fr\/produit\/solutions-audio-overture-o304f-mk3\/#breadcrumb\",\"itemListElement\":[{\"@type\":\"ListItem\",\"position\":1,\"name\":\"Accueil\",\"item\":\"https:\/\/dev.freakuence.nl\/fr\/\"},{\"@type\":\"ListItem\",\"position\":2,\"name\":\"Produits\",\"item\":\"https:\/\/dev.freakuence.nl\/fr\/produits\/\"},{\"@type\":\"ListItem\",\"position\":3,\"name\":\"Audio Solutions Overture O304F MK3\"}]},{\"@type\":\"WebSite\",\"@id\":\"https:\/\/dev.freakuence.nl\/fr\/#website\",\"url\":\"https:\/\/dev.freakuence.nl\/fr\/\",\"name\":\"Freakuence!\",\"description\":\"Freakuence!\",\"publisher\":{\"@id\":\"https:\/\/dev.freakuence.nl\/fr\/#organization\"},\"alternateName\":\"Freakuence\",\"potentialAction\":[{\"@type\":\"SearchAction\",\"target\":{\"@type\":\"EntryPoint\",\"urlTemplate\":\"https:\/\/dev.freakuence.nl\/fr\/?s={search_term_string}\"},\"query-input\":{\"@type\":\"PropertyValueSpecification\",\"valueRequired\":true,\"valueName\":\"search_term_string\"}}],\"inLanguage\":\"fr-FR\"},{\"@type\":\"Organization\",\"@id\":\"https:\/\/dev.freakuence.nl\/fr\/#organization\",\"name\":\"Freakuence !\",\"url\":\"https:\/\/dev.freakuence.nl\/fr\/\",\"logo\":{\"@type\":\"ImageObject\",\"inLanguage\":\"fr-FR\",\"@id\":\"https:\/\/dev.freakuence.nl\/fr\/#\/schema\/logo\/image\/\",\"url\":\"https:\/\/dev.freakuence.nl\/wp-content\/uploads\/2022\/05\/Brown_3_RGB_Freakuence-1.png\",\"contentUrl\":\"https:\/\/dev.freakuence.nl\/wp-content\/uploads\/2022\/05\/Brown_3_RGB_Freakuence-1.png\",\"width\":2560,\"height\":684,\"caption\":\"Freakuence !\"},\"image\":{\"@id\":\"https:\/\/dev.freakuence.nl\/fr\/#\/schema\/logo\/image\/\"},\"sameAs\":[\"https:\/\/www.instagram.com\/freakuence_notorious_audio\/\"]}]}<\/script>\n<!-- \/ Yoast SEO plugin. -->","yoast_head_json":{"title":"Solutions audio Overture O304F MK3 | Freakuence!","description":"Audio Solutions Overture O304F MK3 : enceintes colonnes 3 voies avec tweeter \u00e0 d\u00f4me en soie et haut-parleurs \u00e0 c\u00f4ne ER pour une qualit\u00e9 sonore sup\u00e9rieure. \u2713 HiFi neuf et d'occasion \u2713 Note du client : 4.9 sur 5 \u2713 Reprise \u2713 Session d'\u00e9coute","robots":{"index":"noindex","follow":"follow","max-snippet":"max-snippet:-1","max-image-preview":"max-image-preview:large","max-video-preview":"max-video-preview:-1"},"og_locale":"fr_FR","og_type":"article","og_title":"Solutions audio Overture O304F MK3 | Freakuence!","og_description":"Audio Solutions Overture O304F MK3 : enceintes colonnes 3 voies avec tweeter \u00e0 d\u00f4me en soie et haut-parleurs \u00e0 c\u00f4ne ER pour une qualit\u00e9 sonore sup\u00e9rieure. \u2713 HiFi neuf et d'occasion \u2713 Note du client : 4.9 sur 5 \u2713 Reprise \u2713 Session d'\u00e9coute","og_url":"https:\/\/dev.freakuence.nl\/fr\/produit\/solutions-audio-overture-o304f-mk3\/","og_site_name":"Freakuence!","article_modified_time":"2026-04-16T10:25:51+00:00","og_image":[{"width":1200,"height":1800,"url":"https:\/\/dev.freakuence.nl\/wp-content\/uploads\/2026\/04\/17762622793623-19489-IMG5668-1-scaled.jpg","type":"image\/jpeg"}],"twitter_card":"summary_large_image","schema":{"@context":"https:\/\/schema.org","@graph":[{"@type":"WebPage","@id":"https:\/\/dev.freakuence.nl\/fr\/produit\/solutions-audio-overture-o304f-mk3\/","url":"https:\/\/dev.freakuence.nl\/fr\/produit\/solutions-audio-overture-o304f-mk3\/","name":"Solutions audio Overture O304F MK3 | Freakuence!","isPartOf":{"@id":"https:\/\/dev.freakuence.nl\/fr\/#website"},"primaryImageOfPage":{"@id":"https:\/\/dev.freakuence.nl\/fr\/produit\/solutions-audio-overture-o304f-mk3\/#primaryimage"},"image":{"@id":"https:\/\/dev.freakuence.nl\/fr\/produit\/solutions-audio-overture-o304f-mk3\/#primaryimage"},"thumbnailUrl":"https:\/\/dev.freakuence.nl\/wp-content\/uploads\/2026\/04\/17762622793623-19489-IMG5668-1-scaled.jpg","datePublished":"2026-04-15T14:10:18+00:00","dateModified":"2026-04-16T10:25:51+00:00","description":"Audio Solutions Overture O304F MK3 : enceintes colonnes 3 voies avec tweeter \u00e0 d\u00f4me en soie et haut-parleurs \u00e0 c\u00f4ne ER pour une qualit\u00e9 sonore sup\u00e9rieure. \u2713 HiFi neuf et d'occasion \u2713 Note du client : 4.9 sur 5 \u2713 Reprise \u2713 Session d'\u00e9coute","breadcrumb":{"@id":"https:\/\/dev.freakuence.nl\/fr\/produit\/solutions-audio-overture-o304f-mk3\/#breadcrumb"},"inLanguage":"fr-FR","potentialAction":[{"@type":"ReadAction","target":["https:\/\/dev.freakuence.nl\/fr\/produit\/solutions-audio-overture-o304f-mk3\/"]}]},{"@type":"ImageObject","inLanguage":"fr-FR","@id":"https:\/\/dev.freakuence.nl\/fr\/produit\/solutions-audio-overture-o304f-mk3\/#primaryimage","url":"https:\/\/dev.freakuence.nl\/wp-content\/uploads\/2026\/04\/17762622793623-19489-IMG5668-1-scaled.jpg","contentUrl":"https:\/\/dev.freakuence.nl\/wp-content\/uploads\/2026\/04\/17762622793623-19489-IMG5668-1-scaled.jpg","width":1200,"height":1800},{"@type":"BreadcrumbList","@id":"https:\/\/dev.freakuence.nl\/fr\/produit\/solutions-audio-overture-o304f-mk3\/#breadcrumb","itemListElement":[{"@type":"ListItem","position":1,"name":"Accueil","item":"https:\/\/dev.freakuence.nl\/fr\/"},{"@type":"ListItem","position":2,"name":"Produits","item":"https:\/\/dev.freakuence.nl\/fr\/produits\/"},{"@type":"ListItem","position":3,"name":"Audio Solutions Overture O304F MK3"}]},{"@type":"WebSite","@id":"https:\/\/dev.freakuence.nl\/fr\/#website","url":"https:\/\/dev.freakuence.nl\/fr\/","name":"Freakuence!","description":"Freakuence!","publisher":{"@id":"https:\/\/dev.freakuence.nl\/fr\/#organization"},"alternateName":"Freakuence","potentialAction":[{"@type":"SearchAction","target":{"@type":"EntryPoint","urlTemplate":"https:\/\/dev.freakuence.nl\/fr\/?s={search_term_string}"},"query-input":{"@type":"PropertyValueSpecification","valueRequired":true,"valueName":"search_term_string"}}],"inLanguage":"fr-FR"},{"@type":"Organization","@id":"https:\/\/dev.freakuence.nl\/fr\/#organization","name":"Freakuence !","url":"https:\/\/dev.freakuence.nl\/fr\/","logo":{"@type":"ImageObject","inLanguage":"fr-FR","@id":"https:\/\/dev.freakuence.nl\/fr\/#\/schema\/logo\/image\/","url":"https:\/\/dev.freakuence.nl\/wp-content\/uploads\/2022\/05\/Brown_3_RGB_Freakuence-1.png","contentUrl":"https:\/\/dev.freakuence.nl\/wp-content\/uploads\/2022\/05\/Brown_3_RGB_Freakuence-1.png","width":2560,"height":684,"caption":"Freakuence !"},"image":{"@id":"https:\/\/dev.freakuence.nl\/fr\/#\/schema\/logo\/image\/"},"sameAs":["https:\/\/www.instagram.com\/freakuence_notorious_audio\/"]}]}},"_links":{"self":[{"href":"https:\/\/dev.freakuence.nl\/fr\/wp-json\/wp\/v2\/product\/399740","targetHints":{"allow":["GET"]}}],"collection":[{"href":"https:\/\/dev.freakuence.nl\/fr\/wp-json\/wp\/v2\/product"}],"about":[{"href":"https:\/\/dev.freakuence.nl\/fr\/wp-json\/wp\/v2\/types\/product"}],"wp:featuredmedia":[{"embeddable":true,"href":"https:\/\/dev.freakuence.nl\/fr\/wp-json\/wp\/v2\/media\/401916"}],"wp:attachment":[{"href":"https:\/\/dev.freakuence.nl\/fr\/wp-json\/wp\/v2\/media?parent=399740"}],"wp:term":[{"taxonomy":"product_brand","embeddable":true,"href":"https:\/\/dev.freakuence.nl\/fr\/wp-json\/wp\/v2\/product_brand?post=399740"},{"taxonomy":"product_cat","embeddable":true,"href":"https:\/\/dev.freakuence.nl\/fr\/wp-json\/wp\/v2\/product_cat?post=399740"},{"taxonomy":"product_tag","embeddable":true,"href":"https:\/\/dev.freakuence.nl\/fr\/wp-json\/wp\/v2\/product_tag?post=399740"}],"curies":[{"name":"wp","href":"https:\/\/api.w.org\/{rel}","templated":true}]}}