{"id":399804,"date":"2026-04-15T19:26:37","date_gmt":"2026-04-15T17:26:37","guid":{"rendered":"https:\/\/freakuence.nl\/product\/proac-response-db-1\/"},"modified":"2026-04-16T12:46:32","modified_gmt":"2026-04-16T10:46:32","slug":"proac-response-db-1","status":"publish","type":"product","link":"https:\/\/dev.freakuence.nl\/fr\/produit\/proac-response-db-1\/","title":{"rendered":"ProAc Response DB 1"},"content":{"rendered":"<div class=\"product-specifications-list\">\n<div class=\"specification-item row-header\"><span class=\"spec-content\"><strong>Description Freakuence !<\/strong><\/span><\/div>\n<div class=\"specification-item row-even\"><span class=\"spec-content\">ProAc que nous aimons avoir ici ! Voici un autre ensemble qui vous fera dresser l&rsquo;oreille ! Ces petits gars vous font oublier que vous \u00e9coutez des enceintes compactes. Les aigus du d\u00f4me vous permettent de ressentir beaucoup d&rsquo;espace. Les m\u00e9diums ? Bien s\u00fbr, les voix sont sinc\u00e8res et les instruments arrivent bien. Et maintenant, nous arrivons aux basses : elles sont rapides et bonnes, avec une certaine puissance. Une belle r\u00e9ussite pour une taille aussi modeste.       <\/span><\/div>\n<div class=\"specification-item row-header\"><span class=\"spec-content\"><strong>D\u00e9tails<\/strong><\/span><\/div>\n<div class=\"specification-item row-even\"><span class=\"spec-content\">Malheureusement, il n&rsquo;est pas comme neuf ! Un accident se produit dans un petit coin. Voir les photos.<\/span><\/div>\n<div class=\"specification-item row-header\"><span class=\"spec-content\"><strong>Description g\u00e9n\u00e9rale<\/strong><\/span><\/div>\n<div class=\"specification-item row-even\"><span class=\"spec-content\">Le ProAc Response DB1 est un haut-parleur compact qui offre une reproduction sonore typiquement associ\u00e9e \u00e0 des mod\u00e8les plus grands. Ce haut-parleur de monitoring offre une sc\u00e8ne sonore impressionnante avec un son d\u00e9taill\u00e9 et une reproduction dynamique.  <\/p>\n<p>La conception du ProAc Response DB1 comprend un caisson soigneusement construit avec diff\u00e9rentes \u00e9paisseurs de MDF de haute qualit\u00e9, amorti avec du bitume pour minimiser la r\u00e9sonance du caisson. Le haut-parleur de graves \u00e0 longue course sp\u00e9cialement con\u00e7u, avec un c\u00f4ne en pulpe et en mica, fournit une r\u00e9ponse puissante et \u00e9tendue dans les graves.  Le tweeter \u00e0 d\u00f4me en soie de 1 pouce contribue \u00e0 une reproduction claire et pr\u00e9cise des hautes fr\u00e9quences.  <\/p>\n<p>Avec le ProAc Response DB1, vous b\u00e9n\u00e9ficierez d&rsquo;une image st\u00e9r\u00e9o spacieuse et d&rsquo;un \u00e9quilibre sonore naturel qui donneront vie \u00e0 votre collection musicale. Planifiez une session d&rsquo;\u00e9coute pour d\u00e9couvrir les performances de cette enceinte par vous-m\u00eame ou discutez des options de reprise et d\u00e9couvrez comment le ProAc Response DB1 peut enrichir votre exp\u00e9rience d&rsquo;\u00e9coute. <\/span><\/div>\n<div class=\"specification-item row-header\"><span class=\"spec-content\"><strong>Informations g\u00e9n\u00e9rales<\/strong><\/span><\/div>\n<div class=\"specification-item row-even\"><span class=\"spec-content\">Les enceintes ProAc Response DB1 ont \u00e9t\u00e9 con\u00e7ues avec pr\u00e9cision par l&rsquo;ing\u00e9nieur du son de ProAc, Stewart Tyler. L&rsquo;accent est mis sur la reproduction naturelle du son en utilisant des mat\u00e9riaux de haute qualit\u00e9 tels que des woofers m\u00e9diums sp\u00e9cialis\u00e9s et un tweeter \u00e0 d\u00f4me souple de 1 pouce. Les enceintes sont fabriqu\u00e9es \u00e0 partir de bois soigneusement s\u00e9lectionn\u00e9s pour une acoustique optimale, avec un c\u00e2blage interne en cuivre exempt d&rsquo;oxyg\u00e8ne pour minimiser la perte de signal. Chaque composant est assembl\u00e9 \u00e0 la main au Royaume-Uni pour garantir les normes de qualit\u00e9 les plus \u00e9lev\u00e9es.   <\/span><\/div>\n<div class=\"specification-item row-header\"><span class=\"spec-content\"><strong>Histoire de la marque<\/strong><\/span><\/div>\n<div class=\"specification-item row-even\"><span class=\"spec-content\">ProAc est une marque britannique connue pour ses haut-parleurs de haute qualit\u00e9. Elle a \u00e9t\u00e9 fond\u00e9e en 1979 par Stewart Tyler, qui \u00e9tait auparavant impliqu\u00e9 dans la conception de haut-parleurs pour le march\u00e9 professionnel. ProAc se concentre sp\u00e9cifiquement sur le march\u00e9 des particuliers et a d\u00e9velopp\u00e9 une large gamme de mod\u00e8les de haut-parleurs au fil des ans.  <\/p>\n<p>Les enceintes ProAc sont fabriqu\u00e9es \u00e0 la main au Royaume-Uni, avec une grande attention port\u00e9e aux d\u00e9tails et \u00e0 la qualit\u00e9 du son. La marque est connue pour son utilisation de composants sp\u00e9cialis\u00e9s et de mat\u00e9riaux de haute qualit\u00e9, ce qui contribue \u00e0 sa r\u00e9putation de durabilit\u00e9 et de performance. <\/p>\n<p>Au fil des ans, ProAc a lanc\u00e9 plusieurs mod\u00e8les allant des enceintes de biblioth\u00e8que aux enceintes sur pied. La marque s&rsquo;est toujours attach\u00e9e \u00e0 fournir un son naturel, ce qui lui vaut d&rsquo;\u00eatre appr\u00e9ci\u00e9e par les amateurs d&rsquo;audio du monde entier. <\/span><\/div>\n<\/div>\n","protected":false},"excerpt":{"rendered":"<p>Description Freakuence ! ProAc que nous aimons avoir ici ! Voici un autre ensemble qui vous fera dresser l&rsquo;oreille ! Ces petits gars vous font oublier que vous \u00e9coutez des enceintes compactes. Les aigus du d\u00f4me vous permettent de ressentir beaucoup d&rsquo;espace. Les m\u00e9diums ? Bien s\u00fbr, les voix sont sinc\u00e8res et les instruments arrivent [&hellip;]<\/p>\n","protected":false},"featured_media":401888,"template":"","meta":{"_acf_changed":false,"inline_featured_image":false},"product_brand":[],"product_cat":[709,543],"product_tag":[533],"class_list":{"0":"post-399804","1":"product","2":"type-product","3":"status-publish","4":"has-post-thumbnail","6":"product_cat-enceintes-de-bibliotheque","7":"product_cat-intervenants","8":"product_tag-used","9":"pa_kleur-marron","11":"first","12":"instock","13":"sold-individually","14":"purchasable","15":"product-type-simple"},"acf":{"website":true,"show_on_homepage":false,"brand_title":"ProAc","product_type":"Response DB 1","color":"Marron","subcolor":"","reserved_status":"0"},"yoast_head":"<!-- This site is optimized with the Yoast SEO plugin v25.9 - https:\/\/yoast.com\/wordpress\/plugins\/seo\/ -->\n<title>ProAc Response DB 1 | Freakuence!<\/title>\n<meta name=\"description\" content=\"ProAc Response DB1 : enceinte compacte avec un son puissant et des basses profondes. \u2713 HiFi neuf et d&#039;occasion \u2713 Note du client : 4.9 sur 5 \u2713 Reprise \u2713 Session d&#039;\u00e9coute\" \/>\n<meta name=\"robots\" content=\"noindex, follow, max-snippet:-1, max-image-preview:large, max-video-preview:-1\" \/>\n<meta property=\"og:locale\" content=\"fr_FR\" \/>\n<meta property=\"og:type\" content=\"article\" \/>\n<meta property=\"og:title\" content=\"ProAc Response DB 1 | Freakuence!\" \/>\n<meta property=\"og:description\" content=\"ProAc Response DB1 : enceinte compacte avec un son puissant et des basses profondes. \u2713 HiFi neuf et d&#039;occasion \u2713 Note du client : 4.9 sur 5 \u2713 Reprise \u2713 Session d&#039;\u00e9coute\" \/>\n<meta property=\"og:url\" content=\"https:\/\/dev.freakuence.nl\/fr\/produit\/proac-response-db-1\/\" \/>\n<meta property=\"og:site_name\" content=\"Freakuence!\" \/>\n<meta property=\"article:modified_time\" content=\"2026-04-16T10:46:32+00:00\" \/>\n<meta property=\"og:image\" content=\"https:\/\/dev.freakuence.nl\/wp-content\/uploads\/2026\/04\/17762603846595-19392-IMG5624-1.jpg\" \/>\n\t<meta property=\"og:image:width\" content=\"1800\" \/>\n\t<meta property=\"og:image:height\" content=\"1200\" \/>\n\t<meta property=\"og:image:type\" content=\"image\/jpeg\" \/>\n<meta name=\"twitter:card\" content=\"summary_large_image\" \/>\n<script type=\"application\/ld+json\" class=\"yoast-schema-graph\">{\"@context\":\"https:\/\/schema.org\",\"@graph\":[{\"@type\":\"WebPage\",\"@id\":\"https:\/\/dev.freakuence.nl\/fr\/produit\/proac-response-db-1\/\",\"url\":\"https:\/\/dev.freakuence.nl\/fr\/produit\/proac-response-db-1\/\",\"name\":\"ProAc Response DB 1 | Freakuence!\",\"isPartOf\":{\"@id\":\"https:\/\/dev.freakuence.nl\/fr\/#website\"},\"primaryImageOfPage\":{\"@id\":\"https:\/\/dev.freakuence.nl\/fr\/produit\/proac-response-db-1\/#primaryimage\"},\"image\":{\"@id\":\"https:\/\/dev.freakuence.nl\/fr\/produit\/proac-response-db-1\/#primaryimage\"},\"thumbnailUrl\":\"https:\/\/dev.freakuence.nl\/wp-content\/uploads\/2026\/04\/17762603846595-19392-IMG5624-1.jpg\",\"datePublished\":\"2026-04-15T17:26:37+00:00\",\"dateModified\":\"2026-04-16T10:46:32+00:00\",\"description\":\"ProAc Response DB1 : enceinte compacte avec un son puissant et des basses profondes. \u2713 HiFi neuf et d'occasion \u2713 Note du client : 4.9 sur 5 \u2713 Reprise \u2713 Session d'\u00e9coute\",\"breadcrumb\":{\"@id\":\"https:\/\/dev.freakuence.nl\/fr\/produit\/proac-response-db-1\/#breadcrumb\"},\"inLanguage\":\"fr-FR\",\"potentialAction\":[{\"@type\":\"ReadAction\",\"target\":[\"https:\/\/dev.freakuence.nl\/fr\/produit\/proac-response-db-1\/\"]}]},{\"@type\":\"ImageObject\",\"inLanguage\":\"fr-FR\",\"@id\":\"https:\/\/dev.freakuence.nl\/fr\/produit\/proac-response-db-1\/#primaryimage\",\"url\":\"https:\/\/dev.freakuence.nl\/wp-content\/uploads\/2026\/04\/17762603846595-19392-IMG5624-1.jpg\",\"contentUrl\":\"https:\/\/dev.freakuence.nl\/wp-content\/uploads\/2026\/04\/17762603846595-19392-IMG5624-1.jpg\",\"width\":1800,\"height\":1200},{\"@type\":\"BreadcrumbList\",\"@id\":\"https:\/\/dev.freakuence.nl\/fr\/produit\/proac-response-db-1\/#breadcrumb\",\"itemListElement\":[{\"@type\":\"ListItem\",\"position\":1,\"name\":\"Accueil\",\"item\":\"https:\/\/dev.freakuence.nl\/fr\/\"},{\"@type\":\"ListItem\",\"position\":2,\"name\":\"Produits\",\"item\":\"https:\/\/dev.freakuence.nl\/fr\/produits\/\"},{\"@type\":\"ListItem\",\"position\":3,\"name\":\"ProAc Response DB 1\"}]},{\"@type\":\"WebSite\",\"@id\":\"https:\/\/dev.freakuence.nl\/fr\/#website\",\"url\":\"https:\/\/dev.freakuence.nl\/fr\/\",\"name\":\"Freakuence!\",\"description\":\"Freakuence!\",\"publisher\":{\"@id\":\"https:\/\/dev.freakuence.nl\/fr\/#organization\"},\"alternateName\":\"Freakuence\",\"potentialAction\":[{\"@type\":\"SearchAction\",\"target\":{\"@type\":\"EntryPoint\",\"urlTemplate\":\"https:\/\/dev.freakuence.nl\/fr\/?s={search_term_string}\"},\"query-input\":{\"@type\":\"PropertyValueSpecification\",\"valueRequired\":true,\"valueName\":\"search_term_string\"}}],\"inLanguage\":\"fr-FR\"},{\"@type\":\"Organization\",\"@id\":\"https:\/\/dev.freakuence.nl\/fr\/#organization\",\"name\":\"Freakuence !\",\"url\":\"https:\/\/dev.freakuence.nl\/fr\/\",\"logo\":{\"@type\":\"ImageObject\",\"inLanguage\":\"fr-FR\",\"@id\":\"https:\/\/dev.freakuence.nl\/fr\/#\/schema\/logo\/image\/\",\"url\":\"https:\/\/dev.freakuence.nl\/wp-content\/uploads\/2022\/05\/Brown_3_RGB_Freakuence-1.png\",\"contentUrl\":\"https:\/\/dev.freakuence.nl\/wp-content\/uploads\/2022\/05\/Brown_3_RGB_Freakuence-1.png\",\"width\":2560,\"height\":684,\"caption\":\"Freakuence !\"},\"image\":{\"@id\":\"https:\/\/dev.freakuence.nl\/fr\/#\/schema\/logo\/image\/\"},\"sameAs\":[\"https:\/\/www.instagram.com\/freakuence_notorious_audio\/\"]}]}<\/script>\n<!-- \/ Yoast SEO plugin. -->","yoast_head_json":{"title":"ProAc Response DB 1 | Freakuence!","description":"ProAc Response DB1 : enceinte compacte avec un son puissant et des basses profondes. \u2713 HiFi neuf et d'occasion \u2713 Note du client : 4.9 sur 5 \u2713 Reprise \u2713 Session d'\u00e9coute","robots":{"index":"noindex","follow":"follow","max-snippet":"max-snippet:-1","max-image-preview":"max-image-preview:large","max-video-preview":"max-video-preview:-1"},"og_locale":"fr_FR","og_type":"article","og_title":"ProAc Response DB 1 | Freakuence!","og_description":"ProAc Response DB1 : enceinte compacte avec un son puissant et des basses profondes. \u2713 HiFi neuf et d'occasion \u2713 Note du client : 4.9 sur 5 \u2713 Reprise \u2713 Session d'\u00e9coute","og_url":"https:\/\/dev.freakuence.nl\/fr\/produit\/proac-response-db-1\/","og_site_name":"Freakuence!","article_modified_time":"2026-04-16T10:46:32+00:00","og_image":[{"width":1800,"height":1200,"url":"https:\/\/dev.freakuence.nl\/wp-content\/uploads\/2026\/04\/17762603846595-19392-IMG5624-1.jpg","type":"image\/jpeg"}],"twitter_card":"summary_large_image","schema":{"@context":"https:\/\/schema.org","@graph":[{"@type":"WebPage","@id":"https:\/\/dev.freakuence.nl\/fr\/produit\/proac-response-db-1\/","url":"https:\/\/dev.freakuence.nl\/fr\/produit\/proac-response-db-1\/","name":"ProAc Response DB 1 | Freakuence!","isPartOf":{"@id":"https:\/\/dev.freakuence.nl\/fr\/#website"},"primaryImageOfPage":{"@id":"https:\/\/dev.freakuence.nl\/fr\/produit\/proac-response-db-1\/#primaryimage"},"image":{"@id":"https:\/\/dev.freakuence.nl\/fr\/produit\/proac-response-db-1\/#primaryimage"},"thumbnailUrl":"https:\/\/dev.freakuence.nl\/wp-content\/uploads\/2026\/04\/17762603846595-19392-IMG5624-1.jpg","datePublished":"2026-04-15T17:26:37+00:00","dateModified":"2026-04-16T10:46:32+00:00","description":"ProAc Response DB1 : enceinte compacte avec un son puissant et des basses profondes. \u2713 HiFi neuf et d'occasion \u2713 Note du client : 4.9 sur 5 \u2713 Reprise \u2713 Session d'\u00e9coute","breadcrumb":{"@id":"https:\/\/dev.freakuence.nl\/fr\/produit\/proac-response-db-1\/#breadcrumb"},"inLanguage":"fr-FR","potentialAction":[{"@type":"ReadAction","target":["https:\/\/dev.freakuence.nl\/fr\/produit\/proac-response-db-1\/"]}]},{"@type":"ImageObject","inLanguage":"fr-FR","@id":"https:\/\/dev.freakuence.nl\/fr\/produit\/proac-response-db-1\/#primaryimage","url":"https:\/\/dev.freakuence.nl\/wp-content\/uploads\/2026\/04\/17762603846595-19392-IMG5624-1.jpg","contentUrl":"https:\/\/dev.freakuence.nl\/wp-content\/uploads\/2026\/04\/17762603846595-19392-IMG5624-1.jpg","width":1800,"height":1200},{"@type":"BreadcrumbList","@id":"https:\/\/dev.freakuence.nl\/fr\/produit\/proac-response-db-1\/#breadcrumb","itemListElement":[{"@type":"ListItem","position":1,"name":"Accueil","item":"https:\/\/dev.freakuence.nl\/fr\/"},{"@type":"ListItem","position":2,"name":"Produits","item":"https:\/\/dev.freakuence.nl\/fr\/produits\/"},{"@type":"ListItem","position":3,"name":"ProAc Response DB 1"}]},{"@type":"WebSite","@id":"https:\/\/dev.freakuence.nl\/fr\/#website","url":"https:\/\/dev.freakuence.nl\/fr\/","name":"Freakuence!","description":"Freakuence!","publisher":{"@id":"https:\/\/dev.freakuence.nl\/fr\/#organization"},"alternateName":"Freakuence","potentialAction":[{"@type":"SearchAction","target":{"@type":"EntryPoint","urlTemplate":"https:\/\/dev.freakuence.nl\/fr\/?s={search_term_string}"},"query-input":{"@type":"PropertyValueSpecification","valueRequired":true,"valueName":"search_term_string"}}],"inLanguage":"fr-FR"},{"@type":"Organization","@id":"https:\/\/dev.freakuence.nl\/fr\/#organization","name":"Freakuence !","url":"https:\/\/dev.freakuence.nl\/fr\/","logo":{"@type":"ImageObject","inLanguage":"fr-FR","@id":"https:\/\/dev.freakuence.nl\/fr\/#\/schema\/logo\/image\/","url":"https:\/\/dev.freakuence.nl\/wp-content\/uploads\/2022\/05\/Brown_3_RGB_Freakuence-1.png","contentUrl":"https:\/\/dev.freakuence.nl\/wp-content\/uploads\/2022\/05\/Brown_3_RGB_Freakuence-1.png","width":2560,"height":684,"caption":"Freakuence !"},"image":{"@id":"https:\/\/dev.freakuence.nl\/fr\/#\/schema\/logo\/image\/"},"sameAs":["https:\/\/www.instagram.com\/freakuence_notorious_audio\/"]}]}},"_links":{"self":[{"href":"https:\/\/dev.freakuence.nl\/fr\/wp-json\/wp\/v2\/product\/399804","targetHints":{"allow":["GET"]}}],"collection":[{"href":"https:\/\/dev.freakuence.nl\/fr\/wp-json\/wp\/v2\/product"}],"about":[{"href":"https:\/\/dev.freakuence.nl\/fr\/wp-json\/wp\/v2\/types\/product"}],"wp:featuredmedia":[{"embeddable":true,"href":"https:\/\/dev.freakuence.nl\/fr\/wp-json\/wp\/v2\/media\/401888"}],"wp:attachment":[{"href":"https:\/\/dev.freakuence.nl\/fr\/wp-json\/wp\/v2\/media?parent=399804"}],"wp:term":[{"taxonomy":"product_brand","embeddable":true,"href":"https:\/\/dev.freakuence.nl\/fr\/wp-json\/wp\/v2\/product_brand?post=399804"},{"taxonomy":"product_cat","embeddable":true,"href":"https:\/\/dev.freakuence.nl\/fr\/wp-json\/wp\/v2\/product_cat?post=399804"},{"taxonomy":"product_tag","embeddable":true,"href":"https:\/\/dev.freakuence.nl\/fr\/wp-json\/wp\/v2\/product_tag?post=399804"}],"curies":[{"name":"wp","href":"https:\/\/api.w.org\/{rel}","templated":true}]}}