{"id":399823,"date":"2026-04-15T19:31:58","date_gmt":"2026-04-15T17:31:58","guid":{"rendered":"https:\/\/freakuence.nl\/product\/ligne-magnetique-lm211ia-2\/"},"modified":"2026-04-16T12:25:40","modified_gmt":"2026-04-16T10:25:40","slug":"ligne-magnetique-lm211ia-2","status":"publish","type":"product","link":"https:\/\/dev.freakuence.nl\/fr\/produit\/ligne-magnetique-lm211ia-2\/","title":{"rendered":"Ligne magn\u00e9tique LM211IA"},"content":{"rendered":"<div class=\"product-specifications-list\">\n<div class=\"specification-item row-header\"><span class=\"spec-content\"><strong>Description Freakuence !<\/strong><\/span><\/div>\n<div class=\"specification-item row-even\"><span class=\"spec-content\">Puissant, doux, musical. Un milieu de gamme souple et ouvert avec des d\u00e9tails agr\u00e9ables dans les aigus, c&rsquo;est-\u00e0-dire sans acuit\u00e9. <\/span><\/div>\n<div class=\"specification-item row-odd\"><span class=\"spec-content\">Prix de vente au d\u00e9tail : 1999.00<\/span><\/div>\n<div class=\"specification-item row-header\"><span class=\"spec-content\"><strong>Description g\u00e9n\u00e9rale<\/strong><\/span><\/div>\n<div class=\"specification-item row-even\"><span class=\"spec-content\">Le Line Magnetic LM-211IA est un amplificateur int\u00e9gr\u00e9 \u00e0 tubes connu pour sa reproduction sonore chaleureuse et naturelle. Gr\u00e2ce \u00e0 sa conception push-pull et \u00e0 ses composants de haute qualit\u00e9, cet amplificateur d\u00e9livre un son dynamique et riche. Le LM-211IA dispose d&rsquo;un VU-m\u00e8tre \u00e9clair\u00e9 sur le panneau avant, qui vous permet d&rsquo;ajuster facilement la polarisation des tubes. Gr\u00e2ce \u00e0 des transformateurs EI soigneusement con\u00e7us et \u00e0 l&rsquo;utilisation de condensateurs Realcap et d&rsquo;un contr\u00f4le de volume ALPS, cet amplificateur offre des performances fiables et constantes. Le LM-211IA convient \u00e0 une grande vari\u00e9t\u00e9 d&rsquo;enceintes et de genres musicaux, ce qui en fait un choix polyvalent pour les amateurs de sons \u00e0 lampes.    <\/span><\/div>\n<div class=\"specification-item row-header\"><span class=\"spec-content\"><strong>Informations g\u00e9n\u00e9rales<\/strong><\/span><\/div>\n<div class=\"specification-item row-even\"><span class=\"spec-content\">Le Line Magnetic LM-211IA a \u00e9t\u00e9 con\u00e7u en mettant l&rsquo;accent sur la technologie classique des amplificateurs \u00e0 tubes, inspir\u00e9e des mod\u00e8les vintage. L&rsquo;amplificateur utilise des composants de haute qualit\u00e9 tels que des potentiom\u00e8tres ALPS, des r\u00e9sistances japonaises Takman et des transformateurs bobin\u00e9s \u00e0 la main. Le coffret est construit de mani\u00e8re robuste avec un ch\u00e2ssis en acier et des panneaux finis avec une laque de haute qualit\u00e9. Le c\u00e2blage interne est r\u00e9alis\u00e9 \u00e0 la main pour une puret\u00e9 optimale du signal. La conception vient du fondateur et ing\u00e9nieur en chef Zheng Cai, un amoureux de l&rsquo;\u00e9lectronique audio vintage.    <\/span><\/div>\n<div class=\"specification-item row-header\"><span class=\"spec-content\"><strong>Histoire de la marque<\/strong><\/span><\/div>\n<div class=\"specification-item row-even\"><span class=\"spec-content\">Line Magnetic a \u00e9t\u00e9 fond\u00e9e en 2005 par Zheng Cai et son fr\u00e8re Zheng Xi, \u00e0 Zhuhai, en Chine. La marque se concentre exclusivement sur la fabrication de produits \u00e9lectroniques \u00e0 base de tubes \u00e0 vide. Les fondateurs eux-m\u00eames ont longtemps \u00e9t\u00e9 impliqu\u00e9s dans la collecte et la recherche de composants \u00e9lectroniques historiques. L&rsquo;entreprise s&rsquo;attache \u00e0 reproduire des designs inspir\u00e9s des mod\u00e8les West Electric de la premi\u00e8re moiti\u00e9 du XXe si\u00e8cle. Line Magnetic fabrique des amplificateurs, des lecteurs CD, des DAC, des haut-parleurs et des composants connexes. Les transformateurs et les bo\u00eetiers utilis\u00e9s sont fabriqu\u00e9s en interne. La production de tubes \u00e0 vide est r\u00e9alis\u00e9e \u00e0 l&rsquo;aide de technologies et de machines datant de l&rsquo;ancienne \u00e8re sovi\u00e9tique. Les types de tubes utilis\u00e9s sont les suivants : 12AX7, 12AU7, 6SN7, EL34, 300B, 2A3, 805 et 845. La r\u00e9paration et la r\u00e9vision de produits plus anciens font partie du travail.        <\/span><\/div>\n<\/div>\n","protected":false},"excerpt":{"rendered":"<p>Description Freakuence ! Puissant, doux, musical. Un milieu de gamme souple et ouvert avec des d\u00e9tails agr\u00e9ables dans les aigus, c&rsquo;est-\u00e0-dire sans acuit\u00e9. Prix de vente au d\u00e9tail : 1999.00 Description g\u00e9n\u00e9rale Le Line Magnetic LM-211IA est un amplificateur int\u00e9gr\u00e9 \u00e0 tubes connu pour sa reproduction sonore chaleureuse et naturelle. Gr\u00e2ce \u00e0 sa conception push-pull [&hellip;]<\/p>\n","protected":false},"featured_media":401901,"template":"","meta":{"_acf_changed":false,"inline_featured_image":false},"product_brand":[],"product_cat":[530,556,745],"product_tag":[533],"class_list":{"0":"post-399823","1":"product","2":"type-product","3":"status-publish","4":"has-post-thumbnail","6":"product_cat-amplificateurs","7":"product_cat-amplificateurs-a-tubes","8":"product_cat-amplificateurs-stereo","9":"product_tag-used","10":"pa_kleur-noir","12":"first","13":"instock","14":"sold-individually","15":"purchasable","16":"product-type-simple"},"acf":{"website":true,"show_on_homepage":false,"brand_title":"Line Magnetic","product_type":"LM211IA","color":"Noir","subcolor":"","reserved_status":"0"},"yoast_head":"<!-- This site is optimized with the Yoast SEO plugin v25.9 - https:\/\/yoast.com\/wordpress\/plugins\/seo\/ -->\n<title>Ligne magn\u00e9tique LM211IA | Freakuence!<\/title>\n<meta name=\"description\" content=\"Line Magnetic LM211IA : puissant amplificateur \u00e0 tubes au son chaud et naturel. \u2713 HiFi neuf et d&#039;occasion \u2713 Note du client : 4.9 sur 5 \u2713 Reprise \u2713 Session d&#039;\u00e9coute\" \/>\n<meta name=\"robots\" content=\"noindex, follow, max-snippet:-1, max-image-preview:large, max-video-preview:-1\" \/>\n<meta property=\"og:locale\" content=\"fr_FR\" \/>\n<meta property=\"og:type\" content=\"article\" \/>\n<meta property=\"og:title\" content=\"Ligne magn\u00e9tique LM211IA | Freakuence!\" \/>\n<meta property=\"og:description\" content=\"Line Magnetic LM211IA : puissant amplificateur \u00e0 tubes au son chaud et naturel. \u2713 HiFi neuf et d&#039;occasion \u2713 Note du client : 4.9 sur 5 \u2713 Reprise \u2713 Session d&#039;\u00e9coute\" \/>\n<meta property=\"og:url\" content=\"https:\/\/dev.freakuence.nl\/fr\/produit\/ligne-magnetique-lm211ia-2\/\" \/>\n<meta property=\"og:site_name\" content=\"Freakuence!\" \/>\n<meta property=\"article:modified_time\" content=\"2026-04-16T10:25:40+00:00\" \/>\n<meta property=\"og:image\" content=\"https:\/\/dev.freakuence.nl\/wp-content\/uploads\/2026\/04\/17762605919992-19530-IMG5644-1.jpg\" \/>\n\t<meta property=\"og:image:width\" content=\"1800\" \/>\n\t<meta property=\"og:image:height\" content=\"1200\" \/>\n\t<meta property=\"og:image:type\" content=\"image\/jpeg\" \/>\n<meta name=\"twitter:card\" content=\"summary_large_image\" \/>\n<script type=\"application\/ld+json\" class=\"yoast-schema-graph\">{\"@context\":\"https:\/\/schema.org\",\"@graph\":[{\"@type\":\"WebPage\",\"@id\":\"https:\/\/dev.freakuence.nl\/fr\/produit\/ligne-magnetique-lm211ia-2\/\",\"url\":\"https:\/\/dev.freakuence.nl\/fr\/produit\/ligne-magnetique-lm211ia-2\/\",\"name\":\"Ligne magn\u00e9tique LM211IA | Freakuence!\",\"isPartOf\":{\"@id\":\"https:\/\/dev.freakuence.nl\/fr\/#website\"},\"primaryImageOfPage\":{\"@id\":\"https:\/\/dev.freakuence.nl\/fr\/produit\/ligne-magnetique-lm211ia-2\/#primaryimage\"},\"image\":{\"@id\":\"https:\/\/dev.freakuence.nl\/fr\/produit\/ligne-magnetique-lm211ia-2\/#primaryimage\"},\"thumbnailUrl\":\"https:\/\/dev.freakuence.nl\/wp-content\/uploads\/2026\/04\/17762605919992-19530-IMG5644-1.jpg\",\"datePublished\":\"2026-04-15T17:31:58+00:00\",\"dateModified\":\"2026-04-16T10:25:40+00:00\",\"description\":\"Line Magnetic LM211IA : puissant amplificateur \u00e0 tubes au son chaud et naturel. \u2713 HiFi neuf et d'occasion \u2713 Note du client : 4.9 sur 5 \u2713 Reprise \u2713 Session d'\u00e9coute\",\"breadcrumb\":{\"@id\":\"https:\/\/dev.freakuence.nl\/fr\/produit\/ligne-magnetique-lm211ia-2\/#breadcrumb\"},\"inLanguage\":\"fr-FR\",\"potentialAction\":[{\"@type\":\"ReadAction\",\"target\":[\"https:\/\/dev.freakuence.nl\/fr\/produit\/ligne-magnetique-lm211ia-2\/\"]}]},{\"@type\":\"ImageObject\",\"inLanguage\":\"fr-FR\",\"@id\":\"https:\/\/dev.freakuence.nl\/fr\/produit\/ligne-magnetique-lm211ia-2\/#primaryimage\",\"url\":\"https:\/\/dev.freakuence.nl\/wp-content\/uploads\/2026\/04\/17762605919992-19530-IMG5644-1.jpg\",\"contentUrl\":\"https:\/\/dev.freakuence.nl\/wp-content\/uploads\/2026\/04\/17762605919992-19530-IMG5644-1.jpg\",\"width\":1800,\"height\":1200},{\"@type\":\"BreadcrumbList\",\"@id\":\"https:\/\/dev.freakuence.nl\/fr\/produit\/ligne-magnetique-lm211ia-2\/#breadcrumb\",\"itemListElement\":[{\"@type\":\"ListItem\",\"position\":1,\"name\":\"Accueil\",\"item\":\"https:\/\/dev.freakuence.nl\/fr\/\"},{\"@type\":\"ListItem\",\"position\":2,\"name\":\"Produits\",\"item\":\"https:\/\/dev.freakuence.nl\/fr\/produits\/\"},{\"@type\":\"ListItem\",\"position\":3,\"name\":\"Line Magnetic LM211IA\"}]},{\"@type\":\"WebSite\",\"@id\":\"https:\/\/dev.freakuence.nl\/fr\/#website\",\"url\":\"https:\/\/dev.freakuence.nl\/fr\/\",\"name\":\"Freakuence!\",\"description\":\"Freakuence!\",\"publisher\":{\"@id\":\"https:\/\/dev.freakuence.nl\/fr\/#organization\"},\"alternateName\":\"Freakuence\",\"potentialAction\":[{\"@type\":\"SearchAction\",\"target\":{\"@type\":\"EntryPoint\",\"urlTemplate\":\"https:\/\/dev.freakuence.nl\/fr\/?s={search_term_string}\"},\"query-input\":{\"@type\":\"PropertyValueSpecification\",\"valueRequired\":true,\"valueName\":\"search_term_string\"}}],\"inLanguage\":\"fr-FR\"},{\"@type\":\"Organization\",\"@id\":\"https:\/\/dev.freakuence.nl\/fr\/#organization\",\"name\":\"Freakuence !\",\"url\":\"https:\/\/dev.freakuence.nl\/fr\/\",\"logo\":{\"@type\":\"ImageObject\",\"inLanguage\":\"fr-FR\",\"@id\":\"https:\/\/dev.freakuence.nl\/fr\/#\/schema\/logo\/image\/\",\"url\":\"https:\/\/dev.freakuence.nl\/wp-content\/uploads\/2022\/05\/Brown_3_RGB_Freakuence-1.png\",\"contentUrl\":\"https:\/\/dev.freakuence.nl\/wp-content\/uploads\/2022\/05\/Brown_3_RGB_Freakuence-1.png\",\"width\":2560,\"height\":684,\"caption\":\"Freakuence !\"},\"image\":{\"@id\":\"https:\/\/dev.freakuence.nl\/fr\/#\/schema\/logo\/image\/\"},\"sameAs\":[\"https:\/\/www.instagram.com\/freakuence_notorious_audio\/\"]}]}<\/script>\n<!-- \/ Yoast SEO plugin. -->","yoast_head_json":{"title":"Ligne magn\u00e9tique LM211IA | Freakuence!","description":"Line Magnetic LM211IA : puissant amplificateur \u00e0 tubes au son chaud et naturel. \u2713 HiFi neuf et d'occasion \u2713 Note du client : 4.9 sur 5 \u2713 Reprise \u2713 Session d'\u00e9coute","robots":{"index":"noindex","follow":"follow","max-snippet":"max-snippet:-1","max-image-preview":"max-image-preview:large","max-video-preview":"max-video-preview:-1"},"og_locale":"fr_FR","og_type":"article","og_title":"Ligne magn\u00e9tique LM211IA | Freakuence!","og_description":"Line Magnetic LM211IA : puissant amplificateur \u00e0 tubes au son chaud et naturel. \u2713 HiFi neuf et d'occasion \u2713 Note du client : 4.9 sur 5 \u2713 Reprise \u2713 Session d'\u00e9coute","og_url":"https:\/\/dev.freakuence.nl\/fr\/produit\/ligne-magnetique-lm211ia-2\/","og_site_name":"Freakuence!","article_modified_time":"2026-04-16T10:25:40+00:00","og_image":[{"width":1800,"height":1200,"url":"https:\/\/dev.freakuence.nl\/wp-content\/uploads\/2026\/04\/17762605919992-19530-IMG5644-1.jpg","type":"image\/jpeg"}],"twitter_card":"summary_large_image","schema":{"@context":"https:\/\/schema.org","@graph":[{"@type":"WebPage","@id":"https:\/\/dev.freakuence.nl\/fr\/produit\/ligne-magnetique-lm211ia-2\/","url":"https:\/\/dev.freakuence.nl\/fr\/produit\/ligne-magnetique-lm211ia-2\/","name":"Ligne magn\u00e9tique LM211IA | Freakuence!","isPartOf":{"@id":"https:\/\/dev.freakuence.nl\/fr\/#website"},"primaryImageOfPage":{"@id":"https:\/\/dev.freakuence.nl\/fr\/produit\/ligne-magnetique-lm211ia-2\/#primaryimage"},"image":{"@id":"https:\/\/dev.freakuence.nl\/fr\/produit\/ligne-magnetique-lm211ia-2\/#primaryimage"},"thumbnailUrl":"https:\/\/dev.freakuence.nl\/wp-content\/uploads\/2026\/04\/17762605919992-19530-IMG5644-1.jpg","datePublished":"2026-04-15T17:31:58+00:00","dateModified":"2026-04-16T10:25:40+00:00","description":"Line Magnetic LM211IA : puissant amplificateur \u00e0 tubes au son chaud et naturel. \u2713 HiFi neuf et d'occasion \u2713 Note du client : 4.9 sur 5 \u2713 Reprise \u2713 Session d'\u00e9coute","breadcrumb":{"@id":"https:\/\/dev.freakuence.nl\/fr\/produit\/ligne-magnetique-lm211ia-2\/#breadcrumb"},"inLanguage":"fr-FR","potentialAction":[{"@type":"ReadAction","target":["https:\/\/dev.freakuence.nl\/fr\/produit\/ligne-magnetique-lm211ia-2\/"]}]},{"@type":"ImageObject","inLanguage":"fr-FR","@id":"https:\/\/dev.freakuence.nl\/fr\/produit\/ligne-magnetique-lm211ia-2\/#primaryimage","url":"https:\/\/dev.freakuence.nl\/wp-content\/uploads\/2026\/04\/17762605919992-19530-IMG5644-1.jpg","contentUrl":"https:\/\/dev.freakuence.nl\/wp-content\/uploads\/2026\/04\/17762605919992-19530-IMG5644-1.jpg","width":1800,"height":1200},{"@type":"BreadcrumbList","@id":"https:\/\/dev.freakuence.nl\/fr\/produit\/ligne-magnetique-lm211ia-2\/#breadcrumb","itemListElement":[{"@type":"ListItem","position":1,"name":"Accueil","item":"https:\/\/dev.freakuence.nl\/fr\/"},{"@type":"ListItem","position":2,"name":"Produits","item":"https:\/\/dev.freakuence.nl\/fr\/produits\/"},{"@type":"ListItem","position":3,"name":"Line Magnetic LM211IA"}]},{"@type":"WebSite","@id":"https:\/\/dev.freakuence.nl\/fr\/#website","url":"https:\/\/dev.freakuence.nl\/fr\/","name":"Freakuence!","description":"Freakuence!","publisher":{"@id":"https:\/\/dev.freakuence.nl\/fr\/#organization"},"alternateName":"Freakuence","potentialAction":[{"@type":"SearchAction","target":{"@type":"EntryPoint","urlTemplate":"https:\/\/dev.freakuence.nl\/fr\/?s={search_term_string}"},"query-input":{"@type":"PropertyValueSpecification","valueRequired":true,"valueName":"search_term_string"}}],"inLanguage":"fr-FR"},{"@type":"Organization","@id":"https:\/\/dev.freakuence.nl\/fr\/#organization","name":"Freakuence !","url":"https:\/\/dev.freakuence.nl\/fr\/","logo":{"@type":"ImageObject","inLanguage":"fr-FR","@id":"https:\/\/dev.freakuence.nl\/fr\/#\/schema\/logo\/image\/","url":"https:\/\/dev.freakuence.nl\/wp-content\/uploads\/2022\/05\/Brown_3_RGB_Freakuence-1.png","contentUrl":"https:\/\/dev.freakuence.nl\/wp-content\/uploads\/2022\/05\/Brown_3_RGB_Freakuence-1.png","width":2560,"height":684,"caption":"Freakuence !"},"image":{"@id":"https:\/\/dev.freakuence.nl\/fr\/#\/schema\/logo\/image\/"},"sameAs":["https:\/\/www.instagram.com\/freakuence_notorious_audio\/"]}]}},"_links":{"self":[{"href":"https:\/\/dev.freakuence.nl\/fr\/wp-json\/wp\/v2\/product\/399823","targetHints":{"allow":["GET"]}}],"collection":[{"href":"https:\/\/dev.freakuence.nl\/fr\/wp-json\/wp\/v2\/product"}],"about":[{"href":"https:\/\/dev.freakuence.nl\/fr\/wp-json\/wp\/v2\/types\/product"}],"wp:featuredmedia":[{"embeddable":true,"href":"https:\/\/dev.freakuence.nl\/fr\/wp-json\/wp\/v2\/media\/401901"}],"wp:attachment":[{"href":"https:\/\/dev.freakuence.nl\/fr\/wp-json\/wp\/v2\/media?parent=399823"}],"wp:term":[{"taxonomy":"product_brand","embeddable":true,"href":"https:\/\/dev.freakuence.nl\/fr\/wp-json\/wp\/v2\/product_brand?post=399823"},{"taxonomy":"product_cat","embeddable":true,"href":"https:\/\/dev.freakuence.nl\/fr\/wp-json\/wp\/v2\/product_cat?post=399823"},{"taxonomy":"product_tag","embeddable":true,"href":"https:\/\/dev.freakuence.nl\/fr\/wp-json\/wp\/v2\/product_tag?post=399823"}],"curies":[{"name":"wp","href":"https:\/\/api.w.org\/{rel}","templated":true}]}}