{"id":399956,"date":"2026-04-15T19:57:25","date_gmt":"2026-04-15T17:57:25","guid":{"rendered":"https:\/\/freakuence.nl\/product\/klipsch-heresy-4\/"},"modified":"2026-04-15T20:11:10","modified_gmt":"2026-04-15T18:11:10","slug":"klipsch-heresy-4","status":"publish","type":"product","link":"https:\/\/dev.freakuence.nl\/fr\/produit\/klipsch-heresy-4\/","title":{"rendered":"Klipsch Heresy 4"},"content":{"rendered":"<div class=\"product-specifications-list\">\n<div class=\"specification-item row-header\"><span class=\"spec-content\"><strong>Description Freakuence !<\/strong><\/span><\/div>\n<div class=\"specification-item row-even\"><span class=\"spec-content\">Magnifique ! Et bien en place. Haut-parleurs \u00e0 pavillon sensibles. 99 dB, et donc parfaitement adapt\u00e9s aux amplis \u00e0 lampes. C&rsquo;est la f\u00eate. De l&rsquo;air, de la vitesse et des aigus, une v\u00e9ritable exp\u00e9rience en direct. Et un look r\u00e9tro tr\u00e8s cool.      <\/span><\/div>\n<div class=\"specification-item row-odd\"><span class=\"spec-content\">Prix de vente : 4998.00<\/span><\/div>\n<div class=\"specification-item row-header\"><span class=\"spec-content\"><strong>D\u00e9tails<\/strong><\/span><\/div>\n<div class=\"specification-item row-even\"><span class=\"spec-content\">Jeunes ! Parfois, les gens veulent quelque chose de diff\u00e9rent, parfois tr\u00e8s rapidement. Nous n&rsquo;avons pas aim\u00e9 celui-l\u00e0, nous demande-t-on alors&#8230;. non, ce n&rsquo;est pas forc\u00e9ment le cas. Certaines personnes passent imm\u00e9diatement \u00e0 la vitesse sup\u00e9rieure parce qu&rsquo;elles appr\u00e9cient les performances. Ou bien une autre opportunit\u00e9 se pr\u00e9sente ici, dans l&rsquo;atelier, et donne lieu \u00e0 une reprise. En outre, il se peut que l&rsquo;instrument ne s&rsquo;int\u00e8gre pas parfaitement \u00e0 l&rsquo;ensemble. Bien s\u00fbr, il se peut aussi que quelqu&rsquo;un ne soit pas satisfait.      <\/span><\/div>\n<div class=\"specification-item row-odd\"><span class=\"spec-content\">Nous sommes heureux de pouvoir en faire commerce. N&rsquo;h\u00e9sitez pas \u00e0 nous envoyer ce que vous avez de disponible, nous serons heureux d&rsquo;\u00e9valuer si nous pouvons le mettre en vente. <\/span><\/div>\n<div class=\"specification-item row-header\"><span class=\"spec-content\"><strong>Description g\u00e9n\u00e9rale<\/strong><\/span><\/div>\n<div class=\"specification-item row-even\"><span class=\"spec-content\">La Klipsch Heresy 4 est une enceinte colonne \u00e0 trois voies connue pour sa reproduction sonore dynamique et sa tonalit\u00e9 d\u00e9taill\u00e9e. Avec un woofer de 12 pouces, un m\u00e9dium et un tweeter \u00e0 pavillon, la Heresy 4 offre une image st\u00e9r\u00e9o large et une exp\u00e9rience d&rsquo;\u00e9coute vivante. L&rsquo;ajout d&rsquo;un \u00e9vent Tractrix\u00ae orient\u00e9 vers l&rsquo;arri\u00e8re am\u00e9liore la r\u00e9ponse des basses fr\u00e9quences, les rendant plus serr\u00e9es et plus puissantes.  <\/p>\n<p>Gr\u00e2ce \u00e0 sa taille compacte, l&rsquo;enceinte Klipsch Heresy 4 offre une grande souplesse d&rsquo;installation sans sacrifier la qualit\u00e9 sonore. La combinaison de composants de haute qualit\u00e9 et d&rsquo;un savoir-faire artisanal permet d&rsquo;obtenir une enceinte qui impressionne \u00e0 la fois musicalement et esth\u00e9tiquement. <\/p>\n<p>Vous \u00eates curieux de conna\u00eetre les performances de l&rsquo;enceinte Klipsch Heresy 4 ? Planifiez une session d&rsquo;\u00e9coute pour d\u00e9couvrir par vous-m\u00eame la dynamique et les d\u00e9tails de cette enceinte. <\/span><\/div>\n<div class=\"specification-item row-header\"><span class=\"spec-content\"><strong>Informations g\u00e9n\u00e9rales<\/strong><\/span><\/div>\n<div class=\"specification-item row-even\"><span class=\"spec-content\">La Klipsch Heresy IV est n\u00e9e de la passion du fondateur Paul W. Klipsch pour la reproduction audio de haute qualit\u00e9. Fabriqu\u00e9 \u00e0 Hope, dans l&rsquo;Arkansas, ce mod\u00e8le allie un style classique \u00e0 une technologie moderne. L&rsquo;Heresy IV comprend un tout nouveau haut-parleur \u00e0 compression K-702 et un pavillon Tractrix pour des performances accrues dans les hautes fr\u00e9quences. Avec son coffret en bois MDF et placage de premi\u00e8re qualit\u00e9, il respire l&rsquo;artisanat et la durabilit\u00e9. Le c\u00e2blage interne d&rsquo;AudioQuest garantit la puret\u00e9 du signal audio.    <\/span><\/div>\n<div class=\"specification-item row-header\"><span class=\"spec-content\"><strong>Histoire de la marque<\/strong><\/span><\/div>\n<div class=\"specification-item row-even\"><span class=\"spec-content\">Klipsch a \u00e9t\u00e9 fond\u00e9 en 1946 par Paul W. Klipsch \u00e0 Hope, dans l&rsquo;Arkansas. Le premier haut-parleur de la marque, le Klipschorn, a \u00e9t\u00e9 mis au point la m\u00eame ann\u00e9e et n&rsquo;a jamais cess\u00e9 d&rsquo;\u00eatre produit depuis. Pendant des d\u00e9cennies, Klipsch a continu\u00e9 \u00e0 produire dans la grange en bois d&rsquo;origine, qui a ensuite \u00e9t\u00e9 transform\u00e9e en mus\u00e9e. Au fil des ans, l&rsquo;entreprise a \u00e9largi sa gamme de produits avec de nombreux mod\u00e8les d&rsquo;enceintes, notamment des mod\u00e8les sur pied, des mod\u00e8les de biblioth\u00e8que et des mod\u00e8les encastr\u00e9s. La marque utilise des technologies telles que les pavillons tractrix et les tweeters \u00e0 d\u00f4me en aluminium. Au d\u00e9but des ann\u00e9es 2000, le si\u00e8ge social a d\u00e9m\u00e9nag\u00e9 \u00e0 Indianapolis, dans l&rsquo;Indiana. Klipsch fabrique encore certains mod\u00e8les dans l&rsquo;usine d&rsquo;origine \u00e0 Hope. En 2011, Klipsch fait partie de la soci\u00e9t\u00e9 am\u00e9ricaine Voxx International.       <\/span><\/div>\n<\/div>\n","protected":false},"excerpt":{"rendered":"<p>Description Freakuence ! Magnifique ! Et bien en place. Haut-parleurs \u00e0 pavillon sensibles. 99 dB, et donc parfaitement adapt\u00e9s aux amplis \u00e0 lampes. C&rsquo;est la f\u00eate. De l&rsquo;air, de la vitesse et des aigus, une v\u00e9ritable exp\u00e9rience en direct. Et un look r\u00e9tro tr\u00e8s cool. Prix de vente : 4998.00 D\u00e9tails Jeunes ! Parfois, les [&hellip;]<\/p>\n","protected":false},"featured_media":400090,"template":"","meta":{"_acf_changed":false,"inline_featured_image":false},"product_brand":[],"product_cat":[705,543],"product_tag":[533],"class_list":{"0":"post-399956","1":"product","2":"type-product","3":"status-publish","4":"has-post-thumbnail","6":"product_cat-haut-parleurs-de-colonne","7":"product_cat-intervenants","8":"product_tag-used","9":"pa_kleur-marron","11":"first","12":"instock","13":"sold-individually","14":"purchasable","15":"product-type-simple"},"acf":{"website":true,"show_on_homepage":false,"brand_title":"Klipsch","product_type":"Heresy 4","color":"Marron","subcolor":"","reserved_status":"0"},"yoast_head":"<!-- This site is optimized with the Yoast SEO plugin v25.9 - https:\/\/yoast.com\/wordpress\/plugins\/seo\/ -->\n<title>Klipsch Heresy 4 | Freakuence!<\/title>\n<meta name=\"description\" content=\"D\u00e9couvrez les l\u00e9gendaires Klipsch Heresy IV : des enceintes compactes sur pied avec une qualit\u00e9 sonore in\u00e9gal\u00e9e et des basses profondes. Fabriqu\u00e9es \u00e0 la main aux \u00c9tats-Unis avec un placage en bois v\u00e9ritable. \u2713 HiFi neuf et d&#039;occasion \u2713 Note du client : 4.9 sur 5 \u2713 Reprise \u2713 Session d&#039;\u00e9coute\" \/>\n<meta name=\"robots\" content=\"noindex, follow, max-snippet:-1, max-image-preview:large, max-video-preview:-1\" \/>\n<meta property=\"og:locale\" content=\"fr_FR\" \/>\n<meta property=\"og:type\" content=\"article\" \/>\n<meta property=\"og:title\" content=\"Klipsch Heresy 4 | Freakuence!\" \/>\n<meta property=\"og:description\" content=\"D\u00e9couvrez les l\u00e9gendaires Klipsch Heresy IV : des enceintes compactes sur pied avec une qualit\u00e9 sonore in\u00e9gal\u00e9e et des basses profondes. Fabriqu\u00e9es \u00e0 la main aux \u00c9tats-Unis avec un placage en bois v\u00e9ritable. \u2713 HiFi neuf et d&#039;occasion \u2713 Note du client : 4.9 sur 5 \u2713 Reprise \u2713 Session d&#039;\u00e9coute\" \/>\n<meta property=\"og:url\" content=\"https:\/\/dev.freakuence.nl\/fr\/produit\/klipsch-heresy-4\/\" \/>\n<meta property=\"og:site_name\" content=\"Freakuence!\" \/>\n<meta property=\"article:modified_time\" content=\"2026-04-15T18:11:10+00:00\" \/>\n<meta property=\"og:image\" content=\"https:\/\/dev.freakuence.nl\/wp-content\/uploads\/2026\/04\/17762617563984-19529-IMG5692-2-scaled.jpg\" \/>\n\t<meta property=\"og:image:width\" content=\"1200\" \/>\n\t<meta property=\"og:image:height\" content=\"1800\" \/>\n\t<meta property=\"og:image:type\" content=\"image\/jpeg\" \/>\n<meta name=\"twitter:card\" content=\"summary_large_image\" \/>\n<script type=\"application\/ld+json\" class=\"yoast-schema-graph\">{\"@context\":\"https:\/\/schema.org\",\"@graph\":[{\"@type\":\"WebPage\",\"@id\":\"https:\/\/dev.freakuence.nl\/fr\/produit\/klipsch-heresy-4\/\",\"url\":\"https:\/\/dev.freakuence.nl\/fr\/produit\/klipsch-heresy-4\/\",\"name\":\"Klipsch Heresy 4 | Freakuence!\",\"isPartOf\":{\"@id\":\"https:\/\/dev.freakuence.nl\/fr\/#website\"},\"primaryImageOfPage\":{\"@id\":\"https:\/\/dev.freakuence.nl\/fr\/produit\/klipsch-heresy-4\/#primaryimage\"},\"image\":{\"@id\":\"https:\/\/dev.freakuence.nl\/fr\/produit\/klipsch-heresy-4\/#primaryimage\"},\"thumbnailUrl\":\"https:\/\/dev.freakuence.nl\/wp-content\/uploads\/2026\/04\/17762617563984-19529-IMG5692-2-scaled.jpg\",\"datePublished\":\"2026-04-15T17:57:25+00:00\",\"dateModified\":\"2026-04-15T18:11:10+00:00\",\"description\":\"D\u00e9couvrez les l\u00e9gendaires Klipsch Heresy IV : des enceintes compactes sur pied avec une qualit\u00e9 sonore in\u00e9gal\u00e9e et des basses profondes. Fabriqu\u00e9es \u00e0 la main aux \u00c9tats-Unis avec un placage en bois v\u00e9ritable. \u2713 HiFi neuf et d'occasion \u2713 Note du client : 4.9 sur 5 \u2713 Reprise \u2713 Session d'\u00e9coute\",\"breadcrumb\":{\"@id\":\"https:\/\/dev.freakuence.nl\/fr\/produit\/klipsch-heresy-4\/#breadcrumb\"},\"inLanguage\":\"fr-FR\",\"potentialAction\":[{\"@type\":\"ReadAction\",\"target\":[\"https:\/\/dev.freakuence.nl\/fr\/produit\/klipsch-heresy-4\/\"]}]},{\"@type\":\"ImageObject\",\"inLanguage\":\"fr-FR\",\"@id\":\"https:\/\/dev.freakuence.nl\/fr\/produit\/klipsch-heresy-4\/#primaryimage\",\"url\":\"https:\/\/dev.freakuence.nl\/wp-content\/uploads\/2026\/04\/17762617563984-19529-IMG5692-2-scaled.jpg\",\"contentUrl\":\"https:\/\/dev.freakuence.nl\/wp-content\/uploads\/2026\/04\/17762617563984-19529-IMG5692-2-scaled.jpg\",\"width\":1200,\"height\":1800},{\"@type\":\"BreadcrumbList\",\"@id\":\"https:\/\/dev.freakuence.nl\/fr\/produit\/klipsch-heresy-4\/#breadcrumb\",\"itemListElement\":[{\"@type\":\"ListItem\",\"position\":1,\"name\":\"Accueil\",\"item\":\"https:\/\/dev.freakuence.nl\/fr\/\"},{\"@type\":\"ListItem\",\"position\":2,\"name\":\"Produits\",\"item\":\"https:\/\/dev.freakuence.nl\/fr\/produits\/\"},{\"@type\":\"ListItem\",\"position\":3,\"name\":\"Klipsch Heresy 4\"}]},{\"@type\":\"WebSite\",\"@id\":\"https:\/\/dev.freakuence.nl\/fr\/#website\",\"url\":\"https:\/\/dev.freakuence.nl\/fr\/\",\"name\":\"Freakuence!\",\"description\":\"Freakuence!\",\"publisher\":{\"@id\":\"https:\/\/dev.freakuence.nl\/fr\/#organization\"},\"alternateName\":\"Freakuence\",\"potentialAction\":[{\"@type\":\"SearchAction\",\"target\":{\"@type\":\"EntryPoint\",\"urlTemplate\":\"https:\/\/dev.freakuence.nl\/fr\/?s={search_term_string}\"},\"query-input\":{\"@type\":\"PropertyValueSpecification\",\"valueRequired\":true,\"valueName\":\"search_term_string\"}}],\"inLanguage\":\"fr-FR\"},{\"@type\":\"Organization\",\"@id\":\"https:\/\/dev.freakuence.nl\/fr\/#organization\",\"name\":\"Freakuence !\",\"url\":\"https:\/\/dev.freakuence.nl\/fr\/\",\"logo\":{\"@type\":\"ImageObject\",\"inLanguage\":\"fr-FR\",\"@id\":\"https:\/\/dev.freakuence.nl\/fr\/#\/schema\/logo\/image\/\",\"url\":\"https:\/\/dev.freakuence.nl\/wp-content\/uploads\/2022\/05\/Brown_3_RGB_Freakuence-1.png\",\"contentUrl\":\"https:\/\/dev.freakuence.nl\/wp-content\/uploads\/2022\/05\/Brown_3_RGB_Freakuence-1.png\",\"width\":2560,\"height\":684,\"caption\":\"Freakuence !\"},\"image\":{\"@id\":\"https:\/\/dev.freakuence.nl\/fr\/#\/schema\/logo\/image\/\"},\"sameAs\":[\"https:\/\/www.instagram.com\/freakuence_notorious_audio\/\"]}]}<\/script>\n<!-- \/ Yoast SEO plugin. -->","yoast_head_json":{"title":"Klipsch Heresy 4 | Freakuence!","description":"D\u00e9couvrez les l\u00e9gendaires Klipsch Heresy IV : des enceintes compactes sur pied avec une qualit\u00e9 sonore in\u00e9gal\u00e9e et des basses profondes. Fabriqu\u00e9es \u00e0 la main aux \u00c9tats-Unis avec un placage en bois v\u00e9ritable. \u2713 HiFi neuf et d'occasion \u2713 Note du client : 4.9 sur 5 \u2713 Reprise \u2713 Session d'\u00e9coute","robots":{"index":"noindex","follow":"follow","max-snippet":"max-snippet:-1","max-image-preview":"max-image-preview:large","max-video-preview":"max-video-preview:-1"},"og_locale":"fr_FR","og_type":"article","og_title":"Klipsch Heresy 4 | Freakuence!","og_description":"D\u00e9couvrez les l\u00e9gendaires Klipsch Heresy IV : des enceintes compactes sur pied avec une qualit\u00e9 sonore in\u00e9gal\u00e9e et des basses profondes. Fabriqu\u00e9es \u00e0 la main aux \u00c9tats-Unis avec un placage en bois v\u00e9ritable. \u2713 HiFi neuf et d'occasion \u2713 Note du client : 4.9 sur 5 \u2713 Reprise \u2713 Session d'\u00e9coute","og_url":"https:\/\/dev.freakuence.nl\/fr\/produit\/klipsch-heresy-4\/","og_site_name":"Freakuence!","article_modified_time":"2026-04-15T18:11:10+00:00","og_image":[{"width":1200,"height":1800,"url":"https:\/\/dev.freakuence.nl\/wp-content\/uploads\/2026\/04\/17762617563984-19529-IMG5692-2-scaled.jpg","type":"image\/jpeg"}],"twitter_card":"summary_large_image","schema":{"@context":"https:\/\/schema.org","@graph":[{"@type":"WebPage","@id":"https:\/\/dev.freakuence.nl\/fr\/produit\/klipsch-heresy-4\/","url":"https:\/\/dev.freakuence.nl\/fr\/produit\/klipsch-heresy-4\/","name":"Klipsch Heresy 4 | Freakuence!","isPartOf":{"@id":"https:\/\/dev.freakuence.nl\/fr\/#website"},"primaryImageOfPage":{"@id":"https:\/\/dev.freakuence.nl\/fr\/produit\/klipsch-heresy-4\/#primaryimage"},"image":{"@id":"https:\/\/dev.freakuence.nl\/fr\/produit\/klipsch-heresy-4\/#primaryimage"},"thumbnailUrl":"https:\/\/dev.freakuence.nl\/wp-content\/uploads\/2026\/04\/17762617563984-19529-IMG5692-2-scaled.jpg","datePublished":"2026-04-15T17:57:25+00:00","dateModified":"2026-04-15T18:11:10+00:00","description":"D\u00e9couvrez les l\u00e9gendaires Klipsch Heresy IV : des enceintes compactes sur pied avec une qualit\u00e9 sonore in\u00e9gal\u00e9e et des basses profondes. Fabriqu\u00e9es \u00e0 la main aux \u00c9tats-Unis avec un placage en bois v\u00e9ritable. \u2713 HiFi neuf et d'occasion \u2713 Note du client : 4.9 sur 5 \u2713 Reprise \u2713 Session d'\u00e9coute","breadcrumb":{"@id":"https:\/\/dev.freakuence.nl\/fr\/produit\/klipsch-heresy-4\/#breadcrumb"},"inLanguage":"fr-FR","potentialAction":[{"@type":"ReadAction","target":["https:\/\/dev.freakuence.nl\/fr\/produit\/klipsch-heresy-4\/"]}]},{"@type":"ImageObject","inLanguage":"fr-FR","@id":"https:\/\/dev.freakuence.nl\/fr\/produit\/klipsch-heresy-4\/#primaryimage","url":"https:\/\/dev.freakuence.nl\/wp-content\/uploads\/2026\/04\/17762617563984-19529-IMG5692-2-scaled.jpg","contentUrl":"https:\/\/dev.freakuence.nl\/wp-content\/uploads\/2026\/04\/17762617563984-19529-IMG5692-2-scaled.jpg","width":1200,"height":1800},{"@type":"BreadcrumbList","@id":"https:\/\/dev.freakuence.nl\/fr\/produit\/klipsch-heresy-4\/#breadcrumb","itemListElement":[{"@type":"ListItem","position":1,"name":"Accueil","item":"https:\/\/dev.freakuence.nl\/fr\/"},{"@type":"ListItem","position":2,"name":"Produits","item":"https:\/\/dev.freakuence.nl\/fr\/produits\/"},{"@type":"ListItem","position":3,"name":"Klipsch Heresy 4"}]},{"@type":"WebSite","@id":"https:\/\/dev.freakuence.nl\/fr\/#website","url":"https:\/\/dev.freakuence.nl\/fr\/","name":"Freakuence!","description":"Freakuence!","publisher":{"@id":"https:\/\/dev.freakuence.nl\/fr\/#organization"},"alternateName":"Freakuence","potentialAction":[{"@type":"SearchAction","target":{"@type":"EntryPoint","urlTemplate":"https:\/\/dev.freakuence.nl\/fr\/?s={search_term_string}"},"query-input":{"@type":"PropertyValueSpecification","valueRequired":true,"valueName":"search_term_string"}}],"inLanguage":"fr-FR"},{"@type":"Organization","@id":"https:\/\/dev.freakuence.nl\/fr\/#organization","name":"Freakuence !","url":"https:\/\/dev.freakuence.nl\/fr\/","logo":{"@type":"ImageObject","inLanguage":"fr-FR","@id":"https:\/\/dev.freakuence.nl\/fr\/#\/schema\/logo\/image\/","url":"https:\/\/dev.freakuence.nl\/wp-content\/uploads\/2022\/05\/Brown_3_RGB_Freakuence-1.png","contentUrl":"https:\/\/dev.freakuence.nl\/wp-content\/uploads\/2022\/05\/Brown_3_RGB_Freakuence-1.png","width":2560,"height":684,"caption":"Freakuence !"},"image":{"@id":"https:\/\/dev.freakuence.nl\/fr\/#\/schema\/logo\/image\/"},"sameAs":["https:\/\/www.instagram.com\/freakuence_notorious_audio\/"]}]}},"_links":{"self":[{"href":"https:\/\/dev.freakuence.nl\/fr\/wp-json\/wp\/v2\/product\/399956","targetHints":{"allow":["GET"]}}],"collection":[{"href":"https:\/\/dev.freakuence.nl\/fr\/wp-json\/wp\/v2\/product"}],"about":[{"href":"https:\/\/dev.freakuence.nl\/fr\/wp-json\/wp\/v2\/types\/product"}],"wp:featuredmedia":[{"embeddable":true,"href":"https:\/\/dev.freakuence.nl\/fr\/wp-json\/wp\/v2\/media\/400090"}],"wp:attachment":[{"href":"https:\/\/dev.freakuence.nl\/fr\/wp-json\/wp\/v2\/media?parent=399956"}],"wp:term":[{"taxonomy":"product_brand","embeddable":true,"href":"https:\/\/dev.freakuence.nl\/fr\/wp-json\/wp\/v2\/product_brand?post=399956"},{"taxonomy":"product_cat","embeddable":true,"href":"https:\/\/dev.freakuence.nl\/fr\/wp-json\/wp\/v2\/product_cat?post=399956"},{"taxonomy":"product_tag","embeddable":true,"href":"https:\/\/dev.freakuence.nl\/fr\/wp-json\/wp\/v2\/product_tag?post=399956"}],"curies":[{"name":"wp","href":"https:\/\/api.w.org\/{rel}","templated":true}]}}