{"id":400268,"date":"2026-04-15T20:23:58","date_gmt":"2026-04-15T18:23:58","guid":{"rendered":"https:\/\/freakuence.nl\/product\/audioquest-monsoon-power-c13-200cm-demo\/"},"modified":"2026-04-15T20:23:58","modified_gmt":"2026-04-15T18:23:58","slug":"audioquest-monsoon-power-c13-200cm-demo","status":"publish","type":"product","link":"https:\/\/dev.freakuence.nl\/fr\/produit\/audioquest-monsoon-power-c13-200cm-demo\/","title":{"rendered":"AudioQuest Monsoon power C13 200cm DEMO"},"content":{"rendered":"<div class=\"product-specifications-list\">\n<div class=\"specification-item row-header\"><span class=\"spec-content\"><strong>Description Freakuence !<\/strong><\/span><\/div>\n<div class=\"specification-item row-even\"><span class=\"spec-content\">Prix de vente au d\u00e9tail : 679,00<\/span><\/div>\n<div class=\"specification-item row-header\"><span class=\"spec-content\"><strong>D\u00e9tails<\/strong><\/span><\/div>\n<div class=\"specification-item row-even\"><span class=\"spec-content\">Dommages, voir les photos !<\/span><\/div>\n<div class=\"specification-item row-odd\"><span class=\"spec-content\">C&rsquo;est votre chance d&rsquo;obtenir enfin du mat\u00e9riel de d\u00e9monstration de la boutique la plus cool de l&rsquo;univers. Oui ! Pour cette raison, il vaut en r\u00e9alit\u00e9 beaucoup plus que le prix du neuf, mais nous allons nous retenir. Il n&rsquo;a \u00e9t\u00e9 utilis\u00e9 que pour des s\u00e9ances d&rsquo;\u00e9coute avec nos visiteurs et n&rsquo;a donc pas eu de propri\u00e9taire priv\u00e9. <\/span><\/div>\n<div class=\"specification-item row-header\"><span class=\"spec-content\"><strong>Histoire de la marque<\/strong><\/span><\/div>\n<div class=\"specification-item row-even\"><span class=\"spec-content\">AudioQuest a \u00e9t\u00e9 fond\u00e9e en 1980 par William E. Low en Californie, aux \u00c9tats-Unis. La marque a commenc\u00e9 par assembler manuellement des c\u00e2bles selon des m\u00e9thodes de conception sp\u00e9cifiques bas\u00e9es sur la minimisation de la distorsion.  Depuis, AudioQuest a d\u00e9velopp\u00e9 une gamme de produits qui comprend des c\u00e2bles d&rsquo;interconnexion, des c\u00e2bles de haut-parleurs, des c\u00e2bles num\u00e9riques et de r\u00e9seau, des produits d&rsquo;alimentation et des accessoires portables. Depuis le d\u00e9but, l&rsquo;entreprise s&rsquo;en tient \u00e0 l&rsquo;utilisation de c\u00e2bles directionnels et de conducteurs \u00e0 \u00e2me pleine. En 2012, AudioQuest a lanc\u00e9 le DragonFly, un convertisseur num\u00e9rique-analogique USB. Le d\u00e9veloppement des produits a lieu aux \u00c9tats-Unis, tandis que la production est en partie r\u00e9alis\u00e9e en Chine et ailleurs. AudioQuest applique une philosophie selon laquelle la s\u00e9lection des mat\u00e9riaux, la g\u00e9om\u00e9trie et la finition ont un impact direct sur les performances du c\u00e2ble.    <\/span><\/div>\n<\/div>\n","protected":false},"excerpt":{"rendered":"<p>Description Freakuence ! Prix de vente au d\u00e9tail : 679,00 D\u00e9tails Dommages, voir les photos ! C&rsquo;est votre chance d&rsquo;obtenir enfin du mat\u00e9riel de d\u00e9monstration de la boutique la plus cool de l&rsquo;univers. Oui ! Pour cette raison, il vaut en r\u00e9alit\u00e9 beaucoup plus que le prix du neuf, mais nous allons nous retenir. Il [&hellip;]<\/p>\n","protected":false},"featured_media":400258,"template":"","meta":{"_acf_changed":false,"inline_featured_image":false},"product_brand":[],"product_cat":[345],"product_tag":[552],"class_list":{"0":"post-400268","1":"product","2":"type-product","3":"status-publish","4":"has-post-thumbnail","6":"product_cat-speakers","7":"product_tag-demo","8":"pa_kleur-noir","10":"first","11":"instock","12":"sold-individually","13":"taxable","14":"shipping-taxable","15":"purchasable","16":"product-type-simple"},"acf":{"website":true,"show_on_homepage":false,"brand_title":"AudioQuest","product_type":"","color":"Noir","subcolor":"","reserved_status":"0"},"_links":{"self":[{"href":"https:\/\/dev.freakuence.nl\/fr\/wp-json\/wp\/v2\/product\/400268","targetHints":{"allow":["GET"]}}],"collection":[{"href":"https:\/\/dev.freakuence.nl\/fr\/wp-json\/wp\/v2\/product"}],"about":[{"href":"https:\/\/dev.freakuence.nl\/fr\/wp-json\/wp\/v2\/types\/product"}],"wp:featuredmedia":[{"embeddable":true,"href":"https:\/\/dev.freakuence.nl\/fr\/wp-json\/wp\/v2\/media\/400258"}],"wp:attachment":[{"href":"https:\/\/dev.freakuence.nl\/fr\/wp-json\/wp\/v2\/media?parent=400268"}],"wp:term":[{"taxonomy":"product_brand","embeddable":true,"href":"https:\/\/dev.freakuence.nl\/fr\/wp-json\/wp\/v2\/product_brand?post=400268"},{"taxonomy":"product_cat","embeddable":true,"href":"https:\/\/dev.freakuence.nl\/fr\/wp-json\/wp\/v2\/product_cat?post=400268"},{"taxonomy":"product_tag","embeddable":true,"href":"https:\/\/dev.freakuence.nl\/fr\/wp-json\/wp\/v2\/product_tag?post=400268"}],"curies":[{"name":"wp","href":"https:\/\/api.w.org\/{rel}","templated":true}]}}