{"id":400272,"date":"2026-04-15T20:24:07","date_gmt":"2026-04-15T18:24:07","guid":{"rendered":"https:\/\/freakuence.nl\/product\/audioquest-monsoon-c13-200cm\/"},"modified":"2026-04-15T20:26:42","modified_gmt":"2026-04-15T18:26:42","slug":"audioquest-monsoon-c13-200cm","status":"publish","type":"product","link":"https:\/\/dev.freakuence.nl\/fr\/produit\/audioquest-monsoon-c13-200cm\/","title":{"rendered":"AudioQuest Monsoon C13 200cm"},"content":{"rendered":"<div class=\"product-specifications-list\">\n<div class=\"specification-item row-header\"><span class=\"spec-content\"><strong>Description Freakuence !<\/strong><\/span><\/div>\n<div class=\"specification-item row-even\"><span class=\"spec-content\">OK, chers auditeurs, voici un c\u00e2ble qui tient la route. Selon John Atkinson de Stereophile, qui a compar\u00e9 plusieurs c\u00e2bles AC, le changement d&rsquo;un seul c\u00e2ble dans le syst\u00e8me peut affecter de mani\u00e8re significative la qualit\u00e9 du son. Il a not\u00e9 que diff\u00e9rents c\u00e2bles accentuaient ou affaiblissaient certains aspects du son, tels que l&rsquo;attaque de la guitare acoustique ou la sibilance de la voix. Il \u00e9tait surprenant d&rsquo;entendre des diff\u00e9rences aussi nettes, soulignant l&rsquo;impact du choix du bon c\u00e2ble.   <\/span><\/div>\n<div class=\"specification-item row-odd\"><span class=\"spec-content\">Prix de vente au d\u00e9tail : 679,00<\/span><\/div>\n<div class=\"specification-item row-header\"><span class=\"spec-content\"><strong>D\u00e9tails<\/strong><\/span><\/div>\n<div class=\"specification-item row-even\"><span class=\"spec-content\">Le prix inclut la TVA. Entrepreneurs, profitez-en. <\/span><\/div>\n<div class=\"specification-item row-header\"><span class=\"spec-content\"><strong>Description g\u00e9n\u00e9rale<\/strong><\/span><\/div>\n<div class=\"specification-item row-even\"><span class=\"spec-content\">Le Monsoon C13 200cm d&rsquo;AudioQuest est un c\u00e2ble d&rsquo;alimentation de haute qualit\u00e9 con\u00e7u pour optimiser les performances de votre \u00e9quipement audio. D&rsquo;une longueur de 2 m\u00e8tres, ce c\u00e2ble offre suffisamment de flexibilit\u00e9 pour diverses configurations. Le Monsoon C13 utilise des conducteurs True-Concentric Perfect-Surface Copper+ (PSC+) et Long-Grain Copper (LGC), ce qui permet un transfert d&rsquo;\u00e9nergie propre et une am\u00e9lioration de l&rsquo;image sonore.  <\/p>\n<p>Gr\u00e2ce \u00e0 la technologie ZERO-Tech, l&rsquo;AudioQuest Monsoon C13 d\u00e9livre une puissance non comprim\u00e9e, contribuant \u00e0 une lecture dynamique et d\u00e9taill\u00e9e de votre musique. En outre, la technologie RF\/ND minimise les bruits ind\u00e9sirables, cr\u00e9ant un arri\u00e8re-plan plus silencieux et une image st\u00e9r\u00e9o plus claire. Ce c\u00e2ble d&rsquo;alimentation est un excellent choix pour ceux qui veulent faire passer leur exp\u00e9rience audio au niveau sup\u00e9rieur.  <\/p>\n<p>Vous \u00eates curieux de conna\u00eetre l&rsquo;impact du Monsoon C13 d&rsquo;AudioQuest sur votre syst\u00e8me ? Planifiez une s\u00e9ance d&rsquo;\u00e9coute dans notre salle d&rsquo;\u00e9coute ou contactez-nous pour discuter des possibilit\u00e9s. <\/span><\/div>\n<div class=\"specification-item row-header\"><span class=\"spec-content\"><strong>Informations g\u00e9n\u00e9rales<\/strong><\/span><\/div>\n<div class=\"specification-item row-even\"><span class=\"spec-content\">Le Monsoon C13 200cm d&rsquo;AudioQuest est con\u00e7u pour une transmission de puissance pure pour les \u00e9quipements audio avanc\u00e9s. La conception met l&rsquo;accent sur des mat\u00e9riaux de haute qualit\u00e9 tels que le cuivre PSC+ qui garantit une distorsion minimale et une transmission optimale du signal. La structure du c\u00e2ble comprend plusieurs g\u00e9om\u00e9tries contr\u00f4l\u00e9es qui r\u00e9duisent les interf\u00e9rences. Le syst\u00e8me de polarisation dialectrique d&rsquo;AudioQuest r\u00e9duit l&rsquo;influence de l&rsquo;isolation sur le signal. Le Monsoon utilise la technologie de contr\u00f4le de la direction pour minimiser le bruit sur le chemin du secteur.    <\/span><\/div>\n<div class=\"specification-item row-header\"><span class=\"spec-content\"><strong>Histoire de la marque<\/strong><\/span><\/div>\n<div class=\"specification-item row-even\"><span class=\"spec-content\">AudioQuest a \u00e9t\u00e9 fond\u00e9e en 1980 par William E. Low en Californie, aux \u00c9tats-Unis. La marque a commenc\u00e9 par assembler manuellement des c\u00e2bles selon des m\u00e9thodes de conception sp\u00e9cifiques bas\u00e9es sur la minimisation de la distorsion.  Depuis, AudioQuest a d\u00e9velopp\u00e9 une gamme de produits qui comprend des c\u00e2bles d&rsquo;interconnexion, des c\u00e2bles de haut-parleurs, des c\u00e2bles num\u00e9riques et de r\u00e9seau, des produits d&rsquo;alimentation et des accessoires portables. Depuis le d\u00e9but, l&rsquo;entreprise s&rsquo;en tient \u00e0 l&rsquo;utilisation de c\u00e2bles directionnels et de conducteurs \u00e0 \u00e2me pleine. En 2012, AudioQuest a lanc\u00e9 le DragonFly, un convertisseur num\u00e9rique-analogique USB. Le d\u00e9veloppement des produits a lieu aux \u00c9tats-Unis, tandis que la production est en partie r\u00e9alis\u00e9e en Chine et ailleurs. AudioQuest applique une philosophie selon laquelle la s\u00e9lection des mat\u00e9riaux, la g\u00e9om\u00e9trie et la finition ont un impact direct sur les performances du c\u00e2ble.    <\/span><\/div>\n<\/div>\n","protected":false},"excerpt":{"rendered":"<p>Description Freakuence ! OK, chers auditeurs, voici un c\u00e2ble qui tient la route. Selon John Atkinson de Stereophile, qui a compar\u00e9 plusieurs c\u00e2bles AC, le changement d&rsquo;un seul c\u00e2ble dans le syst\u00e8me peut affecter de mani\u00e8re significative la qualit\u00e9 du son. Il a not\u00e9 que diff\u00e9rents c\u00e2bles accentuaient ou affaiblissaient certains aspects du son, tels [&hellip;]<\/p>\n","protected":false},"featured_media":0,"template":"","meta":{"_acf_changed":false,"inline_featured_image":false},"product_brand":[],"product_cat":[917],"product_tag":[565],"class_list":{"0":"post-400272","1":"product","2":"type-product","3":"status-publish","5":"product_cat-alle-producten","6":"product_tag-nouveau","7":"pa_kleur-noir","9":"first","10":"outofstock","11":"sold-individually","12":"taxable","13":"shipping-taxable","14":"purchasable","15":"product-type-simple"},"acf":{"website":true,"show_on_homepage":false,"brand_title":"AudioQuest","product_type":"Monsoon C13 200cm","color":"Noir","subcolor":"","reserved_status":"0"},"_links":{"self":[{"href":"https:\/\/dev.freakuence.nl\/fr\/wp-json\/wp\/v2\/product\/400272","targetHints":{"allow":["GET"]}}],"collection":[{"href":"https:\/\/dev.freakuence.nl\/fr\/wp-json\/wp\/v2\/product"}],"about":[{"href":"https:\/\/dev.freakuence.nl\/fr\/wp-json\/wp\/v2\/types\/product"}],"wp:attachment":[{"href":"https:\/\/dev.freakuence.nl\/fr\/wp-json\/wp\/v2\/media?parent=400272"}],"wp:term":[{"taxonomy":"product_brand","embeddable":true,"href":"https:\/\/dev.freakuence.nl\/fr\/wp-json\/wp\/v2\/product_brand?post=400272"},{"taxonomy":"product_cat","embeddable":true,"href":"https:\/\/dev.freakuence.nl\/fr\/wp-json\/wp\/v2\/product_cat?post=400272"},{"taxonomy":"product_tag","embeddable":true,"href":"https:\/\/dev.freakuence.nl\/fr\/wp-json\/wp\/v2\/product_tag?post=400272"}],"curies":[{"name":"wp","href":"https:\/\/api.w.org\/{rel}","templated":true}]}}