{"id":400349,"date":"2026-04-15T20:31:04","date_gmt":"2026-04-15T18:31:04","guid":{"rendered":"https:\/\/freakuence.nl\/product\/silent-angel-forester-f1\/"},"modified":"2026-04-16T11:47:46","modified_gmt":"2026-04-16T09:47:46","slug":"silent-angel-forester-f1","status":"publish","type":"product","link":"https:\/\/dev.freakuence.nl\/fr\/produit\/silent-angel-forester-f1\/","title":{"rendered":"Silent Angel Forester F1"},"content":{"rendered":"<div class=\"product-specifications-list\">\n<div class=\"specification-item row-header\"><span class=\"spec-content\"><strong>Description Freakuence !<\/strong><\/span><\/div>\n<div class=\"specification-item row-even\"><span class=\"spec-content\">Un bloc avec de la puissance ! D\u00e9licieux. Vous pouvez alimenter le Bonn N8 ou le Munich, par exemple, avec cela, mais d&rsquo;autres types ou marques ne posent aucun probl\u00e8me non plus. Le Forester F1 est destin\u00e9 aux appareils de 5V, mais nous pouvons \u00e9galement vous fournir le F2, l&rsquo;alimentation lin\u00e9aire pour 12V.   <\/span><\/div>\n<div class=\"specification-item row-odd\"><span class=\"spec-content\">Prix de vente au d\u00e9tail : 469,00<\/span><\/div>\n<div class=\"specification-item row-header\"><span class=\"spec-content\"><strong>Description g\u00e9n\u00e9rale<\/strong><\/span><\/div>\n<div class=\"specification-item row-even\"><span class=\"spec-content\">Le Silent Angel Forester F1 est une alimentation lin\u00e9aire con\u00e7ue pour fournir une alimentation stable et propre aux composants audio. Avec deux sorties DC 5V\/2A, il est possible d&rsquo;alimenter plusieurs appareils simultan\u00e9ment. Le bo\u00eetier est en aluminium robuste, ce qui contribue \u00e0 la durabilit\u00e9 et r\u00e9duit les vibrations.  <\/span><\/div>\n<div class=\"specification-item row-header\"><span class=\"spec-content\"><strong>Informations g\u00e9n\u00e9rales<\/strong><\/span><\/div>\n<div class=\"specification-item row-even\"><span class=\"spec-content\">Le Silent Angel Forester F1 a \u00e9t\u00e9 con\u00e7u par Thunder Data comme une alimentation lin\u00e9aire de haute performance pour les applications hi-fi. L&rsquo;ing\u00e9nieur Dr Eric Jian Huang a dirig\u00e9 l&rsquo;\u00e9quipe de conception. Le bo\u00eetier est en aluminium robuste pour r\u00e9duire les interf\u00e9rences \u00e9lectromagn\u00e9tiques. A l&rsquo;int\u00e9rieur, des transformateurs toro\u00efdaux de haute qualit\u00e9 et des condensateurs allemands WIMA ont \u00e9t\u00e9 utilis\u00e9s. Le c\u00e2blage interne est soigneusement blind\u00e9. Tout est ax\u00e9 sur l&rsquo;alimentation sans bruit des commutateurs de r\u00e9seau et des serveurs.     <\/span><\/div>\n<div class=\"specification-item row-header\"><span class=\"spec-content\"><strong>Histoire de la marque<\/strong><\/span><\/div>\n<div class=\"specification-item row-even\"><span class=\"spec-content\">Silent Angel a commenc\u00e9 son parcours en 2014 en se concentrant sur l&rsquo;am\u00e9lioration des syst\u00e8mes de musique num\u00e9rique. La marque a \u00e9t\u00e9 fond\u00e9e par des professionnels sp\u00e9cialis\u00e9s dans les r\u00e9seaux, le stockage et l&rsquo;informatique. Les fondateurs, dont Eric Jian Huang et Chorus Chuang, ont combin\u00e9 leur expertise pour d\u00e9velopper des solutions technologiques visant \u00e0 fournir des exp\u00e9riences de musique num\u00e9rique de haute qualit\u00e9. La marque a lanc\u00e9 plusieurs produits, tels que des commutateurs de r\u00e9seau et des serveurs de musique, destin\u00e9s \u00e0 am\u00e9liorer la qualit\u00e9 du signal et \u00e0 minimiser le bruit et la gigue dans les syst\u00e8mes audio.   <\/span><\/div>\n<\/div>\n","protected":false},"excerpt":{"rendered":"<p>Description Freakuence ! Un bloc avec de la puissance ! D\u00e9licieux. Vous pouvez alimenter le Bonn N8 ou le Munich, par exemple, avec cela, mais d&rsquo;autres types ou marques ne posent aucun probl\u00e8me non plus. Le Forester F1 est destin\u00e9 aux appareils de 5V, mais nous pouvons \u00e9galement vous fournir le F2, l&rsquo;alimentation lin\u00e9aire pour [&hellip;]<\/p>\n","protected":false},"featured_media":401625,"template":"","meta":{"_acf_changed":false,"inline_featured_image":false},"product_brand":[],"product_cat":[546,701],"product_tag":[533],"class_list":{"0":"post-400349","1":"product","2":"type-product","3":"status-publish","4":"has-post-thumbnail","6":"product_cat-alimentation-lineaire","7":"product_cat-ameliorations","8":"product_tag-used","9":"pa_kleur-noir","11":"first","12":"instock","13":"sold-individually","14":"purchasable","15":"product-type-simple"},"acf":{"website":true,"show_on_homepage":false,"brand_title":"Silent Angel","product_type":"Forester F1","color":"Noir","subcolor":"","reserved_status":"0"},"yoast_head":"<!-- This site is optimized with the Yoast SEO plugin v25.9 - https:\/\/yoast.com\/wordpress\/plugins\/seo\/ -->\n<title>Silent Angel Forester F1 | Freakuence!<\/title>\n<meta name=\"description\" content=\"Alimentation lin\u00e9aire Silent Angel Forester F1 : am\u00e9liorez votre son HiFi avec une alimentation stable. \u2713 HiFi neuf et d&#039;occasion \u2713 Note des clients : 4.9 sur 5 \u2713 Reprise \u2713 Session d&#039;\u00e9coute\" \/>\n<meta name=\"robots\" content=\"noindex, follow, max-snippet:-1, max-image-preview:large, max-video-preview:-1\" \/>\n<meta property=\"og:locale\" content=\"fr_FR\" \/>\n<meta property=\"og:type\" content=\"article\" \/>\n<meta property=\"og:title\" content=\"Silent Angel Forester F1 | Freakuence!\" \/>\n<meta property=\"og:description\" content=\"Alimentation lin\u00e9aire Silent Angel Forester F1 : am\u00e9liorez votre son HiFi avec une alimentation stable. \u2713 HiFi neuf et d&#039;occasion \u2713 Note des clients : 4.9 sur 5 \u2713 Reprise \u2713 Session d&#039;\u00e9coute\" \/>\n<meta property=\"og:url\" content=\"https:\/\/dev.freakuence.nl\/fr\/produit\/silent-angel-forester-f1\/\" \/>\n<meta property=\"og:site_name\" content=\"Freakuence!\" \/>\n<meta property=\"article:modified_time\" content=\"2026-04-16T09:47:46+00:00\" \/>\n<meta property=\"og:image\" content=\"https:\/\/dev.freakuence.nl\/wp-content\/uploads\/2026\/04\/17753125149599-19244-IMG5374-1.jpg\" \/>\n\t<meta property=\"og:image:width\" content=\"1800\" \/>\n\t<meta property=\"og:image:height\" content=\"1200\" \/>\n\t<meta property=\"og:image:type\" content=\"image\/jpeg\" \/>\n<meta name=\"twitter:card\" content=\"summary_large_image\" \/>\n<script type=\"application\/ld+json\" class=\"yoast-schema-graph\">{\"@context\":\"https:\/\/schema.org\",\"@graph\":[{\"@type\":\"WebPage\",\"@id\":\"https:\/\/dev.freakuence.nl\/fr\/produit\/silent-angel-forester-f1\/\",\"url\":\"https:\/\/dev.freakuence.nl\/fr\/produit\/silent-angel-forester-f1\/\",\"name\":\"Silent Angel Forester F1 | Freakuence!\",\"isPartOf\":{\"@id\":\"https:\/\/dev.freakuence.nl\/fr\/#website\"},\"primaryImageOfPage\":{\"@id\":\"https:\/\/dev.freakuence.nl\/fr\/produit\/silent-angel-forester-f1\/#primaryimage\"},\"image\":{\"@id\":\"https:\/\/dev.freakuence.nl\/fr\/produit\/silent-angel-forester-f1\/#primaryimage\"},\"thumbnailUrl\":\"https:\/\/dev.freakuence.nl\/wp-content\/uploads\/2026\/04\/17753125149599-19244-IMG5374-1.jpg\",\"datePublished\":\"2026-04-15T18:31:04+00:00\",\"dateModified\":\"2026-04-16T09:47:46+00:00\",\"description\":\"Alimentation lin\u00e9aire Silent Angel Forester F1 : am\u00e9liorez votre son HiFi avec une alimentation stable. \u2713 HiFi neuf et d'occasion \u2713 Note des clients : 4.9 sur 5 \u2713 Reprise \u2713 Session d'\u00e9coute\",\"breadcrumb\":{\"@id\":\"https:\/\/dev.freakuence.nl\/fr\/produit\/silent-angel-forester-f1\/#breadcrumb\"},\"inLanguage\":\"fr-FR\",\"potentialAction\":[{\"@type\":\"ReadAction\",\"target\":[\"https:\/\/dev.freakuence.nl\/fr\/produit\/silent-angel-forester-f1\/\"]}]},{\"@type\":\"ImageObject\",\"inLanguage\":\"fr-FR\",\"@id\":\"https:\/\/dev.freakuence.nl\/fr\/produit\/silent-angel-forester-f1\/#primaryimage\",\"url\":\"https:\/\/dev.freakuence.nl\/wp-content\/uploads\/2026\/04\/17753125149599-19244-IMG5374-1.jpg\",\"contentUrl\":\"https:\/\/dev.freakuence.nl\/wp-content\/uploads\/2026\/04\/17753125149599-19244-IMG5374-1.jpg\",\"width\":1800,\"height\":1200},{\"@type\":\"BreadcrumbList\",\"@id\":\"https:\/\/dev.freakuence.nl\/fr\/produit\/silent-angel-forester-f1\/#breadcrumb\",\"itemListElement\":[{\"@type\":\"ListItem\",\"position\":1,\"name\":\"Accueil\",\"item\":\"https:\/\/dev.freakuence.nl\/fr\/\"},{\"@type\":\"ListItem\",\"position\":2,\"name\":\"Produits\",\"item\":\"https:\/\/dev.freakuence.nl\/fr\/produits\/\"},{\"@type\":\"ListItem\",\"position\":3,\"name\":\"Silent Angel Forester F1\"}]},{\"@type\":\"WebSite\",\"@id\":\"https:\/\/dev.freakuence.nl\/fr\/#website\",\"url\":\"https:\/\/dev.freakuence.nl\/fr\/\",\"name\":\"Freakuence!\",\"description\":\"Freakuence!\",\"publisher\":{\"@id\":\"https:\/\/dev.freakuence.nl\/fr\/#organization\"},\"alternateName\":\"Freakuence\",\"potentialAction\":[{\"@type\":\"SearchAction\",\"target\":{\"@type\":\"EntryPoint\",\"urlTemplate\":\"https:\/\/dev.freakuence.nl\/fr\/?s={search_term_string}\"},\"query-input\":{\"@type\":\"PropertyValueSpecification\",\"valueRequired\":true,\"valueName\":\"search_term_string\"}}],\"inLanguage\":\"fr-FR\"},{\"@type\":\"Organization\",\"@id\":\"https:\/\/dev.freakuence.nl\/fr\/#organization\",\"name\":\"Freakuence !\",\"url\":\"https:\/\/dev.freakuence.nl\/fr\/\",\"logo\":{\"@type\":\"ImageObject\",\"inLanguage\":\"fr-FR\",\"@id\":\"https:\/\/dev.freakuence.nl\/fr\/#\/schema\/logo\/image\/\",\"url\":\"https:\/\/dev.freakuence.nl\/wp-content\/uploads\/2022\/05\/Brown_3_RGB_Freakuence-1.png\",\"contentUrl\":\"https:\/\/dev.freakuence.nl\/wp-content\/uploads\/2022\/05\/Brown_3_RGB_Freakuence-1.png\",\"width\":2560,\"height\":684,\"caption\":\"Freakuence !\"},\"image\":{\"@id\":\"https:\/\/dev.freakuence.nl\/fr\/#\/schema\/logo\/image\/\"},\"sameAs\":[\"https:\/\/www.instagram.com\/freakuence_notorious_audio\/\"]}]}<\/script>\n<!-- \/ Yoast SEO plugin. -->","yoast_head_json":{"title":"Silent Angel Forester F1 | Freakuence!","description":"Alimentation lin\u00e9aire Silent Angel Forester F1 : am\u00e9liorez votre son HiFi avec une alimentation stable. \u2713 HiFi neuf et d'occasion \u2713 Note des clients : 4.9 sur 5 \u2713 Reprise \u2713 Session d'\u00e9coute","robots":{"index":"noindex","follow":"follow","max-snippet":"max-snippet:-1","max-image-preview":"max-image-preview:large","max-video-preview":"max-video-preview:-1"},"og_locale":"fr_FR","og_type":"article","og_title":"Silent Angel Forester F1 | Freakuence!","og_description":"Alimentation lin\u00e9aire Silent Angel Forester F1 : am\u00e9liorez votre son HiFi avec une alimentation stable. \u2713 HiFi neuf et d'occasion \u2713 Note des clients : 4.9 sur 5 \u2713 Reprise \u2713 Session d'\u00e9coute","og_url":"https:\/\/dev.freakuence.nl\/fr\/produit\/silent-angel-forester-f1\/","og_site_name":"Freakuence!","article_modified_time":"2026-04-16T09:47:46+00:00","og_image":[{"width":1800,"height":1200,"url":"https:\/\/dev.freakuence.nl\/wp-content\/uploads\/2026\/04\/17753125149599-19244-IMG5374-1.jpg","type":"image\/jpeg"}],"twitter_card":"summary_large_image","schema":{"@context":"https:\/\/schema.org","@graph":[{"@type":"WebPage","@id":"https:\/\/dev.freakuence.nl\/fr\/produit\/silent-angel-forester-f1\/","url":"https:\/\/dev.freakuence.nl\/fr\/produit\/silent-angel-forester-f1\/","name":"Silent Angel Forester F1 | Freakuence!","isPartOf":{"@id":"https:\/\/dev.freakuence.nl\/fr\/#website"},"primaryImageOfPage":{"@id":"https:\/\/dev.freakuence.nl\/fr\/produit\/silent-angel-forester-f1\/#primaryimage"},"image":{"@id":"https:\/\/dev.freakuence.nl\/fr\/produit\/silent-angel-forester-f1\/#primaryimage"},"thumbnailUrl":"https:\/\/dev.freakuence.nl\/wp-content\/uploads\/2026\/04\/17753125149599-19244-IMG5374-1.jpg","datePublished":"2026-04-15T18:31:04+00:00","dateModified":"2026-04-16T09:47:46+00:00","description":"Alimentation lin\u00e9aire Silent Angel Forester F1 : am\u00e9liorez votre son HiFi avec une alimentation stable. \u2713 HiFi neuf et d'occasion \u2713 Note des clients : 4.9 sur 5 \u2713 Reprise \u2713 Session d'\u00e9coute","breadcrumb":{"@id":"https:\/\/dev.freakuence.nl\/fr\/produit\/silent-angel-forester-f1\/#breadcrumb"},"inLanguage":"fr-FR","potentialAction":[{"@type":"ReadAction","target":["https:\/\/dev.freakuence.nl\/fr\/produit\/silent-angel-forester-f1\/"]}]},{"@type":"ImageObject","inLanguage":"fr-FR","@id":"https:\/\/dev.freakuence.nl\/fr\/produit\/silent-angel-forester-f1\/#primaryimage","url":"https:\/\/dev.freakuence.nl\/wp-content\/uploads\/2026\/04\/17753125149599-19244-IMG5374-1.jpg","contentUrl":"https:\/\/dev.freakuence.nl\/wp-content\/uploads\/2026\/04\/17753125149599-19244-IMG5374-1.jpg","width":1800,"height":1200},{"@type":"BreadcrumbList","@id":"https:\/\/dev.freakuence.nl\/fr\/produit\/silent-angel-forester-f1\/#breadcrumb","itemListElement":[{"@type":"ListItem","position":1,"name":"Accueil","item":"https:\/\/dev.freakuence.nl\/fr\/"},{"@type":"ListItem","position":2,"name":"Produits","item":"https:\/\/dev.freakuence.nl\/fr\/produits\/"},{"@type":"ListItem","position":3,"name":"Silent Angel Forester F1"}]},{"@type":"WebSite","@id":"https:\/\/dev.freakuence.nl\/fr\/#website","url":"https:\/\/dev.freakuence.nl\/fr\/","name":"Freakuence!","description":"Freakuence!","publisher":{"@id":"https:\/\/dev.freakuence.nl\/fr\/#organization"},"alternateName":"Freakuence","potentialAction":[{"@type":"SearchAction","target":{"@type":"EntryPoint","urlTemplate":"https:\/\/dev.freakuence.nl\/fr\/?s={search_term_string}"},"query-input":{"@type":"PropertyValueSpecification","valueRequired":true,"valueName":"search_term_string"}}],"inLanguage":"fr-FR"},{"@type":"Organization","@id":"https:\/\/dev.freakuence.nl\/fr\/#organization","name":"Freakuence !","url":"https:\/\/dev.freakuence.nl\/fr\/","logo":{"@type":"ImageObject","inLanguage":"fr-FR","@id":"https:\/\/dev.freakuence.nl\/fr\/#\/schema\/logo\/image\/","url":"https:\/\/dev.freakuence.nl\/wp-content\/uploads\/2022\/05\/Brown_3_RGB_Freakuence-1.png","contentUrl":"https:\/\/dev.freakuence.nl\/wp-content\/uploads\/2022\/05\/Brown_3_RGB_Freakuence-1.png","width":2560,"height":684,"caption":"Freakuence !"},"image":{"@id":"https:\/\/dev.freakuence.nl\/fr\/#\/schema\/logo\/image\/"},"sameAs":["https:\/\/www.instagram.com\/freakuence_notorious_audio\/"]}]}},"_links":{"self":[{"href":"https:\/\/dev.freakuence.nl\/fr\/wp-json\/wp\/v2\/product\/400349","targetHints":{"allow":["GET"]}}],"collection":[{"href":"https:\/\/dev.freakuence.nl\/fr\/wp-json\/wp\/v2\/product"}],"about":[{"href":"https:\/\/dev.freakuence.nl\/fr\/wp-json\/wp\/v2\/types\/product"}],"wp:featuredmedia":[{"embeddable":true,"href":"https:\/\/dev.freakuence.nl\/fr\/wp-json\/wp\/v2\/media\/401625"}],"wp:attachment":[{"href":"https:\/\/dev.freakuence.nl\/fr\/wp-json\/wp\/v2\/media?parent=400349"}],"wp:term":[{"taxonomy":"product_brand","embeddable":true,"href":"https:\/\/dev.freakuence.nl\/fr\/wp-json\/wp\/v2\/product_brand?post=400349"},{"taxonomy":"product_cat","embeddable":true,"href":"https:\/\/dev.freakuence.nl\/fr\/wp-json\/wp\/v2\/product_cat?post=400349"},{"taxonomy":"product_tag","embeddable":true,"href":"https:\/\/dev.freakuence.nl\/fr\/wp-json\/wp\/v2\/product_tag?post=400349"}],"curies":[{"name":"wp","href":"https:\/\/api.w.org\/{rel}","templated":true}]}}