{"id":400378,"date":"2026-04-15T20:34:17","date_gmt":"2026-04-15T18:34:17","guid":{"rendered":"https:\/\/freakuence.nl\/product\/calyx-dac-24-192\/"},"modified":"2026-04-16T12:24:42","modified_gmt":"2026-04-16T10:24:42","slug":"calyx-dac-24-192","status":"publish","type":"product","link":"https:\/\/dev.freakuence.nl\/fr\/produit\/calyx-dac-24-192\/","title":{"rendered":"Calyx DAC 24\/192"},"content":{"rendered":"<div class=\"product-specifications-list\">\n<div class=\"specification-item row-header\"><span class=\"spec-content\"><strong>Description Freakuence !<\/strong><\/span><\/div>\n<div class=\"specification-item row-even\"><span class=\"spec-content\">Voici un appareil qui peut booster votre collection. Pas de probl\u00e8me, il suffit de le brancher et de l&rsquo;utiliser. <\/span><\/div>\n<div class=\"specification-item row-header\"><span class=\"spec-content\"><strong>Description g\u00e9n\u00e9rale<\/strong><\/span><\/div>\n<div class=\"specification-item row-even\"><span class=\"spec-content\">Le Calyx DAC 24\/192 est un convertisseur num\u00e9rique-analogique de haute qualit\u00e9 qui donne vie \u00e0 votre collection de musique num\u00e9rique. Prenant en charge la r\u00e9solution 24 bits\/192 kHz via USB, ce DAC offre une lecture d\u00e9taill\u00e9e et dynamique de vos morceaux pr\u00e9f\u00e9r\u00e9s. Gr\u00e2ce au mode USB asynchrone et \u00e0 la puce DAC ESS Technology ES9018 Sabre Reference, le Calyx DAC 24\/192 offre une sc\u00e8ne sonore pr\u00e9cise et claire. Le bo\u00eetier en aluminium massif offre non seulement un design \u00e9l\u00e9gant, mais contribue \u00e9galement \u00e0 la stabilit\u00e9 et \u00e0 la durabilit\u00e9 de l&rsquo;appareil.   <\/p>\n<p>Le Calyx DAC 24\/192 dispose d&rsquo;entr\u00e9es USB et RCA coaxiales, ce qui vous permet de connecter diff\u00e9rentes sources num\u00e9riques en toute flexibilit\u00e9. Avec des sorties XLR sym\u00e9triques et RCA asym\u00e9triques, ce convertisseur s&rsquo;int\u00e8gre sans effort dans diff\u00e9rents syst\u00e8mes audio. Son r\u00e9g\u00e9n\u00e9rateur d&rsquo;\u00e9nergie propre interne et sa capacit\u00e9 \u00e0 fonctionner sur l&rsquo;alimentation USB font du Calyx DAC 24\/192 un choix polyvalent et fiable pour les audiophiles \u00e0 la recherche d&rsquo;une qualit\u00e9 sonore optimale.  <\/p>\n<p>Vous vous demandez comment le Calyx DAC 24\/192 peut am\u00e9liorer votre exp\u00e9rience d&rsquo;\u00e9coute ? Planifiez une s\u00e9ance d&rsquo;\u00e9coute dans notre salle d&rsquo;\u00e9coute et d\u00e9couvrez par vous-m\u00eame le son raffin\u00e9 et l&rsquo;image st\u00e9r\u00e9o d\u00e9taill\u00e9e de ce DAC. <\/span><\/div>\n<div class=\"specification-item row-header\"><span class=\"spec-content\"><strong>Informations g\u00e9n\u00e9rales<\/strong><\/span><\/div>\n<div class=\"specification-item row-even\"><span class=\"spec-content\">Calyx, bien connu dans l&rsquo;industrie hi-fi pour ses \u00e9quipements audio de haute qualit\u00e9, pr\u00e9sente le DAC 24\/192 avec un design qui met l&rsquo;accent sur la qualit\u00e9 sonore pure. Le bo\u00eetier est en aluminium anodis\u00e9 pour une durabilit\u00e9 optimale et un minimum d&rsquo;interf\u00e9rences. Les composants internes ont \u00e9t\u00e9 soigneusement s\u00e9lectionn\u00e9s, en mettant l&rsquo;accent sur la pr\u00e9cision. L&rsquo;\u00e9quipe de conception vise \u00e0 obtenir un son chaud et naturel. Outre la puce DAC ESS Sabre de haute qualit\u00e9, une attention particuli\u00e8re est accord\u00e9e au c\u00e2blage interne, qui est soigneusement pos\u00e9 \u00e0 la main pour minimiser la perte de signal.    <\/span><\/div>\n<div class=\"specification-item row-header\"><span class=\"spec-content\"><strong>Histoire de la marque<\/strong><\/span><\/div>\n<div class=\"specification-item row-even\"><span class=\"spec-content\">La marque Calyx a \u00e9t\u00e9 fond\u00e9e en Cor\u00e9e du Sud et est affili\u00e9e \u00e0 Digital &amp; Analog Co, Ltd. La soci\u00e9t\u00e9 a d\u00e9marr\u00e9 en 1999 et s&rsquo;est concentr\u00e9e sur le d\u00e9veloppement et la production d&rsquo;\u00e9quipements audio de pointe. Au fil des ans, Calyx s&rsquo;est sp\u00e9cialis\u00e9e dans la conception de produits offrant des solutions audio de haute qualit\u00e9. La marque est connue pour son utilisation de mat\u00e9riaux de haute qualit\u00e9 et de techniques de fabrication m\u00e9ticuleuses qui contribuent \u00e0 la performance globale et \u00e0 la durabilit\u00e9 de ses produits. En outre, Calyx s&rsquo;est distingu\u00e9e par une s\u00e9rie d&rsquo;innovations et de technologies de haute qualit\u00e9 qui am\u00e9liorent ses applications. Au fil des ans, la marque a lanc\u00e9 plusieurs produits qui se distinguent par leur conception innovante et leurs avanc\u00e9es technologiques.     <\/span><\/div>\n<\/div>\n","protected":false},"excerpt":{"rendered":"<p>Description Freakuence ! Voici un appareil qui peut booster votre collection. Pas de probl\u00e8me, il suffit de le brancher et de l&rsquo;utiliser. Description g\u00e9n\u00e9rale Le Calyx DAC 24\/192 est un convertisseur num\u00e9rique-analogique de haute qualit\u00e9 qui donne vie \u00e0 votre collection de musique num\u00e9rique. Prenant en charge la r\u00e9solution 24 bits\/192 kHz via USB, ce [&hellip;]<\/p>\n","protected":false},"featured_media":401705,"template":"","meta":{"_acf_changed":false,"inline_featured_image":false},"product_brand":[],"product_cat":[718,689],"product_tag":[533],"class_list":{"0":"post-400378","1":"product","2":"type-product","3":"status-publish","4":"has-post-thumbnail","6":"product_cat-dacs","7":"product_cat-sources-dinformation","8":"product_tag-used","9":"pa_kleur-noir","11":"first","12":"instock","13":"sold-individually","14":"purchasable","15":"product-type-simple"},"acf":{"website":true,"show_on_homepage":false,"brand_title":"Calyx","product_type":"DAC 24\/192","color":"Noir","subcolor":"","reserved_status":"0"},"yoast_head":"<!-- This site is optimized with the Yoast SEO plugin v25.9 - https:\/\/yoast.com\/wordpress\/plugins\/seo\/ -->\n<title>Calyx DAC 24\/192 | Freakuence!<\/title>\n<meta name=\"description\" content=\"Calyx DAC 24\/192 : profitez d&#039;un son haute r\u00e9solution avec la prise en charge du 24 bits\/192 kHz et l&#039;USB asynchrone. \u2713 HiFi neuf et d&#039;occasion \u2713 Note du client : 4.9 sur 5 \u2713 Reprise \u2713 Session d&#039;\u00e9coute\" \/>\n<meta name=\"robots\" content=\"noindex, follow, max-snippet:-1, max-image-preview:large, max-video-preview:-1\" \/>\n<meta property=\"og:locale\" content=\"fr_FR\" \/>\n<meta property=\"og:type\" content=\"article\" \/>\n<meta property=\"og:title\" content=\"Calyx DAC 24\/192 | Freakuence!\" \/>\n<meta property=\"og:description\" content=\"Calyx DAC 24\/192 : profitez d&#039;un son haute r\u00e9solution avec la prise en charge du 24 bits\/192 kHz et l&#039;USB asynchrone. \u2713 HiFi neuf et d&#039;occasion \u2713 Note du client : 4.9 sur 5 \u2713 Reprise \u2713 Session d&#039;\u00e9coute\" \/>\n<meta property=\"og:url\" content=\"https:\/\/dev.freakuence.nl\/fr\/produit\/calyx-dac-24-192\/\" \/>\n<meta property=\"og:site_name\" content=\"Freakuence!\" \/>\n<meta property=\"article:modified_time\" content=\"2026-04-16T10:24:42+00:00\" \/>\n<meta property=\"og:image\" content=\"https:\/\/dev.freakuence.nl\/wp-content\/uploads\/2026\/04\/17753127690240-19400-IMG5390-2.jpg\" \/>\n\t<meta property=\"og:image:width\" content=\"1800\" \/>\n\t<meta property=\"og:image:height\" content=\"1200\" \/>\n\t<meta property=\"og:image:type\" content=\"image\/jpeg\" \/>\n<meta name=\"twitter:card\" content=\"summary_large_image\" \/>\n<script type=\"application\/ld+json\" class=\"yoast-schema-graph\">{\"@context\":\"https:\/\/schema.org\",\"@graph\":[{\"@type\":\"WebPage\",\"@id\":\"https:\/\/dev.freakuence.nl\/fr\/produit\/calyx-dac-24-192\/\",\"url\":\"https:\/\/dev.freakuence.nl\/fr\/produit\/calyx-dac-24-192\/\",\"name\":\"Calyx DAC 24\/192 | Freakuence!\",\"isPartOf\":{\"@id\":\"https:\/\/dev.freakuence.nl\/fr\/#website\"},\"primaryImageOfPage\":{\"@id\":\"https:\/\/dev.freakuence.nl\/fr\/produit\/calyx-dac-24-192\/#primaryimage\"},\"image\":{\"@id\":\"https:\/\/dev.freakuence.nl\/fr\/produit\/calyx-dac-24-192\/#primaryimage\"},\"thumbnailUrl\":\"https:\/\/dev.freakuence.nl\/wp-content\/uploads\/2026\/04\/17753127690240-19400-IMG5390-2.jpg\",\"datePublished\":\"2026-04-15T18:34:17+00:00\",\"dateModified\":\"2026-04-16T10:24:42+00:00\",\"description\":\"Calyx DAC 24\/192 : profitez d'un son haute r\u00e9solution avec la prise en charge du 24 bits\/192 kHz et l'USB asynchrone. \u2713 HiFi neuf et d'occasion \u2713 Note du client : 4.9 sur 5 \u2713 Reprise \u2713 Session d'\u00e9coute\",\"breadcrumb\":{\"@id\":\"https:\/\/dev.freakuence.nl\/fr\/produit\/calyx-dac-24-192\/#breadcrumb\"},\"inLanguage\":\"fr-FR\",\"potentialAction\":[{\"@type\":\"ReadAction\",\"target\":[\"https:\/\/dev.freakuence.nl\/fr\/produit\/calyx-dac-24-192\/\"]}]},{\"@type\":\"ImageObject\",\"inLanguage\":\"fr-FR\",\"@id\":\"https:\/\/dev.freakuence.nl\/fr\/produit\/calyx-dac-24-192\/#primaryimage\",\"url\":\"https:\/\/dev.freakuence.nl\/wp-content\/uploads\/2026\/04\/17753127690240-19400-IMG5390-2.jpg\",\"contentUrl\":\"https:\/\/dev.freakuence.nl\/wp-content\/uploads\/2026\/04\/17753127690240-19400-IMG5390-2.jpg\",\"width\":1800,\"height\":1200},{\"@type\":\"BreadcrumbList\",\"@id\":\"https:\/\/dev.freakuence.nl\/fr\/produit\/calyx-dac-24-192\/#breadcrumb\",\"itemListElement\":[{\"@type\":\"ListItem\",\"position\":1,\"name\":\"Accueil\",\"item\":\"https:\/\/dev.freakuence.nl\/fr\/\"},{\"@type\":\"ListItem\",\"position\":2,\"name\":\"Produits\",\"item\":\"https:\/\/dev.freakuence.nl\/fr\/produits\/\"},{\"@type\":\"ListItem\",\"position\":3,\"name\":\"Calyx DAC 24\/192\"}]},{\"@type\":\"WebSite\",\"@id\":\"https:\/\/dev.freakuence.nl\/fr\/#website\",\"url\":\"https:\/\/dev.freakuence.nl\/fr\/\",\"name\":\"Freakuence!\",\"description\":\"Freakuence!\",\"publisher\":{\"@id\":\"https:\/\/dev.freakuence.nl\/fr\/#organization\"},\"alternateName\":\"Freakuence\",\"potentialAction\":[{\"@type\":\"SearchAction\",\"target\":{\"@type\":\"EntryPoint\",\"urlTemplate\":\"https:\/\/dev.freakuence.nl\/fr\/?s={search_term_string}\"},\"query-input\":{\"@type\":\"PropertyValueSpecification\",\"valueRequired\":true,\"valueName\":\"search_term_string\"}}],\"inLanguage\":\"fr-FR\"},{\"@type\":\"Organization\",\"@id\":\"https:\/\/dev.freakuence.nl\/fr\/#organization\",\"name\":\"Freakuence !\",\"url\":\"https:\/\/dev.freakuence.nl\/fr\/\",\"logo\":{\"@type\":\"ImageObject\",\"inLanguage\":\"fr-FR\",\"@id\":\"https:\/\/dev.freakuence.nl\/fr\/#\/schema\/logo\/image\/\",\"url\":\"https:\/\/dev.freakuence.nl\/wp-content\/uploads\/2022\/05\/Brown_3_RGB_Freakuence-1.png\",\"contentUrl\":\"https:\/\/dev.freakuence.nl\/wp-content\/uploads\/2022\/05\/Brown_3_RGB_Freakuence-1.png\",\"width\":2560,\"height\":684,\"caption\":\"Freakuence !\"},\"image\":{\"@id\":\"https:\/\/dev.freakuence.nl\/fr\/#\/schema\/logo\/image\/\"},\"sameAs\":[\"https:\/\/www.instagram.com\/freakuence_notorious_audio\/\"]}]}<\/script>\n<!-- \/ Yoast SEO plugin. -->","yoast_head_json":{"title":"Calyx DAC 24\/192 | Freakuence!","description":"Calyx DAC 24\/192 : profitez d'un son haute r\u00e9solution avec la prise en charge du 24 bits\/192 kHz et l'USB asynchrone. \u2713 HiFi neuf et d'occasion \u2713 Note du client : 4.9 sur 5 \u2713 Reprise \u2713 Session d'\u00e9coute","robots":{"index":"noindex","follow":"follow","max-snippet":"max-snippet:-1","max-image-preview":"max-image-preview:large","max-video-preview":"max-video-preview:-1"},"og_locale":"fr_FR","og_type":"article","og_title":"Calyx DAC 24\/192 | Freakuence!","og_description":"Calyx DAC 24\/192 : profitez d'un son haute r\u00e9solution avec la prise en charge du 24 bits\/192 kHz et l'USB asynchrone. \u2713 HiFi neuf et d'occasion \u2713 Note du client : 4.9 sur 5 \u2713 Reprise \u2713 Session d'\u00e9coute","og_url":"https:\/\/dev.freakuence.nl\/fr\/produit\/calyx-dac-24-192\/","og_site_name":"Freakuence!","article_modified_time":"2026-04-16T10:24:42+00:00","og_image":[{"width":1800,"height":1200,"url":"https:\/\/dev.freakuence.nl\/wp-content\/uploads\/2026\/04\/17753127690240-19400-IMG5390-2.jpg","type":"image\/jpeg"}],"twitter_card":"summary_large_image","schema":{"@context":"https:\/\/schema.org","@graph":[{"@type":"WebPage","@id":"https:\/\/dev.freakuence.nl\/fr\/produit\/calyx-dac-24-192\/","url":"https:\/\/dev.freakuence.nl\/fr\/produit\/calyx-dac-24-192\/","name":"Calyx DAC 24\/192 | Freakuence!","isPartOf":{"@id":"https:\/\/dev.freakuence.nl\/fr\/#website"},"primaryImageOfPage":{"@id":"https:\/\/dev.freakuence.nl\/fr\/produit\/calyx-dac-24-192\/#primaryimage"},"image":{"@id":"https:\/\/dev.freakuence.nl\/fr\/produit\/calyx-dac-24-192\/#primaryimage"},"thumbnailUrl":"https:\/\/dev.freakuence.nl\/wp-content\/uploads\/2026\/04\/17753127690240-19400-IMG5390-2.jpg","datePublished":"2026-04-15T18:34:17+00:00","dateModified":"2026-04-16T10:24:42+00:00","description":"Calyx DAC 24\/192 : profitez d'un son haute r\u00e9solution avec la prise en charge du 24 bits\/192 kHz et l'USB asynchrone. \u2713 HiFi neuf et d'occasion \u2713 Note du client : 4.9 sur 5 \u2713 Reprise \u2713 Session d'\u00e9coute","breadcrumb":{"@id":"https:\/\/dev.freakuence.nl\/fr\/produit\/calyx-dac-24-192\/#breadcrumb"},"inLanguage":"fr-FR","potentialAction":[{"@type":"ReadAction","target":["https:\/\/dev.freakuence.nl\/fr\/produit\/calyx-dac-24-192\/"]}]},{"@type":"ImageObject","inLanguage":"fr-FR","@id":"https:\/\/dev.freakuence.nl\/fr\/produit\/calyx-dac-24-192\/#primaryimage","url":"https:\/\/dev.freakuence.nl\/wp-content\/uploads\/2026\/04\/17753127690240-19400-IMG5390-2.jpg","contentUrl":"https:\/\/dev.freakuence.nl\/wp-content\/uploads\/2026\/04\/17753127690240-19400-IMG5390-2.jpg","width":1800,"height":1200},{"@type":"BreadcrumbList","@id":"https:\/\/dev.freakuence.nl\/fr\/produit\/calyx-dac-24-192\/#breadcrumb","itemListElement":[{"@type":"ListItem","position":1,"name":"Accueil","item":"https:\/\/dev.freakuence.nl\/fr\/"},{"@type":"ListItem","position":2,"name":"Produits","item":"https:\/\/dev.freakuence.nl\/fr\/produits\/"},{"@type":"ListItem","position":3,"name":"Calyx DAC 24\/192"}]},{"@type":"WebSite","@id":"https:\/\/dev.freakuence.nl\/fr\/#website","url":"https:\/\/dev.freakuence.nl\/fr\/","name":"Freakuence!","description":"Freakuence!","publisher":{"@id":"https:\/\/dev.freakuence.nl\/fr\/#organization"},"alternateName":"Freakuence","potentialAction":[{"@type":"SearchAction","target":{"@type":"EntryPoint","urlTemplate":"https:\/\/dev.freakuence.nl\/fr\/?s={search_term_string}"},"query-input":{"@type":"PropertyValueSpecification","valueRequired":true,"valueName":"search_term_string"}}],"inLanguage":"fr-FR"},{"@type":"Organization","@id":"https:\/\/dev.freakuence.nl\/fr\/#organization","name":"Freakuence !","url":"https:\/\/dev.freakuence.nl\/fr\/","logo":{"@type":"ImageObject","inLanguage":"fr-FR","@id":"https:\/\/dev.freakuence.nl\/fr\/#\/schema\/logo\/image\/","url":"https:\/\/dev.freakuence.nl\/wp-content\/uploads\/2022\/05\/Brown_3_RGB_Freakuence-1.png","contentUrl":"https:\/\/dev.freakuence.nl\/wp-content\/uploads\/2022\/05\/Brown_3_RGB_Freakuence-1.png","width":2560,"height":684,"caption":"Freakuence !"},"image":{"@id":"https:\/\/dev.freakuence.nl\/fr\/#\/schema\/logo\/image\/"},"sameAs":["https:\/\/www.instagram.com\/freakuence_notorious_audio\/"]}]}},"_links":{"self":[{"href":"https:\/\/dev.freakuence.nl\/fr\/wp-json\/wp\/v2\/product\/400378","targetHints":{"allow":["GET"]}}],"collection":[{"href":"https:\/\/dev.freakuence.nl\/fr\/wp-json\/wp\/v2\/product"}],"about":[{"href":"https:\/\/dev.freakuence.nl\/fr\/wp-json\/wp\/v2\/types\/product"}],"wp:featuredmedia":[{"embeddable":true,"href":"https:\/\/dev.freakuence.nl\/fr\/wp-json\/wp\/v2\/media\/401705"}],"wp:attachment":[{"href":"https:\/\/dev.freakuence.nl\/fr\/wp-json\/wp\/v2\/media?parent=400378"}],"wp:term":[{"taxonomy":"product_brand","embeddable":true,"href":"https:\/\/dev.freakuence.nl\/fr\/wp-json\/wp\/v2\/product_brand?post=400378"},{"taxonomy":"product_cat","embeddable":true,"href":"https:\/\/dev.freakuence.nl\/fr\/wp-json\/wp\/v2\/product_cat?post=400378"},{"taxonomy":"product_tag","embeddable":true,"href":"https:\/\/dev.freakuence.nl\/fr\/wp-json\/wp\/v2\/product_tag?post=400378"}],"curies":[{"name":"wp","href":"https:\/\/api.w.org\/{rel}","templated":true}]}}