{"id":400501,"date":"2026-04-15T20:54:15","date_gmt":"2026-04-15T18:54:15","guid":{"rendered":"https:\/\/freakuence.nl\/product\/cayin-ha3\/"},"modified":"2026-04-16T12:24:38","modified_gmt":"2026-04-16T10:24:38","slug":"cayin-ha3","status":"publish","type":"product","link":"https:\/\/dev.freakuence.nl\/fr\/produit\/cayin-ha3\/","title":{"rendered":"Cayin HA3"},"content":{"rendered":"<div class=\"product-specifications-list\">\n<div class=\"specification-item row-header\"><span class=\"spec-content\"><strong>Description Freakuence !<\/strong><\/span><\/div>\n<div class=\"specification-item row-even\"><span class=\"spec-content\">Le Cayin HA3 est un amplificateur de casque \u00e0 tubes qui chouchoute vos oreilles. Croyez-le ! Passez au magasin pour une d\u00e9monstration.  <\/span><\/div>\n<div class=\"specification-item row-odd\"><span class=\"spec-content\">Prix de vente au d\u00e9tail : 1997.00<\/span><\/div>\n<div class=\"specification-item row-header\"><span class=\"spec-content\"><strong>Description g\u00e9n\u00e9rale<\/strong><\/span><\/div>\n<div class=\"specification-item row-even\"><span class=\"spec-content\">Le Cayin HA-3A est un amplificateur de casque \u00e0 tubes de haute qualit\u00e9 qui offre une reproduction sonore chaleureuse et naturelle. Gr\u00e2ce \u00e0 ses circuits \u00e0 tubes soigneusement con\u00e7us, le Cayin HA-3A offre une sc\u00e8ne sonore riche avec une dynamique et des d\u00e9tails excellents. L&rsquo;amplificateur est \u00e9quip\u00e9 de plusieurs options de connexion, y compris des entr\u00e9es sym\u00e9triques et asym\u00e9triques, et offre plusieurs sorties casque pour une compatibilit\u00e9 optimale. Avec sa construction robuste et sa finition raffin\u00e9e, le Cayin HA-3A est un compl\u00e9ment pr\u00e9cieux \u00e0 toute installation audio. D\u00e9couvrez par vous-m\u00eame les performances exceptionnelles du Cayin HA-3A en organisant une s\u00e9ance d&rsquo;\u00e9coute ou en discutant des possibilit\u00e9s de reprise.    <\/span><\/div>\n<div class=\"specification-item row-header\"><span class=\"spec-content\"><strong>Informations g\u00e9n\u00e9rales<\/strong><\/span><\/div>\n<div class=\"specification-item row-even\"><span class=\"spec-content\">Le Cayin HA-3 a \u00e9t\u00e9 con\u00e7u dans le respect de l&rsquo;ing\u00e9nierie audio classique et moderne. L&rsquo;\u00e9quipe de conception de Cayin met l&rsquo;accent sur les composants de haute qualit\u00e9 tels que les tubes avanc\u00e9s et les transistors discrets qui garantissent une reproduction sonore chaleureuse et pr\u00e9cise. Le bo\u00eetier est fabriqu\u00e9 en aluminium durable usin\u00e9 par CNC pour un contr\u00f4le optimal de la r\u00e9sonance. Le c\u00e2blage interne est en cuivre pur, ce qui garantit un chemin de signal propre. Cayin s&rsquo;approvisionne en mat\u00e9riaux aupr\u00e8s de sources r\u00e9put\u00e9es dans le monde entier pour garantir une qualit\u00e9 constante.    <\/span><\/div>\n<div class=\"specification-item row-header\"><span class=\"spec-content\"><strong>Histoire de la marque<\/strong><\/span><\/div>\n<div class=\"specification-item row-even\"><span class=\"spec-content\">Cayin a \u00e9t\u00e9 fond\u00e9e en 1993 et est bas\u00e9e \u00e0 Zhuhai, en Chine. L&rsquo;entreprise fabrique des \u00e9quipements audio, notamment des amplificateurs \u00e0 tubes, des lecteurs de CD et des lecteurs audio num\u00e9riques. Cayin dispose d&rsquo;un site de production o\u00f9 se d\u00e9roulent \u00e0 la fois la conception et la fabrication. En 2003, l&rsquo;entreprise a lanc\u00e9 la s\u00e9rie Spark, destin\u00e9e au march\u00e9 international. Cayin a distribu\u00e9 ses produits dans le monde entier par l&rsquo;interm\u00e9diaire d&rsquo;un r\u00e9seau de revendeurs et de distributeurs. L&rsquo;entreprise a particip\u00e9 \u00e0 des expositions audio internationales et a re\u00e7u plusieurs prix pour ses produits au fil des ans.     <\/span><\/div>\n<\/div>\n","protected":false},"excerpt":{"rendered":"<p>Description Freakuence ! Le Cayin HA3 est un amplificateur de casque \u00e0 tubes qui chouchoute vos oreilles. Croyez-le ! Passez au magasin pour une d\u00e9monstration. Prix de vente au d\u00e9tail : 1997.00 Description g\u00e9n\u00e9rale Le Cayin HA-3A est un amplificateur de casque \u00e0 tubes de haute qualit\u00e9 qui offre une reproduction sonore chaleureuse et naturelle. [&hellip;]<\/p>\n","protected":false},"featured_media":401730,"template":"","meta":{"_acf_changed":false,"inline_featured_image":false},"product_brand":[],"product_cat":[739,572],"product_tag":[533],"class_list":{"0":"post-400501","1":"product","2":"type-product","3":"status-publish","4":"has-post-thumbnail","6":"product_cat-amplificateurs-de-casque","7":"product_cat-casques-et-amplificateurs","8":"product_tag-used","9":"pa_kleur-noir","11":"first","12":"instock","13":"sold-individually","14":"purchasable","15":"product-type-simple"},"acf":{"website":true,"show_on_homepage":false,"brand_title":"Cayin","product_type":"HA3","color":"Noir","subcolor":"","reserved_status":"0"},"yoast_head":"<!-- This site is optimized with the Yoast SEO plugin v25.9 - https:\/\/yoast.com\/wordpress\/plugins\/seo\/ -->\n<title>Cayin HA3 | Freakuence!<\/title>\n<meta name=\"description\" content=\"Cayin HA-3A : puissant amplificateur de casque \u00e0 lampes avec entr\u00e9es XLR et RCA, adapt\u00e9 \u00e0 diff\u00e9rents types de casques. \u2713 HiFi neuf et d&#039;occasion \u2713 Note du client : 4.9 sur 5 \u2713 Reprise \u2713 Session d&#039;\u00e9coute\" \/>\n<meta name=\"robots\" content=\"noindex, follow, max-snippet:-1, max-image-preview:large, max-video-preview:-1\" \/>\n<meta property=\"og:locale\" content=\"fr_FR\" \/>\n<meta property=\"og:type\" content=\"article\" \/>\n<meta property=\"og:title\" content=\"Cayin HA3 | Freakuence!\" \/>\n<meta property=\"og:description\" content=\"Cayin HA-3A : puissant amplificateur de casque \u00e0 lampes avec entr\u00e9es XLR et RCA, adapt\u00e9 \u00e0 diff\u00e9rents types de casques. \u2713 HiFi neuf et d&#039;occasion \u2713 Note du client : 4.9 sur 5 \u2713 Reprise \u2713 Session d&#039;\u00e9coute\" \/>\n<meta property=\"og:url\" content=\"https:\/\/dev.freakuence.nl\/fr\/produit\/cayin-ha3\/\" \/>\n<meta property=\"og:site_name\" content=\"Freakuence!\" \/>\n<meta property=\"article:modified_time\" content=\"2026-04-16T10:24:38+00:00\" \/>\n<meta property=\"og:image\" content=\"https:\/\/dev.freakuence.nl\/wp-content\/uploads\/2026\/04\/17753130663398-19399-IMG5420-2.jpg\" \/>\n\t<meta property=\"og:image:width\" content=\"1800\" \/>\n\t<meta property=\"og:image:height\" content=\"1200\" \/>\n\t<meta property=\"og:image:type\" content=\"image\/jpeg\" \/>\n<meta name=\"twitter:card\" content=\"summary_large_image\" \/>\n<script type=\"application\/ld+json\" class=\"yoast-schema-graph\">{\"@context\":\"https:\/\/schema.org\",\"@graph\":[{\"@type\":\"WebPage\",\"@id\":\"https:\/\/dev.freakuence.nl\/fr\/produit\/cayin-ha3\/\",\"url\":\"https:\/\/dev.freakuence.nl\/fr\/produit\/cayin-ha3\/\",\"name\":\"Cayin HA3 | Freakuence!\",\"isPartOf\":{\"@id\":\"https:\/\/dev.freakuence.nl\/fr\/#website\"},\"primaryImageOfPage\":{\"@id\":\"https:\/\/dev.freakuence.nl\/fr\/produit\/cayin-ha3\/#primaryimage\"},\"image\":{\"@id\":\"https:\/\/dev.freakuence.nl\/fr\/produit\/cayin-ha3\/#primaryimage\"},\"thumbnailUrl\":\"https:\/\/dev.freakuence.nl\/wp-content\/uploads\/2026\/04\/17753130663398-19399-IMG5420-2.jpg\",\"datePublished\":\"2026-04-15T18:54:15+00:00\",\"dateModified\":\"2026-04-16T10:24:38+00:00\",\"description\":\"Cayin HA-3A : puissant amplificateur de casque \u00e0 lampes avec entr\u00e9es XLR et RCA, adapt\u00e9 \u00e0 diff\u00e9rents types de casques. \u2713 HiFi neuf et d'occasion \u2713 Note du client : 4.9 sur 5 \u2713 Reprise \u2713 Session d'\u00e9coute\",\"breadcrumb\":{\"@id\":\"https:\/\/dev.freakuence.nl\/fr\/produit\/cayin-ha3\/#breadcrumb\"},\"inLanguage\":\"fr-FR\",\"potentialAction\":[{\"@type\":\"ReadAction\",\"target\":[\"https:\/\/dev.freakuence.nl\/fr\/produit\/cayin-ha3\/\"]}]},{\"@type\":\"ImageObject\",\"inLanguage\":\"fr-FR\",\"@id\":\"https:\/\/dev.freakuence.nl\/fr\/produit\/cayin-ha3\/#primaryimage\",\"url\":\"https:\/\/dev.freakuence.nl\/wp-content\/uploads\/2026\/04\/17753130663398-19399-IMG5420-2.jpg\",\"contentUrl\":\"https:\/\/dev.freakuence.nl\/wp-content\/uploads\/2026\/04\/17753130663398-19399-IMG5420-2.jpg\",\"width\":1800,\"height\":1200},{\"@type\":\"BreadcrumbList\",\"@id\":\"https:\/\/dev.freakuence.nl\/fr\/produit\/cayin-ha3\/#breadcrumb\",\"itemListElement\":[{\"@type\":\"ListItem\",\"position\":1,\"name\":\"Accueil\",\"item\":\"https:\/\/dev.freakuence.nl\/fr\/\"},{\"@type\":\"ListItem\",\"position\":2,\"name\":\"Produits\",\"item\":\"https:\/\/dev.freakuence.nl\/fr\/produits\/\"},{\"@type\":\"ListItem\",\"position\":3,\"name\":\"Cayin HA3\"}]},{\"@type\":\"WebSite\",\"@id\":\"https:\/\/dev.freakuence.nl\/fr\/#website\",\"url\":\"https:\/\/dev.freakuence.nl\/fr\/\",\"name\":\"Freakuence!\",\"description\":\"Freakuence!\",\"publisher\":{\"@id\":\"https:\/\/dev.freakuence.nl\/fr\/#organization\"},\"alternateName\":\"Freakuence\",\"potentialAction\":[{\"@type\":\"SearchAction\",\"target\":{\"@type\":\"EntryPoint\",\"urlTemplate\":\"https:\/\/dev.freakuence.nl\/fr\/?s={search_term_string}\"},\"query-input\":{\"@type\":\"PropertyValueSpecification\",\"valueRequired\":true,\"valueName\":\"search_term_string\"}}],\"inLanguage\":\"fr-FR\"},{\"@type\":\"Organization\",\"@id\":\"https:\/\/dev.freakuence.nl\/fr\/#organization\",\"name\":\"Freakuence !\",\"url\":\"https:\/\/dev.freakuence.nl\/fr\/\",\"logo\":{\"@type\":\"ImageObject\",\"inLanguage\":\"fr-FR\",\"@id\":\"https:\/\/dev.freakuence.nl\/fr\/#\/schema\/logo\/image\/\",\"url\":\"https:\/\/dev.freakuence.nl\/wp-content\/uploads\/2022\/05\/Brown_3_RGB_Freakuence-1.png\",\"contentUrl\":\"https:\/\/dev.freakuence.nl\/wp-content\/uploads\/2022\/05\/Brown_3_RGB_Freakuence-1.png\",\"width\":2560,\"height\":684,\"caption\":\"Freakuence !\"},\"image\":{\"@id\":\"https:\/\/dev.freakuence.nl\/fr\/#\/schema\/logo\/image\/\"},\"sameAs\":[\"https:\/\/www.instagram.com\/freakuence_notorious_audio\/\"]}]}<\/script>\n<!-- \/ Yoast SEO plugin. -->","yoast_head_json":{"title":"Cayin HA3 | Freakuence!","description":"Cayin HA-3A : puissant amplificateur de casque \u00e0 lampes avec entr\u00e9es XLR et RCA, adapt\u00e9 \u00e0 diff\u00e9rents types de casques. \u2713 HiFi neuf et d'occasion \u2713 Note du client : 4.9 sur 5 \u2713 Reprise \u2713 Session d'\u00e9coute","robots":{"index":"noindex","follow":"follow","max-snippet":"max-snippet:-1","max-image-preview":"max-image-preview:large","max-video-preview":"max-video-preview:-1"},"og_locale":"fr_FR","og_type":"article","og_title":"Cayin HA3 | Freakuence!","og_description":"Cayin HA-3A : puissant amplificateur de casque \u00e0 lampes avec entr\u00e9es XLR et RCA, adapt\u00e9 \u00e0 diff\u00e9rents types de casques. \u2713 HiFi neuf et d'occasion \u2713 Note du client : 4.9 sur 5 \u2713 Reprise \u2713 Session d'\u00e9coute","og_url":"https:\/\/dev.freakuence.nl\/fr\/produit\/cayin-ha3\/","og_site_name":"Freakuence!","article_modified_time":"2026-04-16T10:24:38+00:00","og_image":[{"width":1800,"height":1200,"url":"https:\/\/dev.freakuence.nl\/wp-content\/uploads\/2026\/04\/17753130663398-19399-IMG5420-2.jpg","type":"image\/jpeg"}],"twitter_card":"summary_large_image","schema":{"@context":"https:\/\/schema.org","@graph":[{"@type":"WebPage","@id":"https:\/\/dev.freakuence.nl\/fr\/produit\/cayin-ha3\/","url":"https:\/\/dev.freakuence.nl\/fr\/produit\/cayin-ha3\/","name":"Cayin HA3 | Freakuence!","isPartOf":{"@id":"https:\/\/dev.freakuence.nl\/fr\/#website"},"primaryImageOfPage":{"@id":"https:\/\/dev.freakuence.nl\/fr\/produit\/cayin-ha3\/#primaryimage"},"image":{"@id":"https:\/\/dev.freakuence.nl\/fr\/produit\/cayin-ha3\/#primaryimage"},"thumbnailUrl":"https:\/\/dev.freakuence.nl\/wp-content\/uploads\/2026\/04\/17753130663398-19399-IMG5420-2.jpg","datePublished":"2026-04-15T18:54:15+00:00","dateModified":"2026-04-16T10:24:38+00:00","description":"Cayin HA-3A : puissant amplificateur de casque \u00e0 lampes avec entr\u00e9es XLR et RCA, adapt\u00e9 \u00e0 diff\u00e9rents types de casques. \u2713 HiFi neuf et d'occasion \u2713 Note du client : 4.9 sur 5 \u2713 Reprise \u2713 Session d'\u00e9coute","breadcrumb":{"@id":"https:\/\/dev.freakuence.nl\/fr\/produit\/cayin-ha3\/#breadcrumb"},"inLanguage":"fr-FR","potentialAction":[{"@type":"ReadAction","target":["https:\/\/dev.freakuence.nl\/fr\/produit\/cayin-ha3\/"]}]},{"@type":"ImageObject","inLanguage":"fr-FR","@id":"https:\/\/dev.freakuence.nl\/fr\/produit\/cayin-ha3\/#primaryimage","url":"https:\/\/dev.freakuence.nl\/wp-content\/uploads\/2026\/04\/17753130663398-19399-IMG5420-2.jpg","contentUrl":"https:\/\/dev.freakuence.nl\/wp-content\/uploads\/2026\/04\/17753130663398-19399-IMG5420-2.jpg","width":1800,"height":1200},{"@type":"BreadcrumbList","@id":"https:\/\/dev.freakuence.nl\/fr\/produit\/cayin-ha3\/#breadcrumb","itemListElement":[{"@type":"ListItem","position":1,"name":"Accueil","item":"https:\/\/dev.freakuence.nl\/fr\/"},{"@type":"ListItem","position":2,"name":"Produits","item":"https:\/\/dev.freakuence.nl\/fr\/produits\/"},{"@type":"ListItem","position":3,"name":"Cayin HA3"}]},{"@type":"WebSite","@id":"https:\/\/dev.freakuence.nl\/fr\/#website","url":"https:\/\/dev.freakuence.nl\/fr\/","name":"Freakuence!","description":"Freakuence!","publisher":{"@id":"https:\/\/dev.freakuence.nl\/fr\/#organization"},"alternateName":"Freakuence","potentialAction":[{"@type":"SearchAction","target":{"@type":"EntryPoint","urlTemplate":"https:\/\/dev.freakuence.nl\/fr\/?s={search_term_string}"},"query-input":{"@type":"PropertyValueSpecification","valueRequired":true,"valueName":"search_term_string"}}],"inLanguage":"fr-FR"},{"@type":"Organization","@id":"https:\/\/dev.freakuence.nl\/fr\/#organization","name":"Freakuence !","url":"https:\/\/dev.freakuence.nl\/fr\/","logo":{"@type":"ImageObject","inLanguage":"fr-FR","@id":"https:\/\/dev.freakuence.nl\/fr\/#\/schema\/logo\/image\/","url":"https:\/\/dev.freakuence.nl\/wp-content\/uploads\/2022\/05\/Brown_3_RGB_Freakuence-1.png","contentUrl":"https:\/\/dev.freakuence.nl\/wp-content\/uploads\/2022\/05\/Brown_3_RGB_Freakuence-1.png","width":2560,"height":684,"caption":"Freakuence !"},"image":{"@id":"https:\/\/dev.freakuence.nl\/fr\/#\/schema\/logo\/image\/"},"sameAs":["https:\/\/www.instagram.com\/freakuence_notorious_audio\/"]}]}},"_links":{"self":[{"href":"https:\/\/dev.freakuence.nl\/fr\/wp-json\/wp\/v2\/product\/400501","targetHints":{"allow":["GET"]}}],"collection":[{"href":"https:\/\/dev.freakuence.nl\/fr\/wp-json\/wp\/v2\/product"}],"about":[{"href":"https:\/\/dev.freakuence.nl\/fr\/wp-json\/wp\/v2\/types\/product"}],"wp:featuredmedia":[{"embeddable":true,"href":"https:\/\/dev.freakuence.nl\/fr\/wp-json\/wp\/v2\/media\/401730"}],"wp:attachment":[{"href":"https:\/\/dev.freakuence.nl\/fr\/wp-json\/wp\/v2\/media?parent=400501"}],"wp:term":[{"taxonomy":"product_brand","embeddable":true,"href":"https:\/\/dev.freakuence.nl\/fr\/wp-json\/wp\/v2\/product_brand?post=400501"},{"taxonomy":"product_cat","embeddable":true,"href":"https:\/\/dev.freakuence.nl\/fr\/wp-json\/wp\/v2\/product_cat?post=400501"},{"taxonomy":"product_tag","embeddable":true,"href":"https:\/\/dev.freakuence.nl\/fr\/wp-json\/wp\/v2\/product_tag?post=400501"}],"curies":[{"name":"wp","href":"https:\/\/api.w.org\/{rel}","templated":true}]}}