{"id":400921,"date":"2026-04-15T21:46:57","date_gmt":"2026-04-15T19:46:57","guid":{"rendered":"https:\/\/freakuence.nl\/product\/melco-n100\/"},"modified":"2026-04-16T12:26:09","modified_gmt":"2026-04-16T10:26:09","slug":"melco-n100","status":"publish","type":"product","link":"https:\/\/dev.freakuence.nl\/fr\/produit\/melco-n100\/","title":{"rendered":"Melco N100"},"content":{"rendered":"<div class=\"product-specifications-list\">\n<div class=\"specification-item row-header\"><span class=\"spec-content\"><strong>Description Freakuence !<\/strong><\/span><\/div>\n<div class=\"specification-item row-even\"><span class=\"spec-content\">Un lecteur r\u00e9seau haut de gamme ! Le N100 se manipule avec soin. Avec un disque dur interne de 2 To, il offre, esp\u00e9rons-le, suffisamment d&rsquo;espace. L&rsquo;utilisation est simple, que vous utilisiez l&rsquo;application Melco Music HD ou le panneau avant. Gr\u00e2ce aux doubles ports Ethernet, vous le connectez directement \u00e0 votre streamer sans avoir besoin d&rsquo;un switch. Formats audio haute r\u00e9solution jusqu&rsquo;\u00e0 32 bits\/384 kHz et DSD jusqu&rsquo;\u00e0 11,3 MHz. G\u00e9nial !      <\/span><\/div>\n<div class=\"specification-item row-odd\"><span class=\"spec-content\">Prix de vente au d\u00e9tail : 2499.00<\/span><\/div>\n<div class=\"specification-item row-header\"><span class=\"spec-content\"><strong>D\u00e9tails<\/strong><\/span><\/div>\n<div class=\"specification-item row-even\"><span class=\"spec-content\">Avec l&rsquo;alimentation FiiO PL50.<\/span><\/div>\n<div class=\"specification-item row-header\"><span class=\"spec-content\"><strong>Description g\u00e9n\u00e9rale<\/strong><\/span><\/div>\n<div class=\"specification-item row-even\"><span class=\"spec-content\">Le Melco N100 est une biblioth\u00e8que musicale num\u00e9rique qui stocke et lit votre collection de musique avec une image sonore claire et d\u00e9taill\u00e9e. Avec une capacit\u00e9 de stockage de 2 To ou 5 To, le Melco N100 offre suffisamment d&rsquo;espace pour des collections musicales \u00e9tendues. Son design compact permet de placer facilement le Melco N100 dans n&rsquo;importe quelle salle d&rsquo;\u00e9coute.  <\/p>\n<p>Gr\u00e2ce aux ports d\u00e9di\u00e9s \u00ab\u00a0PLAYER\u00a0\u00bb et \u00ab\u00a0LAN\u00a0\u00bb, le Melco N100 assure une lecture et une dynamique optimales de votre musique. Les trois ports USB 2.0 vous permettent de connecter facilement un DAC USB, un lecteur de CD ou un espace de stockage suppl\u00e9mentaire, augmentant ainsi la flexibilit\u00e9 du syst\u00e8me. La conception sans ventilateur minimise les vibrations et assure un fonctionnement silencieux, contribuant \u00e0 un son pr\u00e9cis et d\u00e9taill\u00e9.  <\/p>\n<p>Vous voulez d\u00e9couvrir le Melco N100 par vous-m\u00eame ? Planifiez une s\u00e9ance d&rsquo;\u00e9coute dans notre salle d&rsquo;\u00e9coute, comparez avec d&rsquo;autres syst\u00e8mes ou discutez des possibilit\u00e9s de reprise. D\u00e9couvrez comment le Melco N100 fait passer votre exp\u00e9rience musicale au niveau sup\u00e9rieur.  <\/span><\/div>\n<div class=\"specification-item row-header\"><span class=\"spec-content\"><strong>Informations g\u00e9n\u00e9rales<\/strong><\/span><\/div>\n<div class=\"specification-item row-even\"><span class=\"spec-content\">Con\u00e7u pour fournir un son de haute qualit\u00e9, le Melco N100 utilise des techniques et des composants avanc\u00e9s. La philosophie de conception s&rsquo;articule autour de la simplicit\u00e9 et de la puret\u00e9, en mettant l&rsquo;accent sur la minimisation du bruit et de la distorsion. Le bo\u00eetier est en aluminium de haute qualit\u00e9 pour un meilleur contr\u00f4le de la r\u00e9sonance. Les composants internes, tels que la carte audio et la sortie USB, sont soigneusement choisis pour des performances optimales. Melco utilise des mat\u00e9riaux de qualit\u00e9, provenant principalement du Japon, et ses ing\u00e9nieurs veillent \u00e0 ce que chaque appareil r\u00e9ponde \u00e0 des normes rigoureuses.    <\/span><\/div>\n<div class=\"specification-item row-header\"><span class=\"spec-content\"><strong>Histoire de la marque<\/strong><\/span><\/div>\n<div class=\"specification-item row-even\"><span class=\"spec-content\">Melco a \u00e9t\u00e9 fond\u00e9e au Japon en 1975 par Makoto Maki. En 1980, la soci\u00e9t\u00e9 a introduit une table tournante au Royaume-Uni. En 1981, Melco est entr\u00e9e sur le march\u00e9 des p\u00e9riph\u00e9riques informatiques avec un graveur EEPROM. Le nom \u00ab\u00a0Melco\u00a0\u00bb signifie \u00ab\u00a0Maki Engineering Laboratory Company\u00a0\u00bb. Buffalo\u00a0\u00bb est d\u00e9riv\u00e9 de l&rsquo;un des premiers produits de la soci\u00e9t\u00e9, une m\u00e9moire tampon d&rsquo;imprimante, et fait \u00e9galement r\u00e9f\u00e9rence au bison am\u00e9ricain. Melco Holdings Inc. a \u00e9t\u00e9 fond\u00e9e en 1986 et compte actuellement 16 filiales. Buffalo Inc. est l&rsquo;une des marques les plus connues de la soci\u00e9t\u00e9. Les filiales de Melco produisent divers mat\u00e9riels informatiques, notamment des modules de m\u00e9moire, des produits USB, des lecteurs CD-ROM\/DVD-RW, des disques durs, des produits de mise en r\u00e9seau et des \u00e9crans LCD. En outre, une filiale au Japon offre des services tels que l&rsquo;installation Internet, la maintenance informatique et l&rsquo;\u00e9ducation. Melco a \u00e9galement introduit des disques durs \u00e0 semi-conducteurs sur le march\u00e9 japonais. Buffalo Technology (USA) est la filiale nord-am\u00e9ricaine, bas\u00e9e \u00e0 Austin, au Texas. L&rsquo;entreprise est \u00e0 l&rsquo;origine de plusieurs technologies.             <\/span><\/div>\n<\/div>\n","protected":false},"excerpt":{"rendered":"<p>Description Freakuence ! Un lecteur r\u00e9seau haut de gamme ! Le N100 se manipule avec soin. Avec un disque dur interne de 2 To, il offre, esp\u00e9rons-le, suffisamment d&rsquo;espace. L&rsquo;utilisation est simple, que vous utilisiez l&rsquo;application Melco Music HD ou le panneau avant. Gr\u00e2ce aux doubles ports Ethernet, vous le connectez directement \u00e0 votre streamer [&hellip;]<\/p>\n","protected":false},"featured_media":401804,"template":"","meta":{"_acf_changed":false,"inline_featured_image":false},"product_brand":[],"product_cat":[566],"product_tag":[533],"class_list":{"0":"post-400921","1":"product","2":"type-product","3":"status-publish","4":"has-post-thumbnail","6":"product_cat-accessoires","7":"product_tag-used","8":"pa_kleur-noir","10":"first","11":"instock","12":"sold-individually","13":"purchasable","14":"product-type-simple"},"acf":{"website":true,"show_on_homepage":false,"brand_title":"Melco","product_type":"N100","color":"Noir","subcolor":"","reserved_status":"0"},"yoast_head":"<!-- This site is optimized with the Yoast SEO plugin v25.9 - https:\/\/yoast.com\/wordpress\/plugins\/seo\/ -->\n<title>Melco N100 | Freakuence!<\/title>\n<meta name=\"description\" content=\"Melco N100 : serveur musical compact avec 2 To de stockage, un son de haute qualit\u00e9 et une utilisation simple. \u2713 HiFi neuve et d&#039;occasion \u2713 Note du client : 4.9 sur 5 \u2713 Reprise \u2713 Session d&#039;\u00e9coute\" \/>\n<meta name=\"robots\" content=\"noindex, follow, max-snippet:-1, max-image-preview:large, max-video-preview:-1\" \/>\n<meta property=\"og:locale\" content=\"fr_FR\" \/>\n<meta property=\"og:type\" content=\"article\" \/>\n<meta property=\"og:title\" content=\"Melco N100 | Freakuence!\" \/>\n<meta property=\"og:description\" content=\"Melco N100 : serveur musical compact avec 2 To de stockage, un son de haute qualit\u00e9 et une utilisation simple. \u2713 HiFi neuve et d&#039;occasion \u2713 Note du client : 4.9 sur 5 \u2713 Reprise \u2713 Session d&#039;\u00e9coute\" \/>\n<meta property=\"og:url\" content=\"https:\/\/dev.freakuence.nl\/fr\/produit\/melco-n100\/\" \/>\n<meta property=\"og:site_name\" content=\"Freakuence!\" \/>\n<meta property=\"article:modified_time\" content=\"2026-04-16T10:26:09+00:00\" \/>\n<meta property=\"og:image\" content=\"https:\/\/dev.freakuence.nl\/wp-content\/uploads\/2026\/04\/17762823519831-19398-IMG5470-1.jpg\" \/>\n\t<meta property=\"og:image:width\" content=\"1800\" \/>\n\t<meta property=\"og:image:height\" content=\"1200\" \/>\n\t<meta property=\"og:image:type\" content=\"image\/jpeg\" \/>\n<meta name=\"twitter:card\" content=\"summary_large_image\" \/>\n<script type=\"application\/ld+json\" class=\"yoast-schema-graph\">{\"@context\":\"https:\/\/schema.org\",\"@graph\":[{\"@type\":\"WebPage\",\"@id\":\"https:\/\/dev.freakuence.nl\/fr\/produit\/melco-n100\/\",\"url\":\"https:\/\/dev.freakuence.nl\/fr\/produit\/melco-n100\/\",\"name\":\"Melco N100 | Freakuence!\",\"isPartOf\":{\"@id\":\"https:\/\/dev.freakuence.nl\/fr\/#website\"},\"primaryImageOfPage\":{\"@id\":\"https:\/\/dev.freakuence.nl\/fr\/produit\/melco-n100\/#primaryimage\"},\"image\":{\"@id\":\"https:\/\/dev.freakuence.nl\/fr\/produit\/melco-n100\/#primaryimage\"},\"thumbnailUrl\":\"https:\/\/dev.freakuence.nl\/wp-content\/uploads\/2026\/04\/17762823519831-19398-IMG5470-1.jpg\",\"datePublished\":\"2026-04-15T19:46:57+00:00\",\"dateModified\":\"2026-04-16T10:26:09+00:00\",\"description\":\"Melco N100 : serveur musical compact avec 2 To de stockage, un son de haute qualit\u00e9 et une utilisation simple. \u2713 HiFi neuve et d'occasion \u2713 Note du client : 4.9 sur 5 \u2713 Reprise \u2713 Session d'\u00e9coute\",\"breadcrumb\":{\"@id\":\"https:\/\/dev.freakuence.nl\/fr\/produit\/melco-n100\/#breadcrumb\"},\"inLanguage\":\"fr-FR\",\"potentialAction\":[{\"@type\":\"ReadAction\",\"target\":[\"https:\/\/dev.freakuence.nl\/fr\/produit\/melco-n100\/\"]}]},{\"@type\":\"ImageObject\",\"inLanguage\":\"fr-FR\",\"@id\":\"https:\/\/dev.freakuence.nl\/fr\/produit\/melco-n100\/#primaryimage\",\"url\":\"https:\/\/dev.freakuence.nl\/wp-content\/uploads\/2026\/04\/17762823519831-19398-IMG5470-1.jpg\",\"contentUrl\":\"https:\/\/dev.freakuence.nl\/wp-content\/uploads\/2026\/04\/17762823519831-19398-IMG5470-1.jpg\",\"width\":1800,\"height\":1200},{\"@type\":\"BreadcrumbList\",\"@id\":\"https:\/\/dev.freakuence.nl\/fr\/produit\/melco-n100\/#breadcrumb\",\"itemListElement\":[{\"@type\":\"ListItem\",\"position\":1,\"name\":\"Accueil\",\"item\":\"https:\/\/dev.freakuence.nl\/fr\/\"},{\"@type\":\"ListItem\",\"position\":2,\"name\":\"Produits\",\"item\":\"https:\/\/dev.freakuence.nl\/fr\/produits\/\"},{\"@type\":\"ListItem\",\"position\":3,\"name\":\"Melco N100\"}]},{\"@type\":\"WebSite\",\"@id\":\"https:\/\/dev.freakuence.nl\/fr\/#website\",\"url\":\"https:\/\/dev.freakuence.nl\/fr\/\",\"name\":\"Freakuence!\",\"description\":\"Freakuence!\",\"publisher\":{\"@id\":\"https:\/\/dev.freakuence.nl\/fr\/#organization\"},\"alternateName\":\"Freakuence\",\"potentialAction\":[{\"@type\":\"SearchAction\",\"target\":{\"@type\":\"EntryPoint\",\"urlTemplate\":\"https:\/\/dev.freakuence.nl\/fr\/?s={search_term_string}\"},\"query-input\":{\"@type\":\"PropertyValueSpecification\",\"valueRequired\":true,\"valueName\":\"search_term_string\"}}],\"inLanguage\":\"fr-FR\"},{\"@type\":\"Organization\",\"@id\":\"https:\/\/dev.freakuence.nl\/fr\/#organization\",\"name\":\"Freakuence !\",\"url\":\"https:\/\/dev.freakuence.nl\/fr\/\",\"logo\":{\"@type\":\"ImageObject\",\"inLanguage\":\"fr-FR\",\"@id\":\"https:\/\/dev.freakuence.nl\/fr\/#\/schema\/logo\/image\/\",\"url\":\"https:\/\/dev.freakuence.nl\/wp-content\/uploads\/2022\/05\/Brown_3_RGB_Freakuence-1.png\",\"contentUrl\":\"https:\/\/dev.freakuence.nl\/wp-content\/uploads\/2022\/05\/Brown_3_RGB_Freakuence-1.png\",\"width\":2560,\"height\":684,\"caption\":\"Freakuence !\"},\"image\":{\"@id\":\"https:\/\/dev.freakuence.nl\/fr\/#\/schema\/logo\/image\/\"},\"sameAs\":[\"https:\/\/www.instagram.com\/freakuence_notorious_audio\/\"]}]}<\/script>\n<!-- \/ Yoast SEO plugin. -->","yoast_head_json":{"title":"Melco N100 | Freakuence!","description":"Melco N100 : serveur musical compact avec 2 To de stockage, un son de haute qualit\u00e9 et une utilisation simple. \u2713 HiFi neuve et d'occasion \u2713 Note du client : 4.9 sur 5 \u2713 Reprise \u2713 Session d'\u00e9coute","robots":{"index":"noindex","follow":"follow","max-snippet":"max-snippet:-1","max-image-preview":"max-image-preview:large","max-video-preview":"max-video-preview:-1"},"og_locale":"fr_FR","og_type":"article","og_title":"Melco N100 | Freakuence!","og_description":"Melco N100 : serveur musical compact avec 2 To de stockage, un son de haute qualit\u00e9 et une utilisation simple. \u2713 HiFi neuve et d'occasion \u2713 Note du client : 4.9 sur 5 \u2713 Reprise \u2713 Session d'\u00e9coute","og_url":"https:\/\/dev.freakuence.nl\/fr\/produit\/melco-n100\/","og_site_name":"Freakuence!","article_modified_time":"2026-04-16T10:26:09+00:00","og_image":[{"width":1800,"height":1200,"url":"https:\/\/dev.freakuence.nl\/wp-content\/uploads\/2026\/04\/17762823519831-19398-IMG5470-1.jpg","type":"image\/jpeg"}],"twitter_card":"summary_large_image","schema":{"@context":"https:\/\/schema.org","@graph":[{"@type":"WebPage","@id":"https:\/\/dev.freakuence.nl\/fr\/produit\/melco-n100\/","url":"https:\/\/dev.freakuence.nl\/fr\/produit\/melco-n100\/","name":"Melco N100 | Freakuence!","isPartOf":{"@id":"https:\/\/dev.freakuence.nl\/fr\/#website"},"primaryImageOfPage":{"@id":"https:\/\/dev.freakuence.nl\/fr\/produit\/melco-n100\/#primaryimage"},"image":{"@id":"https:\/\/dev.freakuence.nl\/fr\/produit\/melco-n100\/#primaryimage"},"thumbnailUrl":"https:\/\/dev.freakuence.nl\/wp-content\/uploads\/2026\/04\/17762823519831-19398-IMG5470-1.jpg","datePublished":"2026-04-15T19:46:57+00:00","dateModified":"2026-04-16T10:26:09+00:00","description":"Melco N100 : serveur musical compact avec 2 To de stockage, un son de haute qualit\u00e9 et une utilisation simple. \u2713 HiFi neuve et d'occasion \u2713 Note du client : 4.9 sur 5 \u2713 Reprise \u2713 Session d'\u00e9coute","breadcrumb":{"@id":"https:\/\/dev.freakuence.nl\/fr\/produit\/melco-n100\/#breadcrumb"},"inLanguage":"fr-FR","potentialAction":[{"@type":"ReadAction","target":["https:\/\/dev.freakuence.nl\/fr\/produit\/melco-n100\/"]}]},{"@type":"ImageObject","inLanguage":"fr-FR","@id":"https:\/\/dev.freakuence.nl\/fr\/produit\/melco-n100\/#primaryimage","url":"https:\/\/dev.freakuence.nl\/wp-content\/uploads\/2026\/04\/17762823519831-19398-IMG5470-1.jpg","contentUrl":"https:\/\/dev.freakuence.nl\/wp-content\/uploads\/2026\/04\/17762823519831-19398-IMG5470-1.jpg","width":1800,"height":1200},{"@type":"BreadcrumbList","@id":"https:\/\/dev.freakuence.nl\/fr\/produit\/melco-n100\/#breadcrumb","itemListElement":[{"@type":"ListItem","position":1,"name":"Accueil","item":"https:\/\/dev.freakuence.nl\/fr\/"},{"@type":"ListItem","position":2,"name":"Produits","item":"https:\/\/dev.freakuence.nl\/fr\/produits\/"},{"@type":"ListItem","position":3,"name":"Melco N100"}]},{"@type":"WebSite","@id":"https:\/\/dev.freakuence.nl\/fr\/#website","url":"https:\/\/dev.freakuence.nl\/fr\/","name":"Freakuence!","description":"Freakuence!","publisher":{"@id":"https:\/\/dev.freakuence.nl\/fr\/#organization"},"alternateName":"Freakuence","potentialAction":[{"@type":"SearchAction","target":{"@type":"EntryPoint","urlTemplate":"https:\/\/dev.freakuence.nl\/fr\/?s={search_term_string}"},"query-input":{"@type":"PropertyValueSpecification","valueRequired":true,"valueName":"search_term_string"}}],"inLanguage":"fr-FR"},{"@type":"Organization","@id":"https:\/\/dev.freakuence.nl\/fr\/#organization","name":"Freakuence !","url":"https:\/\/dev.freakuence.nl\/fr\/","logo":{"@type":"ImageObject","inLanguage":"fr-FR","@id":"https:\/\/dev.freakuence.nl\/fr\/#\/schema\/logo\/image\/","url":"https:\/\/dev.freakuence.nl\/wp-content\/uploads\/2022\/05\/Brown_3_RGB_Freakuence-1.png","contentUrl":"https:\/\/dev.freakuence.nl\/wp-content\/uploads\/2022\/05\/Brown_3_RGB_Freakuence-1.png","width":2560,"height":684,"caption":"Freakuence !"},"image":{"@id":"https:\/\/dev.freakuence.nl\/fr\/#\/schema\/logo\/image\/"},"sameAs":["https:\/\/www.instagram.com\/freakuence_notorious_audio\/"]}]}},"_links":{"self":[{"href":"https:\/\/dev.freakuence.nl\/fr\/wp-json\/wp\/v2\/product\/400921","targetHints":{"allow":["GET"]}}],"collection":[{"href":"https:\/\/dev.freakuence.nl\/fr\/wp-json\/wp\/v2\/product"}],"about":[{"href":"https:\/\/dev.freakuence.nl\/fr\/wp-json\/wp\/v2\/types\/product"}],"wp:featuredmedia":[{"embeddable":true,"href":"https:\/\/dev.freakuence.nl\/fr\/wp-json\/wp\/v2\/media\/401804"}],"wp:attachment":[{"href":"https:\/\/dev.freakuence.nl\/fr\/wp-json\/wp\/v2\/media?parent=400921"}],"wp:term":[{"taxonomy":"product_brand","embeddable":true,"href":"https:\/\/dev.freakuence.nl\/fr\/wp-json\/wp\/v2\/product_brand?post=400921"},{"taxonomy":"product_cat","embeddable":true,"href":"https:\/\/dev.freakuence.nl\/fr\/wp-json\/wp\/v2\/product_cat?post=400921"},{"taxonomy":"product_tag","embeddable":true,"href":"https:\/\/dev.freakuence.nl\/fr\/wp-json\/wp\/v2\/product_tag?post=400921"}],"curies":[{"name":"wp","href":"https:\/\/api.w.org\/{rel}","templated":true}]}}