{"id":402608,"date":"2026-04-16T12:45:39","date_gmt":"2026-04-16T10:45:39","guid":{"rendered":"https:\/\/freakuence.nl\/product\/cambridge-audio-alva-duo\/"},"modified":"2026-04-16T12:45:39","modified_gmt":"2026-04-16T10:45:39","slug":"cambridge-audio-alva-duo","status":"publish","type":"product","link":"https:\/\/dev.freakuence.nl\/fr\/produit\/cambridge-audio-alva-duo\/","title":{"rendered":"Cambridge Audio Alva Duo"},"content":{"rendered":"<div class=\"product-specifications-list\">\n<div class=\"specification-item row-header\"><span class=\"spec-content\"><strong>Histoire de la marque<\/strong><\/span><\/div>\n<div class=\"specification-item row-even\"><span class=\"spec-content\">Cambridge Audio a \u00e9t\u00e9 fond\u00e9e en 1968 \u00e0 Cambridge, en Angleterre. La m\u00eame ann\u00e9e, la soci\u00e9t\u00e9 a pr\u00e9sent\u00e9 son premier produit, le P40, un amplificateur int\u00e9gr\u00e9 dot\u00e9 d&rsquo;un transformateur toro\u00efdal. Dans les ann\u00e9es 1970 et 1980, des produits tels que l&rsquo;amplificateur P50 et le tuner FM T55 ont suivi. En 1995, la soci\u00e9t\u00e9 d\u00e9m\u00e9nage \u00e0 Londres. En 1999, le programme de d\u00e9veloppement Azur est lanc\u00e9. \u00c0 partir de 2003, des mod\u00e8les de la s\u00e9rie Azur sont produits, notamment les mod\u00e8les 640A et 640C. En 2010, l&rsquo;entreprise introduit la plateforme StreamMagic. En 2014, la s\u00e9rie CX a \u00e9t\u00e9 lanc\u00e9e. En 2016, la ligne Edge est apparue, nomm\u00e9e d&rsquo;apr\u00e8s le cofondateur, le professeur Gordon Edge. Une toute nouvelle s\u00e9rie EVO a \u00e9t\u00e9 introduite en 2021.         <\/span><\/div>\n<\/div>\n","protected":false},"excerpt":{"rendered":"<p>Histoire de la marque Cambridge Audio a \u00e9t\u00e9 fond\u00e9e en 1968 \u00e0 Cambridge, en Angleterre. La m\u00eame ann\u00e9e, la soci\u00e9t\u00e9 a pr\u00e9sent\u00e9 son premier produit, le P40, un amplificateur int\u00e9gr\u00e9 dot\u00e9 d&rsquo;un transformateur toro\u00efdal. Dans les ann\u00e9es 1970 et 1980, des produits tels que l&rsquo;amplificateur P50 et le tuner FM T55 ont suivi. En 1995, [&hellip;]<\/p>\n","protected":false},"featured_media":0,"template":"","meta":{"_acf_changed":false,"inline_featured_image":false},"product_brand":[],"product_cat":[345],"product_tag":[],"class_list":{"0":"post-402608","1":"product","2":"type-product","3":"status-publish","5":"product_cat-speakers","7":"first","8":"onbackorder","9":"sold-individually","10":"taxable","11":"shipping-taxable","12":"purchasable","13":"product-type-variable"},"acf":{"website":true,"show_on_homepage":false,"brand_title":"Cambridge Audio","product_type":"Alva Duo","color":"Gris","subcolor":"","reserved_status":"0"},"_links":{"self":[{"href":"https:\/\/dev.freakuence.nl\/fr\/wp-json\/wp\/v2\/product\/402608","targetHints":{"allow":["GET"]}}],"collection":[{"href":"https:\/\/dev.freakuence.nl\/fr\/wp-json\/wp\/v2\/product"}],"about":[{"href":"https:\/\/dev.freakuence.nl\/fr\/wp-json\/wp\/v2\/types\/product"}],"wp:attachment":[{"href":"https:\/\/dev.freakuence.nl\/fr\/wp-json\/wp\/v2\/media?parent=402608"}],"wp:term":[{"taxonomy":"product_brand","embeddable":true,"href":"https:\/\/dev.freakuence.nl\/fr\/wp-json\/wp\/v2\/product_brand?post=402608"},{"taxonomy":"product_cat","embeddable":true,"href":"https:\/\/dev.freakuence.nl\/fr\/wp-json\/wp\/v2\/product_cat?post=402608"},{"taxonomy":"product_tag","embeddable":true,"href":"https:\/\/dev.freakuence.nl\/fr\/wp-json\/wp\/v2\/product_tag?post=402608"}],"curies":[{"name":"wp","href":"https:\/\/api.w.org\/{rel}","templated":true}]}}