{"id":403140,"date":"2026-04-16T15:32:42","date_gmt":"2026-04-16T13:32:42","guid":{"rendered":"https:\/\/freakuence.nl\/product\/cardas-neutral-ref-video-1m-xlr-xlr\/"},"modified":"2026-04-16T15:49:50","modified_gmt":"2026-04-16T13:49:50","slug":"cardas-neutral-ref-video-1m-xlr-xlr","status":"publish","type":"product","link":"https:\/\/dev.freakuence.nl\/fr\/produit\/cardas-neutral-ref-video-1m-xlr-xlr\/","title":{"rendered":"Cardas Neutral ref.video 1m xlr\/xlr"},"content":{"rendered":"<div class=\"product-specifications-list\">\n<div class=\"specification-item row-header\"><span class=\"spec-content\"><strong>Description Freakuence !<\/strong><\/span><\/div>\n<div class=\"specification-item row-even\"><span class=\"spec-content\">Et un autre c\u00e2ble de Cardas. Vous n&rsquo;avez qu&rsquo;\u00e0 le chercher, bien s\u00fbr. <\/span><\/div>\n<div class=\"specification-item row-header\"><span class=\"spec-content\"><strong>D\u00e9tails<\/strong><\/span><\/div>\n<div class=\"specification-item row-even\"><span class=\"spec-content\">Utilis\u00e9 comme mod\u00e8le de d\u00e9monstration par le concessionnaire ou l&rsquo;importateur. Naturellement, les mod\u00e8les de d\u00e9monstration n&rsquo;ont pas eu de propri\u00e9taire priv\u00e9 et b\u00e9n\u00e9ficient de la garantie compl\u00e8te du fabricant. <\/span><\/div>\n<div class=\"specification-item row-header\"><span class=\"spec-content\"><strong>Description g\u00e9n\u00e9rale<\/strong><\/span><\/div>\n<div class=\"specification-item row-even\"><span class=\"spec-content\">Le Cardas Neutral Reference Video 1M XLR\/XLR est un c\u00e2ble d&rsquo;interconnexion sym\u00e9trique de haute qualit\u00e9 con\u00e7u pour assurer une transmission neutre et transparente du signal. Ce c\u00e2ble est r\u00e9put\u00e9 pour sa capacit\u00e9 \u00e0 reproduire fid\u00e8lement l&rsquo;image sonore, avec un excellent \u00e9quilibre entre les d\u00e9tails et la dynamique. <\/p>\n<p>Gr\u00e2ce \u00e0 la construction avanc\u00e9e du Cardas Neutral Reference Video 1M XLR\/XLR, les hautes et basses fr\u00e9quences sont reproduites avec pr\u00e9cision, ce qui permet d&rsquo;obtenir une image sonore claire et \u00e9quilibr\u00e9e. Le c\u00e2ble minimise la perte de signal et les interf\u00e9rences, garantissant une lecture optimale de la musique et du contenu audio. <\/p>\n<p>Avec le Cardas Neutral Reference Video 1M XLR\/XLR, vous disposez d&rsquo;un c\u00e2ble d&rsquo;interconnexion fiable et de haute qualit\u00e9 qui contribue \u00e0 une exp\u00e9rience d&rsquo;\u00e9coute raffin\u00e9e. Envisagez de programmer une session d&rsquo;\u00e9coute pour d\u00e9couvrir les performances de ce c\u00e2ble par vous-m\u00eame, ou contactez-nous pour discuter des options de reprise. <\/span><\/div>\n<div class=\"specification-item row-header\"><span class=\"spec-content\"><strong>Informations g\u00e9n\u00e9rales<\/strong><\/span><\/div>\n<div class=\"specification-item row-even\"><span class=\"spec-content\">Cardas Audio est r\u00e9put\u00e9 pour son savoir-faire et sa pr\u00e9cision en mati\u00e8re de c\u00e2bles audio. Con\u00e7u par George Cardas, le Cardas Neutral Reference Video 1M XLR\/XLR se concentre sur la reproduction d&rsquo;un son neutre sans coloration. Les c\u00e2bles utilisent des fils de cuivre brevet\u00e9s et des contacts en or pour une transmission optimale du signal. Cardas utilise une technologie brevet\u00e9e \u00ab\u00a0Crossfield\u00a0\u00bb, qui minimise les interf\u00e9rences. Chaque produit est assembl\u00e9 \u00e0 la main aux \u00c9tats-Unis et les mat\u00e9riaux proviennent de sources durables.    <\/span><\/div>\n<div class=\"specification-item row-header\"><span class=\"spec-content\"><strong>Histoire de la marque<\/strong><\/span><\/div>\n<div class=\"specification-item row-even\"><span class=\"spec-content\">Cardas a \u00e9t\u00e9 fond\u00e9e en 1987 par George Cardas, qui s&rsquo;est concentr\u00e9 sur le d\u00e9veloppement de technologies de c\u00e2bles de haute performance. Le c\u0153ur de la philosophie de la marque r\u00e9side dans l&rsquo;application du ratio d&rsquo;or, un rapport math\u00e9matique qui minimise les r\u00e9sonances harmoniques dans leurs produits. L&rsquo;utilisation d&rsquo;alliages sp\u00e9ciaux et de principes de conception uniques, tels que la technologie brevet\u00e9e Crossfield, marque le d\u00e9veloppement de leurs produits. Cardas travaille avec divers fabricants et artisans pour fabriquer ses produits \u00e0 la main aux \u00c9tats-Unis. La r\u00e9putation de la marque repose sur son engagement en mati\u00e8re de pr\u00e9cision technique et de savoir-faire. Au fil des ans, Cardas a introduit diverses techniques et mat\u00e9riaux, dont le filage Constant Q brevet\u00e9 et le Golden Ratio Tuning. Ses produits sont connus pour leur durabilit\u00e9 et appr\u00e9ci\u00e9s dans des march\u00e9s de niche. Cardas continue de se distinguer par son souci de l&rsquo;excellence technique et son attention aux d\u00e9tails.       <\/span><\/div>\n<\/div>\n","protected":false},"excerpt":{"rendered":"<p>Description Freakuence ! Et un autre c\u00e2ble de Cardas. Vous n&rsquo;avez qu&rsquo;\u00e0 le chercher, bien s\u00fbr. D\u00e9tails Utilis\u00e9 comme mod\u00e8le de d\u00e9monstration par le concessionnaire ou l&rsquo;importateur. Naturellement, les mod\u00e8les de d\u00e9monstration n&rsquo;ont pas eu de propri\u00e9taire priv\u00e9 et b\u00e9n\u00e9ficient de la garantie compl\u00e8te du fabricant. Description g\u00e9n\u00e9rale Le Cardas Neutral Reference Video 1M XLR\/XLR [&hellip;]<\/p>\n","protected":false},"featured_media":403164,"template":"","meta":{"_acf_changed":false,"inline_featured_image":false},"product_brand":[],"product_cat":[345],"product_tag":[552],"class_list":{"0":"post-403140","1":"product","2":"type-product","3":"status-publish","4":"has-post-thumbnail","6":"product_cat-speakers","7":"product_tag-demo","8":"pa_kleur-beige","10":"first","11":"instock","12":"sold-individually","13":"taxable","14":"shipping-taxable","15":"purchasable","16":"product-type-simple"},"acf":{"website":true,"show_on_homepage":false,"brand_title":"Cardas","product_type":"Neutral ref.video 1m xlr\/xlr","color":"Beige","subcolor":"","reserved_status":"0"},"yoast_head":"<!-- This site is optimized with the Yoast SEO plugin v25.9 - https:\/\/yoast.com\/wordpress\/plugins\/seo\/ -->\n<title>Cardas Neutral ref.video 1m xlr\/xlr | Freakuence!<\/title>\n<meta name=\"description\" content=\"Cardas Neutral Reference Video 1M XLR\/XLR assure la transmission de signaux neutres pour les applications vid\u00e9o professionnelles. \u2713 HiFi neuf et d&#039;occasion \u2713 Note du client : 4.9 sur 5 \u2713 Reprise \u2713 Session d&#039;\u00e9coute\" \/>\n<meta name=\"robots\" content=\"noindex, follow, max-snippet:-1, max-image-preview:large, max-video-preview:-1\" \/>\n<meta property=\"og:locale\" content=\"fr_FR\" \/>\n<meta property=\"og:type\" content=\"article\" \/>\n<meta property=\"og:title\" content=\"Cardas Neutral ref.video 1m xlr\/xlr | Freakuence!\" \/>\n<meta property=\"og:description\" content=\"Cardas Neutral Reference Video 1M XLR\/XLR assure la transmission de signaux neutres pour les applications vid\u00e9o professionnelles. \u2713 HiFi neuf et d&#039;occasion \u2713 Note du client : 4.9 sur 5 \u2713 Reprise \u2713 Session d&#039;\u00e9coute\" \/>\n<meta property=\"og:url\" content=\"https:\/\/dev.freakuence.nl\/fr\/produit\/cardas-neutral-ref-video-1m-xlr-xlr\/\" \/>\n<meta property=\"og:site_name\" content=\"Freakuence!\" \/>\n<meta property=\"article:modified_time\" content=\"2026-04-16T13:49:50+00:00\" \/>\n<meta property=\"og:image\" content=\"https:\/\/dev.freakuence.nl\/wp-content\/uploads\/2026\/04\/17759181314435-16982-IMG5526-1.jpg\" \/>\n\t<meta property=\"og:image:width\" content=\"1800\" \/>\n\t<meta property=\"og:image:height\" content=\"1200\" \/>\n\t<meta property=\"og:image:type\" content=\"image\/jpeg\" \/>\n<meta name=\"twitter:card\" content=\"summary_large_image\" \/>\n<script type=\"application\/ld+json\" class=\"yoast-schema-graph\">{\"@context\":\"https:\/\/schema.org\",\"@graph\":[{\"@type\":\"WebPage\",\"@id\":\"https:\/\/dev.freakuence.nl\/fr\/produit\/cardas-neutral-ref-video-1m-xlr-xlr\/\",\"url\":\"https:\/\/dev.freakuence.nl\/fr\/produit\/cardas-neutral-ref-video-1m-xlr-xlr\/\",\"name\":\"Cardas Neutral ref.video 1m xlr\/xlr | Freakuence!\",\"isPartOf\":{\"@id\":\"https:\/\/dev.freakuence.nl\/fr\/#website\"},\"primaryImageOfPage\":{\"@id\":\"https:\/\/dev.freakuence.nl\/fr\/produit\/cardas-neutral-ref-video-1m-xlr-xlr\/#primaryimage\"},\"image\":{\"@id\":\"https:\/\/dev.freakuence.nl\/fr\/produit\/cardas-neutral-ref-video-1m-xlr-xlr\/#primaryimage\"},\"thumbnailUrl\":\"https:\/\/dev.freakuence.nl\/wp-content\/uploads\/2026\/04\/17759181314435-16982-IMG5526-1.jpg\",\"datePublished\":\"2026-04-16T13:32:42+00:00\",\"dateModified\":\"2026-04-16T13:49:50+00:00\",\"description\":\"Cardas Neutral Reference Video 1M XLR\/XLR assure la transmission de signaux neutres pour les applications vid\u00e9o professionnelles. \u2713 HiFi neuf et d'occasion \u2713 Note du client : 4.9 sur 5 \u2713 Reprise \u2713 Session d'\u00e9coute\",\"breadcrumb\":{\"@id\":\"https:\/\/dev.freakuence.nl\/fr\/produit\/cardas-neutral-ref-video-1m-xlr-xlr\/#breadcrumb\"},\"inLanguage\":\"fr-FR\",\"potentialAction\":[{\"@type\":\"ReadAction\",\"target\":[\"https:\/\/dev.freakuence.nl\/fr\/produit\/cardas-neutral-ref-video-1m-xlr-xlr\/\"]}]},{\"@type\":\"ImageObject\",\"inLanguage\":\"fr-FR\",\"@id\":\"https:\/\/dev.freakuence.nl\/fr\/produit\/cardas-neutral-ref-video-1m-xlr-xlr\/#primaryimage\",\"url\":\"https:\/\/dev.freakuence.nl\/wp-content\/uploads\/2026\/04\/17759181314435-16982-IMG5526-1.jpg\",\"contentUrl\":\"https:\/\/dev.freakuence.nl\/wp-content\/uploads\/2026\/04\/17759181314435-16982-IMG5526-1.jpg\",\"width\":1800,\"height\":1200},{\"@type\":\"BreadcrumbList\",\"@id\":\"https:\/\/dev.freakuence.nl\/fr\/produit\/cardas-neutral-ref-video-1m-xlr-xlr\/#breadcrumb\",\"itemListElement\":[{\"@type\":\"ListItem\",\"position\":1,\"name\":\"Accueil\",\"item\":\"https:\/\/dev.freakuence.nl\/fr\/\"},{\"@type\":\"ListItem\",\"position\":2,\"name\":\"Produits\",\"item\":\"https:\/\/dev.freakuence.nl\/fr\/produits\/\"},{\"@type\":\"ListItem\",\"position\":3,\"name\":\"Cardas Neutral ref.video 1m xlr\/xlr\"}]},{\"@type\":\"WebSite\",\"@id\":\"https:\/\/dev.freakuence.nl\/fr\/#website\",\"url\":\"https:\/\/dev.freakuence.nl\/fr\/\",\"name\":\"Freakuence!\",\"description\":\"Freakuence!\",\"publisher\":{\"@id\":\"https:\/\/dev.freakuence.nl\/fr\/#organization\"},\"alternateName\":\"Freakuence\",\"potentialAction\":[{\"@type\":\"SearchAction\",\"target\":{\"@type\":\"EntryPoint\",\"urlTemplate\":\"https:\/\/dev.freakuence.nl\/fr\/?s={search_term_string}\"},\"query-input\":{\"@type\":\"PropertyValueSpecification\",\"valueRequired\":true,\"valueName\":\"search_term_string\"}}],\"inLanguage\":\"fr-FR\"},{\"@type\":\"Organization\",\"@id\":\"https:\/\/dev.freakuence.nl\/fr\/#organization\",\"name\":\"Freakuence !\",\"url\":\"https:\/\/dev.freakuence.nl\/fr\/\",\"logo\":{\"@type\":\"ImageObject\",\"inLanguage\":\"fr-FR\",\"@id\":\"https:\/\/dev.freakuence.nl\/fr\/#\/schema\/logo\/image\/\",\"url\":\"https:\/\/dev.freakuence.nl\/wp-content\/uploads\/2022\/05\/Brown_3_RGB_Freakuence-1.png\",\"contentUrl\":\"https:\/\/dev.freakuence.nl\/wp-content\/uploads\/2022\/05\/Brown_3_RGB_Freakuence-1.png\",\"width\":2560,\"height\":684,\"caption\":\"Freakuence !\"},\"image\":{\"@id\":\"https:\/\/dev.freakuence.nl\/fr\/#\/schema\/logo\/image\/\"},\"sameAs\":[\"https:\/\/www.instagram.com\/freakuence_notorious_audio\/\"]}]}<\/script>\n<!-- \/ Yoast SEO plugin. -->","yoast_head_json":{"title":"Cardas Neutral ref.video 1m xlr\/xlr | Freakuence!","description":"Cardas Neutral Reference Video 1M XLR\/XLR assure la transmission de signaux neutres pour les applications vid\u00e9o professionnelles. \u2713 HiFi neuf et d'occasion \u2713 Note du client : 4.9 sur 5 \u2713 Reprise \u2713 Session d'\u00e9coute","robots":{"index":"noindex","follow":"follow","max-snippet":"max-snippet:-1","max-image-preview":"max-image-preview:large","max-video-preview":"max-video-preview:-1"},"og_locale":"fr_FR","og_type":"article","og_title":"Cardas Neutral ref.video 1m xlr\/xlr | Freakuence!","og_description":"Cardas Neutral Reference Video 1M XLR\/XLR assure la transmission de signaux neutres pour les applications vid\u00e9o professionnelles. \u2713 HiFi neuf et d'occasion \u2713 Note du client : 4.9 sur 5 \u2713 Reprise \u2713 Session d'\u00e9coute","og_url":"https:\/\/dev.freakuence.nl\/fr\/produit\/cardas-neutral-ref-video-1m-xlr-xlr\/","og_site_name":"Freakuence!","article_modified_time":"2026-04-16T13:49:50+00:00","og_image":[{"width":1800,"height":1200,"url":"https:\/\/dev.freakuence.nl\/wp-content\/uploads\/2026\/04\/17759181314435-16982-IMG5526-1.jpg","type":"image\/jpeg"}],"twitter_card":"summary_large_image","schema":{"@context":"https:\/\/schema.org","@graph":[{"@type":"WebPage","@id":"https:\/\/dev.freakuence.nl\/fr\/produit\/cardas-neutral-ref-video-1m-xlr-xlr\/","url":"https:\/\/dev.freakuence.nl\/fr\/produit\/cardas-neutral-ref-video-1m-xlr-xlr\/","name":"Cardas Neutral ref.video 1m xlr\/xlr | Freakuence!","isPartOf":{"@id":"https:\/\/dev.freakuence.nl\/fr\/#website"},"primaryImageOfPage":{"@id":"https:\/\/dev.freakuence.nl\/fr\/produit\/cardas-neutral-ref-video-1m-xlr-xlr\/#primaryimage"},"image":{"@id":"https:\/\/dev.freakuence.nl\/fr\/produit\/cardas-neutral-ref-video-1m-xlr-xlr\/#primaryimage"},"thumbnailUrl":"https:\/\/dev.freakuence.nl\/wp-content\/uploads\/2026\/04\/17759181314435-16982-IMG5526-1.jpg","datePublished":"2026-04-16T13:32:42+00:00","dateModified":"2026-04-16T13:49:50+00:00","description":"Cardas Neutral Reference Video 1M XLR\/XLR assure la transmission de signaux neutres pour les applications vid\u00e9o professionnelles. \u2713 HiFi neuf et d'occasion \u2713 Note du client : 4.9 sur 5 \u2713 Reprise \u2713 Session d'\u00e9coute","breadcrumb":{"@id":"https:\/\/dev.freakuence.nl\/fr\/produit\/cardas-neutral-ref-video-1m-xlr-xlr\/#breadcrumb"},"inLanguage":"fr-FR","potentialAction":[{"@type":"ReadAction","target":["https:\/\/dev.freakuence.nl\/fr\/produit\/cardas-neutral-ref-video-1m-xlr-xlr\/"]}]},{"@type":"ImageObject","inLanguage":"fr-FR","@id":"https:\/\/dev.freakuence.nl\/fr\/produit\/cardas-neutral-ref-video-1m-xlr-xlr\/#primaryimage","url":"https:\/\/dev.freakuence.nl\/wp-content\/uploads\/2026\/04\/17759181314435-16982-IMG5526-1.jpg","contentUrl":"https:\/\/dev.freakuence.nl\/wp-content\/uploads\/2026\/04\/17759181314435-16982-IMG5526-1.jpg","width":1800,"height":1200},{"@type":"BreadcrumbList","@id":"https:\/\/dev.freakuence.nl\/fr\/produit\/cardas-neutral-ref-video-1m-xlr-xlr\/#breadcrumb","itemListElement":[{"@type":"ListItem","position":1,"name":"Accueil","item":"https:\/\/dev.freakuence.nl\/fr\/"},{"@type":"ListItem","position":2,"name":"Produits","item":"https:\/\/dev.freakuence.nl\/fr\/produits\/"},{"@type":"ListItem","position":3,"name":"Cardas Neutral ref.video 1m xlr\/xlr"}]},{"@type":"WebSite","@id":"https:\/\/dev.freakuence.nl\/fr\/#website","url":"https:\/\/dev.freakuence.nl\/fr\/","name":"Freakuence!","description":"Freakuence!","publisher":{"@id":"https:\/\/dev.freakuence.nl\/fr\/#organization"},"alternateName":"Freakuence","potentialAction":[{"@type":"SearchAction","target":{"@type":"EntryPoint","urlTemplate":"https:\/\/dev.freakuence.nl\/fr\/?s={search_term_string}"},"query-input":{"@type":"PropertyValueSpecification","valueRequired":true,"valueName":"search_term_string"}}],"inLanguage":"fr-FR"},{"@type":"Organization","@id":"https:\/\/dev.freakuence.nl\/fr\/#organization","name":"Freakuence !","url":"https:\/\/dev.freakuence.nl\/fr\/","logo":{"@type":"ImageObject","inLanguage":"fr-FR","@id":"https:\/\/dev.freakuence.nl\/fr\/#\/schema\/logo\/image\/","url":"https:\/\/dev.freakuence.nl\/wp-content\/uploads\/2022\/05\/Brown_3_RGB_Freakuence-1.png","contentUrl":"https:\/\/dev.freakuence.nl\/wp-content\/uploads\/2022\/05\/Brown_3_RGB_Freakuence-1.png","width":2560,"height":684,"caption":"Freakuence !"},"image":{"@id":"https:\/\/dev.freakuence.nl\/fr\/#\/schema\/logo\/image\/"},"sameAs":["https:\/\/www.instagram.com\/freakuence_notorious_audio\/"]}]}},"_links":{"self":[{"href":"https:\/\/dev.freakuence.nl\/fr\/wp-json\/wp\/v2\/product\/403140","targetHints":{"allow":["GET"]}}],"collection":[{"href":"https:\/\/dev.freakuence.nl\/fr\/wp-json\/wp\/v2\/product"}],"about":[{"href":"https:\/\/dev.freakuence.nl\/fr\/wp-json\/wp\/v2\/types\/product"}],"wp:featuredmedia":[{"embeddable":true,"href":"https:\/\/dev.freakuence.nl\/fr\/wp-json\/wp\/v2\/media\/403164"}],"wp:attachment":[{"href":"https:\/\/dev.freakuence.nl\/fr\/wp-json\/wp\/v2\/media?parent=403140"}],"wp:term":[{"taxonomy":"product_brand","embeddable":true,"href":"https:\/\/dev.freakuence.nl\/fr\/wp-json\/wp\/v2\/product_brand?post=403140"},{"taxonomy":"product_cat","embeddable":true,"href":"https:\/\/dev.freakuence.nl\/fr\/wp-json\/wp\/v2\/product_cat?post=403140"},{"taxonomy":"product_tag","embeddable":true,"href":"https:\/\/dev.freakuence.nl\/fr\/wp-json\/wp\/v2\/product_tag?post=403140"}],"curies":[{"name":"wp","href":"https:\/\/api.w.org\/{rel}","templated":true}]}}