{"id":403152,"date":"2026-04-16T15:35:40","date_gmt":"2026-04-16T13:35:40","guid":{"rendered":"https:\/\/freakuence.nl\/product\/cardas-quadlink-ic-0-5m-xlr-xlr\/"},"modified":"2026-04-16T15:35:40","modified_gmt":"2026-04-16T13:35:40","slug":"cardas-quadlink-ic-0-5m-xlr-xlr","status":"publish","type":"product","link":"https:\/\/dev.freakuence.nl\/fr\/produit\/cardas-quadlink-ic-0-5m-xlr-xlr\/","title":{"rendered":"Cardas Quadlink ic 0.5m xlr\/xlr"},"content":{"rendered":"<div class=\"product-specifications-list\">\n<div class=\"specification-item row-header\"><span class=\"spec-content\"><strong>Description Freakuence !<\/strong><\/span><\/div>\n<div class=\"specification-item row-even\"><span class=\"spec-content\">Le son est plus sec et plus propre que celui de la Golden Cross, mais avec un rythme et une vivacit\u00e9 agr\u00e9ables. Un bel \u00e9quilibre entre la vitesse et les d\u00e9tails d&rsquo;une part, et la douceur et le raffinement d&rsquo;autre part. <\/span><\/div>\n<div class=\"specification-item row-header\"><span class=\"spec-content\"><strong>D\u00e9tails<\/strong><\/span><\/div>\n<div class=\"specification-item row-even\"><span class=\"spec-content\">Utilis\u00e9 comme mod\u00e8le de d\u00e9monstration par le concessionnaire ou l&rsquo;importateur. Naturellement, les mod\u00e8les de d\u00e9monstration n&rsquo;ont pas eu de propri\u00e9taire priv\u00e9 et b\u00e9n\u00e9ficient de la garantie compl\u00e8te du fabricant. <\/span><\/div>\n<div class=\"specification-item row-header\"><span class=\"spec-content\"><strong>Description g\u00e9n\u00e9rale<\/strong><\/span><\/div>\n<div class=\"specification-item row-even\"><span class=\"spec-content\">Le Cardas Quadlink 5C 0,5M XLR\/XLR est un c\u00e2ble d&rsquo;interconnexion sym\u00e9trique de haute qualit\u00e9 con\u00e7u pour optimiser la transmission des signaux entre les appareils audio. Gr\u00e2ce \u00e0 sa construction avanc\u00e9e et \u00e0 ses mat\u00e9riaux soigneusement s\u00e9lectionn\u00e9s, ce c\u00e2ble offre une reproduction pr\u00e9cise et d\u00e9taill\u00e9e de l&rsquo;image sonore. <\/p>\n<p>Gr\u00e2ce \u00e0 l&rsquo;application de la g\u00e9om\u00e9trie du rapport d&rsquo;or et \u00e0 l&rsquo;utilisation de conducteurs Litz en cuivre pur, le Quadlink 5C minimise la perte de signal et la distorsion. Il en r\u00e9sulte une image sonore claire et dynamique avec un excellent \u00e9quilibre entre les hautes et les basses fr\u00e9quences. Le double blindage prot\u00e8ge contre les interf\u00e9rences externes, contribuant \u00e0 une exp\u00e9rience audio propre et sans interf\u00e9rences.  <\/p>\n<p>La flexibilit\u00e9 et la durabilit\u00e9 du Cardas Quadlink 5C permettent d&rsquo;utiliser le c\u00e2ble dans diff\u00e9rentes configurations sans compromettre les performances. Les connecteurs XLR de haute qualit\u00e9 garantissent une connexion solide et fiable entre vos appareils audio. <\/p>\n<p>Vous voulez d\u00e9couvrir par vous-m\u00eame comment le Cardas Quadlink 5C 0.5M XLR\/XLR peut am\u00e9liorer votre exp\u00e9rience d&rsquo;\u00e9coute ? Planifiez une s\u00e9ance d&rsquo;\u00e9coute dans notre salle d&rsquo;\u00e9coute ou contactez-nous pour discuter des options de reprise. <\/span><\/div>\n<div class=\"specification-item row-header\"><span class=\"spec-content\"><strong>Informations g\u00e9n\u00e9rales<\/strong><\/span><\/div>\n<div class=\"specification-item row-even\"><span class=\"spec-content\">Le Cardas Quadlink IC 0.5M XLR\/XLR est un c\u00e2ble audio de haute qualit\u00e9 con\u00e7u avec l&rsquo;attention bien connue de Cardas pour les d\u00e9tails et la qualit\u00e9 du son. Le c\u00e2ble utilise du fil de Litz avec des conducteurs torsad\u00e9s multicouches qui offrent un \u00e9quilibre et une clart\u00e9 sonores naturels. Le bo\u00eetier est robuste et durable, con\u00e7u pour minimiser les interf\u00e9rences. Fabriqu\u00e9 aux \u00c9tats-Unis, avec des mat\u00e9riaux soigneusement s\u00e9lectionn\u00e9s qui garantissent long\u00e9vit\u00e9 et coh\u00e9rence.   <\/span><\/div>\n<div class=\"specification-item row-header\"><span class=\"spec-content\"><strong>Histoire de la marque<\/strong><\/span><\/div>\n<div class=\"specification-item row-even\"><span class=\"spec-content\">Cardas a \u00e9t\u00e9 fond\u00e9e en 1987 par George Cardas, qui s&rsquo;est concentr\u00e9 sur le d\u00e9veloppement de technologies de c\u00e2bles de haute performance. Le c\u0153ur de la philosophie de la marque r\u00e9side dans l&rsquo;application du ratio d&rsquo;or, un rapport math\u00e9matique qui minimise les r\u00e9sonances harmoniques dans leurs produits. L&rsquo;utilisation d&rsquo;alliages sp\u00e9ciaux et de principes de conception uniques, tels que la technologie brevet\u00e9e Crossfield, marque le d\u00e9veloppement de leurs produits. Cardas travaille avec divers fabricants et artisans pour fabriquer ses produits \u00e0 la main aux \u00c9tats-Unis. La r\u00e9putation de la marque repose sur son engagement en mati\u00e8re de pr\u00e9cision technique et de savoir-faire. Au fil des ans, Cardas a introduit diverses techniques et mat\u00e9riaux, dont le filage Constant Q brevet\u00e9 et le Golden Ratio Tuning. Ses produits sont connus pour leur durabilit\u00e9 et appr\u00e9ci\u00e9s dans des march\u00e9s de niche. Cardas continue de se distinguer par son souci de l&rsquo;excellence technique et son attention aux d\u00e9tails.       <\/span><\/div>\n<\/div>\n","protected":false},"excerpt":{"rendered":"<p>Description Freakuence ! Le son est plus sec et plus propre que celui de la Golden Cross, mais avec un rythme et une vivacit\u00e9 agr\u00e9ables. Un bel \u00e9quilibre entre la vitesse et les d\u00e9tails d&rsquo;une part, et la douceur et le raffinement d&rsquo;autre part. D\u00e9tails Utilis\u00e9 comme mod\u00e8le de d\u00e9monstration par le concessionnaire ou l&rsquo;importateur. [&hellip;]<\/p>\n","protected":false},"featured_media":403141,"template":"","meta":{"_acf_changed":false,"inline_featured_image":false},"product_brand":[],"product_cat":[345],"product_tag":[552],"class_list":{"0":"post-403152","1":"product","2":"type-product","3":"status-publish","4":"has-post-thumbnail","6":"product_cat-speakers","7":"product_tag-demo","8":"pa_kleur-bleu","10":"first","11":"instock","12":"sold-individually","13":"taxable","14":"shipping-taxable","15":"purchasable","16":"product-type-simple"},"acf":{"website":true,"show_on_homepage":false,"brand_title":"Cardas","product_type":"Quadlink ic 0.5m xlr\/xlr","color":"Bleu","subcolor":"","reserved_status":"0"},"yoast_head":"<!-- This site is optimized with the Yoast SEO plugin v25.9 - https:\/\/yoast.com\/wordpress\/plugins\/seo\/ -->\n<title>Cardas Quadlink ic 0.5m xlr\/xlr | Freakuence!<\/title>\n<meta name=\"description\" content=\"Le c\u00e2ble XLR Cardas Quadlink 5C 0,5 m offre une reproduction sonore neutre, rythm\u00e9e et vivante. \u2713 HiFi neuf et d&#039;occasion \u2713 Note du client : 4,9 sur 5 \u2713 Reprise \u2713 Session d&#039;\u00e9coute\" \/>\n<meta name=\"robots\" content=\"noindex, follow, max-snippet:-1, max-image-preview:large, max-video-preview:-1\" \/>\n<meta property=\"og:locale\" content=\"fr_FR\" \/>\n<meta property=\"og:type\" content=\"article\" \/>\n<meta property=\"og:title\" content=\"Cardas Quadlink ic 0.5m xlr\/xlr | Freakuence!\" \/>\n<meta property=\"og:description\" content=\"Le c\u00e2ble XLR Cardas Quadlink 5C 0,5 m offre une reproduction sonore neutre, rythm\u00e9e et vivante. \u2713 HiFi neuf et d&#039;occasion \u2713 Note du client : 4,9 sur 5 \u2713 Reprise \u2713 Session d&#039;\u00e9coute\" \/>\n<meta property=\"og:url\" content=\"https:\/\/dev.freakuence.nl\/fr\/produit\/cardas-quadlink-ic-0-5m-xlr-xlr\/\" \/>\n<meta property=\"og:site_name\" content=\"Freakuence!\" \/>\n<meta property=\"og:image\" content=\"https:\/\/dev.freakuence.nl\/wp-content\/uploads\/2026\/04\/17763465106642-16984-IMG5504.jpg\" \/>\n\t<meta property=\"og:image:width\" content=\"1800\" \/>\n\t<meta property=\"og:image:height\" content=\"1200\" \/>\n\t<meta property=\"og:image:type\" content=\"image\/jpeg\" \/>\n<meta name=\"twitter:card\" content=\"summary_large_image\" \/>\n<script type=\"application\/ld+json\" class=\"yoast-schema-graph\">{\"@context\":\"https:\/\/schema.org\",\"@graph\":[{\"@type\":\"WebPage\",\"@id\":\"https:\/\/dev.freakuence.nl\/fr\/produit\/cardas-quadlink-ic-0-5m-xlr-xlr\/\",\"url\":\"https:\/\/dev.freakuence.nl\/fr\/produit\/cardas-quadlink-ic-0-5m-xlr-xlr\/\",\"name\":\"Cardas Quadlink ic 0.5m xlr\/xlr | Freakuence!\",\"isPartOf\":{\"@id\":\"https:\/\/dev.freakuence.nl\/fr\/#website\"},\"primaryImageOfPage\":{\"@id\":\"https:\/\/dev.freakuence.nl\/fr\/produit\/cardas-quadlink-ic-0-5m-xlr-xlr\/#primaryimage\"},\"image\":{\"@id\":\"https:\/\/dev.freakuence.nl\/fr\/produit\/cardas-quadlink-ic-0-5m-xlr-xlr\/#primaryimage\"},\"thumbnailUrl\":\"https:\/\/dev.freakuence.nl\/wp-content\/uploads\/2026\/04\/17763465106642-16984-IMG5504.jpg\",\"datePublished\":\"2026-04-16T13:35:40+00:00\",\"description\":\"Le c\u00e2ble XLR Cardas Quadlink 5C 0,5 m offre une reproduction sonore neutre, rythm\u00e9e et vivante. \u2713 HiFi neuf et d'occasion \u2713 Note du client : 4,9 sur 5 \u2713 Reprise \u2713 Session d'\u00e9coute\",\"breadcrumb\":{\"@id\":\"https:\/\/dev.freakuence.nl\/fr\/produit\/cardas-quadlink-ic-0-5m-xlr-xlr\/#breadcrumb\"},\"inLanguage\":\"fr-FR\",\"potentialAction\":[{\"@type\":\"ReadAction\",\"target\":[\"https:\/\/dev.freakuence.nl\/fr\/produit\/cardas-quadlink-ic-0-5m-xlr-xlr\/\"]}]},{\"@type\":\"ImageObject\",\"inLanguage\":\"fr-FR\",\"@id\":\"https:\/\/dev.freakuence.nl\/fr\/produit\/cardas-quadlink-ic-0-5m-xlr-xlr\/#primaryimage\",\"url\":\"https:\/\/dev.freakuence.nl\/wp-content\/uploads\/2026\/04\/17763465106642-16984-IMG5504.jpg\",\"contentUrl\":\"https:\/\/dev.freakuence.nl\/wp-content\/uploads\/2026\/04\/17763465106642-16984-IMG5504.jpg\",\"width\":1800,\"height\":1200},{\"@type\":\"BreadcrumbList\",\"@id\":\"https:\/\/dev.freakuence.nl\/fr\/produit\/cardas-quadlink-ic-0-5m-xlr-xlr\/#breadcrumb\",\"itemListElement\":[{\"@type\":\"ListItem\",\"position\":1,\"name\":\"Accueil\",\"item\":\"https:\/\/dev.freakuence.nl\/fr\/\"},{\"@type\":\"ListItem\",\"position\":2,\"name\":\"Produits\",\"item\":\"https:\/\/dev.freakuence.nl\/fr\/produits\/\"},{\"@type\":\"ListItem\",\"position\":3,\"name\":\"Cardas Quadlink ic 0.5m xlr\/xlr\"}]},{\"@type\":\"WebSite\",\"@id\":\"https:\/\/dev.freakuence.nl\/fr\/#website\",\"url\":\"https:\/\/dev.freakuence.nl\/fr\/\",\"name\":\"Freakuence!\",\"description\":\"Freakuence!\",\"publisher\":{\"@id\":\"https:\/\/dev.freakuence.nl\/fr\/#organization\"},\"alternateName\":\"Freakuence\",\"potentialAction\":[{\"@type\":\"SearchAction\",\"target\":{\"@type\":\"EntryPoint\",\"urlTemplate\":\"https:\/\/dev.freakuence.nl\/fr\/?s={search_term_string}\"},\"query-input\":{\"@type\":\"PropertyValueSpecification\",\"valueRequired\":true,\"valueName\":\"search_term_string\"}}],\"inLanguage\":\"fr-FR\"},{\"@type\":\"Organization\",\"@id\":\"https:\/\/dev.freakuence.nl\/fr\/#organization\",\"name\":\"Freakuence !\",\"url\":\"https:\/\/dev.freakuence.nl\/fr\/\",\"logo\":{\"@type\":\"ImageObject\",\"inLanguage\":\"fr-FR\",\"@id\":\"https:\/\/dev.freakuence.nl\/fr\/#\/schema\/logo\/image\/\",\"url\":\"https:\/\/dev.freakuence.nl\/wp-content\/uploads\/2022\/05\/Brown_3_RGB_Freakuence-1.png\",\"contentUrl\":\"https:\/\/dev.freakuence.nl\/wp-content\/uploads\/2022\/05\/Brown_3_RGB_Freakuence-1.png\",\"width\":2560,\"height\":684,\"caption\":\"Freakuence !\"},\"image\":{\"@id\":\"https:\/\/dev.freakuence.nl\/fr\/#\/schema\/logo\/image\/\"},\"sameAs\":[\"https:\/\/www.instagram.com\/freakuence_notorious_audio\/\"]}]}<\/script>\n<!-- \/ Yoast SEO plugin. -->","yoast_head_json":{"title":"Cardas Quadlink ic 0.5m xlr\/xlr | Freakuence!","description":"Le c\u00e2ble XLR Cardas Quadlink 5C 0,5 m offre une reproduction sonore neutre, rythm\u00e9e et vivante. \u2713 HiFi neuf et d'occasion \u2713 Note du client : 4,9 sur 5 \u2713 Reprise \u2713 Session d'\u00e9coute","robots":{"index":"noindex","follow":"follow","max-snippet":"max-snippet:-1","max-image-preview":"max-image-preview:large","max-video-preview":"max-video-preview:-1"},"og_locale":"fr_FR","og_type":"article","og_title":"Cardas Quadlink ic 0.5m xlr\/xlr | Freakuence!","og_description":"Le c\u00e2ble XLR Cardas Quadlink 5C 0,5 m offre une reproduction sonore neutre, rythm\u00e9e et vivante. \u2713 HiFi neuf et d'occasion \u2713 Note du client : 4,9 sur 5 \u2713 Reprise \u2713 Session d'\u00e9coute","og_url":"https:\/\/dev.freakuence.nl\/fr\/produit\/cardas-quadlink-ic-0-5m-xlr-xlr\/","og_site_name":"Freakuence!","og_image":[{"width":1800,"height":1200,"url":"https:\/\/dev.freakuence.nl\/wp-content\/uploads\/2026\/04\/17763465106642-16984-IMG5504.jpg","type":"image\/jpeg"}],"twitter_card":"summary_large_image","schema":{"@context":"https:\/\/schema.org","@graph":[{"@type":"WebPage","@id":"https:\/\/dev.freakuence.nl\/fr\/produit\/cardas-quadlink-ic-0-5m-xlr-xlr\/","url":"https:\/\/dev.freakuence.nl\/fr\/produit\/cardas-quadlink-ic-0-5m-xlr-xlr\/","name":"Cardas Quadlink ic 0.5m xlr\/xlr | Freakuence!","isPartOf":{"@id":"https:\/\/dev.freakuence.nl\/fr\/#website"},"primaryImageOfPage":{"@id":"https:\/\/dev.freakuence.nl\/fr\/produit\/cardas-quadlink-ic-0-5m-xlr-xlr\/#primaryimage"},"image":{"@id":"https:\/\/dev.freakuence.nl\/fr\/produit\/cardas-quadlink-ic-0-5m-xlr-xlr\/#primaryimage"},"thumbnailUrl":"https:\/\/dev.freakuence.nl\/wp-content\/uploads\/2026\/04\/17763465106642-16984-IMG5504.jpg","datePublished":"2026-04-16T13:35:40+00:00","description":"Le c\u00e2ble XLR Cardas Quadlink 5C 0,5 m offre une reproduction sonore neutre, rythm\u00e9e et vivante. \u2713 HiFi neuf et d'occasion \u2713 Note du client : 4,9 sur 5 \u2713 Reprise \u2713 Session d'\u00e9coute","breadcrumb":{"@id":"https:\/\/dev.freakuence.nl\/fr\/produit\/cardas-quadlink-ic-0-5m-xlr-xlr\/#breadcrumb"},"inLanguage":"fr-FR","potentialAction":[{"@type":"ReadAction","target":["https:\/\/dev.freakuence.nl\/fr\/produit\/cardas-quadlink-ic-0-5m-xlr-xlr\/"]}]},{"@type":"ImageObject","inLanguage":"fr-FR","@id":"https:\/\/dev.freakuence.nl\/fr\/produit\/cardas-quadlink-ic-0-5m-xlr-xlr\/#primaryimage","url":"https:\/\/dev.freakuence.nl\/wp-content\/uploads\/2026\/04\/17763465106642-16984-IMG5504.jpg","contentUrl":"https:\/\/dev.freakuence.nl\/wp-content\/uploads\/2026\/04\/17763465106642-16984-IMG5504.jpg","width":1800,"height":1200},{"@type":"BreadcrumbList","@id":"https:\/\/dev.freakuence.nl\/fr\/produit\/cardas-quadlink-ic-0-5m-xlr-xlr\/#breadcrumb","itemListElement":[{"@type":"ListItem","position":1,"name":"Accueil","item":"https:\/\/dev.freakuence.nl\/fr\/"},{"@type":"ListItem","position":2,"name":"Produits","item":"https:\/\/dev.freakuence.nl\/fr\/produits\/"},{"@type":"ListItem","position":3,"name":"Cardas Quadlink ic 0.5m xlr\/xlr"}]},{"@type":"WebSite","@id":"https:\/\/dev.freakuence.nl\/fr\/#website","url":"https:\/\/dev.freakuence.nl\/fr\/","name":"Freakuence!","description":"Freakuence!","publisher":{"@id":"https:\/\/dev.freakuence.nl\/fr\/#organization"},"alternateName":"Freakuence","potentialAction":[{"@type":"SearchAction","target":{"@type":"EntryPoint","urlTemplate":"https:\/\/dev.freakuence.nl\/fr\/?s={search_term_string}"},"query-input":{"@type":"PropertyValueSpecification","valueRequired":true,"valueName":"search_term_string"}}],"inLanguage":"fr-FR"},{"@type":"Organization","@id":"https:\/\/dev.freakuence.nl\/fr\/#organization","name":"Freakuence !","url":"https:\/\/dev.freakuence.nl\/fr\/","logo":{"@type":"ImageObject","inLanguage":"fr-FR","@id":"https:\/\/dev.freakuence.nl\/fr\/#\/schema\/logo\/image\/","url":"https:\/\/dev.freakuence.nl\/wp-content\/uploads\/2022\/05\/Brown_3_RGB_Freakuence-1.png","contentUrl":"https:\/\/dev.freakuence.nl\/wp-content\/uploads\/2022\/05\/Brown_3_RGB_Freakuence-1.png","width":2560,"height":684,"caption":"Freakuence !"},"image":{"@id":"https:\/\/dev.freakuence.nl\/fr\/#\/schema\/logo\/image\/"},"sameAs":["https:\/\/www.instagram.com\/freakuence_notorious_audio\/"]}]}},"_links":{"self":[{"href":"https:\/\/dev.freakuence.nl\/fr\/wp-json\/wp\/v2\/product\/403152","targetHints":{"allow":["GET"]}}],"collection":[{"href":"https:\/\/dev.freakuence.nl\/fr\/wp-json\/wp\/v2\/product"}],"about":[{"href":"https:\/\/dev.freakuence.nl\/fr\/wp-json\/wp\/v2\/types\/product"}],"wp:featuredmedia":[{"embeddable":true,"href":"https:\/\/dev.freakuence.nl\/fr\/wp-json\/wp\/v2\/media\/403141"}],"wp:attachment":[{"href":"https:\/\/dev.freakuence.nl\/fr\/wp-json\/wp\/v2\/media?parent=403152"}],"wp:term":[{"taxonomy":"product_brand","embeddable":true,"href":"https:\/\/dev.freakuence.nl\/fr\/wp-json\/wp\/v2\/product_brand?post=403152"},{"taxonomy":"product_cat","embeddable":true,"href":"https:\/\/dev.freakuence.nl\/fr\/wp-json\/wp\/v2\/product_cat?post=403152"},{"taxonomy":"product_tag","embeddable":true,"href":"https:\/\/dev.freakuence.nl\/fr\/wp-json\/wp\/v2\/product_tag?post=403152"}],"curies":[{"name":"wp","href":"https:\/\/api.w.org\/{rel}","templated":true}]}}