{"id":403238,"date":"2026-04-16T21:04:08","date_gmt":"2026-04-16T19:04:08","guid":{"rendered":"https:\/\/freakuence.nl\/product\/audioquest-mackenzie-rca-75cm\/"},"modified":"2026-04-16T21:04:08","modified_gmt":"2026-04-16T19:04:08","slug":"audioquest-mackenzie-rca-75cm","status":"publish","type":"product","link":"https:\/\/dev.freakuence.nl\/fr\/produit\/audioquest-mackenzie-rca-75cm\/","title":{"rendered":"AudioQuest Mackenzie RCA 75cm"},"content":{"rendered":"<div class=\"product-specifications-list\">\n<div class=\"specification-item row-header\"><span class=\"spec-content\"><strong>Description Freakuence !<\/strong><\/span><\/div>\n<div class=\"specification-item row-even\"><span class=\"spec-content\">Ce c\u00e2ble est dot\u00e9 de conducteurs solides en cuivre PSC+ ultra-pur et d&rsquo;un syst\u00e8me NDS avanc\u00e9, ce qui permet une reproduction claire et naturelle.<\/span><\/div>\n<div class=\"specification-item row-header\"><span class=\"spec-content\"><strong>D\u00e9tails<\/strong><\/span><\/div>\n<div class=\"specification-item row-even\"><span class=\"spec-content\">Vous cherchez un autre mod\u00e8le de la s\u00e9rie actuelle de la marque ? Envoyez-nous un message !  Nous aimons en faire quelque chose d&rsquo;amusant.<\/span><\/div>\n<div class=\"specification-item row-header\"><span class=\"spec-content\"><strong>Description g\u00e9n\u00e9rale<\/strong><\/span><\/div>\n<div class=\"specification-item row-even\"><span class=\"spec-content\">Le c\u00e2ble RCA 75 cm AudioQuest Mackenzie est con\u00e7u pour connecter des \u00e9quipements audio et fournir une reproduction sonore claire et naturelle. Le c\u00e2ble utilise des conducteurs en cuivre \u00e0 surface parfaite+ (PSC+), ce qui permet de minimiser la distorsion et d&rsquo;am\u00e9liorer la clart\u00e9 du son. L&rsquo;isolation en mousse Hard-Cell assure une transmission stable du signal en pr\u00e9servant la g\u00e9om\u00e9trie des paires de signaux. Avec la g\u00e9om\u00e9trie Triple-Balanced, un conducteur de mise \u00e0 la terre s\u00e9par\u00e9 est utilis\u00e9 afin que le blindage n&rsquo;agisse pas comme un conducteur, ce qui permet une transmission plus propre du signal. Le c\u00e2ble est \u00e9quip\u00e9 de connecteurs en cuivre pur violet soud\u00e9s \u00e0 froid et rev\u00eatus d&rsquo;argent, ce qui contribue \u00e0 la fiabilit\u00e9 de la connexion. En outre, le Mackenzie est dot\u00e9 d&rsquo;un triple syst\u00e8me de dissipation du bruit (NDS) \u00e0 base de carbone qui contribue \u00e0 r\u00e9duire le bruit et les interf\u00e9rences. Gr\u00e2ce \u00e0 ces caract\u00e9ristiques, le c\u00e2ble convient \u00e0 la connexion de divers appareils audio, en mettant l&rsquo;accent sur une reproduction sonore propre et pr\u00e9cise.      <\/span><\/div>\n<div class=\"specification-item row-header\"><span class=\"spec-content\"><strong>Informations g\u00e9n\u00e9rales<\/strong><\/span><\/div>\n<div class=\"specification-item row-even\"><span class=\"spec-content\">Le c\u00e2ble AudioQuest Mackenzie RCA (75 cm) est con\u00e7u selon la philosophie \u00ab\u00a0do no harm\u00a0\u00bb d&rsquo;AudioQuest, en se concentrant sur la transmission du signal avec une distorsion minimale. Le c\u00e2ble utilise des conducteurs en cuivre \u00e0 surface parfaite+ (PSC+) pour une distorsion exceptionnellement faible. La g\u00e9om\u00e9trie \u00e0 triple \u00e9quilibre, le blindage \u00e0 100 % et l&rsquo;interaction entre le blindage et le signal \u00e0 base de carbone am\u00e9liorent la transmission du signal. Les fiches soud\u00e9es \u00e0 froid, argent suspendu sur cuivre rouge, garantissent une conductivit\u00e9 optimale sans soudure.   <\/span><\/div>\n<div class=\"specification-item row-header\"><span class=\"spec-content\"><strong>Histoire de la marque<\/strong><\/span><\/div>\n<div class=\"specification-item row-even\"><span class=\"spec-content\">AudioQuest a \u00e9t\u00e9 fond\u00e9e en 1980 par William E. Low en Californie, aux \u00c9tats-Unis. La marque a commenc\u00e9 par assembler manuellement des c\u00e2bles selon des m\u00e9thodes de conception sp\u00e9cifiques bas\u00e9es sur la minimisation de la distorsion.  Depuis, AudioQuest a d\u00e9velopp\u00e9 une gamme de produits qui comprend des c\u00e2bles d&rsquo;interconnexion, des c\u00e2bles de haut-parleurs, des c\u00e2bles num\u00e9riques et de r\u00e9seau, des produits d&rsquo;alimentation et des accessoires portables. Depuis le d\u00e9but, l&rsquo;entreprise s&rsquo;en tient \u00e0 l&rsquo;utilisation de c\u00e2bles directionnels et de conducteurs \u00e0 \u00e2me pleine. En 2012, AudioQuest a lanc\u00e9 le DragonFly, un convertisseur num\u00e9rique-analogique USB. Le d\u00e9veloppement des produits a lieu aux \u00c9tats-Unis, tandis que la production est en partie r\u00e9alis\u00e9e en Chine et ailleurs. AudioQuest applique une philosophie selon laquelle la s\u00e9lection des mat\u00e9riaux, la g\u00e9om\u00e9trie et la finition ont un impact direct sur les performances du c\u00e2ble.    <\/span><\/div>\n<\/div>\n","protected":false},"excerpt":{"rendered":"<p>Description Freakuence ! Ce c\u00e2ble est dot\u00e9 de conducteurs solides en cuivre PSC+ ultra-pur et d&rsquo;un syst\u00e8me NDS avanc\u00e9, ce qui permet une reproduction claire et naturelle. D\u00e9tails Vous cherchez un autre mod\u00e8le de la s\u00e9rie actuelle de la marque ? Envoyez-nous un message ! Nous aimons en faire quelque chose d&rsquo;amusant. Description g\u00e9n\u00e9rale Le [&hellip;]<\/p>\n","protected":false},"featured_media":403232,"template":"","meta":{"_acf_changed":false,"inline_featured_image":false},"product_brand":[],"product_cat":[345],"product_tag":[533],"class_list":{"0":"post-403238","1":"product","2":"type-product","3":"status-publish","4":"has-post-thumbnail","6":"product_cat-speakers","7":"product_tag-used","8":"pa_kleur-noir","10":"first","11":"instock","12":"sold-individually","13":"purchasable","14":"product-type-simple"},"acf":{"website":true,"show_on_homepage":false,"brand_title":"AudioQuest","product_type":"Mackenzie RCA 75cm","color":"Noir","subcolor":"","reserved_status":"0"},"yoast_head":"<!-- This site is optimized with the Yoast SEO plugin v25.9 - https:\/\/yoast.com\/wordpress\/plugins\/seo\/ -->\n<title>AudioQuest Mackenzie RCA 75cm | Freakuence!<\/title>\n<meta name=\"description\" content=\"AudioQuest Mackenzie RCA 75cm : c\u00e2ble audio premium pour une qualit\u00e9 de son in\u00e9gal\u00e9e. \u2713 HiFi neuf et d&#039;occasion \u2713 Note du client : 4.9 sur 5 \u2713 Reprise \u2713 Session d&#039;\u00e9coute\" \/>\n<meta name=\"robots\" content=\"noindex, follow, max-snippet:-1, max-image-preview:large, max-video-preview:-1\" \/>\n<meta property=\"og:locale\" content=\"fr_FR\" \/>\n<meta property=\"og:type\" content=\"article\" \/>\n<meta property=\"og:title\" content=\"AudioQuest Mackenzie RCA 75cm | Freakuence!\" \/>\n<meta property=\"og:description\" content=\"AudioQuest Mackenzie RCA 75cm : c\u00e2ble audio premium pour une qualit\u00e9 de son in\u00e9gal\u00e9e. \u2713 HiFi neuf et d&#039;occasion \u2713 Note du client : 4.9 sur 5 \u2713 Reprise \u2713 Session d&#039;\u00e9coute\" \/>\n<meta property=\"og:url\" content=\"https:\/\/dev.freakuence.nl\/fr\/produit\/audioquest-mackenzie-rca-75cm\/\" \/>\n<meta property=\"og:site_name\" content=\"Freakuence!\" \/>\n<meta property=\"og:image\" content=\"https:\/\/dev.freakuence.nl\/wp-content\/uploads\/2026\/04\/17594810666939-18280-IMG4261-scaled.jpg\" \/>\n\t<meta property=\"og:image:width\" content=\"1800\" \/>\n\t<meta property=\"og:image:height\" content=\"1200\" \/>\n\t<meta property=\"og:image:type\" content=\"image\/jpeg\" \/>\n<meta name=\"twitter:card\" content=\"summary_large_image\" \/>\n<script type=\"application\/ld+json\" class=\"yoast-schema-graph\">{\"@context\":\"https:\/\/schema.org\",\"@graph\":[{\"@type\":\"WebPage\",\"@id\":\"https:\/\/dev.freakuence.nl\/fr\/produit\/audioquest-mackenzie-rca-75cm\/\",\"url\":\"https:\/\/dev.freakuence.nl\/fr\/produit\/audioquest-mackenzie-rca-75cm\/\",\"name\":\"AudioQuest Mackenzie RCA 75cm | Freakuence!\",\"isPartOf\":{\"@id\":\"https:\/\/dev.freakuence.nl\/fr\/#website\"},\"primaryImageOfPage\":{\"@id\":\"https:\/\/dev.freakuence.nl\/fr\/produit\/audioquest-mackenzie-rca-75cm\/#primaryimage\"},\"image\":{\"@id\":\"https:\/\/dev.freakuence.nl\/fr\/produit\/audioquest-mackenzie-rca-75cm\/#primaryimage\"},\"thumbnailUrl\":\"https:\/\/dev.freakuence.nl\/wp-content\/uploads\/2026\/04\/17594810666939-18280-IMG4261-scaled.jpg\",\"datePublished\":\"2026-04-16T19:04:08+00:00\",\"description\":\"AudioQuest Mackenzie RCA 75cm : c\u00e2ble audio premium pour une qualit\u00e9 de son in\u00e9gal\u00e9e. \u2713 HiFi neuf et d'occasion \u2713 Note du client : 4.9 sur 5 \u2713 Reprise \u2713 Session d'\u00e9coute\",\"breadcrumb\":{\"@id\":\"https:\/\/dev.freakuence.nl\/fr\/produit\/audioquest-mackenzie-rca-75cm\/#breadcrumb\"},\"inLanguage\":\"fr-FR\",\"potentialAction\":[{\"@type\":\"ReadAction\",\"target\":[\"https:\/\/dev.freakuence.nl\/fr\/produit\/audioquest-mackenzie-rca-75cm\/\"]}]},{\"@type\":\"ImageObject\",\"inLanguage\":\"fr-FR\",\"@id\":\"https:\/\/dev.freakuence.nl\/fr\/produit\/audioquest-mackenzie-rca-75cm\/#primaryimage\",\"url\":\"https:\/\/dev.freakuence.nl\/wp-content\/uploads\/2026\/04\/17594810666939-18280-IMG4261-scaled.jpg\",\"contentUrl\":\"https:\/\/dev.freakuence.nl\/wp-content\/uploads\/2026\/04\/17594810666939-18280-IMG4261-scaled.jpg\",\"width\":1800,\"height\":1200},{\"@type\":\"BreadcrumbList\",\"@id\":\"https:\/\/dev.freakuence.nl\/fr\/produit\/audioquest-mackenzie-rca-75cm\/#breadcrumb\",\"itemListElement\":[{\"@type\":\"ListItem\",\"position\":1,\"name\":\"Accueil\",\"item\":\"https:\/\/dev.freakuence.nl\/fr\/\"},{\"@type\":\"ListItem\",\"position\":2,\"name\":\"Produits\",\"item\":\"https:\/\/dev.freakuence.nl\/fr\/produits\/\"},{\"@type\":\"ListItem\",\"position\":3,\"name\":\"AudioQuest Mackenzie RCA 75cm\"}]},{\"@type\":\"WebSite\",\"@id\":\"https:\/\/dev.freakuence.nl\/fr\/#website\",\"url\":\"https:\/\/dev.freakuence.nl\/fr\/\",\"name\":\"Freakuence!\",\"description\":\"Freakuence!\",\"publisher\":{\"@id\":\"https:\/\/dev.freakuence.nl\/fr\/#organization\"},\"alternateName\":\"Freakuence\",\"potentialAction\":[{\"@type\":\"SearchAction\",\"target\":{\"@type\":\"EntryPoint\",\"urlTemplate\":\"https:\/\/dev.freakuence.nl\/fr\/?s={search_term_string}\"},\"query-input\":{\"@type\":\"PropertyValueSpecification\",\"valueRequired\":true,\"valueName\":\"search_term_string\"}}],\"inLanguage\":\"fr-FR\"},{\"@type\":\"Organization\",\"@id\":\"https:\/\/dev.freakuence.nl\/fr\/#organization\",\"name\":\"Freakuence !\",\"url\":\"https:\/\/dev.freakuence.nl\/fr\/\",\"logo\":{\"@type\":\"ImageObject\",\"inLanguage\":\"fr-FR\",\"@id\":\"https:\/\/dev.freakuence.nl\/fr\/#\/schema\/logo\/image\/\",\"url\":\"https:\/\/dev.freakuence.nl\/wp-content\/uploads\/2022\/05\/Brown_3_RGB_Freakuence-1.png\",\"contentUrl\":\"https:\/\/dev.freakuence.nl\/wp-content\/uploads\/2022\/05\/Brown_3_RGB_Freakuence-1.png\",\"width\":2560,\"height\":684,\"caption\":\"Freakuence !\"},\"image\":{\"@id\":\"https:\/\/dev.freakuence.nl\/fr\/#\/schema\/logo\/image\/\"},\"sameAs\":[\"https:\/\/www.instagram.com\/freakuence_notorious_audio\/\"]}]}<\/script>\n<!-- \/ Yoast SEO plugin. -->","yoast_head_json":{"title":"AudioQuest Mackenzie RCA 75cm | Freakuence!","description":"AudioQuest Mackenzie RCA 75cm : c\u00e2ble audio premium pour une qualit\u00e9 de son in\u00e9gal\u00e9e. \u2713 HiFi neuf et d'occasion \u2713 Note du client : 4.9 sur 5 \u2713 Reprise \u2713 Session d'\u00e9coute","robots":{"index":"noindex","follow":"follow","max-snippet":"max-snippet:-1","max-image-preview":"max-image-preview:large","max-video-preview":"max-video-preview:-1"},"og_locale":"fr_FR","og_type":"article","og_title":"AudioQuest Mackenzie RCA 75cm | Freakuence!","og_description":"AudioQuest Mackenzie RCA 75cm : c\u00e2ble audio premium pour une qualit\u00e9 de son in\u00e9gal\u00e9e. \u2713 HiFi neuf et d'occasion \u2713 Note du client : 4.9 sur 5 \u2713 Reprise \u2713 Session d'\u00e9coute","og_url":"https:\/\/dev.freakuence.nl\/fr\/produit\/audioquest-mackenzie-rca-75cm\/","og_site_name":"Freakuence!","og_image":[{"width":1800,"height":1200,"url":"https:\/\/dev.freakuence.nl\/wp-content\/uploads\/2026\/04\/17594810666939-18280-IMG4261-scaled.jpg","type":"image\/jpeg"}],"twitter_card":"summary_large_image","schema":{"@context":"https:\/\/schema.org","@graph":[{"@type":"WebPage","@id":"https:\/\/dev.freakuence.nl\/fr\/produit\/audioquest-mackenzie-rca-75cm\/","url":"https:\/\/dev.freakuence.nl\/fr\/produit\/audioquest-mackenzie-rca-75cm\/","name":"AudioQuest Mackenzie RCA 75cm | Freakuence!","isPartOf":{"@id":"https:\/\/dev.freakuence.nl\/fr\/#website"},"primaryImageOfPage":{"@id":"https:\/\/dev.freakuence.nl\/fr\/produit\/audioquest-mackenzie-rca-75cm\/#primaryimage"},"image":{"@id":"https:\/\/dev.freakuence.nl\/fr\/produit\/audioquest-mackenzie-rca-75cm\/#primaryimage"},"thumbnailUrl":"https:\/\/dev.freakuence.nl\/wp-content\/uploads\/2026\/04\/17594810666939-18280-IMG4261-scaled.jpg","datePublished":"2026-04-16T19:04:08+00:00","description":"AudioQuest Mackenzie RCA 75cm : c\u00e2ble audio premium pour une qualit\u00e9 de son in\u00e9gal\u00e9e. \u2713 HiFi neuf et d'occasion \u2713 Note du client : 4.9 sur 5 \u2713 Reprise \u2713 Session d'\u00e9coute","breadcrumb":{"@id":"https:\/\/dev.freakuence.nl\/fr\/produit\/audioquest-mackenzie-rca-75cm\/#breadcrumb"},"inLanguage":"fr-FR","potentialAction":[{"@type":"ReadAction","target":["https:\/\/dev.freakuence.nl\/fr\/produit\/audioquest-mackenzie-rca-75cm\/"]}]},{"@type":"ImageObject","inLanguage":"fr-FR","@id":"https:\/\/dev.freakuence.nl\/fr\/produit\/audioquest-mackenzie-rca-75cm\/#primaryimage","url":"https:\/\/dev.freakuence.nl\/wp-content\/uploads\/2026\/04\/17594810666939-18280-IMG4261-scaled.jpg","contentUrl":"https:\/\/dev.freakuence.nl\/wp-content\/uploads\/2026\/04\/17594810666939-18280-IMG4261-scaled.jpg","width":1800,"height":1200},{"@type":"BreadcrumbList","@id":"https:\/\/dev.freakuence.nl\/fr\/produit\/audioquest-mackenzie-rca-75cm\/#breadcrumb","itemListElement":[{"@type":"ListItem","position":1,"name":"Accueil","item":"https:\/\/dev.freakuence.nl\/fr\/"},{"@type":"ListItem","position":2,"name":"Produits","item":"https:\/\/dev.freakuence.nl\/fr\/produits\/"},{"@type":"ListItem","position":3,"name":"AudioQuest Mackenzie RCA 75cm"}]},{"@type":"WebSite","@id":"https:\/\/dev.freakuence.nl\/fr\/#website","url":"https:\/\/dev.freakuence.nl\/fr\/","name":"Freakuence!","description":"Freakuence!","publisher":{"@id":"https:\/\/dev.freakuence.nl\/fr\/#organization"},"alternateName":"Freakuence","potentialAction":[{"@type":"SearchAction","target":{"@type":"EntryPoint","urlTemplate":"https:\/\/dev.freakuence.nl\/fr\/?s={search_term_string}"},"query-input":{"@type":"PropertyValueSpecification","valueRequired":true,"valueName":"search_term_string"}}],"inLanguage":"fr-FR"},{"@type":"Organization","@id":"https:\/\/dev.freakuence.nl\/fr\/#organization","name":"Freakuence !","url":"https:\/\/dev.freakuence.nl\/fr\/","logo":{"@type":"ImageObject","inLanguage":"fr-FR","@id":"https:\/\/dev.freakuence.nl\/fr\/#\/schema\/logo\/image\/","url":"https:\/\/dev.freakuence.nl\/wp-content\/uploads\/2022\/05\/Brown_3_RGB_Freakuence-1.png","contentUrl":"https:\/\/dev.freakuence.nl\/wp-content\/uploads\/2022\/05\/Brown_3_RGB_Freakuence-1.png","width":2560,"height":684,"caption":"Freakuence !"},"image":{"@id":"https:\/\/dev.freakuence.nl\/fr\/#\/schema\/logo\/image\/"},"sameAs":["https:\/\/www.instagram.com\/freakuence_notorious_audio\/"]}]}},"_links":{"self":[{"href":"https:\/\/dev.freakuence.nl\/fr\/wp-json\/wp\/v2\/product\/403238","targetHints":{"allow":["GET"]}}],"collection":[{"href":"https:\/\/dev.freakuence.nl\/fr\/wp-json\/wp\/v2\/product"}],"about":[{"href":"https:\/\/dev.freakuence.nl\/fr\/wp-json\/wp\/v2\/types\/product"}],"wp:featuredmedia":[{"embeddable":true,"href":"https:\/\/dev.freakuence.nl\/fr\/wp-json\/wp\/v2\/media\/403232"}],"wp:attachment":[{"href":"https:\/\/dev.freakuence.nl\/fr\/wp-json\/wp\/v2\/media?parent=403238"}],"wp:term":[{"taxonomy":"product_brand","embeddable":true,"href":"https:\/\/dev.freakuence.nl\/fr\/wp-json\/wp\/v2\/product_brand?post=403238"},{"taxonomy":"product_cat","embeddable":true,"href":"https:\/\/dev.freakuence.nl\/fr\/wp-json\/wp\/v2\/product_cat?post=403238"},{"taxonomy":"product_tag","embeddable":true,"href":"https:\/\/dev.freakuence.nl\/fr\/wp-json\/wp\/v2\/product_tag?post=403238"}],"curies":[{"name":"wp","href":"https:\/\/api.w.org\/{rel}","templated":true}]}}