{"id":326482,"date":"2025-12-19T16:29:06","date_gmt":"2025-12-19T15:29:06","guid":{"rendered":"https:\/\/freakuence.nl\/product\/kef-reference-1-meta\/"},"modified":"2026-05-08T03:46:18","modified_gmt":"2026-05-08T01:46:18","slug":"kef-reference-1-meta","status":"publish","type":"product","link":"https:\/\/dev.freakuence.nl\/nl\/product\/kef-reference-1-meta\/","title":{"rendered":"KEF Reference 1 Meta"},"content":{"rendered":"<div class=\"product-specifications-list\">\n<div class=\"specification-item row-header\"><span class=\"spec-content\"><strong>Beschrijving Freakuence!<\/strong><\/span><\/div>\n<div class=\"specification-item row-even\"><span class=\"spec-content\">Bijzondere monitoren de huidige toplijn. Direct en upfront, zonder te schreeuwen. Een stevige serieus te nemen laagweergave. De klank is als rustig te omschrijven.<\/span><\/div>\n<div class=\"specification-item row-odd\"><span class=\"spec-content\">Retailprijs: 10000.00<\/span><\/div>\n<div class=\"specification-item row-header\"><span class=\"spec-content\"><strong>Bijzonderheden<\/strong><\/span><\/div>\n<div class=\"specification-item row-even\"><span class=\"spec-content\">We hebben twee demosets, daarom mag \u00e9\u00e9n van de twee de shop verlaten. (Zwart en walnut)<\/span><\/div>\n<div class=\"specification-item row-odd\"><span class=\"spec-content\">Dit is je kans om eindelijk eens demomateriaal van de coolste shop van het universum te bemachtigen. Yeah! Hierom eigenlijk heel veel meer waard dan de nieuwprijs maar we zullen ons inhouden. Enkel ingezet voor luistersessies met onze bezoekers, geen particuliere eigenaar gehad dus.<\/span><\/div>\n<div class=\"specification-item row-even\"><span class=\"spec-content\">Zoek je een ander type uit de huidige series van het merk of een andere kleur van dit model? Stuur een berichtje met je eventuele inruilverzoek! We maken er graag iets leuks van.<\/span><\/div>\n<div class=\"specification-item row-header\"><span class=\"spec-content\"><strong>Algemene beschrijving<\/strong><\/span><\/div>\n<div class=\"specification-item row-even\"><span class=\"spec-content\">De KEF Reference 1 Meta is een drieweg boekenplankspeaker die een indrukwekkend geluid levert.  Dankzij de 12e generatie Uni-Q driver met MAT\u2122 technologie wordt een helder en nauwkeurig geluidsbeeld gecre\u00eberd.  Het compacte formaat maakt deze speaker geschikt voor diverse ruimtes, zonder in te leveren op prestaties.  De Reference 1 Meta is ontworpen, ontwikkeld en met de hand vervaardigd in Maidstone, Kent, VK.<\/span><\/div>\n<div class=\"specification-item row-header\"><span class=\"spec-content\"><strong>Achtergrondinformatie<\/strong><\/span><\/div>\n<div class=\"specification-item row-even\"><span class=\"spec-content\">De KEF Reference 1 Meta is ontwikkeld door KEF\u2019s akoestisch ingenieurteam onder leiding van Jack Oclee-Brown. De luidspreker maakt gebruik van KEF\u2019s 12e generatie Uni-Q driver met MAT (Metamaterial Absorption Technology), die ongewenste geluidsreflecties dempt. De kast is met precisie gefreesd in Kent, UK en intern zwaar verstevigd. De bedrading is van hoge kwaliteit, de componenten worden zorgvuldig geselecteerd voor optimale akoestiek.<\/span><\/div>\n<div class=\"specification-item row-header\"><span class=\"spec-content\"><strong>Merkhistorie<\/strong><\/span><\/div>\n<div class=\"specification-item row-even\"><span class=\"spec-content\">KEF werd opgericht in 1961 door Raymond Cooke in Maidstone, Kent, Verenigd Koninkrijk. De naam is afgeleid van Kent Engineering &amp; Foundry, waar de oorspronkelijke werkplaats zich bevond op het terrein van de staalconstructiefabriek van Kent Engineering. Raymond Cooke was voormalig BBC-audiotechnicus. Al vanaf het begin maakte het bedrijf gebruik van synthetische materialen en voerde het metingen uit onder gecontroleerde omstandigheden. In 1973 werd een speciaal akoestisch laboratorium geopend voor technische ontwikkelingen. In 1988 ontwikkelde KEF de Uni-Q-driver, waarbij de hogetonen- en middentonenluidsprekers samen in \u00e9\u00e9n as zijn geplaatst. Sinds 2005 is het hoofdkantoor gevestigd in East Sussex, Groot-Brittanni\u00eb. Het merk heeft zich door de jaren heen toegelegd op constructie van luidsprekers, waaronder vloerstaande modellen, boekenplankmodellen en inbouwluidsprekers, evenals draagbare weergaveproducten.<\/span><\/div>\n<\/div>\n","protected":false},"excerpt":{"rendered":"<p>Beschrijving Freakuence! Bijzondere monitoren de huidige toplijn. Direct en upfront, zonder te schreeuwen. Een stevige serieus te nemen laagweergave. De klank is als rustig te omschrijven. Retailprijs: 10000.00 Bijzonderheden We hebben twee demosets, daarom mag \u00e9\u00e9n van de twee de shop verlaten. (Zwart en walnut) Dit is je kans om eindelijk eens demomateriaal van de [&hellip;]<\/p>\n","protected":false},"featured_media":337237,"template":"","meta":{"_acf_changed":false,"inline_featured_image":false},"product_brand":[],"product_cat":[965],"product_tag":[480],"class_list":{"0":"post-326482","1":"product","2":"type-product","3":"status-publish","4":"has-post-thumbnail","6":"product_cat-speakers","7":"product_tag-freakdemo","8":"pa_kleur-zwart","10":"first","11":"instock","12":"purchasable","13":"product-type-simple"},"acf":{"website":true,"show_on_homepage":false,"brand_title":"KEF","product_type":"Reference 1 Meta","color":"Zwart","subcolor":"BLACK\/COPPER","reserved_status":"0"},"_links":{"self":[{"href":"https:\/\/dev.freakuence.nl\/nl\/wp-json\/wp\/v2\/product\/326482","targetHints":{"allow":["GET"]}}],"collection":[{"href":"https:\/\/dev.freakuence.nl\/nl\/wp-json\/wp\/v2\/product"}],"about":[{"href":"https:\/\/dev.freakuence.nl\/nl\/wp-json\/wp\/v2\/types\/product"}],"wp:featuredmedia":[{"embeddable":true,"href":"https:\/\/dev.freakuence.nl\/nl\/wp-json\/wp\/v2\/media\/337237"}],"wp:attachment":[{"href":"https:\/\/dev.freakuence.nl\/nl\/wp-json\/wp\/v2\/media?parent=326482"}],"wp:term":[{"taxonomy":"product_brand","embeddable":true,"href":"https:\/\/dev.freakuence.nl\/nl\/wp-json\/wp\/v2\/product_brand?post=326482"},{"taxonomy":"product_cat","embeddable":true,"href":"https:\/\/dev.freakuence.nl\/nl\/wp-json\/wp\/v2\/product_cat?post=326482"},{"taxonomy":"product_tag","embeddable":true,"href":"https:\/\/dev.freakuence.nl\/nl\/wp-json\/wp\/v2\/product_tag?post=326482"}],"curies":[{"name":"wp","href":"https:\/\/api.w.org\/{rel}","templated":true}]}}