{"id":341645,"date":"2026-01-28T11:41:30","date_gmt":"2026-01-28T10:41:30","guid":{"rendered":"https:\/\/freakuence.nl\/product\/atma-sphere-class-d\/"},"modified":"2026-05-08T03:57:18","modified_gmt":"2026-05-08T01:57:18","slug":"atma-sphere-class-d","status":"publish","type":"product","link":"https:\/\/dev.freakuence.nl\/nl\/product\/atma-sphere-class-d\/","title":{"rendered":"Atma-Sphere Class D"},"content":{"rendered":"<div class=\"product-specifications-list\">\n<div class=\"specification-item row-header\"><span class=\"spec-content\"><strong>Beschrijving Freakuence!<\/strong><\/span><\/div>\n<div class=\"specification-item row-even\"><span class=\"spec-content\">Met een transparante en dynamische weergave brengt deze set je tot bewegen. Dans gerust maar rustig blijven zitten terwijl je voetje zijn moves maakt is ook goed. De lage tonen zijn strak en gecontroleerd, terwijl het middengebied en de hoge tonen verfijnd klinken. Een delicate klasse D-krachtcentrale met inlevingsvermogen.<\/span><\/div>\n<div class=\"specification-item row-header\"><span class=\"spec-content\"><strong>Algemene beschrijving<\/strong><\/span><\/div>\n<div class=\"specification-item row-even\"><span class=\"spec-content\">De Atma-Sphere Class D monoblokken combineren de muzikale kwaliteiten van buizenversterkers met de effici\u00ebntie en precisie van solid-state technologie.  Dankzij het gebruik van GaNFET-uitgangstransistoren leveren deze versterkers een soepele en gedetailleerde weergave, met een laag vervormingsniveau en een hoge energie-effici\u00ebntie. <\/p>\n<p>Het ontwerp is volledig in eigen huis ontwikkeld, zonder gebruik te maken van externe modules, wat zorgt voor een unieke signatuur.  De versterkers zijn uitgerust met zowel single-ended als gebalanceerde ingangen, waardoor ze flexibel inzetbaar zijn in diverse audiosystemen. <\/p>\n<p>Met een robuust chassis en een klassieke Wrinkletex\u2122-afwerking zijn de monoblokken niet alleen functioneel, maar ook esthetisch aantrekkelijk.  Ze zijn ontworpen voor stabiliteit onder verschillende belasting- en invoercondities en beschikken over overstroombescherming om zowel de versterker als de luidsprekers te beschermen. <\/p>\n<p>De Atma-Sphere Class D versterkers zijn geschikt voor een breed scala aan luidsprekers en bieden een combinatie van traditionele en moderne technologie\u00ebn voor een hoogwaardige luisterervaring.<\/span><\/div>\n<div class=\"specification-item row-header\"><span class=\"spec-content\"><strong>Achtergrondinformatie<\/strong><\/span><\/div>\n<div class=\"specification-item row-even\"><span class=\"spec-content\">De Atma-Sphere Class D monoblokken zijn ontworpen door Ralph Karsten en combineren de efficiency van Class D met de sonische verfijning van traditionele buizenontwerpen. De versterker maakt gebruik van GaNFET-technologie voor ultrasnelle schakeling en lage vervorming. Alles wordt in eigen huis gebouwd in de VS, met zorg geselecteerde componenten, hoogwaardige printplaten en interne bekabeling voor optimale signaalintegriteit.<\/span><\/div>\n<div class=\"specification-item row-header\"><span class=\"spec-content\"><strong>Merkhistorie<\/strong><\/span><\/div>\n<div class=\"specification-item row-even\"><span class=\"spec-content\">Atma-Sphere werd in 1976 opgericht door Ralph Karsten. In 1989 ontwikkelde het bedrijf de eerste volledig gebalanceerde OTL-versterker (Output Transformerless), de MA-1. Later werden ook modellen zoals de MA-2 en M-60 ge\u00efntroduceerd. Atma-Sphere maakt gebruik van feedbackloze circuits en past gebalanceerde topologie\u00ebn toe. De eerste voorversterker van het merk, de MP-1, werd ge\u00efntroduceerd in 1989 en was ontworpen als onderdeel van een volledig gebalanceerd systeem. De ontwerpen zijn gebaseerd op de principes uit Karstens oorspronkelijke publicatie van 1975 over gebalanceerde versterking. Het bedrijf produceert producten die hoofdzakelijk voorzien zijn van buizentechnologie en werkt met handbedrade componenten. De producten worden vervaardigd in de Verenigde Staten.<\/span><\/div>\n<\/div>\n","protected":false},"excerpt":{"rendered":"<p>Beschrijving Freakuence! Met een transparante en dynamische weergave brengt deze set je tot bewegen. Dans gerust maar rustig blijven zitten terwijl je voetje zijn moves maakt is ook goed. De lage tonen zijn strak en gecontroleerd, terwijl het middengebied en de hoge tonen verfijnd klinken. Een delicate klasse D-krachtcentrale met inlevingsvermogen. Algemene beschrijving De Atma-Sphere [&hellip;]<\/p>\n","protected":false},"featured_media":403436,"template":"","meta":{"_acf_changed":false,"inline_featured_image":false},"product_brand":[],"product_cat":[1001,1013,966],"product_tag":[404],"class_list":{"0":"post-341645","1":"product","2":"type-product","3":"status-publish","4":"has-post-thumbnail","6":"product_cat-eindversterkers","7":"product_cat-klasse-d-eindversterkers","8":"product_cat-versterkers","9":"product_tag-used","10":"pa_kleur-zilver","12":"first","13":"instock","14":"sold-individually","15":"purchasable","16":"product-type-simple"},"acf":{"website":true,"show_on_homepage":false,"brand_title":"Atma-Sphere","product_type":"Class D","color":"Zilver","subcolor":"","reserved_status":"0"},"_links":{"self":[{"href":"https:\/\/dev.freakuence.nl\/nl\/wp-json\/wp\/v2\/product\/341645","targetHints":{"allow":["GET"]}}],"collection":[{"href":"https:\/\/dev.freakuence.nl\/nl\/wp-json\/wp\/v2\/product"}],"about":[{"href":"https:\/\/dev.freakuence.nl\/nl\/wp-json\/wp\/v2\/types\/product"}],"wp:featuredmedia":[{"embeddable":true,"href":"https:\/\/dev.freakuence.nl\/nl\/wp-json\/wp\/v2\/media\/403436"}],"wp:attachment":[{"href":"https:\/\/dev.freakuence.nl\/nl\/wp-json\/wp\/v2\/media?parent=341645"}],"wp:term":[{"taxonomy":"product_brand","embeddable":true,"href":"https:\/\/dev.freakuence.nl\/nl\/wp-json\/wp\/v2\/product_brand?post=341645"},{"taxonomy":"product_cat","embeddable":true,"href":"https:\/\/dev.freakuence.nl\/nl\/wp-json\/wp\/v2\/product_cat?post=341645"},{"taxonomy":"product_tag","embeddable":true,"href":"https:\/\/dev.freakuence.nl\/nl\/wp-json\/wp\/v2\/product_tag?post=341645"}],"curies":[{"name":"wp","href":"https:\/\/api.w.org\/{rel}","templated":true}]}}